{"id":10368,"date":"2020-02-25T10:00:59","date_gmt":"2020-02-25T09:00:59","guid":{"rendered":"https:\/\/solcora.com\/?page_id=10368"},"modified":"2025-11-03T16:02:53","modified_gmt":"2025-11-03T15:02:53","slug":"solcora-designboeden-2","status":"publish","type":"page","link":"https:\/\/solcora.com\/de\/solcora-designboeden-2\/","title":{"rendered":"Solcora Designb\u00f6den"},"content":{"rendered":"<div class=\"wpb-content-wrapper\"><p>[vc_section][vc_row][vc_column][vc_column_text css=&#8220;&#8220;]<\/p>\n<h1>Solcora Designb\u00f6den<\/h1>\n<p>Solcora LVT-Klickb\u00f6den sind eine neue Art von Bodenbel\u00e4gen, so genannte rigid core B\u00f6den, die von dem bekannten LVT-Bodenbelagshersteller mflor hergestellt werden. Solcora B\u00f6den sind LVT-Designb\u00f6den (wie mflor), jedoch mit einem starren Kern (Rigid Core), einer starken Klickverbindung und einer integrierten Unterlage.<\/p>\n<p>Mit dem IXPE-Unterboden erreicht der Solcora-Bodenbelag eine Schalld\u00e4mmung von mindestens L<sub>W<\/sub> 20 dB, was ideal f\u00fcr Wohnungen ist. Da Solcora B\u00f6den eine Klickverbindung haben, ist die schwimmende Verlegung simpel. Die B\u00f6den k\u00f6nnen schnell und einfach auf unebenen Fl\u00e4chen verlegt werden. Ohne jegliche (permanente) Vorbereitung des Unterbodens! Solcora B\u00f6den sind einfach zu verlegen und zu entfernen (was sehr praktisch sein kann, wenn man in eine andere Wohnung umzieht).<\/p>\n<p>Mit der Solcora entscheiden wir uns bewusst f\u00fcr nachhaltige, zuverl\u00e4ssige und sichere Designb\u00f6den &#8211; Ihnen und der Umwelt zuliebe. Wir kombinieren nat\u00fcrliche Designs mit den hochwertigsten Materialien, die es Ihnen erm\u00f6glichen, eine attraktive und praktische Einrichtung zu schaffen. Mit dem Komfort von LVT-B\u00f6den und einer Optik, die von echtem Holz oder Stein nicht zu unterscheiden ist.<\/p>\n<p>So kombiniert Solcora alle komfortablen Vorteile von LVT-B\u00f6den (wie mflor) mit einer schnellen und einfachen Verlegung. Die ideale Bodenbelagsl\u00f6sung f\u00fcr jede Wohn- und Arbeitsumgebung, <strong>klicken &amp; los!<\/strong>[\/vc_column_text][vc_separator color=&#8220;custom&#8220;][\/vc_column][\/vc_row][vc_row][vc_column width=&#8220;1\/3&#8243;][vc_btn title=&#8220;Was sind Solcora-Designb\u00f6den&#8220; shape=&#8220;round&#8220; el_class=&#8220;button button&#8211;primary&#8220; link=&#8220;url:https%3A%2F%2Fsolcora.com%2Fde%2Fsolcora-designboeden%2Fwas-sind-solcora-designboeden%2F|title:Was%20sind%20Solcora-Designb%C3%B6den&#8220;][\/vc_column][vc_column width=&#8220;1\/3&#8243;][vc_btn title=&#8220;Produkteigenschaften&#8220; shape=&#8220;round&#8220; el_class=&#8220;button button&#8211;secondary&#8220; link=&#8220;url:https%3A%2F%2Fsolcora.com%2Fde%2Fsolcora-designboeden%2Fprodukteigenschaften%2F|title:Product%20features&#8220;][\/vc_column][vc_column width=&#8220;1\/3&#8243;][\/vc_column][\/vc_row][\/vc_section]<\/p>\n<\/div>","protected":false},"excerpt":{"rendered":"<p>[vc_section][vc_row][vc_column][vc_column_text css=&#8220;&#8220;] Solcora Designb\u00f6den Solcora LVT-Klickb\u00f6den sind eine neue Art von Bodenbel\u00e4gen, so genannte rigid core B\u00f6den, die von dem bekannten LVT-Bodenbelagshersteller mflor hergestellt werden. Solcora B\u00f6den sind LVT-Designb\u00f6den (wie mflor), jedoch mit einem starren Kern (Rigid Core), einer starken Klickverbindung und einer integrierten Unterlage. Mit dem IXPE-Unterboden erreicht der Solcora-Bodenbelag eine Schalld\u00e4mmung von mindestens [&hellip;]<\/p>\n","protected":false},"author":1,"featured_media":0,"parent":0,"menu_order":0,"comment_status":"closed","ping_status":"closed","template":"","meta":{"_acf_changed":false,"footnotes":""},"class_list":["post-10368","page","type-page","status-publish","hentry"],"acf":[],"yoast_head":"<!-- This site is optimized with the Yoast SEO plugin v27.5 - https:\/\/yoast.com\/product\/yoast-seo-wordpress\/ -->\n<title>Solcora Designb\u00f6den - Solcora<\/title>\n<meta name=\"robots\" content=\"index, follow, max-snippet:-1, max-image-preview:large, max-video-preview:-1\" \/>\n<link rel=\"canonical\" href=\"https:\/\/solcora.com\/de\/solcora-designboeden-2\/\" \/>\n<meta property=\"og:locale\" content=\"de_DE\" \/>\n<meta property=\"og:type\" content=\"article\" \/>\n<meta property=\"og:title\" content=\"Solcora Designb\u00f6den - Solcora\" \/>\n<meta property=\"og:description\" content=\"[vc_section][vc_row][vc_column][vc_column_text css=&#8220;&#8220;] Solcora Designb\u00f6den Solcora LVT-Klickb\u00f6den sind eine neue Art von Bodenbel\u00e4gen, so genannte rigid core B\u00f6den, die von dem bekannten LVT-Bodenbelagshersteller mflor hergestellt werden. Solcora B\u00f6den sind LVT-Designb\u00f6den (wie mflor), jedoch mit einem starren Kern (Rigid Core), einer starken Klickverbindung und einer integrierten Unterlage. Mit dem IXPE-Unterboden erreicht der Solcora-Bodenbelag eine Schalld\u00e4mmung von mindestens [&hellip;]\" \/>\n<meta property=\"og:url\" content=\"https:\/\/solcora.com\/de\/solcora-designboeden-2\/\" \/>\n<meta property=\"og:site_name\" content=\"Solcora\" \/>\n<meta property=\"article:modified_time\" content=\"2025-11-03T15:02:53+00:00\" \/>\n<meta name=\"twitter:card\" content=\"summary_large_image\" \/>\n<meta name=\"twitter:label1\" content=\"Gesch\u00e4tzte Lesezeit\" \/>\n\t<meta name=\"twitter:data1\" content=\"2\u00a0Minuten\" \/>\n<script type=\"application\/ld+json\" class=\"yoast-schema-graph\">{\"@context\":\"https:\\\/\\\/schema.org\",\"@graph\":[{\"@type\":\"WebPage\",\"@id\":\"https:\\\/\\\/solcora.com\\\/de\\\/solcora-designboeden-2\\\/\",\"url\":\"https:\\\/\\\/solcora.com\\\/de\\\/solcora-designboeden-2\\\/\",\"name\":\"Solcora Designb\u00f6den - Solcora\",\"isPartOf\":{\"@id\":\"https:\\\/\\\/solcora.com\\\/de\\\/#website\"},\"datePublished\":\"2020-02-25T09:00:59+00:00\",\"dateModified\":\"2025-11-03T15:02:53+00:00\",\"breadcrumb\":{\"@id\":\"https:\\\/\\\/solcora.com\\\/de\\\/solcora-designboeden-2\\\/#breadcrumb\"},\"inLanguage\":\"de\",\"potentialAction\":[{\"@type\":\"ReadAction\",\"target\":[\"https:\\\/\\\/solcora.com\\\/de\\\/solcora-designboeden-2\\\/\"]}]},{\"@type\":\"BreadcrumbList\",\"@id\":\"https:\\\/\\\/solcora.com\\\/de\\\/solcora-designboeden-2\\\/#breadcrumb\",\"itemListElement\":[{\"@type\":\"ListItem\",\"position\":1,\"name\":\"Home\",\"item\":\"https:\\\/\\\/solcora.com\\\/de\\\/\"},{\"@type\":\"ListItem\",\"position\":2,\"name\":\"Solcora Designb\u00f6den\"}]},{\"@type\":\"WebSite\",\"@id\":\"https:\\\/\\\/solcora.com\\\/de\\\/#website\",\"url\":\"https:\\\/\\\/solcora.com\\\/de\\\/\",\"name\":\"Solcora\",\"description\":\"Rigid core design floors\",\"publisher\":{\"@id\":\"https:\\\/\\\/solcora.com\\\/de\\\/#organization\"},\"potentialAction\":[{\"@type\":\"SearchAction\",\"target\":{\"@type\":\"EntryPoint\",\"urlTemplate\":\"https:\\\/\\\/solcora.com\\\/de\\\/?s={search_term_string}\"},\"query-input\":{\"@type\":\"PropertyValueSpecification\",\"valueRequired\":true,\"valueName\":\"search_term_string\"}}],\"inLanguage\":\"de\"},{\"@type\":\"Organization\",\"@id\":\"https:\\\/\\\/solcora.com\\\/de\\\/#organization\",\"name\":\"Solcora\",\"url\":\"https:\\\/\\\/solcora.com\\\/de\\\/\",\"logo\":{\"@type\":\"ImageObject\",\"inLanguage\":\"de\",\"@id\":\"https:\\\/\\\/solcora.com\\\/de\\\/#\\\/schema\\\/logo\\\/image\\\/\",\"url\":\"https:\\\/\\\/solcora.com\\\/wp-content\\\/uploads\\\/2020\\\/04\\\/Solcora-by-mFLOR-NEW-2020.png\",\"contentUrl\":\"https:\\\/\\\/solcora.com\\\/wp-content\\\/uploads\\\/2020\\\/04\\\/Solcora-by-mFLOR-NEW-2020.png\",\"width\":746,\"height\":434,\"caption\":\"Solcora\"},\"image\":{\"@id\":\"https:\\\/\\\/solcora.com\\\/de\\\/#\\\/schema\\\/logo\\\/image\\\/\"}}]}<\/script>\n<!-- \/ Yoast SEO plugin. -->","yoast_head_json":{"title":"Solcora Designb\u00f6den - Solcora","robots":{"index":"index","follow":"follow","max-snippet":"max-snippet:-1","max-image-preview":"max-image-preview:large","max-video-preview":"max-video-preview:-1"},"canonical":"https:\/\/solcora.com\/de\/solcora-designboeden-2\/","og_locale":"de_DE","og_type":"article","og_title":"Solcora Designb\u00f6den - Solcora","og_description":"[vc_section][vc_row][vc_column][vc_column_text css=&#8220;&#8220;] Solcora Designb\u00f6den Solcora LVT-Klickb\u00f6den sind eine neue Art von Bodenbel\u00e4gen, so genannte rigid core B\u00f6den, die von dem bekannten LVT-Bodenbelagshersteller mflor hergestellt werden. Solcora B\u00f6den sind LVT-Designb\u00f6den (wie mflor), jedoch mit einem starren Kern (Rigid Core), einer starken Klickverbindung und einer integrierten Unterlage. Mit dem IXPE-Unterboden erreicht der Solcora-Bodenbelag eine Schalld\u00e4mmung von mindestens [&hellip;]","og_url":"https:\/\/solcora.com\/de\/solcora-designboeden-2\/","og_site_name":"Solcora","article_modified_time":"2025-11-03T15:02:53+00:00","twitter_card":"summary_large_image","twitter_misc":{"Gesch\u00e4tzte Lesezeit":"2\u00a0Minuten"},"schema":{"@context":"https:\/\/schema.org","@graph":[{"@type":"WebPage","@id":"https:\/\/solcora.com\/de\/solcora-designboeden-2\/","url":"https:\/\/solcora.com\/de\/solcora-designboeden-2\/","name":"Solcora Designb\u00f6den - Solcora","isPartOf":{"@id":"https:\/\/solcora.com\/de\/#website"},"datePublished":"2020-02-25T09:00:59+00:00","dateModified":"2025-11-03T15:02:53+00:00","breadcrumb":{"@id":"https:\/\/solcora.com\/de\/solcora-designboeden-2\/#breadcrumb"},"inLanguage":"de","potentialAction":[{"@type":"ReadAction","target":["https:\/\/solcora.com\/de\/solcora-designboeden-2\/"]}]},{"@type":"BreadcrumbList","@id":"https:\/\/solcora.com\/de\/solcora-designboeden-2\/#breadcrumb","itemListElement":[{"@type":"ListItem","position":1,"name":"Home","item":"https:\/\/solcora.com\/de\/"},{"@type":"ListItem","position":2,"name":"Solcora Designb\u00f6den"}]},{"@type":"WebSite","@id":"https:\/\/solcora.com\/de\/#website","url":"https:\/\/solcora.com\/de\/","name":"Solcora","description":"Rigid core design floors","publisher":{"@id":"https:\/\/solcora.com\/de\/#organization"},"potentialAction":[{"@type":"SearchAction","target":{"@type":"EntryPoint","urlTemplate":"https:\/\/solcora.com\/de\/?s={search_term_string}"},"query-input":{"@type":"PropertyValueSpecification","valueRequired":true,"valueName":"search_term_string"}}],"inLanguage":"de"},{"@type":"Organization","@id":"https:\/\/solcora.com\/de\/#organization","name":"Solcora","url":"https:\/\/solcora.com\/de\/","logo":{"@type":"ImageObject","inLanguage":"de","@id":"https:\/\/solcora.com\/de\/#\/schema\/logo\/image\/","url":"https:\/\/solcora.com\/wp-content\/uploads\/2020\/04\/Solcora-by-mFLOR-NEW-2020.png","contentUrl":"https:\/\/solcora.com\/wp-content\/uploads\/2020\/04\/Solcora-by-mFLOR-NEW-2020.png","width":746,"height":434,"caption":"Solcora"},"image":{"@id":"https:\/\/solcora.com\/de\/#\/schema\/logo\/image\/"}}]}},"_links":{"self":[{"href":"https:\/\/solcora.com\/de\/wp-json\/wp\/v2\/pages\/10368","targetHints":{"allow":["GET"]}}],"collection":[{"href":"https:\/\/solcora.com\/de\/wp-json\/wp\/v2\/pages"}],"about":[{"href":"https:\/\/solcora.com\/de\/wp-json\/wp\/v2\/types\/page"}],"author":[{"embeddable":true,"href":"https:\/\/solcora.com\/de\/wp-json\/wp\/v2\/users\/1"}],"replies":[{"embeddable":true,"href":"https:\/\/solcora.com\/de\/wp-json\/wp\/v2\/comments?post=10368"}],"version-history":[{"count":2,"href":"https:\/\/solcora.com\/de\/wp-json\/wp\/v2\/pages\/10368\/revisions"}],"predecessor-version":[{"id":14952,"href":"https:\/\/solcora.com\/de\/wp-json\/wp\/v2\/pages\/10368\/revisions\/14952"}],"wp:attachment":[{"href":"https:\/\/solcora.com\/de\/wp-json\/wp\/v2\/media?parent=10368"}],"curies":[{"name":"wp","href":"https:\/\/api.w.org\/{rel}","templated":true}]}}