{"id":10990,"date":"2021-12-23T09:02:50","date_gmt":"2021-12-23T08:02:50","guid":{"rendered":"https:\/\/solcora.com\/?page_id=10990"},"modified":"2025-11-03T15:58:18","modified_gmt":"2025-11-03T14:58:18","slug":"mflor-dryback","status":"publish","type":"page","link":"https:\/\/solcora.com\/de\/kollektion\/mflor-dryback\/","title":{"rendered":"Mflor dryback"},"content":{"rendered":"<div class=\"wpb-content-wrapper\"><p>[vc_section][vc_row][vc_column width=&#8220;9\/12&#8243;][vc_column_text css=&#8220;&#8220;]<\/p>\n<h1>Mflor dryback Designb\u00f6den &#8211; eine gute Wahl<\/h1>\n<p>[\/vc_column_text][vc_column_text css=&#8220;&#8220;]Ausgew\u00e4hlte Solcora-Kollektionen sind auch als als mflor dryback Bodenbelag erh\u00e4ltlich.<\/p>\n<p>Wir bei mflor und Solcora entscheiden uns bewusst f\u00fcr nachhaltige, zuverl\u00e4ssige und sichere Designb\u00f6den \u2013 f\u00fcr Ihre Gesundheit und die Umwelt. Wir kombinieren nat\u00fcrliche Anmutung mit hochwertigsten Werkstoffen.<\/p>\n<p>Mflor dryback-B\u00f6den sind d\u00fcnne PVC-Dielen oder -Fliesen. Diese Designb\u00f6den werden auf einer ebenen Fl\u00e4che verklebt, sodass der Boden vollst\u00e4ndig fixiert ist.<\/p>\n<p>Mit mflor w\u00e4hlen Sie h\u00f6chsten Komfort. Diese B\u00f6den sind robust, leise und pflegeleicht und haben eine nat\u00fcrliche Anmutung. Nachhaltig und sicher f\u00fcr eine verantwortliche Zukunft.<\/p>\n<p>Mflor dryback Designb\u00f6den \u2013 eine gute Wahl.<\/p>\n<h2>Neugierig?<\/h2>\n<p>Bitte besuchen Sie <a href=\"https:\/\/www.mflor.com\/de\" target=\"_blank\" rel=\"noopener\">www.mflor.com\/de<\/a> f\u00fcr mehr Informationen.[\/vc_column_text][vc_row_inner css=&#8220;.vc_custom_1640246693716{margin-top: 30px !important;}&#8220;][vc_column_inner width=&#8220;1\/3&#8243;][vc_btn title=&#8220;Besuchen Sie mflor.com&#8220; shape=&#8220;round&#8220; css=&#8220;&#8220; link=&#8220;url:https%3A%2F%2Fmflor.com%2Fde|title:Besuchen%20Sie%20mFLOR.com|target:_blank&#8220; el_class=&#8220;button button&#8211;primary&#8220;][\/vc_column_inner][vc_column_inner width=&#8220;1\/3&#8243;][vc_btn title=&#8220;Die mflor Kollektion&#8220; shape=&#8220;round&#8220; css=&#8220;&#8220; link=&#8220;url:https%3A%2F%2Fmflor.com%2Fde%2Fkollektion%2F|title:Die%20mFLOR%20Kollektion|target:_blank&#8220; el_class=&#8220;button button&#8211;secondary&#8220;][\/vc_column_inner][vc_column_inner width=&#8220;1\/3&#8243;][vc_btn title=&#8220;Vertrieb&#8220; shape=&#8220;round&#8220; link=&#8220;url:https%3A%2F%2Fmflor.com%2Fde%2Fkontakt%2Fvertrieb%2F|title:Vertrieb|target:_blank&#8220; el_class=&#8220;button button&#8211;secondary&#8220;][\/vc_column_inner][\/vc_row_inner][\/vc_column][vc_column width=&#8220;3\/12&#8243;][vc_single_image image=&#8220;11490&#8243; img_size=&#8220;medium&#8220; alignment=&#8220;center&#8220; el_class=&#8220;rheinland-logo&#8220;][vc_single_image image=&#8220;14908&#8243; img_size=&#8220;full&#8220; alignment=&#8220;center&#8220; css=&#8220;&#8220; el_class=&#8220;rheinland-logo&#8220;][\/vc_column][\/vc_row][vc_row][vc_column width=&#8220;2\/3&#8243;][vc_separator css=&#8220;.vc_custom_1640251974085{margin-top: 45px !important;margin-bottom: 45px !important;}&#8220;][vc_video link=&#8220;https:\/\/youtu.be\/txlq9N0Lmg0&#8243; align=&#8220;center&#8220;][\/vc_column][vc_column width=&#8220;1\/3&#8243;][\/vc_column][\/vc_row][\/vc_section]<\/p>\n<\/div>","protected":false},"excerpt":{"rendered":"<p>[vc_section][vc_row][vc_column width=&#8220;9\/12&#8243;][vc_column_text css=&#8220;&#8220;] Mflor dryback Designb\u00f6den &#8211; eine gute Wahl [\/vc_column_text][vc_column_text css=&#8220;&#8220;]Ausgew\u00e4hlte Solcora-Kollektionen sind auch als als mflor dryback Bodenbelag erh\u00e4ltlich. Wir bei mflor und Solcora entscheiden uns bewusst f\u00fcr nachhaltige, zuverl\u00e4ssige und sichere Designb\u00f6den \u2013 f\u00fcr Ihre Gesundheit und die Umwelt. Wir kombinieren nat\u00fcrliche Anmutung mit hochwertigsten Werkstoffen. Mflor dryback-B\u00f6den sind d\u00fcnne PVC-Dielen oder [&hellip;]<\/p>\n","protected":false},"author":1,"featured_media":0,"parent":10987,"menu_order":0,"comment_status":"closed","ping_status":"closed","template":"","meta":{"_acf_changed":false,"footnotes":""},"class_list":["post-10990","page","type-page","status-publish","hentry"],"acf":[],"yoast_head":"<!-- This site is optimized with the Yoast SEO plugin v27.3 - https:\/\/yoast.com\/product\/yoast-seo-wordpress\/ -->\n<title>Mflor dryback - Solcora<\/title>\n<meta name=\"robots\" content=\"index, follow, max-snippet:-1, max-image-preview:large, max-video-preview:-1\" \/>\n<link rel=\"canonical\" href=\"https:\/\/solcora.com\/de\/kollektion\/mflor-dryback\/\" \/>\n<meta property=\"og:locale\" content=\"de_DE\" \/>\n<meta property=\"og:type\" content=\"article\" \/>\n<meta property=\"og:title\" content=\"Mflor dryback - Solcora\" \/>\n<meta property=\"og:description\" content=\"[vc_section][vc_row][vc_column width=&#8220;9\/12&#8243;][vc_column_text css=&#8220;&#8220;] Mflor dryback Designb\u00f6den &#8211; eine gute Wahl [\/vc_column_text][vc_column_text css=&#8220;&#8220;]Ausgew\u00e4hlte Solcora-Kollektionen sind auch als als mflor dryback Bodenbelag erh\u00e4ltlich. Wir bei mflor und Solcora entscheiden uns bewusst f\u00fcr nachhaltige, zuverl\u00e4ssige und sichere Designb\u00f6den \u2013 f\u00fcr Ihre Gesundheit und die Umwelt. Wir kombinieren nat\u00fcrliche Anmutung mit hochwertigsten Werkstoffen. Mflor dryback-B\u00f6den sind d\u00fcnne PVC-Dielen oder [&hellip;]\" \/>\n<meta property=\"og:url\" content=\"https:\/\/solcora.com\/de\/kollektion\/mflor-dryback\/\" \/>\n<meta property=\"og:site_name\" content=\"Solcora\" \/>\n<meta property=\"article:modified_time\" content=\"2025-11-03T14:58:18+00:00\" \/>\n<meta name=\"twitter:card\" content=\"summary_large_image\" \/>\n<meta name=\"twitter:label1\" content=\"Gesch\u00e4tzte Lesezeit\" \/>\n\t<meta name=\"twitter:data1\" content=\"1\u00a0Minute\" \/>\n<script type=\"application\/ld+json\" class=\"yoast-schema-graph\">{\"@context\":\"https:\\\/\\\/schema.org\",\"@graph\":[{\"@type\":\"WebPage\",\"@id\":\"https:\\\/\\\/solcora.com\\\/de\\\/kollektion\\\/mflor-dryback\\\/\",\"url\":\"https:\\\/\\\/solcora.com\\\/de\\\/kollektion\\\/mflor-dryback\\\/\",\"name\":\"Mflor dryback - Solcora\",\"isPartOf\":{\"@id\":\"https:\\\/\\\/solcora.com\\\/de\\\/#website\"},\"datePublished\":\"2021-12-23T08:02:50+00:00\",\"dateModified\":\"2025-11-03T14:58:18+00:00\",\"breadcrumb\":{\"@id\":\"https:\\\/\\\/solcora.com\\\/de\\\/kollektion\\\/mflor-dryback\\\/#breadcrumb\"},\"inLanguage\":\"de\",\"potentialAction\":[{\"@type\":\"ReadAction\",\"target\":[\"https:\\\/\\\/solcora.com\\\/de\\\/kollektion\\\/mflor-dryback\\\/\"]}]},{\"@type\":\"BreadcrumbList\",\"@id\":\"https:\\\/\\\/solcora.com\\\/de\\\/kollektion\\\/mflor-dryback\\\/#breadcrumb\",\"itemListElement\":[{\"@type\":\"ListItem\",\"position\":1,\"name\":\"Home\",\"item\":\"https:\\\/\\\/solcora.com\\\/de\\\/\"},{\"@type\":\"ListItem\",\"position\":2,\"name\":\"Kollektion\",\"item\":\"https:\\\/\\\/solcora.com\\\/de\\\/kollektion\\\/\"},{\"@type\":\"ListItem\",\"position\":3,\"name\":\"Mflor dryback\"}]},{\"@type\":\"WebSite\",\"@id\":\"https:\\\/\\\/solcora.com\\\/de\\\/#website\",\"url\":\"https:\\\/\\\/solcora.com\\\/de\\\/\",\"name\":\"Solcora\",\"description\":\"Rigid core design floors\",\"publisher\":{\"@id\":\"https:\\\/\\\/solcora.com\\\/de\\\/#organization\"},\"potentialAction\":[{\"@type\":\"SearchAction\",\"target\":{\"@type\":\"EntryPoint\",\"urlTemplate\":\"https:\\\/\\\/solcora.com\\\/de\\\/?s={search_term_string}\"},\"query-input\":{\"@type\":\"PropertyValueSpecification\",\"valueRequired\":true,\"valueName\":\"search_term_string\"}}],\"inLanguage\":\"de\"},{\"@type\":\"Organization\",\"@id\":\"https:\\\/\\\/solcora.com\\\/de\\\/#organization\",\"name\":\"Solcora\",\"url\":\"https:\\\/\\\/solcora.com\\\/de\\\/\",\"logo\":{\"@type\":\"ImageObject\",\"inLanguage\":\"de\",\"@id\":\"https:\\\/\\\/solcora.com\\\/de\\\/#\\\/schema\\\/logo\\\/image\\\/\",\"url\":\"https:\\\/\\\/solcora.com\\\/wp-content\\\/uploads\\\/2020\\\/04\\\/Solcora-by-mFLOR-NEW-2020.png\",\"contentUrl\":\"https:\\\/\\\/solcora.com\\\/wp-content\\\/uploads\\\/2020\\\/04\\\/Solcora-by-mFLOR-NEW-2020.png\",\"width\":746,\"height\":434,\"caption\":\"Solcora\"},\"image\":{\"@id\":\"https:\\\/\\\/solcora.com\\\/de\\\/#\\\/schema\\\/logo\\\/image\\\/\"}}]}<\/script>\n<!-- \/ Yoast SEO plugin. -->","yoast_head_json":{"title":"Mflor dryback - Solcora","robots":{"index":"index","follow":"follow","max-snippet":"max-snippet:-1","max-image-preview":"max-image-preview:large","max-video-preview":"max-video-preview:-1"},"canonical":"https:\/\/solcora.com\/de\/kollektion\/mflor-dryback\/","og_locale":"de_DE","og_type":"article","og_title":"Mflor dryback - Solcora","og_description":"[vc_section][vc_row][vc_column width=&#8220;9\/12&#8243;][vc_column_text css=&#8220;&#8220;] Mflor dryback Designb\u00f6den &#8211; eine gute Wahl [\/vc_column_text][vc_column_text css=&#8220;&#8220;]Ausgew\u00e4hlte Solcora-Kollektionen sind auch als als mflor dryback Bodenbelag erh\u00e4ltlich. Wir bei mflor und Solcora entscheiden uns bewusst f\u00fcr nachhaltige, zuverl\u00e4ssige und sichere Designb\u00f6den \u2013 f\u00fcr Ihre Gesundheit und die Umwelt. Wir kombinieren nat\u00fcrliche Anmutung mit hochwertigsten Werkstoffen. Mflor dryback-B\u00f6den sind d\u00fcnne PVC-Dielen oder [&hellip;]","og_url":"https:\/\/solcora.com\/de\/kollektion\/mflor-dryback\/","og_site_name":"Solcora","article_modified_time":"2025-11-03T14:58:18+00:00","twitter_card":"summary_large_image","twitter_misc":{"Gesch\u00e4tzte Lesezeit":"1\u00a0Minute"},"schema":{"@context":"https:\/\/schema.org","@graph":[{"@type":"WebPage","@id":"https:\/\/solcora.com\/de\/kollektion\/mflor-dryback\/","url":"https:\/\/solcora.com\/de\/kollektion\/mflor-dryback\/","name":"Mflor dryback - Solcora","isPartOf":{"@id":"https:\/\/solcora.com\/de\/#website"},"datePublished":"2021-12-23T08:02:50+00:00","dateModified":"2025-11-03T14:58:18+00:00","breadcrumb":{"@id":"https:\/\/solcora.com\/de\/kollektion\/mflor-dryback\/#breadcrumb"},"inLanguage":"de","potentialAction":[{"@type":"ReadAction","target":["https:\/\/solcora.com\/de\/kollektion\/mflor-dryback\/"]}]},{"@type":"BreadcrumbList","@id":"https:\/\/solcora.com\/de\/kollektion\/mflor-dryback\/#breadcrumb","itemListElement":[{"@type":"ListItem","position":1,"name":"Home","item":"https:\/\/solcora.com\/de\/"},{"@type":"ListItem","position":2,"name":"Kollektion","item":"https:\/\/solcora.com\/de\/kollektion\/"},{"@type":"ListItem","position":3,"name":"Mflor dryback"}]},{"@type":"WebSite","@id":"https:\/\/solcora.com\/de\/#website","url":"https:\/\/solcora.com\/de\/","name":"Solcora","description":"Rigid core design floors","publisher":{"@id":"https:\/\/solcora.com\/de\/#organization"},"potentialAction":[{"@type":"SearchAction","target":{"@type":"EntryPoint","urlTemplate":"https:\/\/solcora.com\/de\/?s={search_term_string}"},"query-input":{"@type":"PropertyValueSpecification","valueRequired":true,"valueName":"search_term_string"}}],"inLanguage":"de"},{"@type":"Organization","@id":"https:\/\/solcora.com\/de\/#organization","name":"Solcora","url":"https:\/\/solcora.com\/de\/","logo":{"@type":"ImageObject","inLanguage":"de","@id":"https:\/\/solcora.com\/de\/#\/schema\/logo\/image\/","url":"https:\/\/solcora.com\/wp-content\/uploads\/2020\/04\/Solcora-by-mFLOR-NEW-2020.png","contentUrl":"https:\/\/solcora.com\/wp-content\/uploads\/2020\/04\/Solcora-by-mFLOR-NEW-2020.png","width":746,"height":434,"caption":"Solcora"},"image":{"@id":"https:\/\/solcora.com\/de\/#\/schema\/logo\/image\/"}}]}},"_links":{"self":[{"href":"https:\/\/solcora.com\/de\/wp-json\/wp\/v2\/pages\/10990","targetHints":{"allow":["GET"]}}],"collection":[{"href":"https:\/\/solcora.com\/de\/wp-json\/wp\/v2\/pages"}],"about":[{"href":"https:\/\/solcora.com\/de\/wp-json\/wp\/v2\/types\/page"}],"author":[{"embeddable":true,"href":"https:\/\/solcora.com\/de\/wp-json\/wp\/v2\/users\/1"}],"replies":[{"embeddable":true,"href":"https:\/\/solcora.com\/de\/wp-json\/wp\/v2\/comments?post=10990"}],"version-history":[{"count":3,"href":"https:\/\/solcora.com\/de\/wp-json\/wp\/v2\/pages\/10990\/revisions"}],"predecessor-version":[{"id":14949,"href":"https:\/\/solcora.com\/de\/wp-json\/wp\/v2\/pages\/10990\/revisions\/14949"}],"up":[{"embeddable":true,"href":"https:\/\/solcora.com\/de\/wp-json\/wp\/v2\/pages\/10987"}],"wp:attachment":[{"href":"https:\/\/solcora.com\/de\/wp-json\/wp\/v2\/media?parent=10990"}],"curies":[{"name":"wp","href":"https:\/\/api.w.org\/{rel}","templated":true}]}}