{"id":10991,"date":"2020-02-13T04:00:10","date_gmt":"2020-02-13T03:00:10","guid":{"rendered":"https:\/\/solcora.com\/?page_id=10991"},"modified":"2025-11-03T15:15:23","modified_gmt":"2025-11-03T14:15:23","slug":"natural-touch","status":"publish","type":"page","link":"https:\/\/solcora.com\/de\/kollektion\/natural-touch\/","title":{"rendered":"Natural Touch"},"content":{"rendered":"<div class=\"wpb-content-wrapper\"><p>[vc_section][vc_row content_placement=&#8220;middle&#8220;][vc_column width=&#8220;10\/12&#8243;][vc_column_text]<\/p>\n<h1>Natural Touch<\/h1>\n<p>[\/vc_column_text][vc_column_text css=&#8220;&#8220;]Unsere Solcora Silence Authentic Serie ist wirklich der authentischste Designboden. Alle Authentic-Sortimente haben \u201eNatural Touch\u201c. Solcora\u2018s Natural Touch Technik ist auch als \u201eIn Registerpr\u00e4gung\u201c bekannt. Das bedeutet, dass die Oberfl\u00e4chenbeschaffenheit des Bodens genau mit dem Muster \u00fcbereinstimmt.<\/p>\n<p>Sie k\u00f6nnen beides, die Knoten sehen und f\u00fchlen. Dar\u00fcber hinaus hat die Solcora Silence Authentic Serie zwei verschiedene Muster: F\u00fcr die nat\u00fcrlichsten Farbvariationen und Musterverl\u00e4ufe.<\/p>\n<p><strong>Du siehst es, du f\u00fchlst es.<\/strong>[\/vc_column_text][vc_btn title=&#8220;Der Authentic-Kollektion&#8220; shape=&#8220;round&#8220; link=&#8220;url:https%3A%2F%2Fsolcora.com%2Fde%2Fprodukt-kategorie%2Fauthentic-lake-de%2F|title:Der%20Authentic-Kollektion&#8220; el_class=&#8220;button button&#8211;primary&#8220;][\/vc_column][vc_column width=&#8220;2\/12&#8243;][vc_single_image image=&#8220;11220&#8243; img_size=&#8220;full&#8220; alignment=&#8220;center&#8220;][\/vc_column][\/vc_row][vc_row][vc_column][vc_single_image image=&#8220;11249&#8243; img_size=&#8220;full&#8220; alignment=&#8220;center&#8220; css=&#8220;.vc_custom_1585643057258{margin-top: 55px !important;}&#8220;][\/vc_column][\/vc_row][\/vc_section]<\/p>\n<\/div>","protected":false},"excerpt":{"rendered":"<p>[vc_section][vc_row content_placement=&#8220;middle&#8220;][vc_column width=&#8220;10\/12&#8243;][vc_column_text] Natural Touch [\/vc_column_text][vc_column_text css=&#8220;&#8220;]Unsere Solcora Silence Authentic Serie ist wirklich der authentischste Designboden. Alle Authentic-Sortimente haben \u201eNatural Touch\u201c. Solcora\u2018s Natural Touch Technik ist auch als \u201eIn Registerpr\u00e4gung\u201c bekannt. Das bedeutet, dass die Oberfl\u00e4chenbeschaffenheit des Bodens genau mit dem Muster \u00fcbereinstimmt. Sie k\u00f6nnen beides, die Knoten sehen und f\u00fchlen. Dar\u00fcber hinaus hat die [&hellip;]<\/p>\n","protected":false},"author":1,"featured_media":0,"parent":10987,"menu_order":0,"comment_status":"closed","ping_status":"closed","template":"","meta":{"_acf_changed":false,"footnotes":""},"class_list":["post-10991","page","type-page","status-publish","hentry"],"acf":[],"yoast_head":"<!-- This site is optimized with the Yoast SEO plugin v27.5 - https:\/\/yoast.com\/product\/yoast-seo-wordpress\/ -->\n<title>Natural Touch - Solcora<\/title>\n<meta name=\"robots\" content=\"index, follow, max-snippet:-1, max-image-preview:large, max-video-preview:-1\" \/>\n<link rel=\"canonical\" href=\"https:\/\/solcora.com\/de\/kollektion\/natural-touch\/\" \/>\n<meta property=\"og:locale\" content=\"de_DE\" \/>\n<meta property=\"og:type\" content=\"article\" \/>\n<meta property=\"og:title\" content=\"Natural Touch - Solcora\" \/>\n<meta property=\"og:description\" content=\"[vc_section][vc_row content_placement=&#8220;middle&#8220;][vc_column width=&#8220;10\/12&#8243;][vc_column_text] Natural Touch [\/vc_column_text][vc_column_text css=&#8220;&#8220;]Unsere Solcora Silence Authentic Serie ist wirklich der authentischste Designboden. Alle Authentic-Sortimente haben \u201eNatural Touch\u201c. Solcora\u2018s Natural Touch Technik ist auch als \u201eIn Registerpr\u00e4gung\u201c bekannt. Das bedeutet, dass die Oberfl\u00e4chenbeschaffenheit des Bodens genau mit dem Muster \u00fcbereinstimmt. Sie k\u00f6nnen beides, die Knoten sehen und f\u00fchlen. Dar\u00fcber hinaus hat die [&hellip;]\" \/>\n<meta property=\"og:url\" content=\"https:\/\/solcora.com\/de\/kollektion\/natural-touch\/\" \/>\n<meta property=\"og:site_name\" content=\"Solcora\" \/>\n<meta property=\"article:modified_time\" content=\"2025-11-03T14:15:23+00:00\" \/>\n<meta name=\"twitter:card\" content=\"summary_large_image\" \/>\n<meta name=\"twitter:label1\" content=\"Gesch\u00e4tzte Lesezeit\" \/>\n\t<meta name=\"twitter:data1\" content=\"1\u00a0Minute\" \/>\n<script type=\"application\/ld+json\" class=\"yoast-schema-graph\">{\"@context\":\"https:\\\/\\\/schema.org\",\"@graph\":[{\"@type\":\"WebPage\",\"@id\":\"https:\\\/\\\/solcora.com\\\/de\\\/kollektion\\\/natural-touch\\\/\",\"url\":\"https:\\\/\\\/solcora.com\\\/de\\\/kollektion\\\/natural-touch\\\/\",\"name\":\"Natural Touch - Solcora\",\"isPartOf\":{\"@id\":\"https:\\\/\\\/solcora.com\\\/de\\\/#website\"},\"datePublished\":\"2020-02-13T03:00:10+00:00\",\"dateModified\":\"2025-11-03T14:15:23+00:00\",\"breadcrumb\":{\"@id\":\"https:\\\/\\\/solcora.com\\\/de\\\/kollektion\\\/natural-touch\\\/#breadcrumb\"},\"inLanguage\":\"de\",\"potentialAction\":[{\"@type\":\"ReadAction\",\"target\":[\"https:\\\/\\\/solcora.com\\\/de\\\/kollektion\\\/natural-touch\\\/\"]}]},{\"@type\":\"BreadcrumbList\",\"@id\":\"https:\\\/\\\/solcora.com\\\/de\\\/kollektion\\\/natural-touch\\\/#breadcrumb\",\"itemListElement\":[{\"@type\":\"ListItem\",\"position\":1,\"name\":\"Home\",\"item\":\"https:\\\/\\\/solcora.com\\\/de\\\/\"},{\"@type\":\"ListItem\",\"position\":2,\"name\":\"Kollektion\",\"item\":\"https:\\\/\\\/solcora.com\\\/de\\\/kollektion\\\/\"},{\"@type\":\"ListItem\",\"position\":3,\"name\":\"Natural Touch\"}]},{\"@type\":\"WebSite\",\"@id\":\"https:\\\/\\\/solcora.com\\\/de\\\/#website\",\"url\":\"https:\\\/\\\/solcora.com\\\/de\\\/\",\"name\":\"Solcora\",\"description\":\"Rigid core design floors\",\"publisher\":{\"@id\":\"https:\\\/\\\/solcora.com\\\/de\\\/#organization\"},\"potentialAction\":[{\"@type\":\"SearchAction\",\"target\":{\"@type\":\"EntryPoint\",\"urlTemplate\":\"https:\\\/\\\/solcora.com\\\/de\\\/?s={search_term_string}\"},\"query-input\":{\"@type\":\"PropertyValueSpecification\",\"valueRequired\":true,\"valueName\":\"search_term_string\"}}],\"inLanguage\":\"de\"},{\"@type\":\"Organization\",\"@id\":\"https:\\\/\\\/solcora.com\\\/de\\\/#organization\",\"name\":\"Solcora\",\"url\":\"https:\\\/\\\/solcora.com\\\/de\\\/\",\"logo\":{\"@type\":\"ImageObject\",\"inLanguage\":\"de\",\"@id\":\"https:\\\/\\\/solcora.com\\\/de\\\/#\\\/schema\\\/logo\\\/image\\\/\",\"url\":\"https:\\\/\\\/solcora.com\\\/wp-content\\\/uploads\\\/2020\\\/04\\\/Solcora-by-mFLOR-NEW-2020.png\",\"contentUrl\":\"https:\\\/\\\/solcora.com\\\/wp-content\\\/uploads\\\/2020\\\/04\\\/Solcora-by-mFLOR-NEW-2020.png\",\"width\":746,\"height\":434,\"caption\":\"Solcora\"},\"image\":{\"@id\":\"https:\\\/\\\/solcora.com\\\/de\\\/#\\\/schema\\\/logo\\\/image\\\/\"}}]}<\/script>\n<!-- \/ Yoast SEO plugin. -->","yoast_head_json":{"title":"Natural Touch - Solcora","robots":{"index":"index","follow":"follow","max-snippet":"max-snippet:-1","max-image-preview":"max-image-preview:large","max-video-preview":"max-video-preview:-1"},"canonical":"https:\/\/solcora.com\/de\/kollektion\/natural-touch\/","og_locale":"de_DE","og_type":"article","og_title":"Natural Touch - Solcora","og_description":"[vc_section][vc_row content_placement=&#8220;middle&#8220;][vc_column width=&#8220;10\/12&#8243;][vc_column_text] Natural Touch [\/vc_column_text][vc_column_text css=&#8220;&#8220;]Unsere Solcora Silence Authentic Serie ist wirklich der authentischste Designboden. Alle Authentic-Sortimente haben \u201eNatural Touch\u201c. Solcora\u2018s Natural Touch Technik ist auch als \u201eIn Registerpr\u00e4gung\u201c bekannt. Das bedeutet, dass die Oberfl\u00e4chenbeschaffenheit des Bodens genau mit dem Muster \u00fcbereinstimmt. Sie k\u00f6nnen beides, die Knoten sehen und f\u00fchlen. Dar\u00fcber hinaus hat die [&hellip;]","og_url":"https:\/\/solcora.com\/de\/kollektion\/natural-touch\/","og_site_name":"Solcora","article_modified_time":"2025-11-03T14:15:23+00:00","twitter_card":"summary_large_image","twitter_misc":{"Gesch\u00e4tzte Lesezeit":"1\u00a0Minute"},"schema":{"@context":"https:\/\/schema.org","@graph":[{"@type":"WebPage","@id":"https:\/\/solcora.com\/de\/kollektion\/natural-touch\/","url":"https:\/\/solcora.com\/de\/kollektion\/natural-touch\/","name":"Natural Touch - Solcora","isPartOf":{"@id":"https:\/\/solcora.com\/de\/#website"},"datePublished":"2020-02-13T03:00:10+00:00","dateModified":"2025-11-03T14:15:23+00:00","breadcrumb":{"@id":"https:\/\/solcora.com\/de\/kollektion\/natural-touch\/#breadcrumb"},"inLanguage":"de","potentialAction":[{"@type":"ReadAction","target":["https:\/\/solcora.com\/de\/kollektion\/natural-touch\/"]}]},{"@type":"BreadcrumbList","@id":"https:\/\/solcora.com\/de\/kollektion\/natural-touch\/#breadcrumb","itemListElement":[{"@type":"ListItem","position":1,"name":"Home","item":"https:\/\/solcora.com\/de\/"},{"@type":"ListItem","position":2,"name":"Kollektion","item":"https:\/\/solcora.com\/de\/kollektion\/"},{"@type":"ListItem","position":3,"name":"Natural Touch"}]},{"@type":"WebSite","@id":"https:\/\/solcora.com\/de\/#website","url":"https:\/\/solcora.com\/de\/","name":"Solcora","description":"Rigid core design floors","publisher":{"@id":"https:\/\/solcora.com\/de\/#organization"},"potentialAction":[{"@type":"SearchAction","target":{"@type":"EntryPoint","urlTemplate":"https:\/\/solcora.com\/de\/?s={search_term_string}"},"query-input":{"@type":"PropertyValueSpecification","valueRequired":true,"valueName":"search_term_string"}}],"inLanguage":"de"},{"@type":"Organization","@id":"https:\/\/solcora.com\/de\/#organization","name":"Solcora","url":"https:\/\/solcora.com\/de\/","logo":{"@type":"ImageObject","inLanguage":"de","@id":"https:\/\/solcora.com\/de\/#\/schema\/logo\/image\/","url":"https:\/\/solcora.com\/wp-content\/uploads\/2020\/04\/Solcora-by-mFLOR-NEW-2020.png","contentUrl":"https:\/\/solcora.com\/wp-content\/uploads\/2020\/04\/Solcora-by-mFLOR-NEW-2020.png","width":746,"height":434,"caption":"Solcora"},"image":{"@id":"https:\/\/solcora.com\/de\/#\/schema\/logo\/image\/"}}]}},"_links":{"self":[{"href":"https:\/\/solcora.com\/de\/wp-json\/wp\/v2\/pages\/10991","targetHints":{"allow":["GET"]}}],"collection":[{"href":"https:\/\/solcora.com\/de\/wp-json\/wp\/v2\/pages"}],"about":[{"href":"https:\/\/solcora.com\/de\/wp-json\/wp\/v2\/types\/page"}],"author":[{"embeddable":true,"href":"https:\/\/solcora.com\/de\/wp-json\/wp\/v2\/users\/1"}],"replies":[{"embeddable":true,"href":"https:\/\/solcora.com\/de\/wp-json\/wp\/v2\/comments?post=10991"}],"version-history":[{"count":2,"href":"https:\/\/solcora.com\/de\/wp-json\/wp\/v2\/pages\/10991\/revisions"}],"predecessor-version":[{"id":14924,"href":"https:\/\/solcora.com\/de\/wp-json\/wp\/v2\/pages\/10991\/revisions\/14924"}],"up":[{"embeddable":true,"href":"https:\/\/solcora.com\/de\/wp-json\/wp\/v2\/pages\/10987"}],"wp:attachment":[{"href":"https:\/\/solcora.com\/de\/wp-json\/wp\/v2\/media?parent=10991"}],"curies":[{"name":"wp","href":"https:\/\/api.w.org\/{rel}","templated":true}]}}