{"id":10992,"date":"2021-12-14T08:37:36","date_gmt":"2021-12-14T07:37:36","guid":{"rendered":"https:\/\/solcora.com\/?page_id=10992"},"modified":"2025-11-03T15:14:43","modified_gmt":"2025-11-03T14:14:43","slug":"solcora-parva-fischgraetmuster","status":"publish","type":"page","link":"https:\/\/solcora.com\/de\/kollektion\/solcora-parva-fischgraetmuster\/","title":{"rendered":"Solcora Parva Fischgr\u00e4tmuster"},"content":{"rendered":"<div class=\"wpb-content-wrapper\"><p>[vc_section][vc_row][vc_column width=&#8220;9\/12&#8243;][vc_column_text]<\/p>\n<h1>Solcora Parva Fischgr\u00e4tmuster<\/h1>\n<p>[\/vc_column_text][vc_column_text css=&#8220;&#8220;]Der Solcora LVT Klickboden ist auch in Fischgr\u00e4tmuster erh\u00e4ltlich.<\/p>\n<p>Fischgr\u00e4tboden ist extrem beliebt und die <a href=\"https:\/\/solcora.com\/de\/produkt-kategorie\/parva-river-oak-de\/?filter_product-type=solcora-plus-de\">Solcora Parva River Oak Kollektion<\/a> kombiniert das klassische Parkettmuster mit den praktischen Vorteilen des LVT Klickbodens.<\/p>\n<p>Das dezente Eichendesign der Solcora Parva River Oak mit sanfter Holzmaserung und zarten Farbnuancen strahlt Ruhe und W\u00e4rme aus. Dank des einzigartigen Formats k\u00f6nnen Sie den Boden ganz einfach im Fischgr\u00e4tmuster verlegen und Ihrem Raum somit einen luxuri\u00f6sen, modernen Look mit einem klassischen Touch verleihen[\/vc_column_text][vc_row_inner][vc_column_inner width=&#8220;1\/2&#8243;][vc_btn title=&#8220;Der Parva-Kollektion&#8220; shape=&#8220;round&#8220; css=&#8220;&#8220; link=&#8220;url:https%3A%2F%2Fsolcora.com%2Fde%2Fprodukt-kategorie%2Fparva-river-oak-de%2F%3Ffilter_product-type%3Dsolcora-plus-de|title:Der%20Parva-Kollektion&#8220; el_class=&#8220;button button&#8211;primary&#8220;][\/vc_column_inner][vc_column_inner width=&#8220;1\/2&#8243;][vc_btn title=&#8220;Parva Verlegeanleitung&#8220; shape=&#8220;round&#8220; link=&#8220;url:https%3A%2F%2Fsolcora.com%2Fde%2Finformation-und-beratung%2Fverlegeanleitung%2F%23herringbone|title:Parva%20Verlegeanleitung&#8220; el_class=&#8220;button button&#8211;secondary&#8220;][\/vc_column_inner][\/vc_row_inner][\/vc_column][vc_column width=&#8220;3\/12&#8243;][vc_single_image image=&#8220;11480&#8243; img_size=&#8220;medium&#8220; alignment=&#8220;center&#8220; el_class=&#8220;rheinland-logo&#8220;][\/vc_column][\/vc_row][\/vc_section][vc_row parallax=&#8220;content-moving&#8220; css=&#8220;.vc_custom_1639468559958{margin-top: 30px !important;}&#8220;][vc_column][vc_single_image image=&#8220;11479&#8243; img_size=&#8220;large&#8220; alignment=&#8220;center&#8220;][\/vc_column][\/vc_row]<\/p>\n<\/div>","protected":false},"excerpt":{"rendered":"<p>[vc_section][vc_row][vc_column width=&#8220;9\/12&#8243;][vc_column_text] Solcora Parva Fischgr\u00e4tmuster [\/vc_column_text][vc_column_text css=&#8220;&#8220;]Der Solcora LVT Klickboden ist auch in Fischgr\u00e4tmuster erh\u00e4ltlich. Fischgr\u00e4tboden ist extrem beliebt und die Solcora Parva River Oak Kollektion kombiniert das klassische Parkettmuster mit den praktischen Vorteilen des LVT Klickbodens. Das dezente Eichendesign der Solcora Parva River Oak mit sanfter Holzmaserung und zarten Farbnuancen strahlt Ruhe und W\u00e4rme [&hellip;]<\/p>\n","protected":false},"author":1,"featured_media":0,"parent":10987,"menu_order":0,"comment_status":"closed","ping_status":"closed","template":"","meta":{"_acf_changed":false,"footnotes":""},"class_list":["post-10992","page","type-page","status-publish","hentry"],"acf":[],"yoast_head":"<!-- This site is optimized with the Yoast SEO plugin v27.5 - https:\/\/yoast.com\/product\/yoast-seo-wordpress\/ -->\n<title>Solcora Parva Fischgr\u00e4tmuster - Solcora<\/title>\n<meta name=\"robots\" content=\"index, follow, max-snippet:-1, max-image-preview:large, max-video-preview:-1\" \/>\n<link rel=\"canonical\" href=\"https:\/\/solcora.com\/de\/kollektion\/solcora-parva-fischgraetmuster\/\" \/>\n<meta property=\"og:locale\" content=\"de_DE\" \/>\n<meta property=\"og:type\" content=\"article\" \/>\n<meta property=\"og:title\" content=\"Solcora Parva Fischgr\u00e4tmuster - Solcora\" \/>\n<meta property=\"og:description\" content=\"[vc_section][vc_row][vc_column width=&#8220;9\/12&#8243;][vc_column_text] Solcora Parva Fischgr\u00e4tmuster [\/vc_column_text][vc_column_text css=&#8220;&#8220;]Der Solcora LVT Klickboden ist auch in Fischgr\u00e4tmuster erh\u00e4ltlich. Fischgr\u00e4tboden ist extrem beliebt und die Solcora Parva River Oak Kollektion kombiniert das klassische Parkettmuster mit den praktischen Vorteilen des LVT Klickbodens. Das dezente Eichendesign der Solcora Parva River Oak mit sanfter Holzmaserung und zarten Farbnuancen strahlt Ruhe und W\u00e4rme [&hellip;]\" \/>\n<meta property=\"og:url\" content=\"https:\/\/solcora.com\/de\/kollektion\/solcora-parva-fischgraetmuster\/\" \/>\n<meta property=\"og:site_name\" content=\"Solcora\" \/>\n<meta property=\"article:modified_time\" content=\"2025-11-03T14:14:43+00:00\" \/>\n<meta name=\"twitter:card\" content=\"summary_large_image\" \/>\n<meta name=\"twitter:label1\" content=\"Gesch\u00e4tzte Lesezeit\" \/>\n\t<meta name=\"twitter:data1\" content=\"2\u00a0Minuten\" \/>\n<script type=\"application\/ld+json\" class=\"yoast-schema-graph\">{\"@context\":\"https:\\\/\\\/schema.org\",\"@graph\":[{\"@type\":\"WebPage\",\"@id\":\"https:\\\/\\\/solcora.com\\\/de\\\/kollektion\\\/solcora-parva-fischgraetmuster\\\/\",\"url\":\"https:\\\/\\\/solcora.com\\\/de\\\/kollektion\\\/solcora-parva-fischgraetmuster\\\/\",\"name\":\"Solcora Parva Fischgr\u00e4tmuster - Solcora\",\"isPartOf\":{\"@id\":\"https:\\\/\\\/solcora.com\\\/de\\\/#website\"},\"datePublished\":\"2021-12-14T07:37:36+00:00\",\"dateModified\":\"2025-11-03T14:14:43+00:00\",\"breadcrumb\":{\"@id\":\"https:\\\/\\\/solcora.com\\\/de\\\/kollektion\\\/solcora-parva-fischgraetmuster\\\/#breadcrumb\"},\"inLanguage\":\"de\",\"potentialAction\":[{\"@type\":\"ReadAction\",\"target\":[\"https:\\\/\\\/solcora.com\\\/de\\\/kollektion\\\/solcora-parva-fischgraetmuster\\\/\"]}]},{\"@type\":\"BreadcrumbList\",\"@id\":\"https:\\\/\\\/solcora.com\\\/de\\\/kollektion\\\/solcora-parva-fischgraetmuster\\\/#breadcrumb\",\"itemListElement\":[{\"@type\":\"ListItem\",\"position\":1,\"name\":\"Home\",\"item\":\"https:\\\/\\\/solcora.com\\\/de\\\/\"},{\"@type\":\"ListItem\",\"position\":2,\"name\":\"Kollektion\",\"item\":\"https:\\\/\\\/solcora.com\\\/de\\\/kollektion\\\/\"},{\"@type\":\"ListItem\",\"position\":3,\"name\":\"Solcora Parva Fischgr\u00e4tmuster\"}]},{\"@type\":\"WebSite\",\"@id\":\"https:\\\/\\\/solcora.com\\\/de\\\/#website\",\"url\":\"https:\\\/\\\/solcora.com\\\/de\\\/\",\"name\":\"Solcora\",\"description\":\"Rigid core design floors\",\"publisher\":{\"@id\":\"https:\\\/\\\/solcora.com\\\/de\\\/#organization\"},\"potentialAction\":[{\"@type\":\"SearchAction\",\"target\":{\"@type\":\"EntryPoint\",\"urlTemplate\":\"https:\\\/\\\/solcora.com\\\/de\\\/?s={search_term_string}\"},\"query-input\":{\"@type\":\"PropertyValueSpecification\",\"valueRequired\":true,\"valueName\":\"search_term_string\"}}],\"inLanguage\":\"de\"},{\"@type\":\"Organization\",\"@id\":\"https:\\\/\\\/solcora.com\\\/de\\\/#organization\",\"name\":\"Solcora\",\"url\":\"https:\\\/\\\/solcora.com\\\/de\\\/\",\"logo\":{\"@type\":\"ImageObject\",\"inLanguage\":\"de\",\"@id\":\"https:\\\/\\\/solcora.com\\\/de\\\/#\\\/schema\\\/logo\\\/image\\\/\",\"url\":\"https:\\\/\\\/solcora.com\\\/wp-content\\\/uploads\\\/2020\\\/04\\\/Solcora-by-mFLOR-NEW-2020.png\",\"contentUrl\":\"https:\\\/\\\/solcora.com\\\/wp-content\\\/uploads\\\/2020\\\/04\\\/Solcora-by-mFLOR-NEW-2020.png\",\"width\":746,\"height\":434,\"caption\":\"Solcora\"},\"image\":{\"@id\":\"https:\\\/\\\/solcora.com\\\/de\\\/#\\\/schema\\\/logo\\\/image\\\/\"}}]}<\/script>\n<!-- \/ Yoast SEO plugin. -->","yoast_head_json":{"title":"Solcora Parva Fischgr\u00e4tmuster - Solcora","robots":{"index":"index","follow":"follow","max-snippet":"max-snippet:-1","max-image-preview":"max-image-preview:large","max-video-preview":"max-video-preview:-1"},"canonical":"https:\/\/solcora.com\/de\/kollektion\/solcora-parva-fischgraetmuster\/","og_locale":"de_DE","og_type":"article","og_title":"Solcora Parva Fischgr\u00e4tmuster - Solcora","og_description":"[vc_section][vc_row][vc_column width=&#8220;9\/12&#8243;][vc_column_text] Solcora Parva Fischgr\u00e4tmuster [\/vc_column_text][vc_column_text css=&#8220;&#8220;]Der Solcora LVT Klickboden ist auch in Fischgr\u00e4tmuster erh\u00e4ltlich. Fischgr\u00e4tboden ist extrem beliebt und die Solcora Parva River Oak Kollektion kombiniert das klassische Parkettmuster mit den praktischen Vorteilen des LVT Klickbodens. Das dezente Eichendesign der Solcora Parva River Oak mit sanfter Holzmaserung und zarten Farbnuancen strahlt Ruhe und W\u00e4rme [&hellip;]","og_url":"https:\/\/solcora.com\/de\/kollektion\/solcora-parva-fischgraetmuster\/","og_site_name":"Solcora","article_modified_time":"2025-11-03T14:14:43+00:00","twitter_card":"summary_large_image","twitter_misc":{"Gesch\u00e4tzte Lesezeit":"2\u00a0Minuten"},"schema":{"@context":"https:\/\/schema.org","@graph":[{"@type":"WebPage","@id":"https:\/\/solcora.com\/de\/kollektion\/solcora-parva-fischgraetmuster\/","url":"https:\/\/solcora.com\/de\/kollektion\/solcora-parva-fischgraetmuster\/","name":"Solcora Parva Fischgr\u00e4tmuster - Solcora","isPartOf":{"@id":"https:\/\/solcora.com\/de\/#website"},"datePublished":"2021-12-14T07:37:36+00:00","dateModified":"2025-11-03T14:14:43+00:00","breadcrumb":{"@id":"https:\/\/solcora.com\/de\/kollektion\/solcora-parva-fischgraetmuster\/#breadcrumb"},"inLanguage":"de","potentialAction":[{"@type":"ReadAction","target":["https:\/\/solcora.com\/de\/kollektion\/solcora-parva-fischgraetmuster\/"]}]},{"@type":"BreadcrumbList","@id":"https:\/\/solcora.com\/de\/kollektion\/solcora-parva-fischgraetmuster\/#breadcrumb","itemListElement":[{"@type":"ListItem","position":1,"name":"Home","item":"https:\/\/solcora.com\/de\/"},{"@type":"ListItem","position":2,"name":"Kollektion","item":"https:\/\/solcora.com\/de\/kollektion\/"},{"@type":"ListItem","position":3,"name":"Solcora Parva Fischgr\u00e4tmuster"}]},{"@type":"WebSite","@id":"https:\/\/solcora.com\/de\/#website","url":"https:\/\/solcora.com\/de\/","name":"Solcora","description":"Rigid core design floors","publisher":{"@id":"https:\/\/solcora.com\/de\/#organization"},"potentialAction":[{"@type":"SearchAction","target":{"@type":"EntryPoint","urlTemplate":"https:\/\/solcora.com\/de\/?s={search_term_string}"},"query-input":{"@type":"PropertyValueSpecification","valueRequired":true,"valueName":"search_term_string"}}],"inLanguage":"de"},{"@type":"Organization","@id":"https:\/\/solcora.com\/de\/#organization","name":"Solcora","url":"https:\/\/solcora.com\/de\/","logo":{"@type":"ImageObject","inLanguage":"de","@id":"https:\/\/solcora.com\/de\/#\/schema\/logo\/image\/","url":"https:\/\/solcora.com\/wp-content\/uploads\/2020\/04\/Solcora-by-mFLOR-NEW-2020.png","contentUrl":"https:\/\/solcora.com\/wp-content\/uploads\/2020\/04\/Solcora-by-mFLOR-NEW-2020.png","width":746,"height":434,"caption":"Solcora"},"image":{"@id":"https:\/\/solcora.com\/de\/#\/schema\/logo\/image\/"}}]}},"_links":{"self":[{"href":"https:\/\/solcora.com\/de\/wp-json\/wp\/v2\/pages\/10992","targetHints":{"allow":["GET"]}}],"collection":[{"href":"https:\/\/solcora.com\/de\/wp-json\/wp\/v2\/pages"}],"about":[{"href":"https:\/\/solcora.com\/de\/wp-json\/wp\/v2\/types\/page"}],"author":[{"embeddable":true,"href":"https:\/\/solcora.com\/de\/wp-json\/wp\/v2\/users\/1"}],"replies":[{"embeddable":true,"href":"https:\/\/solcora.com\/de\/wp-json\/wp\/v2\/comments?post=10992"}],"version-history":[{"count":1,"href":"https:\/\/solcora.com\/de\/wp-json\/wp\/v2\/pages\/10992\/revisions"}],"predecessor-version":[{"id":14922,"href":"https:\/\/solcora.com\/de\/wp-json\/wp\/v2\/pages\/10992\/revisions\/14922"}],"up":[{"embeddable":true,"href":"https:\/\/solcora.com\/de\/wp-json\/wp\/v2\/pages\/10987"}],"wp:attachment":[{"href":"https:\/\/solcora.com\/de\/wp-json\/wp\/v2\/media?parent=10992"}],"curies":[{"name":"wp","href":"https:\/\/api.w.org\/{rel}","templated":true}]}}