{"id":10993,"date":"2020-02-13T04:30:09","date_gmt":"2020-02-13T03:30:09","guid":{"rendered":"https:\/\/solcora.com\/?page_id=10993"},"modified":"2022-03-13T19:00:14","modified_gmt":"2022-03-13T18:00:14","slug":"solcora-silence","status":"publish","type":"page","link":"https:\/\/solcora.com\/de\/kollektion\/solcora-silence\/","title":{"rendered":"Solcora Silence"},"content":{"rendered":"<div class=\"wpb-content-wrapper\"><p>[vc_section][vc_row][vc_column width=&#8220;9\/12&#8243;][vc_column_text]<\/p>\n<h1>Solcora Silence<\/h1>\n<p>[\/vc_column_text][vc_column_text]Solcora Silence ist eine Komplettl\u00f6sung, die Ruhe schafft. F\u00fcr zus\u00e4tzlichen Komfort haben alle Solcora-Kollektionen einen integrierten Unterboden. Diese Schaumstoffschicht sorgt daf\u00fcr, dass sich der Boden noch w\u00e4rmer und komfortabler anf\u00fchlt. Au\u00dferdem geht die Verlegung noch schneller, da die Unterboden bereits eingearbeitet ist!<\/p>\n<p>Alle Solcora Silence Kollektionen haben einen 2 mm dicken schalld\u00e4mpfenden Unterboden aus IXPE Schaumstoff. Damit erreicht Solcora einen Schalld\u00e4mpfungswert von \u0394LW 21 dB. Das ist ideal f\u00fcr Wohnr\u00e4ume. Solcora Silence ist au\u00dfergew\u00f6hnlich stark, angenehm weich und leise.[\/vc_column_text][vc_row_inner][vc_column_inner width=&#8220;1\/3&#8243;][vc_btn title=&#8220;Produktaufbau&#8220; shape=&#8220;round&#8220; link=&#8220;url:https%3A%2F%2Fsolcora.com%2Fde%2Fsolcora-designboeden%2Fproduktaufbau%2F|title:Produktaufbau&#8220; el_class=&#8220;button button&#8211;primary&#8220;][\/vc_column_inner][vc_column_inner width=&#8220;1\/3&#8243;][vc_btn title=&#8220;Der Silence-Kollektion&#8220; shape=&#8220;round&#8220; link=&#8220;url:https%3A%2F%2Fsolcora.com%2Fde%2Fkollektion%2F%3Ffilter_product-type%3Dsolcora-silence-de|title:Der%20Silence-Kollektion&#8220; el_class=&#8220;button button&#8211;secondary&#8220;][\/vc_column_inner][vc_column_inner width=&#8220;1\/3&#8243;][\/vc_column_inner][\/vc_row_inner][\/vc_column][vc_column width=&#8220;3\/12&#8243;][vc_column_text]<\/p>\n<p style=\"text-align: center;\">Independently tested<br \/>\nand approved by:<\/p>\n<p>[\/vc_column_text][vc_single_image image=&#8220;11078&#8243; img_size=&#8220;medium&#8220; alignment=&#8220;center&#8220; el_class=&#8220;rheinland-logo&#8220;][\/vc_column][\/vc_row][vc_row][vc_column width=&#8220;1\/2&#8243;][vc_separator css=&#8220;.vc_custom_1591623494224{margin-top: 45px !important;margin-bottom: 45px !important;}&#8220; el_id=&#8220;video&#8220;][vc_video link=&#8220;https:\/\/youtu.be\/7QVY74yC__4&#8243; align=&#8220;center&#8220; el_id=&#8220;animation&#8220;][\/vc_column][vc_column width=&#8220;1\/2&#8243;][vc_separator css=&#8220;.vc_custom_1591623494224{margin-top: 45px !important;margin-bottom: 45px !important;}&#8220;][vc_video link=&#8220;https:\/\/youtu.be\/MGTl_iVaxko&#8220; align=&#8220;center&#8220;][\/vc_column][\/vc_row][\/vc_section]<\/p>\n<\/div>","protected":false},"excerpt":{"rendered":"<p>[vc_section][vc_row][vc_column width=&#8220;9\/12&#8243;][vc_column_text] Solcora Silence [\/vc_column_text][vc_column_text]Solcora Silence ist eine Komplettl\u00f6sung, die Ruhe schafft. F\u00fcr zus\u00e4tzlichen Komfort haben alle Solcora-Kollektionen einen integrierten Unterboden. Diese Schaumstoffschicht sorgt daf\u00fcr, dass sich der Boden noch w\u00e4rmer und komfortabler anf\u00fchlt. Au\u00dferdem geht die Verlegung noch schneller, da die Unterboden bereits eingearbeitet ist! Alle Solcora Silence Kollektionen haben einen 2 mm dicken [&hellip;]<\/p>\n","protected":false},"author":1,"featured_media":0,"parent":10987,"menu_order":0,"comment_status":"closed","ping_status":"closed","template":"","meta":{"_acf_changed":false,"footnotes":""},"class_list":["post-10993","page","type-page","status-publish","hentry"],"acf":[],"yoast_head":"<!-- This site is optimized with the Yoast SEO plugin v27.5 - https:\/\/yoast.com\/product\/yoast-seo-wordpress\/ -->\n<title>Solcora Silence - Solcora<\/title>\n<meta name=\"robots\" content=\"index, follow, max-snippet:-1, max-image-preview:large, max-video-preview:-1\" \/>\n<link rel=\"canonical\" href=\"https:\/\/solcora.com\/de\/kollektion\/solcora-silence\/\" \/>\n<meta property=\"og:locale\" content=\"de_DE\" \/>\n<meta property=\"og:type\" content=\"article\" \/>\n<meta property=\"og:title\" content=\"Solcora Silence - Solcora\" \/>\n<meta property=\"og:description\" content=\"[vc_section][vc_row][vc_column width=&#8220;9\/12&#8243;][vc_column_text] Solcora Silence [\/vc_column_text][vc_column_text]Solcora Silence ist eine Komplettl\u00f6sung, die Ruhe schafft. F\u00fcr zus\u00e4tzlichen Komfort haben alle Solcora-Kollektionen einen integrierten Unterboden. Diese Schaumstoffschicht sorgt daf\u00fcr, dass sich der Boden noch w\u00e4rmer und komfortabler anf\u00fchlt. Au\u00dferdem geht die Verlegung noch schneller, da die Unterboden bereits eingearbeitet ist! Alle Solcora Silence Kollektionen haben einen 2 mm dicken [&hellip;]\" \/>\n<meta property=\"og:url\" content=\"https:\/\/solcora.com\/de\/kollektion\/solcora-silence\/\" \/>\n<meta property=\"og:site_name\" content=\"Solcora\" \/>\n<meta property=\"article:modified_time\" content=\"2022-03-13T18:00:14+00:00\" \/>\n<meta name=\"twitter:card\" content=\"summary_large_image\" \/>\n<meta name=\"twitter:label1\" content=\"Gesch\u00e4tzte Lesezeit\" \/>\n\t<meta name=\"twitter:data1\" content=\"1\u00a0Minute\" \/>\n<script type=\"application\/ld+json\" class=\"yoast-schema-graph\">{\"@context\":\"https:\\\/\\\/schema.org\",\"@graph\":[{\"@type\":\"WebPage\",\"@id\":\"https:\\\/\\\/solcora.com\\\/de\\\/kollektion\\\/solcora-silence\\\/\",\"url\":\"https:\\\/\\\/solcora.com\\\/de\\\/kollektion\\\/solcora-silence\\\/\",\"name\":\"Solcora Silence - Solcora\",\"isPartOf\":{\"@id\":\"https:\\\/\\\/solcora.com\\\/de\\\/#website\"},\"datePublished\":\"2020-02-13T03:30:09+00:00\",\"dateModified\":\"2022-03-13T18:00:14+00:00\",\"breadcrumb\":{\"@id\":\"https:\\\/\\\/solcora.com\\\/de\\\/kollektion\\\/solcora-silence\\\/#breadcrumb\"},\"inLanguage\":\"de\",\"potentialAction\":[{\"@type\":\"ReadAction\",\"target\":[\"https:\\\/\\\/solcora.com\\\/de\\\/kollektion\\\/solcora-silence\\\/\"]}]},{\"@type\":\"BreadcrumbList\",\"@id\":\"https:\\\/\\\/solcora.com\\\/de\\\/kollektion\\\/solcora-silence\\\/#breadcrumb\",\"itemListElement\":[{\"@type\":\"ListItem\",\"position\":1,\"name\":\"Home\",\"item\":\"https:\\\/\\\/solcora.com\\\/de\\\/\"},{\"@type\":\"ListItem\",\"position\":2,\"name\":\"Kollektion\",\"item\":\"https:\\\/\\\/solcora.com\\\/de\\\/kollektion\\\/\"},{\"@type\":\"ListItem\",\"position\":3,\"name\":\"Solcora Silence\"}]},{\"@type\":\"WebSite\",\"@id\":\"https:\\\/\\\/solcora.com\\\/de\\\/#website\",\"url\":\"https:\\\/\\\/solcora.com\\\/de\\\/\",\"name\":\"Solcora\",\"description\":\"Rigid core design floors\",\"publisher\":{\"@id\":\"https:\\\/\\\/solcora.com\\\/de\\\/#organization\"},\"potentialAction\":[{\"@type\":\"SearchAction\",\"target\":{\"@type\":\"EntryPoint\",\"urlTemplate\":\"https:\\\/\\\/solcora.com\\\/de\\\/?s={search_term_string}\"},\"query-input\":{\"@type\":\"PropertyValueSpecification\",\"valueRequired\":true,\"valueName\":\"search_term_string\"}}],\"inLanguage\":\"de\"},{\"@type\":\"Organization\",\"@id\":\"https:\\\/\\\/solcora.com\\\/de\\\/#organization\",\"name\":\"Solcora\",\"url\":\"https:\\\/\\\/solcora.com\\\/de\\\/\",\"logo\":{\"@type\":\"ImageObject\",\"inLanguage\":\"de\",\"@id\":\"https:\\\/\\\/solcora.com\\\/de\\\/#\\\/schema\\\/logo\\\/image\\\/\",\"url\":\"https:\\\/\\\/solcora.com\\\/wp-content\\\/uploads\\\/2020\\\/04\\\/Solcora-by-mFLOR-NEW-2020.png\",\"contentUrl\":\"https:\\\/\\\/solcora.com\\\/wp-content\\\/uploads\\\/2020\\\/04\\\/Solcora-by-mFLOR-NEW-2020.png\",\"width\":746,\"height\":434,\"caption\":\"Solcora\"},\"image\":{\"@id\":\"https:\\\/\\\/solcora.com\\\/de\\\/#\\\/schema\\\/logo\\\/image\\\/\"}}]}<\/script>\n<!-- \/ Yoast SEO plugin. -->","yoast_head_json":{"title":"Solcora Silence - Solcora","robots":{"index":"index","follow":"follow","max-snippet":"max-snippet:-1","max-image-preview":"max-image-preview:large","max-video-preview":"max-video-preview:-1"},"canonical":"https:\/\/solcora.com\/de\/kollektion\/solcora-silence\/","og_locale":"de_DE","og_type":"article","og_title":"Solcora Silence - Solcora","og_description":"[vc_section][vc_row][vc_column width=&#8220;9\/12&#8243;][vc_column_text] Solcora Silence [\/vc_column_text][vc_column_text]Solcora Silence ist eine Komplettl\u00f6sung, die Ruhe schafft. F\u00fcr zus\u00e4tzlichen Komfort haben alle Solcora-Kollektionen einen integrierten Unterboden. Diese Schaumstoffschicht sorgt daf\u00fcr, dass sich der Boden noch w\u00e4rmer und komfortabler anf\u00fchlt. Au\u00dferdem geht die Verlegung noch schneller, da die Unterboden bereits eingearbeitet ist! Alle Solcora Silence Kollektionen haben einen 2 mm dicken [&hellip;]","og_url":"https:\/\/solcora.com\/de\/kollektion\/solcora-silence\/","og_site_name":"Solcora","article_modified_time":"2022-03-13T18:00:14+00:00","twitter_card":"summary_large_image","twitter_misc":{"Gesch\u00e4tzte Lesezeit":"1\u00a0Minute"},"schema":{"@context":"https:\/\/schema.org","@graph":[{"@type":"WebPage","@id":"https:\/\/solcora.com\/de\/kollektion\/solcora-silence\/","url":"https:\/\/solcora.com\/de\/kollektion\/solcora-silence\/","name":"Solcora Silence - Solcora","isPartOf":{"@id":"https:\/\/solcora.com\/de\/#website"},"datePublished":"2020-02-13T03:30:09+00:00","dateModified":"2022-03-13T18:00:14+00:00","breadcrumb":{"@id":"https:\/\/solcora.com\/de\/kollektion\/solcora-silence\/#breadcrumb"},"inLanguage":"de","potentialAction":[{"@type":"ReadAction","target":["https:\/\/solcora.com\/de\/kollektion\/solcora-silence\/"]}]},{"@type":"BreadcrumbList","@id":"https:\/\/solcora.com\/de\/kollektion\/solcora-silence\/#breadcrumb","itemListElement":[{"@type":"ListItem","position":1,"name":"Home","item":"https:\/\/solcora.com\/de\/"},{"@type":"ListItem","position":2,"name":"Kollektion","item":"https:\/\/solcora.com\/de\/kollektion\/"},{"@type":"ListItem","position":3,"name":"Solcora Silence"}]},{"@type":"WebSite","@id":"https:\/\/solcora.com\/de\/#website","url":"https:\/\/solcora.com\/de\/","name":"Solcora","description":"Rigid core design floors","publisher":{"@id":"https:\/\/solcora.com\/de\/#organization"},"potentialAction":[{"@type":"SearchAction","target":{"@type":"EntryPoint","urlTemplate":"https:\/\/solcora.com\/de\/?s={search_term_string}"},"query-input":{"@type":"PropertyValueSpecification","valueRequired":true,"valueName":"search_term_string"}}],"inLanguage":"de"},{"@type":"Organization","@id":"https:\/\/solcora.com\/de\/#organization","name":"Solcora","url":"https:\/\/solcora.com\/de\/","logo":{"@type":"ImageObject","inLanguage":"de","@id":"https:\/\/solcora.com\/de\/#\/schema\/logo\/image\/","url":"https:\/\/solcora.com\/wp-content\/uploads\/2020\/04\/Solcora-by-mFLOR-NEW-2020.png","contentUrl":"https:\/\/solcora.com\/wp-content\/uploads\/2020\/04\/Solcora-by-mFLOR-NEW-2020.png","width":746,"height":434,"caption":"Solcora"},"image":{"@id":"https:\/\/solcora.com\/de\/#\/schema\/logo\/image\/"}}]}},"_links":{"self":[{"href":"https:\/\/solcora.com\/de\/wp-json\/wp\/v2\/pages\/10993","targetHints":{"allow":["GET"]}}],"collection":[{"href":"https:\/\/solcora.com\/de\/wp-json\/wp\/v2\/pages"}],"about":[{"href":"https:\/\/solcora.com\/de\/wp-json\/wp\/v2\/types\/page"}],"author":[{"embeddable":true,"href":"https:\/\/solcora.com\/de\/wp-json\/wp\/v2\/users\/1"}],"replies":[{"embeddable":true,"href":"https:\/\/solcora.com\/de\/wp-json\/wp\/v2\/comments?post=10993"}],"version-history":[{"count":0,"href":"https:\/\/solcora.com\/de\/wp-json\/wp\/v2\/pages\/10993\/revisions"}],"up":[{"embeddable":true,"href":"https:\/\/solcora.com\/de\/wp-json\/wp\/v2\/pages\/10987"}],"wp:attachment":[{"href":"https:\/\/solcora.com\/de\/wp-json\/wp\/v2\/media?parent=10993"}],"curies":[{"name":"wp","href":"https:\/\/api.w.org\/{rel}","templated":true}]}}