{"id":10994,"date":"2020-02-25T10:00:07","date_gmt":"2020-02-25T09:00:07","guid":{"rendered":"https:\/\/solcora.com\/?page_id=10994"},"modified":"2022-03-17T14:34:36","modified_gmt":"2022-03-17T13:34:36","slug":"visualiser","status":"publish","type":"page","link":"https:\/\/solcora.com\/de\/kollektion\/visualiser\/","title":{"rendered":"Visualiser"},"content":{"rendered":"<div class=\"wpb-content-wrapper\"><p>[vc_section][vc_row][vc_column width=&#8220;1\/2&#8243;][vc_column_text]<\/p>\n<h1>Visualiser<\/h1>\n<p>Die Atmosph\u00e4re und das Erscheinungsbild eines Raumes h\u00e4ngen in hohem Ma\u00dfe von der Wahl des Fu\u00dfbodens ab. Es ist schwierig, diese wichtige Wahl auf der Grundlage eines einzelnen Bildes oder einer einzelnen Muster zu treffen. Um einen guten Eindruck von der Gesamtgestaltung und der Farbgebung in einem bestimmten Muster zu erhalten, ist es wichtig, das Gesamtbild zu sehen. Verwenden Sie also den Solcora Visualiser!<\/p>\n<p>Mit dem Visualiser k\u00f6nnen Sie alle Solcora-B\u00f6den in verschiedenen R\u00e4umen, wie Wohnzimmer, Schlafzimmer, K\u00fcchen und B\u00e4der, ausprobieren. Variieren Sie die Atmosph\u00e4re, indem Sie verschiedene R\u00e4ume ausprobieren und mit verschiedenen Bereichen und Farben experimentieren.<\/p>\n<p>Sie k\u00f6nnen sich schwer vorstellen, wie Ihre R\u00e4ume mit Ihren neuen Designs und Farben wirken? Sie wollen die Farben der W\u00e4nde, des Bodenbelages und der Stoffe ver\u00e4ndern? Versuchen Sie es! Machen Sie ein Bild von ihrem Raum, laden Sie es in den Solcora Visualiser und probieren Sie, welches Bodendesign und welche Farbe Ihnen am besten gef\u00e4llt.[\/vc_column_text][vc_btn title=&#8220;Solcora Visualiser&#8220; shape=&#8220;round&#8220; el_class=&#8220;button button&#8211;primary&#8220; link=&#8220;url:http%3A%2F%2Fmflor.b3dservice.de%2Fsolcora%2F%3F%26locale%3Dde_de|title:Visualiser|target:_blank|rel:nofollow&#8220;][\/vc_column][vc_column width=&#8220;1\/2&#8243;][vc_video link=&#8220;https:\/\/youtu.be\/jRe3TBwX7y0&#8243;][vc_column_text]<em>Der Solcora Visualiser hat die gleiche Funktionalit\u00e4t wie der mFLOR Visualiser.<\/em>[\/vc_column_text][\/vc_column][\/vc_row][\/vc_section]<\/p>\n<\/div>","protected":false},"excerpt":{"rendered":"<p>[vc_section][vc_row][vc_column width=&#8220;1\/2&#8243;][vc_column_text] Visualiser Die Atmosph\u00e4re und das Erscheinungsbild eines Raumes h\u00e4ngen in hohem Ma\u00dfe von der Wahl des Fu\u00dfbodens ab. Es ist schwierig, diese wichtige Wahl auf der Grundlage eines einzelnen Bildes oder einer einzelnen Muster zu treffen. Um einen guten Eindruck von der Gesamtgestaltung und der Farbgebung in einem bestimmten Muster zu erhalten, ist [&hellip;]<\/p>\n","protected":false},"author":1,"featured_media":0,"parent":10987,"menu_order":0,"comment_status":"closed","ping_status":"closed","template":"","meta":{"_acf_changed":false,"footnotes":""},"class_list":["post-10994","page","type-page","status-publish","hentry"],"acf":[],"yoast_head":"<!-- This site is optimized with the Yoast SEO plugin v27.3 - https:\/\/yoast.com\/product\/yoast-seo-wordpress\/ -->\n<title>Visualiser - Solcora<\/title>\n<meta name=\"robots\" content=\"index, follow, max-snippet:-1, max-image-preview:large, max-video-preview:-1\" \/>\n<link rel=\"canonical\" href=\"https:\/\/solcora.com\/de\/kollektion\/visualiser\/\" \/>\n<meta property=\"og:locale\" content=\"de_DE\" \/>\n<meta property=\"og:type\" content=\"article\" \/>\n<meta property=\"og:title\" content=\"Visualiser - Solcora\" \/>\n<meta property=\"og:description\" content=\"[vc_section][vc_row][vc_column width=&#8220;1\/2&#8243;][vc_column_text] Visualiser Die Atmosph\u00e4re und das Erscheinungsbild eines Raumes h\u00e4ngen in hohem Ma\u00dfe von der Wahl des Fu\u00dfbodens ab. Es ist schwierig, diese wichtige Wahl auf der Grundlage eines einzelnen Bildes oder einer einzelnen Muster zu treffen. Um einen guten Eindruck von der Gesamtgestaltung und der Farbgebung in einem bestimmten Muster zu erhalten, ist [&hellip;]\" \/>\n<meta property=\"og:url\" content=\"https:\/\/solcora.com\/de\/kollektion\/visualiser\/\" \/>\n<meta property=\"og:site_name\" content=\"Solcora\" \/>\n<meta property=\"article:modified_time\" content=\"2022-03-17T13:34:36+00:00\" \/>\n<meta name=\"twitter:card\" content=\"summary_large_image\" \/>\n<meta name=\"twitter:label1\" content=\"Gesch\u00e4tzte Lesezeit\" \/>\n\t<meta name=\"twitter:data1\" content=\"1\u00a0Minute\" \/>\n<script type=\"application\/ld+json\" class=\"yoast-schema-graph\">{\"@context\":\"https:\\\/\\\/schema.org\",\"@graph\":[{\"@type\":\"WebPage\",\"@id\":\"https:\\\/\\\/solcora.com\\\/de\\\/kollektion\\\/visualiser\\\/\",\"url\":\"https:\\\/\\\/solcora.com\\\/de\\\/kollektion\\\/visualiser\\\/\",\"name\":\"Visualiser - Solcora\",\"isPartOf\":{\"@id\":\"https:\\\/\\\/solcora.com\\\/de\\\/#website\"},\"datePublished\":\"2020-02-25T09:00:07+00:00\",\"dateModified\":\"2022-03-17T13:34:36+00:00\",\"breadcrumb\":{\"@id\":\"https:\\\/\\\/solcora.com\\\/de\\\/kollektion\\\/visualiser\\\/#breadcrumb\"},\"inLanguage\":\"de\",\"potentialAction\":[{\"@type\":\"ReadAction\",\"target\":[\"https:\\\/\\\/solcora.com\\\/de\\\/kollektion\\\/visualiser\\\/\"]}]},{\"@type\":\"BreadcrumbList\",\"@id\":\"https:\\\/\\\/solcora.com\\\/de\\\/kollektion\\\/visualiser\\\/#breadcrumb\",\"itemListElement\":[{\"@type\":\"ListItem\",\"position\":1,\"name\":\"Home\",\"item\":\"https:\\\/\\\/solcora.com\\\/de\\\/\"},{\"@type\":\"ListItem\",\"position\":2,\"name\":\"Kollektion\",\"item\":\"https:\\\/\\\/solcora.com\\\/de\\\/kollektion\\\/\"},{\"@type\":\"ListItem\",\"position\":3,\"name\":\"Visualiser\"}]},{\"@type\":\"WebSite\",\"@id\":\"https:\\\/\\\/solcora.com\\\/de\\\/#website\",\"url\":\"https:\\\/\\\/solcora.com\\\/de\\\/\",\"name\":\"Solcora\",\"description\":\"Rigid core design floors\",\"publisher\":{\"@id\":\"https:\\\/\\\/solcora.com\\\/de\\\/#organization\"},\"potentialAction\":[{\"@type\":\"SearchAction\",\"target\":{\"@type\":\"EntryPoint\",\"urlTemplate\":\"https:\\\/\\\/solcora.com\\\/de\\\/?s={search_term_string}\"},\"query-input\":{\"@type\":\"PropertyValueSpecification\",\"valueRequired\":true,\"valueName\":\"search_term_string\"}}],\"inLanguage\":\"de\"},{\"@type\":\"Organization\",\"@id\":\"https:\\\/\\\/solcora.com\\\/de\\\/#organization\",\"name\":\"Solcora\",\"url\":\"https:\\\/\\\/solcora.com\\\/de\\\/\",\"logo\":{\"@type\":\"ImageObject\",\"inLanguage\":\"de\",\"@id\":\"https:\\\/\\\/solcora.com\\\/de\\\/#\\\/schema\\\/logo\\\/image\\\/\",\"url\":\"https:\\\/\\\/solcora.com\\\/wp-content\\\/uploads\\\/2020\\\/04\\\/Solcora-by-mFLOR-NEW-2020.png\",\"contentUrl\":\"https:\\\/\\\/solcora.com\\\/wp-content\\\/uploads\\\/2020\\\/04\\\/Solcora-by-mFLOR-NEW-2020.png\",\"width\":746,\"height\":434,\"caption\":\"Solcora\"},\"image\":{\"@id\":\"https:\\\/\\\/solcora.com\\\/de\\\/#\\\/schema\\\/logo\\\/image\\\/\"}}]}<\/script>\n<!-- \/ Yoast SEO plugin. -->","yoast_head_json":{"title":"Visualiser - Solcora","robots":{"index":"index","follow":"follow","max-snippet":"max-snippet:-1","max-image-preview":"max-image-preview:large","max-video-preview":"max-video-preview:-1"},"canonical":"https:\/\/solcora.com\/de\/kollektion\/visualiser\/","og_locale":"de_DE","og_type":"article","og_title":"Visualiser - Solcora","og_description":"[vc_section][vc_row][vc_column width=&#8220;1\/2&#8243;][vc_column_text] Visualiser Die Atmosph\u00e4re und das Erscheinungsbild eines Raumes h\u00e4ngen in hohem Ma\u00dfe von der Wahl des Fu\u00dfbodens ab. Es ist schwierig, diese wichtige Wahl auf der Grundlage eines einzelnen Bildes oder einer einzelnen Muster zu treffen. Um einen guten Eindruck von der Gesamtgestaltung und der Farbgebung in einem bestimmten Muster zu erhalten, ist [&hellip;]","og_url":"https:\/\/solcora.com\/de\/kollektion\/visualiser\/","og_site_name":"Solcora","article_modified_time":"2022-03-17T13:34:36+00:00","twitter_card":"summary_large_image","twitter_misc":{"Gesch\u00e4tzte Lesezeit":"1\u00a0Minute"},"schema":{"@context":"https:\/\/schema.org","@graph":[{"@type":"WebPage","@id":"https:\/\/solcora.com\/de\/kollektion\/visualiser\/","url":"https:\/\/solcora.com\/de\/kollektion\/visualiser\/","name":"Visualiser - Solcora","isPartOf":{"@id":"https:\/\/solcora.com\/de\/#website"},"datePublished":"2020-02-25T09:00:07+00:00","dateModified":"2022-03-17T13:34:36+00:00","breadcrumb":{"@id":"https:\/\/solcora.com\/de\/kollektion\/visualiser\/#breadcrumb"},"inLanguage":"de","potentialAction":[{"@type":"ReadAction","target":["https:\/\/solcora.com\/de\/kollektion\/visualiser\/"]}]},{"@type":"BreadcrumbList","@id":"https:\/\/solcora.com\/de\/kollektion\/visualiser\/#breadcrumb","itemListElement":[{"@type":"ListItem","position":1,"name":"Home","item":"https:\/\/solcora.com\/de\/"},{"@type":"ListItem","position":2,"name":"Kollektion","item":"https:\/\/solcora.com\/de\/kollektion\/"},{"@type":"ListItem","position":3,"name":"Visualiser"}]},{"@type":"WebSite","@id":"https:\/\/solcora.com\/de\/#website","url":"https:\/\/solcora.com\/de\/","name":"Solcora","description":"Rigid core design floors","publisher":{"@id":"https:\/\/solcora.com\/de\/#organization"},"potentialAction":[{"@type":"SearchAction","target":{"@type":"EntryPoint","urlTemplate":"https:\/\/solcora.com\/de\/?s={search_term_string}"},"query-input":{"@type":"PropertyValueSpecification","valueRequired":true,"valueName":"search_term_string"}}],"inLanguage":"de"},{"@type":"Organization","@id":"https:\/\/solcora.com\/de\/#organization","name":"Solcora","url":"https:\/\/solcora.com\/de\/","logo":{"@type":"ImageObject","inLanguage":"de","@id":"https:\/\/solcora.com\/de\/#\/schema\/logo\/image\/","url":"https:\/\/solcora.com\/wp-content\/uploads\/2020\/04\/Solcora-by-mFLOR-NEW-2020.png","contentUrl":"https:\/\/solcora.com\/wp-content\/uploads\/2020\/04\/Solcora-by-mFLOR-NEW-2020.png","width":746,"height":434,"caption":"Solcora"},"image":{"@id":"https:\/\/solcora.com\/de\/#\/schema\/logo\/image\/"}}]}},"_links":{"self":[{"href":"https:\/\/solcora.com\/de\/wp-json\/wp\/v2\/pages\/10994","targetHints":{"allow":["GET"]}}],"collection":[{"href":"https:\/\/solcora.com\/de\/wp-json\/wp\/v2\/pages"}],"about":[{"href":"https:\/\/solcora.com\/de\/wp-json\/wp\/v2\/types\/page"}],"author":[{"embeddable":true,"href":"https:\/\/solcora.com\/de\/wp-json\/wp\/v2\/users\/1"}],"replies":[{"embeddable":true,"href":"https:\/\/solcora.com\/de\/wp-json\/wp\/v2\/comments?post=10994"}],"version-history":[{"count":0,"href":"https:\/\/solcora.com\/de\/wp-json\/wp\/v2\/pages\/10994\/revisions"}],"up":[{"embeddable":true,"href":"https:\/\/solcora.com\/de\/wp-json\/wp\/v2\/pages\/10987"}],"wp:attachment":[{"href":"https:\/\/solcora.com\/de\/wp-json\/wp\/v2\/media?parent=10994"}],"curies":[{"name":"wp","href":"https:\/\/api.w.org\/{rel}","templated":true}]}}