{"id":11517,"date":"2020-02-26T09:00:36","date_gmt":"2020-02-26T08:00:36","guid":{"rendered":"https:\/\/solcora.com\/?page_id=11517"},"modified":"2022-03-13T19:07:29","modified_gmt":"2022-03-13T18:07:29","slug":"zertifizierungen-zu-emissionen-und-zur-luftqualitaet-in-innenraeumen","status":"publish","type":"page","link":"https:\/\/solcora.com\/de\/solcora-designboeden-2\/zertifizierungen\/zertifizierungen-zu-emissionen-und-zur-luftqualitaet-in-innenraeumen\/","title":{"rendered":"Zertifizierungen zu Emissionen und zur Luftqualit\u00e4t in Innenr\u00e4umen"},"content":{"rendered":"<div class=\"wpb-content-wrapper\"><p>[vc_section][vc_row][vc_column][vc_column_text]<\/p>\n<h1>Zertifizierungen zu Emissionen und zur Luftqualit\u00e4t in Innenr\u00e4umen<\/h1>\n<p>Emissionen sind fl\u00fcchtige organische Verbindungen (FOV), die nach der Verarbeitung eines Produkts freigesetzt werden. Ein bekanntes Beispiel ist die Art und Weise, wie ein neues Auto riecht. Dieser Geruch wird durch Emissionen verursacht, die mit der Zeit immer weniger werden. Die Menge der freigesetzten Emissionen h\u00e4ngt von der Qualit\u00e4t des Produkts ab. Je mehr Emissionen freigesetzt werden, desto mehr unerw\u00fcnschte Wirkungen, wie z.B. Kopfschmerzen, sind zu erwarten. Da viel Zeit auf dem Boden verbracht wird, ist es wichtig, diese Emissionen auf ein Minimum zu beschr\u00e4nken.<\/p>\n<p>Leider gibt es immer noch keine europ\u00e4ischen Normen f\u00fcr Emissionen. In den Niederlanden beispielsweise gibt es keine Norm. Einige L\u00e4nder haben eigene Normen aufgestellt, deren Inhalt jedoch sehr unterschiedlich ist. Neben den unterschiedlichen nationalen Standards wurden verschiedene freiwillige Standards in diesem Bereich entwickelt. All diese Normen werden auf der Grundlage standardisierter Labortestmethoden bewertet.<\/p>\n<p>Die schiere Menge dieser Standards kann die Dinge verwirrend machen. Aus diesem Grund hat Eurofins \u2013 ein bekanntes internationales Testlabor \u2013 einen eigenen, umfassenderen Standard f\u00fcr die \u201eLuftqualit\u00e4t in Innenr\u00e4umen\u201c entwickelt. Eurofins hat diesen Standard auch auf den \u201eIndoor Air Quality Gold Standard\u201c ausgeweitet, der die Pr\u00fcfung einer noch breiteren Palette von Substanzen beinhaltet und geringere Emissionen als jeder andere nationale Standard vorschreibt. Daher entspricht dieser Standard mehr als allen innerhalb und au\u00dferhalb Europas geltenden Normen. Zum Beispiel:<\/p>\n<ul>\n<li>Belgische FOV-Vorschriften<\/li>\n<li>Deutscher AgBB\/AGB<\/li>\n<li>Das franz\u00f6sische Zertifizierungsprogramm \u2018Emissions dans l\u2019air int\u00e9rieur\u2019. (A+ Zertifizierung)<\/li>\n<\/ul>\n<p>Da Solcora die Gesundheit und die Umwelt als sehr wichtig erachtet, haben alle unsere Designb\u00f6den sehr niedrige Emissionswerte. Es ist daher nicht \u00fcberraschend, dass alle unsere Produkte das Eurofins \u201aIndoor Air Certificate Gold\u2018 tragen, was zeigt, dass unsere Produkte die strengsten Anforderungen mehr als erf\u00fcllen.[\/vc_column_text][\/vc_column][\/vc_row][vc_row][vc_column width=&#8220;1\/2&#8243;][vc_column_text]Zertifikat f\u00fcr alle Normen, die unter diesem Label zusammengefasst sind, anzeigen: [\/vc_column_text][vc_btn title=&#8220;Eurofins Indoor Air Comfort Gold&#8220; shape=&#8220;round&#8220; i_align=&#8220;right&#8220; i_icon_fontawesome=&#8220;&#8220; add_icon=&#8220;true&#8220; el_class=&#8220;button button&#8211;primary&#8220; link=&#8220;url:http%3A%2F%2Fsolcora.com%2Fwp-content%2Fuploads%2F2021%2F06%2FIndoor-Air-Comfort-Gold_Certificate_EN-SOLCORA-2021.pdf|title:Eurofins%20Indoor%20Air%20Comfort%20Gold|target:_blank&#8220;][\/vc_column][vc_column width=&#8220;1\/2&#8243;][vc_column_text]Dar\u00fcber hinaus verf\u00fcgt Solcora \u00fcber das FloorScore-Zertifikat:[\/vc_column_text][vc_btn title=&#8220;FloorScore certificate&#8220; shape=&#8220;round&#8220; i_align=&#8220;right&#8220; i_icon_fontawesome=&#8220;&#8220; add_icon=&#8220;true&#8220; el_class=&#8220;button button&#8211;primary&#8220; link=&#8220;url:http%3A%2F%2Fsolcora.com%2Fwp-content%2Fuploads%2F2020%2F03%2Ffloorscore-certificate.pdf|title:FloorScore%20certificate|target:%20_blank|&#8220;][\/vc_column][\/vc_row][vc_row][vc_column][vc_separator css=&#8220;.vc_custom_1584196892660{margin-top: 45px !important;margin-bottom: 45px !important;}&#8220;][\/vc_column][\/vc_row][vc_row][vc_column width=&#8220;1\/2&#8243;][vc_btn title=&#8220;Zusammensetzung der Produkte&#8220; shape=&#8220;round&#8220; el_class=&#8220;button button&#8211;primary&#8220; link=&#8220;url:https%3A%2F%2Fsolcora.com%2Fde%2Fsolcora-designboeden%2Fzertifizierungen%2Fzusammensetzung-der-produkte%2F|title:Zusammensetzung%20der%20Produkte&#8220;][\/vc_column][vc_column width=&#8220;1\/2&#8243;][vc_btn title=&#8220;Herstellungsprozess&#8220; shape=&#8220;round&#8220; el_class=&#8220;button button&#8211;primary&#8220; link=&#8220;url:https%3A%2F%2Fsolcora.com%2Fde%2Fsolcora-designboeden%2Fzertifizierungen%2Fherstellungsprozess%2F|title:Herstellungsprozess&#8220;][\/vc_column][\/vc_row][\/vc_section]<\/p>\n<\/div>","protected":false},"excerpt":{"rendered":"<p>[vc_section][vc_row][vc_column][vc_column_text] Zertifizierungen zu Emissionen und zur Luftqualit\u00e4t in Innenr\u00e4umen Emissionen sind fl\u00fcchtige organische Verbindungen (FOV), die nach der Verarbeitung eines Produkts freigesetzt werden. Ein bekanntes Beispiel ist die Art und Weise, wie ein neues Auto riecht. Dieser Geruch wird durch Emissionen verursacht, die mit der Zeit immer weniger werden. Die Menge der freigesetzten Emissionen h\u00e4ngt [&hellip;]<\/p>\n","protected":false},"author":1,"featured_media":0,"parent":11516,"menu_order":0,"comment_status":"closed","ping_status":"closed","template":"","meta":{"_acf_changed":false,"footnotes":""},"class_list":["post-11517","page","type-page","status-publish","hentry"],"acf":[],"yoast_head":"<!-- This site is optimized with the Yoast SEO plugin v27.5 - https:\/\/yoast.com\/product\/yoast-seo-wordpress\/ -->\n<title>Zertifizierungen zu Emissionen und zur Luftqualit\u00e4t in Innenr\u00e4umen - Solcora<\/title>\n<meta name=\"robots\" content=\"index, follow, max-snippet:-1, max-image-preview:large, max-video-preview:-1\" \/>\n<link rel=\"canonical\" href=\"https:\/\/solcora.com\/de\/solcora-designboeden-2\/zertifizierungen\/zertifizierungen-zu-emissionen-und-zur-luftqualitaet-in-innenraeumen\/\" \/>\n<meta property=\"og:locale\" content=\"de_DE\" \/>\n<meta property=\"og:type\" content=\"article\" \/>\n<meta property=\"og:title\" content=\"Zertifizierungen zu Emissionen und zur Luftqualit\u00e4t in Innenr\u00e4umen - Solcora\" \/>\n<meta property=\"og:description\" content=\"[vc_section][vc_row][vc_column][vc_column_text] Zertifizierungen zu Emissionen und zur Luftqualit\u00e4t in Innenr\u00e4umen Emissionen sind fl\u00fcchtige organische Verbindungen (FOV), die nach der Verarbeitung eines Produkts freigesetzt werden. Ein bekanntes Beispiel ist die Art und Weise, wie ein neues Auto riecht. Dieser Geruch wird durch Emissionen verursacht, die mit der Zeit immer weniger werden. Die Menge der freigesetzten Emissionen h\u00e4ngt [&hellip;]\" \/>\n<meta property=\"og:url\" content=\"https:\/\/solcora.com\/de\/solcora-designboeden-2\/zertifizierungen\/zertifizierungen-zu-emissionen-und-zur-luftqualitaet-in-innenraeumen\/\" \/>\n<meta property=\"og:site_name\" content=\"Solcora\" \/>\n<meta property=\"article:modified_time\" content=\"2022-03-13T18:07:29+00:00\" \/>\n<meta name=\"twitter:card\" content=\"summary_large_image\" \/>\n<meta name=\"twitter:label1\" content=\"Gesch\u00e4tzte Lesezeit\" \/>\n\t<meta name=\"twitter:data1\" content=\"2\u00a0Minuten\" \/>\n<script type=\"application\/ld+json\" class=\"yoast-schema-graph\">{\"@context\":\"https:\\\/\\\/schema.org\",\"@graph\":[{\"@type\":\"WebPage\",\"@id\":\"https:\\\/\\\/solcora.com\\\/de\\\/solcora-designboeden-2\\\/zertifizierungen\\\/zertifizierungen-zu-emissionen-und-zur-luftqualitaet-in-innenraeumen\\\/\",\"url\":\"https:\\\/\\\/solcora.com\\\/de\\\/solcora-designboeden-2\\\/zertifizierungen\\\/zertifizierungen-zu-emissionen-und-zur-luftqualitaet-in-innenraeumen\\\/\",\"name\":\"Zertifizierungen zu Emissionen und zur Luftqualit\u00e4t in Innenr\u00e4umen - Solcora\",\"isPartOf\":{\"@id\":\"https:\\\/\\\/solcora.com\\\/de\\\/#website\"},\"datePublished\":\"2020-02-26T08:00:36+00:00\",\"dateModified\":\"2022-03-13T18:07:29+00:00\",\"breadcrumb\":{\"@id\":\"https:\\\/\\\/solcora.com\\\/de\\\/solcora-designboeden-2\\\/zertifizierungen\\\/zertifizierungen-zu-emissionen-und-zur-luftqualitaet-in-innenraeumen\\\/#breadcrumb\"},\"inLanguage\":\"de\",\"potentialAction\":[{\"@type\":\"ReadAction\",\"target\":[\"https:\\\/\\\/solcora.com\\\/de\\\/solcora-designboeden-2\\\/zertifizierungen\\\/zertifizierungen-zu-emissionen-und-zur-luftqualitaet-in-innenraeumen\\\/\"]}]},{\"@type\":\"BreadcrumbList\",\"@id\":\"https:\\\/\\\/solcora.com\\\/de\\\/solcora-designboeden-2\\\/zertifizierungen\\\/zertifizierungen-zu-emissionen-und-zur-luftqualitaet-in-innenraeumen\\\/#breadcrumb\",\"itemListElement\":[{\"@type\":\"ListItem\",\"position\":1,\"name\":\"Home\",\"item\":\"https:\\\/\\\/solcora.com\\\/de\\\/\"},{\"@type\":\"ListItem\",\"position\":2,\"name\":\"Solcora Designb\u00f6den\",\"item\":\"https:\\\/\\\/solcora.com\\\/de\\\/solcora-designboeden-2\\\/\"},{\"@type\":\"ListItem\",\"position\":3,\"name\":\"Zertifizierungen\",\"item\":\"https:\\\/\\\/solcora.com\\\/de\\\/solcora-designboeden-2\\\/zertifizierungen\\\/\"},{\"@type\":\"ListItem\",\"position\":4,\"name\":\"Zertifizierungen zu Emissionen und zur Luftqualit\u00e4t in Innenr\u00e4umen\"}]},{\"@type\":\"WebSite\",\"@id\":\"https:\\\/\\\/solcora.com\\\/de\\\/#website\",\"url\":\"https:\\\/\\\/solcora.com\\\/de\\\/\",\"name\":\"Solcora\",\"description\":\"Rigid core design floors\",\"publisher\":{\"@id\":\"https:\\\/\\\/solcora.com\\\/de\\\/#organization\"},\"potentialAction\":[{\"@type\":\"SearchAction\",\"target\":{\"@type\":\"EntryPoint\",\"urlTemplate\":\"https:\\\/\\\/solcora.com\\\/de\\\/?s={search_term_string}\"},\"query-input\":{\"@type\":\"PropertyValueSpecification\",\"valueRequired\":true,\"valueName\":\"search_term_string\"}}],\"inLanguage\":\"de\"},{\"@type\":\"Organization\",\"@id\":\"https:\\\/\\\/solcora.com\\\/de\\\/#organization\",\"name\":\"Solcora\",\"url\":\"https:\\\/\\\/solcora.com\\\/de\\\/\",\"logo\":{\"@type\":\"ImageObject\",\"inLanguage\":\"de\",\"@id\":\"https:\\\/\\\/solcora.com\\\/de\\\/#\\\/schema\\\/logo\\\/image\\\/\",\"url\":\"https:\\\/\\\/solcora.com\\\/wp-content\\\/uploads\\\/2020\\\/04\\\/Solcora-by-mFLOR-NEW-2020.png\",\"contentUrl\":\"https:\\\/\\\/solcora.com\\\/wp-content\\\/uploads\\\/2020\\\/04\\\/Solcora-by-mFLOR-NEW-2020.png\",\"width\":746,\"height\":434,\"caption\":\"Solcora\"},\"image\":{\"@id\":\"https:\\\/\\\/solcora.com\\\/de\\\/#\\\/schema\\\/logo\\\/image\\\/\"}}]}<\/script>\n<!-- \/ Yoast SEO plugin. -->","yoast_head_json":{"title":"Zertifizierungen zu Emissionen und zur Luftqualit\u00e4t in Innenr\u00e4umen - Solcora","robots":{"index":"index","follow":"follow","max-snippet":"max-snippet:-1","max-image-preview":"max-image-preview:large","max-video-preview":"max-video-preview:-1"},"canonical":"https:\/\/solcora.com\/de\/solcora-designboeden-2\/zertifizierungen\/zertifizierungen-zu-emissionen-und-zur-luftqualitaet-in-innenraeumen\/","og_locale":"de_DE","og_type":"article","og_title":"Zertifizierungen zu Emissionen und zur Luftqualit\u00e4t in Innenr\u00e4umen - Solcora","og_description":"[vc_section][vc_row][vc_column][vc_column_text] Zertifizierungen zu Emissionen und zur Luftqualit\u00e4t in Innenr\u00e4umen Emissionen sind fl\u00fcchtige organische Verbindungen (FOV), die nach der Verarbeitung eines Produkts freigesetzt werden. Ein bekanntes Beispiel ist die Art und Weise, wie ein neues Auto riecht. Dieser Geruch wird durch Emissionen verursacht, die mit der Zeit immer weniger werden. Die Menge der freigesetzten Emissionen h\u00e4ngt [&hellip;]","og_url":"https:\/\/solcora.com\/de\/solcora-designboeden-2\/zertifizierungen\/zertifizierungen-zu-emissionen-und-zur-luftqualitaet-in-innenraeumen\/","og_site_name":"Solcora","article_modified_time":"2022-03-13T18:07:29+00:00","twitter_card":"summary_large_image","twitter_misc":{"Gesch\u00e4tzte Lesezeit":"2\u00a0Minuten"},"schema":{"@context":"https:\/\/schema.org","@graph":[{"@type":"WebPage","@id":"https:\/\/solcora.com\/de\/solcora-designboeden-2\/zertifizierungen\/zertifizierungen-zu-emissionen-und-zur-luftqualitaet-in-innenraeumen\/","url":"https:\/\/solcora.com\/de\/solcora-designboeden-2\/zertifizierungen\/zertifizierungen-zu-emissionen-und-zur-luftqualitaet-in-innenraeumen\/","name":"Zertifizierungen zu Emissionen und zur Luftqualit\u00e4t in Innenr\u00e4umen - Solcora","isPartOf":{"@id":"https:\/\/solcora.com\/de\/#website"},"datePublished":"2020-02-26T08:00:36+00:00","dateModified":"2022-03-13T18:07:29+00:00","breadcrumb":{"@id":"https:\/\/solcora.com\/de\/solcora-designboeden-2\/zertifizierungen\/zertifizierungen-zu-emissionen-und-zur-luftqualitaet-in-innenraeumen\/#breadcrumb"},"inLanguage":"de","potentialAction":[{"@type":"ReadAction","target":["https:\/\/solcora.com\/de\/solcora-designboeden-2\/zertifizierungen\/zertifizierungen-zu-emissionen-und-zur-luftqualitaet-in-innenraeumen\/"]}]},{"@type":"BreadcrumbList","@id":"https:\/\/solcora.com\/de\/solcora-designboeden-2\/zertifizierungen\/zertifizierungen-zu-emissionen-und-zur-luftqualitaet-in-innenraeumen\/#breadcrumb","itemListElement":[{"@type":"ListItem","position":1,"name":"Home","item":"https:\/\/solcora.com\/de\/"},{"@type":"ListItem","position":2,"name":"Solcora Designb\u00f6den","item":"https:\/\/solcora.com\/de\/solcora-designboeden-2\/"},{"@type":"ListItem","position":3,"name":"Zertifizierungen","item":"https:\/\/solcora.com\/de\/solcora-designboeden-2\/zertifizierungen\/"},{"@type":"ListItem","position":4,"name":"Zertifizierungen zu Emissionen und zur Luftqualit\u00e4t in Innenr\u00e4umen"}]},{"@type":"WebSite","@id":"https:\/\/solcora.com\/de\/#website","url":"https:\/\/solcora.com\/de\/","name":"Solcora","description":"Rigid core design floors","publisher":{"@id":"https:\/\/solcora.com\/de\/#organization"},"potentialAction":[{"@type":"SearchAction","target":{"@type":"EntryPoint","urlTemplate":"https:\/\/solcora.com\/de\/?s={search_term_string}"},"query-input":{"@type":"PropertyValueSpecification","valueRequired":true,"valueName":"search_term_string"}}],"inLanguage":"de"},{"@type":"Organization","@id":"https:\/\/solcora.com\/de\/#organization","name":"Solcora","url":"https:\/\/solcora.com\/de\/","logo":{"@type":"ImageObject","inLanguage":"de","@id":"https:\/\/solcora.com\/de\/#\/schema\/logo\/image\/","url":"https:\/\/solcora.com\/wp-content\/uploads\/2020\/04\/Solcora-by-mFLOR-NEW-2020.png","contentUrl":"https:\/\/solcora.com\/wp-content\/uploads\/2020\/04\/Solcora-by-mFLOR-NEW-2020.png","width":746,"height":434,"caption":"Solcora"},"image":{"@id":"https:\/\/solcora.com\/de\/#\/schema\/logo\/image\/"}}]}},"_links":{"self":[{"href":"https:\/\/solcora.com\/de\/wp-json\/wp\/v2\/pages\/11517","targetHints":{"allow":["GET"]}}],"collection":[{"href":"https:\/\/solcora.com\/de\/wp-json\/wp\/v2\/pages"}],"about":[{"href":"https:\/\/solcora.com\/de\/wp-json\/wp\/v2\/types\/page"}],"author":[{"embeddable":true,"href":"https:\/\/solcora.com\/de\/wp-json\/wp\/v2\/users\/1"}],"replies":[{"embeddable":true,"href":"https:\/\/solcora.com\/de\/wp-json\/wp\/v2\/comments?post=11517"}],"version-history":[{"count":0,"href":"https:\/\/solcora.com\/de\/wp-json\/wp\/v2\/pages\/11517\/revisions"}],"up":[{"embeddable":true,"href":"https:\/\/solcora.com\/de\/wp-json\/wp\/v2\/pages\/11516"}],"wp:attachment":[{"href":"https:\/\/solcora.com\/de\/wp-json\/wp\/v2\/media?parent=11517"}],"curies":[{"name":"wp","href":"https:\/\/api.w.org\/{rel}","templated":true}]}}