{"id":11519,"date":"2020-02-13T04:42:12","date_gmt":"2020-02-13T03:42:12","guid":{"rendered":"https:\/\/solcora.com\/?page_id=11519"},"modified":"2022-03-29T14:17:44","modified_gmt":"2022-03-29T12:17:44","slug":"herstellungsprozess","status":"publish","type":"page","link":"https:\/\/solcora.com\/de\/solcora-designboeden-2\/zertifizierungen\/herstellungsprozess\/","title":{"rendered":"Herstellungsprozess"},"content":{"rendered":"<div class=\"wpb-content-wrapper\"><p>[vc_section][vc_row content_placement=&#8220;middle&#8220;][vc_column width=&#8220;10\/12&#8243;][vc_column_text]<\/p>\n<h1>Herstellungsprozess<\/h1>\n<p>[\/vc_column_text][vc_column_text]Die Solcora-Fabriken sind sowohl nach ISO 9001 (dem weltweiten Standard f\u00fcr Qualit\u00e4tsmanagement) als auch nach ISO 14001 (internationaler Standard f\u00fcr Umweltmanagement) zertifiziert.<\/p>\n<p>Diese unabh\u00e4ngigen Zertifizierungen zeigen, dass Qualit\u00e4t und Nachhaltigkeit bei Solcora von h\u00f6chster Bedeutung sind. Wir investieren kontinuierlich, um diese Standards aufrechtzuerhalten und so zu einer besseren Umwelt beizutragen, indem wir unsere Umweltverantwortung anerkennen und in jeder Hinsicht h\u00f6chste Qualit\u00e4t liefern.[\/vc_column_text][vc_row_inner][vc_column_inner width=&#8220;1\/2&#8243;][vc_btn title=&#8220;Emissionen und zur Luftqualit\u00e4t in Innenr\u00e4umen&#8220; shape=&#8220;round&#8220; el_class=&#8220;button button&#8211;primary&#8220; link=&#8220;url:https%3A%2F%2Fsolcora.com%2Fde%2Fsolcora-designboeden%2Fzertifizierungen%2Fzertifizierungen-zu-emissionen-und-zur-luftqualitaet-in-innenraeumen%2F|title:Emissionen%20und%20zur%20Luftqualit%C3%A4t%20in%20Innenr%C3%A4umen&#8220;][\/vc_column_inner][vc_column_inner width=&#8220;1\/2&#8243;][vc_btn title=&#8220;Zusammensetzung der Produkte&#8220; shape=&#8220;round&#8220; el_class=&#8220;button button&#8211;primary&#8220; link=&#8220;url:https%3A%2F%2Fsolcora.com%2Fde%2Fsolcora-designboeden%2Fzertifizierungen%2Fzusammensetzung-der-produkte%2F|title:Zusammensetzung%20der%20Produkte&#8220;][\/vc_column_inner][\/vc_row_inner][\/vc_column][vc_column width=&#8220;2\/12&#8243;][vc_single_image image=&#8220;11802&#8243; alignment=&#8220;center&#8220;][vc_single_image image=&#8220;11794&#8243; alignment=&#8220;center&#8220;][\/vc_column][\/vc_row][\/vc_section]<\/p>\n<\/div>","protected":false},"excerpt":{"rendered":"<p>[vc_section][vc_row content_placement=&#8220;middle&#8220;][vc_column width=&#8220;10\/12&#8243;][vc_column_text] Herstellungsprozess [\/vc_column_text][vc_column_text]Die Solcora-Fabriken sind sowohl nach ISO 9001 (dem weltweiten Standard f\u00fcr Qualit\u00e4tsmanagement) als auch nach ISO 14001 (internationaler Standard f\u00fcr Umweltmanagement) zertifiziert. Diese unabh\u00e4ngigen Zertifizierungen zeigen, dass Qualit\u00e4t und Nachhaltigkeit bei Solcora von h\u00f6chster Bedeutung sind. Wir investieren kontinuierlich, um diese Standards aufrechtzuerhalten und so zu einer besseren Umwelt beizutragen, indem [&hellip;]<\/p>\n","protected":false},"author":1,"featured_media":0,"parent":11516,"menu_order":0,"comment_status":"closed","ping_status":"closed","template":"","meta":{"_acf_changed":false,"footnotes":""},"class_list":["post-11519","page","type-page","status-publish","hentry"],"acf":[],"yoast_head":"<!-- This site is optimized with the Yoast SEO plugin v27.5 - https:\/\/yoast.com\/product\/yoast-seo-wordpress\/ -->\n<title>Herstellungsprozess - Solcora<\/title>\n<meta name=\"robots\" content=\"index, follow, max-snippet:-1, max-image-preview:large, max-video-preview:-1\" \/>\n<link rel=\"canonical\" href=\"https:\/\/solcora.com\/de\/solcora-designboeden-2\/zertifizierungen\/herstellungsprozess\/\" \/>\n<meta property=\"og:locale\" content=\"de_DE\" \/>\n<meta property=\"og:type\" content=\"article\" \/>\n<meta property=\"og:title\" content=\"Herstellungsprozess - Solcora\" \/>\n<meta property=\"og:description\" content=\"[vc_section][vc_row content_placement=&#8220;middle&#8220;][vc_column width=&#8220;10\/12&#8243;][vc_column_text] Herstellungsprozess [\/vc_column_text][vc_column_text]Die Solcora-Fabriken sind sowohl nach ISO 9001 (dem weltweiten Standard f\u00fcr Qualit\u00e4tsmanagement) als auch nach ISO 14001 (internationaler Standard f\u00fcr Umweltmanagement) zertifiziert. Diese unabh\u00e4ngigen Zertifizierungen zeigen, dass Qualit\u00e4t und Nachhaltigkeit bei Solcora von h\u00f6chster Bedeutung sind. Wir investieren kontinuierlich, um diese Standards aufrechtzuerhalten und so zu einer besseren Umwelt beizutragen, indem [&hellip;]\" \/>\n<meta property=\"og:url\" content=\"https:\/\/solcora.com\/de\/solcora-designboeden-2\/zertifizierungen\/herstellungsprozess\/\" \/>\n<meta property=\"og:site_name\" content=\"Solcora\" \/>\n<meta property=\"article:modified_time\" content=\"2022-03-29T12:17:44+00:00\" \/>\n<meta name=\"twitter:card\" content=\"summary_large_image\" \/>\n<meta name=\"twitter:label1\" content=\"Gesch\u00e4tzte Lesezeit\" \/>\n\t<meta name=\"twitter:data1\" content=\"1\u00a0Minute\" \/>\n<script type=\"application\/ld+json\" class=\"yoast-schema-graph\">{\"@context\":\"https:\\\/\\\/schema.org\",\"@graph\":[{\"@type\":\"WebPage\",\"@id\":\"https:\\\/\\\/solcora.com\\\/de\\\/solcora-designboeden-2\\\/zertifizierungen\\\/herstellungsprozess\\\/\",\"url\":\"https:\\\/\\\/solcora.com\\\/de\\\/solcora-designboeden-2\\\/zertifizierungen\\\/herstellungsprozess\\\/\",\"name\":\"Herstellungsprozess - Solcora\",\"isPartOf\":{\"@id\":\"https:\\\/\\\/solcora.com\\\/de\\\/#website\"},\"datePublished\":\"2020-02-13T03:42:12+00:00\",\"dateModified\":\"2022-03-29T12:17:44+00:00\",\"breadcrumb\":{\"@id\":\"https:\\\/\\\/solcora.com\\\/de\\\/solcora-designboeden-2\\\/zertifizierungen\\\/herstellungsprozess\\\/#breadcrumb\"},\"inLanguage\":\"de\",\"potentialAction\":[{\"@type\":\"ReadAction\",\"target\":[\"https:\\\/\\\/solcora.com\\\/de\\\/solcora-designboeden-2\\\/zertifizierungen\\\/herstellungsprozess\\\/\"]}]},{\"@type\":\"BreadcrumbList\",\"@id\":\"https:\\\/\\\/solcora.com\\\/de\\\/solcora-designboeden-2\\\/zertifizierungen\\\/herstellungsprozess\\\/#breadcrumb\",\"itemListElement\":[{\"@type\":\"ListItem\",\"position\":1,\"name\":\"Home\",\"item\":\"https:\\\/\\\/solcora.com\\\/de\\\/\"},{\"@type\":\"ListItem\",\"position\":2,\"name\":\"Solcora Designb\u00f6den\",\"item\":\"https:\\\/\\\/solcora.com\\\/de\\\/solcora-designboeden-2\\\/\"},{\"@type\":\"ListItem\",\"position\":3,\"name\":\"Zertifizierungen\",\"item\":\"https:\\\/\\\/solcora.com\\\/de\\\/solcora-designboeden-2\\\/zertifizierungen\\\/\"},{\"@type\":\"ListItem\",\"position\":4,\"name\":\"Herstellungsprozess\"}]},{\"@type\":\"WebSite\",\"@id\":\"https:\\\/\\\/solcora.com\\\/de\\\/#website\",\"url\":\"https:\\\/\\\/solcora.com\\\/de\\\/\",\"name\":\"Solcora\",\"description\":\"Rigid core design floors\",\"publisher\":{\"@id\":\"https:\\\/\\\/solcora.com\\\/de\\\/#organization\"},\"potentialAction\":[{\"@type\":\"SearchAction\",\"target\":{\"@type\":\"EntryPoint\",\"urlTemplate\":\"https:\\\/\\\/solcora.com\\\/de\\\/?s={search_term_string}\"},\"query-input\":{\"@type\":\"PropertyValueSpecification\",\"valueRequired\":true,\"valueName\":\"search_term_string\"}}],\"inLanguage\":\"de\"},{\"@type\":\"Organization\",\"@id\":\"https:\\\/\\\/solcora.com\\\/de\\\/#organization\",\"name\":\"Solcora\",\"url\":\"https:\\\/\\\/solcora.com\\\/de\\\/\",\"logo\":{\"@type\":\"ImageObject\",\"inLanguage\":\"de\",\"@id\":\"https:\\\/\\\/solcora.com\\\/de\\\/#\\\/schema\\\/logo\\\/image\\\/\",\"url\":\"https:\\\/\\\/solcora.com\\\/wp-content\\\/uploads\\\/2020\\\/04\\\/Solcora-by-mFLOR-NEW-2020.png\",\"contentUrl\":\"https:\\\/\\\/solcora.com\\\/wp-content\\\/uploads\\\/2020\\\/04\\\/Solcora-by-mFLOR-NEW-2020.png\",\"width\":746,\"height\":434,\"caption\":\"Solcora\"},\"image\":{\"@id\":\"https:\\\/\\\/solcora.com\\\/de\\\/#\\\/schema\\\/logo\\\/image\\\/\"}}]}<\/script>\n<!-- \/ Yoast SEO plugin. -->","yoast_head_json":{"title":"Herstellungsprozess - Solcora","robots":{"index":"index","follow":"follow","max-snippet":"max-snippet:-1","max-image-preview":"max-image-preview:large","max-video-preview":"max-video-preview:-1"},"canonical":"https:\/\/solcora.com\/de\/solcora-designboeden-2\/zertifizierungen\/herstellungsprozess\/","og_locale":"de_DE","og_type":"article","og_title":"Herstellungsprozess - Solcora","og_description":"[vc_section][vc_row content_placement=&#8220;middle&#8220;][vc_column width=&#8220;10\/12&#8243;][vc_column_text] Herstellungsprozess [\/vc_column_text][vc_column_text]Die Solcora-Fabriken sind sowohl nach ISO 9001 (dem weltweiten Standard f\u00fcr Qualit\u00e4tsmanagement) als auch nach ISO 14001 (internationaler Standard f\u00fcr Umweltmanagement) zertifiziert. Diese unabh\u00e4ngigen Zertifizierungen zeigen, dass Qualit\u00e4t und Nachhaltigkeit bei Solcora von h\u00f6chster Bedeutung sind. Wir investieren kontinuierlich, um diese Standards aufrechtzuerhalten und so zu einer besseren Umwelt beizutragen, indem [&hellip;]","og_url":"https:\/\/solcora.com\/de\/solcora-designboeden-2\/zertifizierungen\/herstellungsprozess\/","og_site_name":"Solcora","article_modified_time":"2022-03-29T12:17:44+00:00","twitter_card":"summary_large_image","twitter_misc":{"Gesch\u00e4tzte Lesezeit":"1\u00a0Minute"},"schema":{"@context":"https:\/\/schema.org","@graph":[{"@type":"WebPage","@id":"https:\/\/solcora.com\/de\/solcora-designboeden-2\/zertifizierungen\/herstellungsprozess\/","url":"https:\/\/solcora.com\/de\/solcora-designboeden-2\/zertifizierungen\/herstellungsprozess\/","name":"Herstellungsprozess - Solcora","isPartOf":{"@id":"https:\/\/solcora.com\/de\/#website"},"datePublished":"2020-02-13T03:42:12+00:00","dateModified":"2022-03-29T12:17:44+00:00","breadcrumb":{"@id":"https:\/\/solcora.com\/de\/solcora-designboeden-2\/zertifizierungen\/herstellungsprozess\/#breadcrumb"},"inLanguage":"de","potentialAction":[{"@type":"ReadAction","target":["https:\/\/solcora.com\/de\/solcora-designboeden-2\/zertifizierungen\/herstellungsprozess\/"]}]},{"@type":"BreadcrumbList","@id":"https:\/\/solcora.com\/de\/solcora-designboeden-2\/zertifizierungen\/herstellungsprozess\/#breadcrumb","itemListElement":[{"@type":"ListItem","position":1,"name":"Home","item":"https:\/\/solcora.com\/de\/"},{"@type":"ListItem","position":2,"name":"Solcora Designb\u00f6den","item":"https:\/\/solcora.com\/de\/solcora-designboeden-2\/"},{"@type":"ListItem","position":3,"name":"Zertifizierungen","item":"https:\/\/solcora.com\/de\/solcora-designboeden-2\/zertifizierungen\/"},{"@type":"ListItem","position":4,"name":"Herstellungsprozess"}]},{"@type":"WebSite","@id":"https:\/\/solcora.com\/de\/#website","url":"https:\/\/solcora.com\/de\/","name":"Solcora","description":"Rigid core design floors","publisher":{"@id":"https:\/\/solcora.com\/de\/#organization"},"potentialAction":[{"@type":"SearchAction","target":{"@type":"EntryPoint","urlTemplate":"https:\/\/solcora.com\/de\/?s={search_term_string}"},"query-input":{"@type":"PropertyValueSpecification","valueRequired":true,"valueName":"search_term_string"}}],"inLanguage":"de"},{"@type":"Organization","@id":"https:\/\/solcora.com\/de\/#organization","name":"Solcora","url":"https:\/\/solcora.com\/de\/","logo":{"@type":"ImageObject","inLanguage":"de","@id":"https:\/\/solcora.com\/de\/#\/schema\/logo\/image\/","url":"https:\/\/solcora.com\/wp-content\/uploads\/2020\/04\/Solcora-by-mFLOR-NEW-2020.png","contentUrl":"https:\/\/solcora.com\/wp-content\/uploads\/2020\/04\/Solcora-by-mFLOR-NEW-2020.png","width":746,"height":434,"caption":"Solcora"},"image":{"@id":"https:\/\/solcora.com\/de\/#\/schema\/logo\/image\/"}}]}},"_links":{"self":[{"href":"https:\/\/solcora.com\/de\/wp-json\/wp\/v2\/pages\/11519","targetHints":{"allow":["GET"]}}],"collection":[{"href":"https:\/\/solcora.com\/de\/wp-json\/wp\/v2\/pages"}],"about":[{"href":"https:\/\/solcora.com\/de\/wp-json\/wp\/v2\/types\/page"}],"author":[{"embeddable":true,"href":"https:\/\/solcora.com\/de\/wp-json\/wp\/v2\/users\/1"}],"replies":[{"embeddable":true,"href":"https:\/\/solcora.com\/de\/wp-json\/wp\/v2\/comments?post=11519"}],"version-history":[{"count":0,"href":"https:\/\/solcora.com\/de\/wp-json\/wp\/v2\/pages\/11519\/revisions"}],"up":[{"embeddable":true,"href":"https:\/\/solcora.com\/de\/wp-json\/wp\/v2\/pages\/11516"}],"wp:attachment":[{"href":"https:\/\/solcora.com\/de\/wp-json\/wp\/v2\/media?parent=11519"}],"curies":[{"name":"wp","href":"https:\/\/api.w.org\/{rel}","templated":true}]}}