{"id":11520,"date":"2020-02-13T04:00:09","date_gmt":"2020-02-13T03:00:09","guid":{"rendered":"https:\/\/solcora.com\/?page_id=11520"},"modified":"2025-11-03T15:33:15","modified_gmt":"2025-11-03T14:33:15","slug":"umwelt","status":"publish","type":"page","link":"https:\/\/solcora.com\/de\/solcora-designboeden-2\/umwelt\/","title":{"rendered":"Umwelt"},"content":{"rendered":"<div class=\"wpb-content-wrapper\"><p>[vc_section][vc_row css=&#8220;.vc_custom_1583233759726{margin-bottom: 15px !important;}&#8220;][vc_column][vc_column_text]<\/p>\n<h1>Nachhaltig &amp; umweltverantwortlich<\/h1>\n<p>[\/vc_column_text][\/vc_column][\/vc_row][vc_row][vc_column width=&#8220;1\/2&#8243;][vc_row_inner][vc_column_inner width=&#8220;2\/12&#8243;][vc_single_image image=&#8220;11106&#8243; img_size=&#8220;full&#8220; alignment=&#8220;center&#8220;][\/vc_column_inner][vc_column_inner width=&#8220;10\/12&#8243;][vc_column_text]<strong>Umwelt<br \/>\n<\/strong>Die Welt geh\u00f6rt uns allen. Deshalb investieren wir kontinuierlich in umweltfreundliche Produkte und Produktionsverfahren. Unsere Fabriken sind nach ISO 14001 zertifiziert. Das bedeutet, dass unsere Produktionsprozesse einen neutralen Einfluss auf die lokale Umwelt haben.[\/vc_column_text][\/vc_column_inner][\/vc_row_inner][\/vc_column][vc_column width=&#8220;1\/2&#8243;][vc_row_inner][vc_column_inner width=&#8220;2\/12&#8243;][vc_single_image image=&#8220;11132&#8243; img_size=&#8220;full&#8220; alignment=&#8220;center&#8220;][\/vc_column_inner][vc_column_inner width=&#8220;10\/12&#8243;][vc_column_text]<strong>Minimales Volumen<br \/>\n<\/strong>Solcora-Produkte sind f\u00fcr ein Maximum an Verschlei\u00dffestigkeit bei minimalem Gewicht ausgelegt. Die Produkte sind nur wenige Millimeter dick. Dadurch werden die Energiekosten f\u00fcr den Transport minimiert.[\/vc_column_text][\/vc_column_inner][\/vc_row_inner][\/vc_column][\/vc_row][vc_row][vc_column width=&#8220;1\/2&#8243;][vc_row_inner][vc_column_inner width=&#8220;2\/12&#8243;][vc_single_image image=&#8220;11130&#8243; img_size=&#8220;full&#8220; alignment=&#8220;center&#8220;][\/vc_column_inner][vc_column_inner width=&#8220;10\/12&#8243;][vc_column_text css=&#8220;&#8220;]<strong>Langer Lebenszyklus<br \/>\n<\/strong>Die hohe Qualit\u00e4t und Verschlei\u00dffestigkeit unserer Solcora-Produkte gew\u00e4hrleisten eine lange Lebensdauer. Unsere B\u00f6den haben eine erstaunliche Garantie von bis zu 25 Jahren![\/vc_column_text][\/vc_column_inner][\/vc_row_inner][\/vc_column][vc_column width=&#8220;1\/2&#8243;][vc_row_inner][vc_column_inner width=&#8220;2\/12&#8243;][vc_single_image image=&#8220;11113&#8243; img_size=&#8220;full&#8220; alignment=&#8220;center&#8220;][\/vc_column_inner][vc_column_inner width=&#8220;10\/12&#8243;][vc_column_text]<strong>Einfach zu s\u00e4ubern<br \/>\n<\/strong>Dank der physikalischen Eigenschaften von Solcora sind die B\u00f6den mit einer begrenzten Menge Wasser und ohne sch\u00e4dliche Chemikalien leicht zu reinigen.[\/vc_column_text][\/vc_column_inner][\/vc_row_inner][\/vc_column][\/vc_row][vc_row][vc_column width=&#8220;1\/2&#8243;][vc_row_inner][vc_column_inner width=&#8220;2\/12&#8243;][vc_single_image image=&#8220;11108&#8243; img_size=&#8220;full&#8220; alignment=&#8220;center&#8220;][\/vc_column_inner][vc_column_inner width=&#8220;10\/12&#8243;][vc_column_text]<strong>Phthalatenfrei<br \/>\n<\/strong>Dank der bewussten Auswahl hochwertiger Rohstoffe ist Solcora in der Lage, einen sicheren, gesunden und phthalatfreien LVT-Boden zu garantieren. Umweltverantwortlich im Interesse Ihrer Sicherheit &#8211; f\u00fcr jetzt und f\u00fcr zuk\u00fcnftige Generationen.[\/vc_column_text][\/vc_column_inner][\/vc_row_inner][\/vc_column][vc_column width=&#8220;1\/2&#8243;][vc_row_inner][vc_column_inner width=&#8220;2\/12&#8243;][vc_single_image image=&#8220;11118&#8243; img_size=&#8220;full&#8220; alignment=&#8220;center&#8220;][\/vc_column_inner][vc_column_inner width=&#8220;10\/12&#8243;][vc_column_text]<strong>Recycelbar<br \/>\n<\/strong>Unsere B\u00f6den sind vollst\u00e4ndig recycelbar. Durch die Auswahl reinster Rohstoffe stellen wir auch sicher, dass unsere B\u00f6den keine sch\u00e4dlichen Stoffe an andere Produkte aus recycelten Materialien abgeben. Auf diese Weise tragen wir dazu bei, die Verwendung dieser sch\u00e4dlichen Stoffe zu vermeiden.[\/vc_column_text][\/vc_column_inner][\/vc_row_inner][\/vc_column][\/vc_row][vc_row][vc_column width=&#8220;1\/2&#8243;][vc_row_inner][vc_column_inner width=&#8220;2\/12&#8243;][vc_single_image image=&#8220;10943&#8243; img_size=&#8220;full&#8220; alignment=&#8220;center&#8220;][\/vc_column_inner][vc_column_inner width=&#8220;10\/12&#8243;][vc_column_text]<strong>Sichere Zusammensetzung<br \/>\n<\/strong>Solcora erf\u00fcllt alle von der Europ\u00e4ischen Chemikalienagentur (ECHA) definierten Anforderungen. Diese basieren auf dem System \u201eRegistrierung, Bewertung, Zulassung und Beschr\u00e4nkung von Chemikalien (REACH)\u201c, wodurch unsere Produkte f\u00fcr alle m\u00f6glichen Anwendungen geeignet sind. Dies ist vergleichbar mit den Standards, die zum Beispiel f\u00fcr Spielzeug und Kinderpflegeprodukte definiert wurden.[\/vc_column_text][\/vc_column_inner][\/vc_row_inner][\/vc_column][vc_column width=&#8220;1\/2&#8243;][vc_single_image image=&#8220;11284&#8243; img_size=&#8220;full&#8220; alignment=&#8220;center&#8220; el_class=&#8220;normal-image&#8220;][\/vc_column][\/vc_row][\/vc_section]<\/p>\n<\/div>","protected":false},"excerpt":{"rendered":"<p>[vc_section][vc_row css=&#8220;.vc_custom_1583233759726{margin-bottom: 15px !important;}&#8220;][vc_column][vc_column_text] Nachhaltig &amp; umweltverantwortlich [\/vc_column_text][\/vc_column][\/vc_row][vc_row][vc_column width=&#8220;1\/2&#8243;][vc_row_inner][vc_column_inner width=&#8220;2\/12&#8243;][vc_single_image image=&#8220;11106&#8243; img_size=&#8220;full&#8220; alignment=&#8220;center&#8220;][\/vc_column_inner][vc_column_inner width=&#8220;10\/12&#8243;][vc_column_text]Umwelt Die Welt geh\u00f6rt uns allen. Deshalb investieren wir kontinuierlich in umweltfreundliche Produkte und Produktionsverfahren. Unsere Fabriken sind nach ISO 14001 zertifiziert. Das bedeutet, dass unsere Produktionsprozesse einen neutralen Einfluss auf die lokale Umwelt haben.[\/vc_column_text][\/vc_column_inner][\/vc_row_inner][\/vc_column][vc_column width=&#8220;1\/2&#8243;][vc_row_inner][vc_column_inner width=&#8220;2\/12&#8243;][vc_single_image image=&#8220;11132&#8243; img_size=&#8220;full&#8220; alignment=&#8220;center&#8220;][\/vc_column_inner][vc_column_inner width=&#8220;10\/12&#8243;][vc_column_text]Minimales Volumen [&hellip;]<\/p>\n","protected":false},"author":1,"featured_media":0,"parent":10368,"menu_order":0,"comment_status":"closed","ping_status":"closed","template":"","meta":{"_acf_changed":false,"footnotes":""},"class_list":["post-11520","page","type-page","status-publish","hentry"],"acf":[],"yoast_head":"<!-- This site is optimized with the Yoast SEO plugin v27.4 - https:\/\/yoast.com\/product\/yoast-seo-wordpress\/ -->\n<title>Umwelt - Solcora<\/title>\n<meta name=\"robots\" content=\"index, follow, max-snippet:-1, max-image-preview:large, max-video-preview:-1\" \/>\n<link rel=\"canonical\" href=\"https:\/\/solcora.com\/de\/solcora-designboeden-2\/umwelt\/\" \/>\n<meta property=\"og:locale\" content=\"de_DE\" \/>\n<meta property=\"og:type\" content=\"article\" \/>\n<meta property=\"og:title\" content=\"Umwelt - Solcora\" \/>\n<meta property=\"og:description\" content=\"[vc_section][vc_row css=&#8220;.vc_custom_1583233759726{margin-bottom: 15px !important;}&#8220;][vc_column][vc_column_text] Nachhaltig &amp; umweltverantwortlich [\/vc_column_text][\/vc_column][\/vc_row][vc_row][vc_column width=&#8220;1\/2&#8243;][vc_row_inner][vc_column_inner width=&#8220;2\/12&#8243;][vc_single_image image=&#8220;11106&#8243; img_size=&#8220;full&#8220; alignment=&#8220;center&#8220;][\/vc_column_inner][vc_column_inner width=&#8220;10\/12&#8243;][vc_column_text]Umwelt Die Welt geh\u00f6rt uns allen. Deshalb investieren wir kontinuierlich in umweltfreundliche Produkte und Produktionsverfahren. Unsere Fabriken sind nach ISO 14001 zertifiziert. Das bedeutet, dass unsere Produktionsprozesse einen neutralen Einfluss auf die lokale Umwelt haben.[\/vc_column_text][\/vc_column_inner][\/vc_row_inner][\/vc_column][vc_column width=&#8220;1\/2&#8243;][vc_row_inner][vc_column_inner width=&#8220;2\/12&#8243;][vc_single_image image=&#8220;11132&#8243; img_size=&#8220;full&#8220; alignment=&#8220;center&#8220;][\/vc_column_inner][vc_column_inner width=&#8220;10\/12&#8243;][vc_column_text]Minimales Volumen [&hellip;]\" \/>\n<meta property=\"og:url\" content=\"https:\/\/solcora.com\/de\/solcora-designboeden-2\/umwelt\/\" \/>\n<meta property=\"og:site_name\" content=\"Solcora\" \/>\n<meta property=\"article:modified_time\" content=\"2025-11-03T14:33:15+00:00\" \/>\n<meta name=\"twitter:card\" content=\"summary_large_image\" \/>\n<meta name=\"twitter:label1\" content=\"Gesch\u00e4tzte Lesezeit\" \/>\n\t<meta name=\"twitter:data1\" content=\"4\u00a0Minuten\" \/>\n<script type=\"application\/ld+json\" class=\"yoast-schema-graph\">{\"@context\":\"https:\\\/\\\/schema.org\",\"@graph\":[{\"@type\":\"WebPage\",\"@id\":\"https:\\\/\\\/solcora.com\\\/de\\\/solcora-designboeden-2\\\/umwelt\\\/\",\"url\":\"https:\\\/\\\/solcora.com\\\/de\\\/solcora-designboeden-2\\\/umwelt\\\/\",\"name\":\"Umwelt - Solcora\",\"isPartOf\":{\"@id\":\"https:\\\/\\\/solcora.com\\\/de\\\/#website\"},\"datePublished\":\"2020-02-13T03:00:09+00:00\",\"dateModified\":\"2025-11-03T14:33:15+00:00\",\"breadcrumb\":{\"@id\":\"https:\\\/\\\/solcora.com\\\/de\\\/solcora-designboeden-2\\\/umwelt\\\/#breadcrumb\"},\"inLanguage\":\"de\",\"potentialAction\":[{\"@type\":\"ReadAction\",\"target\":[\"https:\\\/\\\/solcora.com\\\/de\\\/solcora-designboeden-2\\\/umwelt\\\/\"]}]},{\"@type\":\"BreadcrumbList\",\"@id\":\"https:\\\/\\\/solcora.com\\\/de\\\/solcora-designboeden-2\\\/umwelt\\\/#breadcrumb\",\"itemListElement\":[{\"@type\":\"ListItem\",\"position\":1,\"name\":\"Home\",\"item\":\"https:\\\/\\\/solcora.com\\\/de\\\/\"},{\"@type\":\"ListItem\",\"position\":2,\"name\":\"Solcora Designb\u00f6den\",\"item\":\"https:\\\/\\\/solcora.com\\\/de\\\/solcora-designboeden-2\\\/\"},{\"@type\":\"ListItem\",\"position\":3,\"name\":\"Umwelt\"}]},{\"@type\":\"WebSite\",\"@id\":\"https:\\\/\\\/solcora.com\\\/de\\\/#website\",\"url\":\"https:\\\/\\\/solcora.com\\\/de\\\/\",\"name\":\"Solcora\",\"description\":\"Rigid core design floors\",\"publisher\":{\"@id\":\"https:\\\/\\\/solcora.com\\\/de\\\/#organization\"},\"potentialAction\":[{\"@type\":\"SearchAction\",\"target\":{\"@type\":\"EntryPoint\",\"urlTemplate\":\"https:\\\/\\\/solcora.com\\\/de\\\/?s={search_term_string}\"},\"query-input\":{\"@type\":\"PropertyValueSpecification\",\"valueRequired\":true,\"valueName\":\"search_term_string\"}}],\"inLanguage\":\"de\"},{\"@type\":\"Organization\",\"@id\":\"https:\\\/\\\/solcora.com\\\/de\\\/#organization\",\"name\":\"Solcora\",\"url\":\"https:\\\/\\\/solcora.com\\\/de\\\/\",\"logo\":{\"@type\":\"ImageObject\",\"inLanguage\":\"de\",\"@id\":\"https:\\\/\\\/solcora.com\\\/de\\\/#\\\/schema\\\/logo\\\/image\\\/\",\"url\":\"https:\\\/\\\/solcora.com\\\/wp-content\\\/uploads\\\/2020\\\/04\\\/Solcora-by-mFLOR-NEW-2020.png\",\"contentUrl\":\"https:\\\/\\\/solcora.com\\\/wp-content\\\/uploads\\\/2020\\\/04\\\/Solcora-by-mFLOR-NEW-2020.png\",\"width\":746,\"height\":434,\"caption\":\"Solcora\"},\"image\":{\"@id\":\"https:\\\/\\\/solcora.com\\\/de\\\/#\\\/schema\\\/logo\\\/image\\\/\"}}]}<\/script>\n<!-- \/ Yoast SEO plugin. -->","yoast_head_json":{"title":"Umwelt - Solcora","robots":{"index":"index","follow":"follow","max-snippet":"max-snippet:-1","max-image-preview":"max-image-preview:large","max-video-preview":"max-video-preview:-1"},"canonical":"https:\/\/solcora.com\/de\/solcora-designboeden-2\/umwelt\/","og_locale":"de_DE","og_type":"article","og_title":"Umwelt - Solcora","og_description":"[vc_section][vc_row css=&#8220;.vc_custom_1583233759726{margin-bottom: 15px !important;}&#8220;][vc_column][vc_column_text] Nachhaltig &amp; umweltverantwortlich [\/vc_column_text][\/vc_column][\/vc_row][vc_row][vc_column width=&#8220;1\/2&#8243;][vc_row_inner][vc_column_inner width=&#8220;2\/12&#8243;][vc_single_image image=&#8220;11106&#8243; img_size=&#8220;full&#8220; alignment=&#8220;center&#8220;][\/vc_column_inner][vc_column_inner width=&#8220;10\/12&#8243;][vc_column_text]Umwelt Die Welt geh\u00f6rt uns allen. Deshalb investieren wir kontinuierlich in umweltfreundliche Produkte und Produktionsverfahren. Unsere Fabriken sind nach ISO 14001 zertifiziert. Das bedeutet, dass unsere Produktionsprozesse einen neutralen Einfluss auf die lokale Umwelt haben.[\/vc_column_text][\/vc_column_inner][\/vc_row_inner][\/vc_column][vc_column width=&#8220;1\/2&#8243;][vc_row_inner][vc_column_inner width=&#8220;2\/12&#8243;][vc_single_image image=&#8220;11132&#8243; img_size=&#8220;full&#8220; alignment=&#8220;center&#8220;][\/vc_column_inner][vc_column_inner width=&#8220;10\/12&#8243;][vc_column_text]Minimales Volumen [&hellip;]","og_url":"https:\/\/solcora.com\/de\/solcora-designboeden-2\/umwelt\/","og_site_name":"Solcora","article_modified_time":"2025-11-03T14:33:15+00:00","twitter_card":"summary_large_image","twitter_misc":{"Gesch\u00e4tzte Lesezeit":"4\u00a0Minuten"},"schema":{"@context":"https:\/\/schema.org","@graph":[{"@type":"WebPage","@id":"https:\/\/solcora.com\/de\/solcora-designboeden-2\/umwelt\/","url":"https:\/\/solcora.com\/de\/solcora-designboeden-2\/umwelt\/","name":"Umwelt - Solcora","isPartOf":{"@id":"https:\/\/solcora.com\/de\/#website"},"datePublished":"2020-02-13T03:00:09+00:00","dateModified":"2025-11-03T14:33:15+00:00","breadcrumb":{"@id":"https:\/\/solcora.com\/de\/solcora-designboeden-2\/umwelt\/#breadcrumb"},"inLanguage":"de","potentialAction":[{"@type":"ReadAction","target":["https:\/\/solcora.com\/de\/solcora-designboeden-2\/umwelt\/"]}]},{"@type":"BreadcrumbList","@id":"https:\/\/solcora.com\/de\/solcora-designboeden-2\/umwelt\/#breadcrumb","itemListElement":[{"@type":"ListItem","position":1,"name":"Home","item":"https:\/\/solcora.com\/de\/"},{"@type":"ListItem","position":2,"name":"Solcora Designb\u00f6den","item":"https:\/\/solcora.com\/de\/solcora-designboeden-2\/"},{"@type":"ListItem","position":3,"name":"Umwelt"}]},{"@type":"WebSite","@id":"https:\/\/solcora.com\/de\/#website","url":"https:\/\/solcora.com\/de\/","name":"Solcora","description":"Rigid core design floors","publisher":{"@id":"https:\/\/solcora.com\/de\/#organization"},"potentialAction":[{"@type":"SearchAction","target":{"@type":"EntryPoint","urlTemplate":"https:\/\/solcora.com\/de\/?s={search_term_string}"},"query-input":{"@type":"PropertyValueSpecification","valueRequired":true,"valueName":"search_term_string"}}],"inLanguage":"de"},{"@type":"Organization","@id":"https:\/\/solcora.com\/de\/#organization","name":"Solcora","url":"https:\/\/solcora.com\/de\/","logo":{"@type":"ImageObject","inLanguage":"de","@id":"https:\/\/solcora.com\/de\/#\/schema\/logo\/image\/","url":"https:\/\/solcora.com\/wp-content\/uploads\/2020\/04\/Solcora-by-mFLOR-NEW-2020.png","contentUrl":"https:\/\/solcora.com\/wp-content\/uploads\/2020\/04\/Solcora-by-mFLOR-NEW-2020.png","width":746,"height":434,"caption":"Solcora"},"image":{"@id":"https:\/\/solcora.com\/de\/#\/schema\/logo\/image\/"}}]}},"_links":{"self":[{"href":"https:\/\/solcora.com\/de\/wp-json\/wp\/v2\/pages\/11520","targetHints":{"allow":["GET"]}}],"collection":[{"href":"https:\/\/solcora.com\/de\/wp-json\/wp\/v2\/pages"}],"about":[{"href":"https:\/\/solcora.com\/de\/wp-json\/wp\/v2\/types\/page"}],"author":[{"embeddable":true,"href":"https:\/\/solcora.com\/de\/wp-json\/wp\/v2\/users\/1"}],"replies":[{"embeddable":true,"href":"https:\/\/solcora.com\/de\/wp-json\/wp\/v2\/comments?post=11520"}],"version-history":[{"count":1,"href":"https:\/\/solcora.com\/de\/wp-json\/wp\/v2\/pages\/11520\/revisions"}],"predecessor-version":[{"id":14934,"href":"https:\/\/solcora.com\/de\/wp-json\/wp\/v2\/pages\/11520\/revisions\/14934"}],"up":[{"embeddable":true,"href":"https:\/\/solcora.com\/de\/wp-json\/wp\/v2\/pages\/10368"}],"wp:attachment":[{"href":"https:\/\/solcora.com\/de\/wp-json\/wp\/v2\/media?parent=11520"}],"curies":[{"name":"wp","href":"https:\/\/api.w.org\/{rel}","templated":true}]}}