{"id":11521,"date":"2020-02-25T10:00:30","date_gmt":"2020-02-25T09:00:30","guid":{"rendered":"https:\/\/solcora.com\/?page_id=11521"},"modified":"2024-01-08T13:30:41","modified_gmt":"2024-01-08T12:30:41","slug":"produktaufbau","status":"publish","type":"page","link":"https:\/\/solcora.com\/de\/solcora-designboeden-2\/produktaufbau\/","title":{"rendered":"Produktaufbau"},"content":{"rendered":"<div class=\"wpb-content-wrapper\"><p>[vc_section][vc_row content_placement=&#8220;middle&#8220;][vc_column width=&#8220;9\/12&#8243;][vc_column_text]<\/p>\n<h1>Produktaufbau<\/h1>\n<p>Rigid Core LVT-B\u00f6den von Solcora bestehen aus mehreren Schichten. Solcora trifft f\u00fcr jede Schicht eine bewusste Auswahl, um ein qualitativ hochwertiges Produkt anzubieten. Jedes Detail wurde sorgf\u00e4ltig bedacht und verbessert die Qualit\u00e4t und das Aussehen des Bodens.[\/vc_column_text][vc_btn title=&#8220;Produkteigenschaften&#8220; shape=&#8220;round&#8220; color=&#8220;default&#8220; link=&#8220;url:https%3A%2F%2Fsolcora.com%2Fde%2Fsolcora-designboeden%2Fprodukteigenschaften%2F|title:Produkteigenschaften&#8220; el_class=&#8220;button button&#8211;primary&#8220;][\/vc_column][vc_column width=&#8220;3\/12&#8243;][\/vc_column][\/vc_row][vc_row css=&#8220;.vc_custom_1584991913465{padding-top: 35px !important;}&#8220;][vc_column][vc_separator][\/vc_column][\/vc_row][vc_row][vc_column width=&#8220;1\/2&#8243;][vc_column_text]<strong>PU-Schicht<br \/>\n<\/strong>Die PU-Schicht verleiht dem Boden einen zus\u00e4tzlichen Schutz und eine extra matte Oberfl\u00e4che.[\/vc_column_text][vc_column_text]<strong>Nutzschicht<br \/>\n<\/strong>Die robuste Nutzschicht sch\u00fctzt den Boden vor intensiver Nutzung und macht den Boden besonders kratz- und fleckenbest\u00e4ndig.[\/vc_column_text][vc_column_text]<strong>Filmschicht<br \/>\n<\/strong>Dank des Produktionsprozesses gibt die exklusive, realistische Filmschicht die w\u00e4rmsten und nat\u00fcrlichsten Farben und Muster wieder.[\/vc_column_text][\/vc_column][vc_column width=&#8220;1\/2&#8243;][vc_column_text]<strong>PVC-Unterst\u00fctzung<br \/>\n<\/strong>Sehr formstabiler Tr\u00e4ger aus 100% reinem, phthalatfreiem PVC der A-Qualit\u00e4t. Dies gew\u00e4hrleistet ein langlebiges, sicheres und emissionsarmes Produkt mit h\u00f6chster Stabilit\u00e4tsleistung.<br \/>\nDie PVC-R\u00fcckseite ist elastisch, f\u00fchlt sich angenehm an und bietet einen angenehmen Trittschall.<br \/>\nDie PVC-R\u00fcckseite ist wasserbest\u00e4ndig, so dass sie durch das Haus hindurch verwendet werden<br \/>\nkann und leicht zu reinigen ist.[\/vc_column_text][vc_column_text]<strong>Power Click System<br \/>\n<\/strong>Solcora-B\u00f6den haben eine kr\u00e4ftige Klickverbindung, mit der sie sich schnell und einfach verlegen lassen. Solcora+ klickt mit einem Schlag.[\/vc_column_text][vc_column_text]<strong>IXPE-Schaumstoffschicht<\/strong><br \/>\nDas gesamte Solcora-Sortiment wird mit einer integrierten Unterlage geliefert, so dass sich der Boden unter Ihren F\u00fc\u00dfen warm und angenehm anf\u00fchlt.<\/p>\n<p>Solcora+ hat eine 1,0 mm dicke IXPE-Schaumstoffunterlage, die eine Schalld\u00e4mmung von bis zu L<sub>W<\/sub> 20 dB erreicht, um alle Ger\u00e4usche auf ein angenehmes Niveau zu reduzieren. Solcora Silence hat eine noch dickere Unterlage aus 2,0 mm IXPE-Schaum, die eine Schalld\u00e4mmung von bis zu L<sub>W<\/sub> 21 dB erreicht.[\/vc_column_text][\/vc_column][\/vc_row][vc_row][vc_column][vc_separator][\/vc_column][\/vc_row][vc_row][vc_column][vc_single_image image=&#8220;11504&#8243; img_size=&#8220;full&#8220; alignment=&#8220;center&#8220;][\/vc_column][\/vc_row][\/vc_section]<\/p>\n<\/div>","protected":false},"excerpt":{"rendered":"<p>[vc_section][vc_row content_placement=&#8220;middle&#8220;][vc_column width=&#8220;9\/12&#8243;][vc_column_text] Produktaufbau Rigid Core LVT-B\u00f6den von Solcora bestehen aus mehreren Schichten. Solcora trifft f\u00fcr jede Schicht eine bewusste Auswahl, um ein qualitativ hochwertiges Produkt anzubieten. Jedes Detail wurde sorgf\u00e4ltig bedacht und verbessert die Qualit\u00e4t und das Aussehen des Bodens.[\/vc_column_text][vc_btn title=&#8220;Produkteigenschaften&#8220; shape=&#8220;round&#8220; color=&#8220;default&#8220; link=&#8220;url:https%3A%2F%2Fsolcora.com%2Fde%2Fsolcora-designboeden%2Fprodukteigenschaften%2F|title:Produkteigenschaften&#8220; el_class=&#8220;button button&#8211;primary&#8220;][\/vc_column][vc_column width=&#8220;3\/12&#8243;][\/vc_column][\/vc_row][vc_row css=&#8220;.vc_custom_1584991913465{padding-top: 35px !important;}&#8220;][vc_column][vc_separator][\/vc_column][\/vc_row][vc_row][vc_column width=&#8220;1\/2&#8243;][vc_column_text]PU-Schicht Die PU-Schicht verleiht [&hellip;]<\/p>\n","protected":false},"author":1,"featured_media":0,"parent":10368,"menu_order":0,"comment_status":"closed","ping_status":"closed","template":"","meta":{"_acf_changed":false,"footnotes":""},"class_list":["post-11521","page","type-page","status-publish","hentry"],"acf":[],"yoast_head":"<!-- This site is optimized with the Yoast SEO plugin v27.5 - https:\/\/yoast.com\/product\/yoast-seo-wordpress\/ -->\n<title>Produktaufbau - Solcora<\/title>\n<meta name=\"robots\" content=\"index, follow, max-snippet:-1, max-image-preview:large, max-video-preview:-1\" \/>\n<link rel=\"canonical\" href=\"https:\/\/solcora.com\/de\/solcora-designboeden-2\/produktaufbau\/\" \/>\n<meta property=\"og:locale\" content=\"de_DE\" \/>\n<meta property=\"og:type\" content=\"article\" \/>\n<meta property=\"og:title\" content=\"Produktaufbau - Solcora\" \/>\n<meta property=\"og:description\" content=\"[vc_section][vc_row content_placement=&#8220;middle&#8220;][vc_column width=&#8220;9\/12&#8243;][vc_column_text] Produktaufbau Rigid Core LVT-B\u00f6den von Solcora bestehen aus mehreren Schichten. Solcora trifft f\u00fcr jede Schicht eine bewusste Auswahl, um ein qualitativ hochwertiges Produkt anzubieten. Jedes Detail wurde sorgf\u00e4ltig bedacht und verbessert die Qualit\u00e4t und das Aussehen des Bodens.[\/vc_column_text][vc_btn title=&#8220;Produkteigenschaften&#8220; shape=&#8220;round&#8220; color=&#8220;default&#8220; link=&#8220;url:https%3A%2F%2Fsolcora.com%2Fde%2Fsolcora-designboeden%2Fprodukteigenschaften%2F|title:Produkteigenschaften&#8220; el_class=&#8220;button button&#8211;primary&#8220;][\/vc_column][vc_column width=&#8220;3\/12&#8243;][\/vc_column][\/vc_row][vc_row css=&#8220;.vc_custom_1584991913465{padding-top: 35px !important;}&#8220;][vc_column][vc_separator][\/vc_column][\/vc_row][vc_row][vc_column width=&#8220;1\/2&#8243;][vc_column_text]PU-Schicht Die PU-Schicht verleiht [&hellip;]\" \/>\n<meta property=\"og:url\" content=\"https:\/\/solcora.com\/de\/solcora-designboeden-2\/produktaufbau\/\" \/>\n<meta property=\"og:site_name\" content=\"Solcora\" \/>\n<meta property=\"article:modified_time\" content=\"2024-01-08T12:30:41+00:00\" \/>\n<meta name=\"twitter:card\" content=\"summary_large_image\" \/>\n<meta name=\"twitter:label1\" content=\"Gesch\u00e4tzte Lesezeit\" \/>\n\t<meta name=\"twitter:data1\" content=\"2\u00a0Minuten\" \/>\n<script type=\"application\/ld+json\" class=\"yoast-schema-graph\">{\"@context\":\"https:\\\/\\\/schema.org\",\"@graph\":[{\"@type\":\"WebPage\",\"@id\":\"https:\\\/\\\/solcora.com\\\/de\\\/solcora-designboeden-2\\\/produktaufbau\\\/\",\"url\":\"https:\\\/\\\/solcora.com\\\/de\\\/solcora-designboeden-2\\\/produktaufbau\\\/\",\"name\":\"Produktaufbau - Solcora\",\"isPartOf\":{\"@id\":\"https:\\\/\\\/solcora.com\\\/de\\\/#website\"},\"datePublished\":\"2020-02-25T09:00:30+00:00\",\"dateModified\":\"2024-01-08T12:30:41+00:00\",\"breadcrumb\":{\"@id\":\"https:\\\/\\\/solcora.com\\\/de\\\/solcora-designboeden-2\\\/produktaufbau\\\/#breadcrumb\"},\"inLanguage\":\"de\",\"potentialAction\":[{\"@type\":\"ReadAction\",\"target\":[\"https:\\\/\\\/solcora.com\\\/de\\\/solcora-designboeden-2\\\/produktaufbau\\\/\"]}]},{\"@type\":\"BreadcrumbList\",\"@id\":\"https:\\\/\\\/solcora.com\\\/de\\\/solcora-designboeden-2\\\/produktaufbau\\\/#breadcrumb\",\"itemListElement\":[{\"@type\":\"ListItem\",\"position\":1,\"name\":\"Home\",\"item\":\"https:\\\/\\\/solcora.com\\\/de\\\/\"},{\"@type\":\"ListItem\",\"position\":2,\"name\":\"Solcora Designb\u00f6den\",\"item\":\"https:\\\/\\\/solcora.com\\\/de\\\/solcora-designboeden-2\\\/\"},{\"@type\":\"ListItem\",\"position\":3,\"name\":\"Produktaufbau\"}]},{\"@type\":\"WebSite\",\"@id\":\"https:\\\/\\\/solcora.com\\\/de\\\/#website\",\"url\":\"https:\\\/\\\/solcora.com\\\/de\\\/\",\"name\":\"Solcora\",\"description\":\"Rigid core design floors\",\"publisher\":{\"@id\":\"https:\\\/\\\/solcora.com\\\/de\\\/#organization\"},\"potentialAction\":[{\"@type\":\"SearchAction\",\"target\":{\"@type\":\"EntryPoint\",\"urlTemplate\":\"https:\\\/\\\/solcora.com\\\/de\\\/?s={search_term_string}\"},\"query-input\":{\"@type\":\"PropertyValueSpecification\",\"valueRequired\":true,\"valueName\":\"search_term_string\"}}],\"inLanguage\":\"de\"},{\"@type\":\"Organization\",\"@id\":\"https:\\\/\\\/solcora.com\\\/de\\\/#organization\",\"name\":\"Solcora\",\"url\":\"https:\\\/\\\/solcora.com\\\/de\\\/\",\"logo\":{\"@type\":\"ImageObject\",\"inLanguage\":\"de\",\"@id\":\"https:\\\/\\\/solcora.com\\\/de\\\/#\\\/schema\\\/logo\\\/image\\\/\",\"url\":\"https:\\\/\\\/solcora.com\\\/wp-content\\\/uploads\\\/2020\\\/04\\\/Solcora-by-mFLOR-NEW-2020.png\",\"contentUrl\":\"https:\\\/\\\/solcora.com\\\/wp-content\\\/uploads\\\/2020\\\/04\\\/Solcora-by-mFLOR-NEW-2020.png\",\"width\":746,\"height\":434,\"caption\":\"Solcora\"},\"image\":{\"@id\":\"https:\\\/\\\/solcora.com\\\/de\\\/#\\\/schema\\\/logo\\\/image\\\/\"}}]}<\/script>\n<!-- \/ Yoast SEO plugin. -->","yoast_head_json":{"title":"Produktaufbau - Solcora","robots":{"index":"index","follow":"follow","max-snippet":"max-snippet:-1","max-image-preview":"max-image-preview:large","max-video-preview":"max-video-preview:-1"},"canonical":"https:\/\/solcora.com\/de\/solcora-designboeden-2\/produktaufbau\/","og_locale":"de_DE","og_type":"article","og_title":"Produktaufbau - Solcora","og_description":"[vc_section][vc_row content_placement=&#8220;middle&#8220;][vc_column width=&#8220;9\/12&#8243;][vc_column_text] Produktaufbau Rigid Core LVT-B\u00f6den von Solcora bestehen aus mehreren Schichten. Solcora trifft f\u00fcr jede Schicht eine bewusste Auswahl, um ein qualitativ hochwertiges Produkt anzubieten. Jedes Detail wurde sorgf\u00e4ltig bedacht und verbessert die Qualit\u00e4t und das Aussehen des Bodens.[\/vc_column_text][vc_btn title=&#8220;Produkteigenschaften&#8220; shape=&#8220;round&#8220; color=&#8220;default&#8220; link=&#8220;url:https%3A%2F%2Fsolcora.com%2Fde%2Fsolcora-designboeden%2Fprodukteigenschaften%2F|title:Produkteigenschaften&#8220; el_class=&#8220;button button&#8211;primary&#8220;][\/vc_column][vc_column width=&#8220;3\/12&#8243;][\/vc_column][\/vc_row][vc_row css=&#8220;.vc_custom_1584991913465{padding-top: 35px !important;}&#8220;][vc_column][vc_separator][\/vc_column][\/vc_row][vc_row][vc_column width=&#8220;1\/2&#8243;][vc_column_text]PU-Schicht Die PU-Schicht verleiht [&hellip;]","og_url":"https:\/\/solcora.com\/de\/solcora-designboeden-2\/produktaufbau\/","og_site_name":"Solcora","article_modified_time":"2024-01-08T12:30:41+00:00","twitter_card":"summary_large_image","twitter_misc":{"Gesch\u00e4tzte Lesezeit":"2\u00a0Minuten"},"schema":{"@context":"https:\/\/schema.org","@graph":[{"@type":"WebPage","@id":"https:\/\/solcora.com\/de\/solcora-designboeden-2\/produktaufbau\/","url":"https:\/\/solcora.com\/de\/solcora-designboeden-2\/produktaufbau\/","name":"Produktaufbau - Solcora","isPartOf":{"@id":"https:\/\/solcora.com\/de\/#website"},"datePublished":"2020-02-25T09:00:30+00:00","dateModified":"2024-01-08T12:30:41+00:00","breadcrumb":{"@id":"https:\/\/solcora.com\/de\/solcora-designboeden-2\/produktaufbau\/#breadcrumb"},"inLanguage":"de","potentialAction":[{"@type":"ReadAction","target":["https:\/\/solcora.com\/de\/solcora-designboeden-2\/produktaufbau\/"]}]},{"@type":"BreadcrumbList","@id":"https:\/\/solcora.com\/de\/solcora-designboeden-2\/produktaufbau\/#breadcrumb","itemListElement":[{"@type":"ListItem","position":1,"name":"Home","item":"https:\/\/solcora.com\/de\/"},{"@type":"ListItem","position":2,"name":"Solcora Designb\u00f6den","item":"https:\/\/solcora.com\/de\/solcora-designboeden-2\/"},{"@type":"ListItem","position":3,"name":"Produktaufbau"}]},{"@type":"WebSite","@id":"https:\/\/solcora.com\/de\/#website","url":"https:\/\/solcora.com\/de\/","name":"Solcora","description":"Rigid core design floors","publisher":{"@id":"https:\/\/solcora.com\/de\/#organization"},"potentialAction":[{"@type":"SearchAction","target":{"@type":"EntryPoint","urlTemplate":"https:\/\/solcora.com\/de\/?s={search_term_string}"},"query-input":{"@type":"PropertyValueSpecification","valueRequired":true,"valueName":"search_term_string"}}],"inLanguage":"de"},{"@type":"Organization","@id":"https:\/\/solcora.com\/de\/#organization","name":"Solcora","url":"https:\/\/solcora.com\/de\/","logo":{"@type":"ImageObject","inLanguage":"de","@id":"https:\/\/solcora.com\/de\/#\/schema\/logo\/image\/","url":"https:\/\/solcora.com\/wp-content\/uploads\/2020\/04\/Solcora-by-mFLOR-NEW-2020.png","contentUrl":"https:\/\/solcora.com\/wp-content\/uploads\/2020\/04\/Solcora-by-mFLOR-NEW-2020.png","width":746,"height":434,"caption":"Solcora"},"image":{"@id":"https:\/\/solcora.com\/de\/#\/schema\/logo\/image\/"}}]}},"_links":{"self":[{"href":"https:\/\/solcora.com\/de\/wp-json\/wp\/v2\/pages\/11521","targetHints":{"allow":["GET"]}}],"collection":[{"href":"https:\/\/solcora.com\/de\/wp-json\/wp\/v2\/pages"}],"about":[{"href":"https:\/\/solcora.com\/de\/wp-json\/wp\/v2\/types\/page"}],"author":[{"embeddable":true,"href":"https:\/\/solcora.com\/de\/wp-json\/wp\/v2\/users\/1"}],"replies":[{"embeddable":true,"href":"https:\/\/solcora.com\/de\/wp-json\/wp\/v2\/comments?post=11521"}],"version-history":[{"count":0,"href":"https:\/\/solcora.com\/de\/wp-json\/wp\/v2\/pages\/11521\/revisions"}],"up":[{"embeddable":true,"href":"https:\/\/solcora.com\/de\/wp-json\/wp\/v2\/pages\/10368"}],"wp:attachment":[{"href":"https:\/\/solcora.com\/de\/wp-json\/wp\/v2\/media?parent=11521"}],"curies":[{"name":"wp","href":"https:\/\/api.w.org\/{rel}","templated":true}]}}