{"id":11522,"date":"2020-02-25T10:00:42","date_gmt":"2020-02-25T09:00:42","guid":{"rendered":"https:\/\/solcora.com\/?page_id=11522"},"modified":"2025-11-03T15:31:32","modified_gmt":"2025-11-03T14:31:32","slug":"produkteigenschaften","status":"publish","type":"page","link":"https:\/\/solcora.com\/de\/solcora-designboeden-2\/produkteigenschaften\/","title":{"rendered":"Produkteigenschaften"},"content":{"rendered":"<div class=\"wpb-content-wrapper\"><p>[vc_section][vc_row][vc_column][vc_column_text]<\/p>\n<h1>Produkteigenschaften<\/h1>\n<p>[\/vc_column_text][\/vc_column][\/vc_row][vc_row][vc_column width=&#8220;1\/2&#8243;][vc_row_inner][vc_column_inner width=&#8220;2\/12&#8243;][vc_single_image image=&#8220;11126&#8243; img_size=&#8220;full&#8220; alignment=&#8220;center&#8220; css_animation=&#8220;none&#8220;][\/vc_column_inner][vc_column_inner width=&#8220;10\/12&#8243;][vc_column_text]<strong>Stark<br \/>\n<\/strong>Solcora B\u00f6den sind extrem stark und haben eine widerstandsf\u00e4hige Nutzschicht. Das bedeutet, dass die B\u00f6den selbst bei intensiver Nutzung jahrelang halten.[\/vc_column_text][\/vc_column_inner][\/vc_row_inner][\/vc_column][vc_column width=&#8220;1\/2&#8243;][vc_row_inner][vc_column_inner width=&#8220;2\/12&#8243;][vc_single_image image=&#8220;11121&#8243; img_size=&#8220;full&#8220; alignment=&#8220;center&#8220; css_animation=&#8220;none&#8220;][\/vc_column_inner][vc_column_inner width=&#8220;10\/12&#8243;][vc_column_text css=&#8220;&#8220;]<strong>Ruhig<br \/>\n<\/strong>Solcora-B\u00f6den helfen, eine g\u00fcnstige Akustik zu schaffen. Sie ist das Ergebnis der Elastizit\u00e4t des PVC, das Trittschall d\u00e4mpft. Und mit dem integrierten Unterboden bietet Solcora+ einen Schalld\u00e4mpfungswert von L<sub>W<\/sub> 20 dB und Solcora Silence bietet einen Schalld\u00e4mpfungswert von L<sub>W<\/sub> 21 dB.[\/vc_column_text][\/vc_column_inner][\/vc_row_inner][\/vc_column][\/vc_row][vc_row][vc_column width=&#8220;1\/2&#8243;][vc_row_inner][vc_column_inner width=&#8220;2\/12&#8243;][vc_single_image image=&#8220;11128&#8243; img_size=&#8220;full&#8220; alignment=&#8220;center&#8220; css_animation=&#8220;none&#8220;][\/vc_column_inner][vc_column_inner width=&#8220;10\/12&#8243;][vc_column_text]<strong>Warm<br \/>\n<\/strong>Unsere B\u00f6den haben isolierende Eigenschaften, durch die sich der Boden angenehm anf\u00fchlt. Die Fu\u00dfb\u00f6den eignen sich hervorragend f\u00fcr Fu\u00dfbodenheizung und -k\u00fchlung.[\/vc_column_text][\/vc_column_inner][\/vc_row_inner][\/vc_column][vc_column width=&#8220;1\/2&#8243;][vc_row_inner][vc_column_inner width=&#8220;2\/12&#8243;][vc_single_image image=&#8220;11099&#8243; img_size=&#8220;full&#8220; alignment=&#8220;center&#8220; css_animation=&#8220;none&#8220;][\/vc_column_inner][vc_column_inner width=&#8220;10\/12&#8243;][vc_column_text]<strong>Komfortabel<br \/>\n<\/strong>Solcora B\u00f6den f\u00fchlen sich nicht nur temperaturm\u00e4\u00dfig angenehm an, sie sind auch angenehm weich an den F\u00fc\u00dfen.[\/vc_column_text][\/vc_column_inner][\/vc_row_inner][\/vc_column][\/vc_row][vc_row][vc_column width=&#8220;1\/2&#8243;][vc_row_inner][vc_column_inner width=&#8220;2\/12&#8243;][vc_single_image image=&#8220;11124&#8243; img_size=&#8220;full&#8220; alignment=&#8220;center&#8220; css_animation=&#8220;none&#8220;][\/vc_column_inner][vc_column_inner width=&#8220;10\/12&#8243;][vc_column_text css=&#8220;&#8220;]<strong>Stabil*<br \/>\n<\/strong>Durch die Auswahl der besten Rohstoffe garantiert Solcora ein Qualit\u00e4tsprodukt ohne die Notwendigkeit von Zusatzstoffen. Es ist nicht nur sicher, sondern auch extrem stabil. Gro\u00dfe Fl\u00e4chen bis 150 m2 k\u00f6nnen ohne Dehnungsfugen verlegt werden.[\/vc_column_text][\/vc_column_inner][\/vc_row_inner][\/vc_column][vc_column width=&#8220;1\/2&#8243;][vc_row_inner][vc_column_inner width=&#8220;2\/12&#8243;][vc_single_image image=&#8220;11120&#8243; img_size=&#8220;full&#8220; alignment=&#8220;center&#8220; css_animation=&#8220;none&#8220;][\/vc_column_inner][vc_column_inner width=&#8220;10\/12&#8243;][vc_column_text]<strong>Formbest\u00e4ndig, selbst im direkten Sonnenlicht<br \/>\n<\/strong>Solcora ist nur wenig temperaturempfindlich und kann daher auch in R\u00e4umen mit direkter Sonneneinstrahlung verlegt werden.[\/vc_column_text][\/vc_column_inner][\/vc_row_inner][\/vc_column][\/vc_row][vc_row][vc_column width=&#8220;1\/2&#8243;][vc_row_inner][vc_column_inner width=&#8220;2\/12&#8243;][vc_single_image image=&#8220;11105&#8243; img_size=&#8220;full&#8220; alignment=&#8220;center&#8220; css_animation=&#8220;none&#8220;][\/vc_column_inner][vc_column_inner width=&#8220;10\/12&#8243;][vc_column_text]<strong>Schnelles und einfaches Verlegen<br \/>\n<\/strong>Die Klickverbindung ist einfach und benutzerfreundlich. Mit dem zus\u00e4tzlichen integrierten Unterboden l\u00e4sst sich Solcora schnell und einfach verlegen.<br \/>\nSolcora-B\u00f6den sind extrem verschlei\u00dfbest\u00e4ndig.<br \/>\n[\/vc_column_text][\/vc_column_inner][\/vc_row_inner][\/vc_column][vc_column width=&#8220;1\/2&#8243;][vc_row_inner][vc_column_inner width=&#8220;2\/12&#8243;][vc_single_image image=&#8220;11129&#8243; img_size=&#8220;full&#8220; alignment=&#8220;center&#8220; css_animation=&#8220;none&#8220;][\/vc_column_inner][vc_column_inner width=&#8220;10\/12&#8243;][vc_column_text]<strong>Minimale Anforderungen an den Unterboden*<br \/>\n<\/strong>Solcora ist steifer und stabiler und hat einen integrierten Unterboden, der die Ausbreitung von Trittschall minimiert.[\/vc_column_text][\/vc_column_inner][\/vc_row_inner][\/vc_column][\/vc_row][vc_row][vc_column width=&#8220;1\/2&#8243;][vc_row_inner][vc_column_inner width=&#8220;2\/12&#8243;][vc_single_image image=&#8220;11112&#8243; img_size=&#8220;full&#8220; alignment=&#8220;center&#8220; css_animation=&#8220;none&#8220;][\/vc_column_inner][vc_column_inner width=&#8220;10\/12&#8243;][vc_column_text]<strong>Keine Akklimatisierung erforderlich*<br \/>\n<\/strong>Wenn die Temperatur des Solcora-Bodens im optimalen Bereich zwischen 18 und 23 \u00b0C liegt, ist vor der Verlegung keine Akklimatisierung erforderlich.[\/vc_column_text][\/vc_column_inner][\/vc_row_inner][\/vc_column][vc_column width=&#8220;1\/2&#8243;][vc_row_inner][vc_column_inner width=&#8220;2\/12&#8243;][vc_single_image image=&#8220;11136&#8243; img_size=&#8220;full&#8220; alignment=&#8220;center&#8220; css_animation=&#8220;none&#8220;][\/vc_column_inner][vc_column_inner width=&#8220;10\/12&#8243;][vc_column_text]<strong>\u00c4u\u00dferst verschlei\u00dfbest\u00e4ndig<br \/>\n<\/strong>Solcora-B\u00f6den sind extrem verschlei\u00dfbest\u00e4ndig.[\/vc_column_text][\/vc_column_inner][\/vc_row_inner][\/vc_column][\/vc_row][vc_row][vc_column width=&#8220;1\/2&#8243;][vc_row_inner][vc_column_inner width=&#8220;2\/12&#8243;][vc_single_image image=&#8220;11135&#8243; img_size=&#8220;full&#8220; alignment=&#8220;center&#8220; css_animation=&#8220;none&#8220;][\/vc_column_inner][vc_column_inner width=&#8220;10\/12&#8243;][vc_column_text]<strong>Wasserabweisend*<br \/>\n<\/strong>LVT-B\u00f6den sind wasserbest\u00e4ndig. Dies ist nicht nur f\u00fcr die Reinigung hilfreich, sondern macht den Boden auch f\u00fcr alle R\u00e4ume geeignet.[\/vc_column_text][\/vc_column_inner][\/vc_row_inner][\/vc_column][vc_column width=&#8220;1\/2&#8243;][vc_row_inner][vc_column_inner width=&#8220;2\/12&#8243;][vc_single_image image=&#8220;11109&#8243; img_size=&#8220;full&#8220; alignment=&#8220;center&#8220; css_animation=&#8220;none&#8220;][\/vc_column_inner][vc_column_inner width=&#8220;10\/12&#8243;][vc_column_text]<strong>Keine permanenten Druckstellen<br \/>\n<\/strong>Da Solcora-B\u00f6den elastisch sind, werden keine bleibenden Eindr\u00fccke im Boden hinterlassen. Schwere M\u00f6bel oder Absatzschuhe sind \u00fcberhaupt kein Problem.[\/vc_column_text][\/vc_column_inner][\/vc_row_inner][\/vc_column][\/vc_row][vc_row][vc_column width=&#8220;1\/2&#8243;][vc_row_inner][vc_column_inner width=&#8220;2\/12&#8243;][vc_single_image image=&#8220;11125&#8243; img_size=&#8220;full&#8220; alignment=&#8220;center&#8220; css_animation=&#8220;none&#8220;][\/vc_column_inner][vc_column_inner width=&#8220;10\/12&#8243;][vc_column_text]<strong>Kratzfest<br \/>\n<\/strong>Solcora-B\u00f6den sind kratz- und schmutzabweisend. Das macht das Leben leichter, wenn etwas auf den Boden f\u00e4llt.[\/vc_column_text][\/vc_column_inner][\/vc_row_inner][\/vc_column][vc_column width=&#8220;1\/2&#8243;][vc_row_inner][vc_column_inner width=&#8220;2\/12&#8243;][vc_single_image image=&#8220;11108&#8243; img_size=&#8220;full&#8220; alignment=&#8220;center&#8220; css_animation=&#8220;none&#8220;][\/vc_column_inner][vc_column_inner width=&#8220;10\/12&#8243;][vc_column_text]<strong>100% sicher<br \/>\n<\/strong>Solcora-Bodenbel\u00e4ge enthalten nur 100 % reines PVC (keine recycelten Materialien unbekannter Zusammensetzung) und enthalten keine sch\u00e4dlichen Weichmacher (Phthalate). Gepr\u00fcft und zugelassen von Eurofins und T\u00dcV Rheinland.[\/vc_column_text][\/vc_column_inner][\/vc_row_inner][\/vc_column][\/vc_row][vc_row][vc_column width=&#8220;1\/2&#8243;][vc_row_inner][vc_column_inner width=&#8220;2\/12&#8243;][vc_single_image image=&#8220;11118&#8243; img_size=&#8220;full&#8220; alignment=&#8220;center&#8220; css_animation=&#8220;none&#8220;][\/vc_column_inner][vc_column_inner width=&#8220;10\/12&#8243;][vc_column_text]<strong>Recycelbar<br \/>\n<\/strong>Alle unsere B\u00f6den sind langlebig und vollst\u00e4ndig recycelbar. Dar\u00fcber hinaus ber\u00fccksichtigt der Produktionsprozess unserer LVT-B\u00f6den die Umweltauswirkungen.[\/vc_column_text][\/vc_column_inner][\/vc_row_inner][\/vc_column][vc_column width=&#8220;1\/2&#8243;][vc_row_inner][vc_column_inner width=&#8220;2\/12&#8243;][vc_single_image image=&#8220;11096&#8243; img_size=&#8220;full&#8220; alignment=&#8220;center&#8220; css_animation=&#8220;none&#8220;][\/vc_column_inner][vc_column_inner width=&#8220;10\/12&#8243;][vc_column_text css=&#8220;&#8220;]<strong>Qualit\u00e4tsgarantie<br \/>\n<\/strong>Solcora garantiert, dass sein Boden lange h\u00e4lt &#8211; mindestens 20 Jahre f\u00fcr Solcora+ und 25 Jahre f\u00fcr Solcora Silence![\/vc_column_text][\/vc_column_inner][\/vc_row_inner][\/vc_column][\/vc_row][vc_row][vc_column][vc_column_text]<em>*Weitere Informationen und Bedingungen finden Sie in der <a href=\"https:\/\/solcora.com\/wp-content\/uploads\/2021\/09\/210818-Solcora-Installationsanleitung-DE.pdf\" target=\"_blank\" rel=\"noopener noreferrer\">Anleitung zur professionellen Verlegung<\/a> sowie in den <a href=\"https:\/\/solcora.com\/wp-content\/uploads\/2022\/01\/Solcora-garantie-DE-v1.2-2022.pdf\" target=\"_blank\" rel=\"noopener noreferrer\">Garantiebedingungen<\/a>.<\/em>[\/vc_column_text][\/vc_column][\/vc_row][\/vc_section]<\/p>\n<\/div>","protected":false},"excerpt":{"rendered":"<p>[vc_section][vc_row][vc_column][vc_column_text] Produkteigenschaften [\/vc_column_text][\/vc_column][\/vc_row][vc_row][vc_column width=&#8220;1\/2&#8243;][vc_row_inner][vc_column_inner width=&#8220;2\/12&#8243;][vc_single_image image=&#8220;11126&#8243; img_size=&#8220;full&#8220; alignment=&#8220;center&#8220; css_animation=&#8220;none&#8220;][\/vc_column_inner][vc_column_inner width=&#8220;10\/12&#8243;][vc_column_text]Stark Solcora B\u00f6den sind extrem stark und haben eine widerstandsf\u00e4hige Nutzschicht. Das bedeutet, dass die B\u00f6den selbst bei intensiver Nutzung jahrelang halten.[\/vc_column_text][\/vc_column_inner][\/vc_row_inner][\/vc_column][vc_column width=&#8220;1\/2&#8243;][vc_row_inner][vc_column_inner width=&#8220;2\/12&#8243;][vc_single_image image=&#8220;11121&#8243; img_size=&#8220;full&#8220; alignment=&#8220;center&#8220; css_animation=&#8220;none&#8220;][\/vc_column_inner][vc_column_inner width=&#8220;10\/12&#8243;][vc_column_text css=&#8220;&#8220;]Ruhig Solcora-B\u00f6den helfen, eine g\u00fcnstige Akustik zu schaffen. Sie ist das Ergebnis der Elastizit\u00e4t des PVC, das [&hellip;]<\/p>\n","protected":false},"author":1,"featured_media":0,"parent":10368,"menu_order":0,"comment_status":"closed","ping_status":"closed","template":"","meta":{"_acf_changed":false,"footnotes":""},"class_list":["post-11522","page","type-page","status-publish","hentry"],"acf":[],"yoast_head":"<!-- This site is optimized with the Yoast SEO plugin v27.5 - https:\/\/yoast.com\/product\/yoast-seo-wordpress\/ -->\n<title>Produkteigenschaften - Solcora<\/title>\n<meta name=\"robots\" content=\"index, follow, max-snippet:-1, max-image-preview:large, max-video-preview:-1\" \/>\n<link rel=\"canonical\" href=\"https:\/\/solcora.com\/de\/solcora-designboeden-2\/produkteigenschaften\/\" \/>\n<meta property=\"og:locale\" content=\"de_DE\" \/>\n<meta property=\"og:type\" content=\"article\" \/>\n<meta property=\"og:title\" content=\"Produkteigenschaften - Solcora\" \/>\n<meta property=\"og:description\" content=\"[vc_section][vc_row][vc_column][vc_column_text] Produkteigenschaften [\/vc_column_text][\/vc_column][\/vc_row][vc_row][vc_column width=&#8220;1\/2&#8243;][vc_row_inner][vc_column_inner width=&#8220;2\/12&#8243;][vc_single_image image=&#8220;11126&#8243; img_size=&#8220;full&#8220; alignment=&#8220;center&#8220; css_animation=&#8220;none&#8220;][\/vc_column_inner][vc_column_inner width=&#8220;10\/12&#8243;][vc_column_text]Stark Solcora B\u00f6den sind extrem stark und haben eine widerstandsf\u00e4hige Nutzschicht. Das bedeutet, dass die B\u00f6den selbst bei intensiver Nutzung jahrelang halten.[\/vc_column_text][\/vc_column_inner][\/vc_row_inner][\/vc_column][vc_column width=&#8220;1\/2&#8243;][vc_row_inner][vc_column_inner width=&#8220;2\/12&#8243;][vc_single_image image=&#8220;11121&#8243; img_size=&#8220;full&#8220; alignment=&#8220;center&#8220; css_animation=&#8220;none&#8220;][\/vc_column_inner][vc_column_inner width=&#8220;10\/12&#8243;][vc_column_text css=&#8220;&#8220;]Ruhig Solcora-B\u00f6den helfen, eine g\u00fcnstige Akustik zu schaffen. Sie ist das Ergebnis der Elastizit\u00e4t des PVC, das [&hellip;]\" \/>\n<meta property=\"og:url\" content=\"https:\/\/solcora.com\/de\/solcora-designboeden-2\/produkteigenschaften\/\" \/>\n<meta property=\"og:site_name\" content=\"Solcora\" \/>\n<meta property=\"article:modified_time\" content=\"2025-11-03T14:31:32+00:00\" \/>\n<meta name=\"twitter:card\" content=\"summary_large_image\" \/>\n<meta name=\"twitter:label1\" content=\"Gesch\u00e4tzte Lesezeit\" \/>\n\t<meta name=\"twitter:data1\" content=\"6\u00a0Minuten\" \/>\n<script type=\"application\/ld+json\" class=\"yoast-schema-graph\">{\"@context\":\"https:\\\/\\\/schema.org\",\"@graph\":[{\"@type\":\"WebPage\",\"@id\":\"https:\\\/\\\/solcora.com\\\/de\\\/solcora-designboeden-2\\\/produkteigenschaften\\\/\",\"url\":\"https:\\\/\\\/solcora.com\\\/de\\\/solcora-designboeden-2\\\/produkteigenschaften\\\/\",\"name\":\"Produkteigenschaften - Solcora\",\"isPartOf\":{\"@id\":\"https:\\\/\\\/solcora.com\\\/de\\\/#website\"},\"datePublished\":\"2020-02-25T09:00:42+00:00\",\"dateModified\":\"2025-11-03T14:31:32+00:00\",\"breadcrumb\":{\"@id\":\"https:\\\/\\\/solcora.com\\\/de\\\/solcora-designboeden-2\\\/produkteigenschaften\\\/#breadcrumb\"},\"inLanguage\":\"de\",\"potentialAction\":[{\"@type\":\"ReadAction\",\"target\":[\"https:\\\/\\\/solcora.com\\\/de\\\/solcora-designboeden-2\\\/produkteigenschaften\\\/\"]}]},{\"@type\":\"BreadcrumbList\",\"@id\":\"https:\\\/\\\/solcora.com\\\/de\\\/solcora-designboeden-2\\\/produkteigenschaften\\\/#breadcrumb\",\"itemListElement\":[{\"@type\":\"ListItem\",\"position\":1,\"name\":\"Home\",\"item\":\"https:\\\/\\\/solcora.com\\\/de\\\/\"},{\"@type\":\"ListItem\",\"position\":2,\"name\":\"Solcora Designb\u00f6den\",\"item\":\"https:\\\/\\\/solcora.com\\\/de\\\/solcora-designboeden-2\\\/\"},{\"@type\":\"ListItem\",\"position\":3,\"name\":\"Produkteigenschaften\"}]},{\"@type\":\"WebSite\",\"@id\":\"https:\\\/\\\/solcora.com\\\/de\\\/#website\",\"url\":\"https:\\\/\\\/solcora.com\\\/de\\\/\",\"name\":\"Solcora\",\"description\":\"Rigid core design floors\",\"publisher\":{\"@id\":\"https:\\\/\\\/solcora.com\\\/de\\\/#organization\"},\"potentialAction\":[{\"@type\":\"SearchAction\",\"target\":{\"@type\":\"EntryPoint\",\"urlTemplate\":\"https:\\\/\\\/solcora.com\\\/de\\\/?s={search_term_string}\"},\"query-input\":{\"@type\":\"PropertyValueSpecification\",\"valueRequired\":true,\"valueName\":\"search_term_string\"}}],\"inLanguage\":\"de\"},{\"@type\":\"Organization\",\"@id\":\"https:\\\/\\\/solcora.com\\\/de\\\/#organization\",\"name\":\"Solcora\",\"url\":\"https:\\\/\\\/solcora.com\\\/de\\\/\",\"logo\":{\"@type\":\"ImageObject\",\"inLanguage\":\"de\",\"@id\":\"https:\\\/\\\/solcora.com\\\/de\\\/#\\\/schema\\\/logo\\\/image\\\/\",\"url\":\"https:\\\/\\\/solcora.com\\\/wp-content\\\/uploads\\\/2020\\\/04\\\/Solcora-by-mFLOR-NEW-2020.png\",\"contentUrl\":\"https:\\\/\\\/solcora.com\\\/wp-content\\\/uploads\\\/2020\\\/04\\\/Solcora-by-mFLOR-NEW-2020.png\",\"width\":746,\"height\":434,\"caption\":\"Solcora\"},\"image\":{\"@id\":\"https:\\\/\\\/solcora.com\\\/de\\\/#\\\/schema\\\/logo\\\/image\\\/\"}}]}<\/script>\n<!-- \/ Yoast SEO plugin. -->","yoast_head_json":{"title":"Produkteigenschaften - Solcora","robots":{"index":"index","follow":"follow","max-snippet":"max-snippet:-1","max-image-preview":"max-image-preview:large","max-video-preview":"max-video-preview:-1"},"canonical":"https:\/\/solcora.com\/de\/solcora-designboeden-2\/produkteigenschaften\/","og_locale":"de_DE","og_type":"article","og_title":"Produkteigenschaften - Solcora","og_description":"[vc_section][vc_row][vc_column][vc_column_text] Produkteigenschaften [\/vc_column_text][\/vc_column][\/vc_row][vc_row][vc_column width=&#8220;1\/2&#8243;][vc_row_inner][vc_column_inner width=&#8220;2\/12&#8243;][vc_single_image image=&#8220;11126&#8243; img_size=&#8220;full&#8220; alignment=&#8220;center&#8220; css_animation=&#8220;none&#8220;][\/vc_column_inner][vc_column_inner width=&#8220;10\/12&#8243;][vc_column_text]Stark Solcora B\u00f6den sind extrem stark und haben eine widerstandsf\u00e4hige Nutzschicht. Das bedeutet, dass die B\u00f6den selbst bei intensiver Nutzung jahrelang halten.[\/vc_column_text][\/vc_column_inner][\/vc_row_inner][\/vc_column][vc_column width=&#8220;1\/2&#8243;][vc_row_inner][vc_column_inner width=&#8220;2\/12&#8243;][vc_single_image image=&#8220;11121&#8243; img_size=&#8220;full&#8220; alignment=&#8220;center&#8220; css_animation=&#8220;none&#8220;][\/vc_column_inner][vc_column_inner width=&#8220;10\/12&#8243;][vc_column_text css=&#8220;&#8220;]Ruhig Solcora-B\u00f6den helfen, eine g\u00fcnstige Akustik zu schaffen. Sie ist das Ergebnis der Elastizit\u00e4t des PVC, das [&hellip;]","og_url":"https:\/\/solcora.com\/de\/solcora-designboeden-2\/produkteigenschaften\/","og_site_name":"Solcora","article_modified_time":"2025-11-03T14:31:32+00:00","twitter_card":"summary_large_image","twitter_misc":{"Gesch\u00e4tzte Lesezeit":"6\u00a0Minuten"},"schema":{"@context":"https:\/\/schema.org","@graph":[{"@type":"WebPage","@id":"https:\/\/solcora.com\/de\/solcora-designboeden-2\/produkteigenschaften\/","url":"https:\/\/solcora.com\/de\/solcora-designboeden-2\/produkteigenschaften\/","name":"Produkteigenschaften - Solcora","isPartOf":{"@id":"https:\/\/solcora.com\/de\/#website"},"datePublished":"2020-02-25T09:00:42+00:00","dateModified":"2025-11-03T14:31:32+00:00","breadcrumb":{"@id":"https:\/\/solcora.com\/de\/solcora-designboeden-2\/produkteigenschaften\/#breadcrumb"},"inLanguage":"de","potentialAction":[{"@type":"ReadAction","target":["https:\/\/solcora.com\/de\/solcora-designboeden-2\/produkteigenschaften\/"]}]},{"@type":"BreadcrumbList","@id":"https:\/\/solcora.com\/de\/solcora-designboeden-2\/produkteigenschaften\/#breadcrumb","itemListElement":[{"@type":"ListItem","position":1,"name":"Home","item":"https:\/\/solcora.com\/de\/"},{"@type":"ListItem","position":2,"name":"Solcora Designb\u00f6den","item":"https:\/\/solcora.com\/de\/solcora-designboeden-2\/"},{"@type":"ListItem","position":3,"name":"Produkteigenschaften"}]},{"@type":"WebSite","@id":"https:\/\/solcora.com\/de\/#website","url":"https:\/\/solcora.com\/de\/","name":"Solcora","description":"Rigid core design floors","publisher":{"@id":"https:\/\/solcora.com\/de\/#organization"},"potentialAction":[{"@type":"SearchAction","target":{"@type":"EntryPoint","urlTemplate":"https:\/\/solcora.com\/de\/?s={search_term_string}"},"query-input":{"@type":"PropertyValueSpecification","valueRequired":true,"valueName":"search_term_string"}}],"inLanguage":"de"},{"@type":"Organization","@id":"https:\/\/solcora.com\/de\/#organization","name":"Solcora","url":"https:\/\/solcora.com\/de\/","logo":{"@type":"ImageObject","inLanguage":"de","@id":"https:\/\/solcora.com\/de\/#\/schema\/logo\/image\/","url":"https:\/\/solcora.com\/wp-content\/uploads\/2020\/04\/Solcora-by-mFLOR-NEW-2020.png","contentUrl":"https:\/\/solcora.com\/wp-content\/uploads\/2020\/04\/Solcora-by-mFLOR-NEW-2020.png","width":746,"height":434,"caption":"Solcora"},"image":{"@id":"https:\/\/solcora.com\/de\/#\/schema\/logo\/image\/"}}]}},"_links":{"self":[{"href":"https:\/\/solcora.com\/de\/wp-json\/wp\/v2\/pages\/11522","targetHints":{"allow":["GET"]}}],"collection":[{"href":"https:\/\/solcora.com\/de\/wp-json\/wp\/v2\/pages"}],"about":[{"href":"https:\/\/solcora.com\/de\/wp-json\/wp\/v2\/types\/page"}],"author":[{"embeddable":true,"href":"https:\/\/solcora.com\/de\/wp-json\/wp\/v2\/users\/1"}],"replies":[{"embeddable":true,"href":"https:\/\/solcora.com\/de\/wp-json\/wp\/v2\/comments?post=11522"}],"version-history":[{"count":2,"href":"https:\/\/solcora.com\/de\/wp-json\/wp\/v2\/pages\/11522\/revisions"}],"predecessor-version":[{"id":14933,"href":"https:\/\/solcora.com\/de\/wp-json\/wp\/v2\/pages\/11522\/revisions\/14933"}],"up":[{"embeddable":true,"href":"https:\/\/solcora.com\/de\/wp-json\/wp\/v2\/pages\/10368"}],"wp:attachment":[{"href":"https:\/\/solcora.com\/de\/wp-json\/wp\/v2\/media?parent=11522"}],"curies":[{"name":"wp","href":"https:\/\/api.w.org\/{rel}","templated":true}]}}