{"id":11523,"date":"2020-02-25T10:00:10","date_gmt":"2020-02-25T09:00:10","guid":{"rendered":"https:\/\/solcora.com\/?page_id=11523"},"modified":"2022-03-13T15:18:21","modified_gmt":"2022-03-13T14:18:21","slug":"sicherheit-und-wohlbefinden","status":"publish","type":"page","link":"https:\/\/solcora.com\/de\/solcora-designboeden-2\/sicherheit-und-wohlbefinden\/","title":{"rendered":"Sicherheit und Wohlbefinden"},"content":{"rendered":"<div class=\"wpb-content-wrapper\"><p>[vc_section][vc_row content_placement=&#8220;middle&#8220;][vc_column width=&#8220;2\/3&#8243;][vc_column_text]<\/p>\n<h1>Sicherheit und Wohlbefinden<\/h1>\n<p>[\/vc_column_text][\/vc_column][vc_column width=&#8220;1\/3&#8243;][vc_single_image image=&#8220;11137&#8243; alignment=&#8220;right&#8220;][\/vc_column][\/vc_row][vc_row][vc_column][vc_row_inner][vc_column_inner width=&#8220;1\/12&#8243;][vc_single_image image=&#8220;11108&#8243; alignment=&#8220;center&#8220;][\/vc_column_inner][vc_column_inner width=&#8220;11\/12&#8243;][vc_column_text]<strong>Genie\u00dfen Sie ein gesundes Raumklima<br \/>\n<\/strong>Wir verbringen viel Zeit am Tag in Innenr\u00e4umen. Daher ist ein gesundes Raumklima besonders wichtig. Wir garantieren eine frische und angenehme Raumluft ohne unangenehme Erscheinungen wie Kopfschmerzen oder Ger\u00fcche durch Emissionen. Unsere B\u00f6den entsprechen allen strengen Sicherheitsnormen.<\/p>\n<p>Alle unsere Produkte sind nach dem \u201eEurofins Indoor Air Comfort Gold\u201c von Eurofins, einem unabh\u00e4ngigen, international anerkannten Pr\u00fcflabor, zertifiziert. Die dabei zul\u00e4ssigen Emissionswerte liegen weit unter den anderen nationalen Normen. Auch dadurch \u00fcbertrifft mFLOR diese strengen Normen deutlich. Entscheiden Sie sich f\u00fcr ein beruhigendes Gef\u00fchl.<br \/>\n[\/vc_column_text][\/vc_column_inner][\/vc_row_inner][vc_separator][\/vc_column][\/vc_row][vc_row][vc_column width=&#8220;1\/2&#8243;][vc_row_inner][vc_column_inner width=&#8220;2\/12&#8243;][vc_single_image image=&#8220;11104&#8243; alignment=&#8220;center&#8220;][\/vc_column_inner][vc_column_inner width=&#8220;10\/12&#8243;][vc_column_text]<strong>Wohlbefinden und Hygiene<br \/>\n<\/strong>Die sch\u00fctzende Deckschicht der mFLOR-B\u00f6den weist Hausstaubmilben und andere Allergene ab. Der Boden ist wasserfest, leicht zu pflegen und zu reinigen, wodurch keine aggressiven Reinigungsmittel erforderlich sind. So steigert ein mFLOR-Boden das Gef\u00fchl des Wohlbefindens, und Allergene werden verhindert oder verringert.[\/vc_column_text][\/vc_column_inner][\/vc_row_inner][\/vc_column][vc_column width=&#8220;1\/2&#8243;][vc_row_inner][vc_column_inner width=&#8220;2\/12&#8243;][vc_single_image image=&#8220;11115&#8243; alignment=&#8220;center&#8220;][\/vc_column_inner][vc_column_inner width=&#8220;10\/12&#8243;][vc_column_text]<strong>Akustik und Temperatur<\/strong><br \/>\nIm Gegensatz zu k\u00fchlen Materialien wie Naturstein und Fliesen geben unsere Designb\u00f6den Ihren F\u00fc\u00dfen ein angenehmes Gef\u00fchl. mFLOR-B\u00f6den d\u00e4mpfen und absorbieren Trittschall. Die Federwirkung des Materials sorgt f\u00fcr eine ruhige Akustik und ein angenehmes Temperaturempfinden. Au\u00dferdem sind sie sehr gut f\u00fcr Unterbodenheizung und -k\u00fchlung geeignet. Das macht in jedem Raum den entscheidenden Unterschied aus.[\/vc_column_text][\/vc_column_inner][\/vc_row_inner][\/vc_column][\/vc_row][\/vc_section]<\/p>\n<\/div>","protected":false},"excerpt":{"rendered":"<p>[vc_section][vc_row content_placement=&#8220;middle&#8220;][vc_column width=&#8220;2\/3&#8243;][vc_column_text] Sicherheit und Wohlbefinden [\/vc_column_text][\/vc_column][vc_column width=&#8220;1\/3&#8243;][vc_single_image image=&#8220;11137&#8243; alignment=&#8220;right&#8220;][\/vc_column][\/vc_row][vc_row][vc_column][vc_row_inner][vc_column_inner width=&#8220;1\/12&#8243;][vc_single_image image=&#8220;11108&#8243; alignment=&#8220;center&#8220;][\/vc_column_inner][vc_column_inner width=&#8220;11\/12&#8243;][vc_column_text]Genie\u00dfen Sie ein gesundes Raumklima Wir verbringen viel Zeit am Tag in Innenr\u00e4umen. Daher ist ein gesundes Raumklima besonders wichtig. Wir garantieren eine frische und angenehme Raumluft ohne unangenehme Erscheinungen wie Kopfschmerzen oder Ger\u00fcche durch Emissionen. Unsere B\u00f6den entsprechen allen strengen Sicherheitsnormen. [&hellip;]<\/p>\n","protected":false},"author":1,"featured_media":0,"parent":10368,"menu_order":0,"comment_status":"closed","ping_status":"closed","template":"","meta":{"_acf_changed":false,"footnotes":""},"class_list":["post-11523","page","type-page","status-publish","hentry"],"acf":[],"yoast_head":"<!-- This site is optimized with the Yoast SEO plugin v27.5 - https:\/\/yoast.com\/product\/yoast-seo-wordpress\/ -->\n<title>Sicherheit und Wohlbefinden - Solcora<\/title>\n<meta name=\"robots\" content=\"index, follow, max-snippet:-1, max-image-preview:large, max-video-preview:-1\" \/>\n<link rel=\"canonical\" href=\"https:\/\/solcora.com\/de\/solcora-designboeden-2\/sicherheit-und-wohlbefinden\/\" \/>\n<meta property=\"og:locale\" content=\"de_DE\" \/>\n<meta property=\"og:type\" content=\"article\" \/>\n<meta property=\"og:title\" content=\"Sicherheit und Wohlbefinden - Solcora\" \/>\n<meta property=\"og:description\" content=\"[vc_section][vc_row content_placement=&#8220;middle&#8220;][vc_column width=&#8220;2\/3&#8243;][vc_column_text] Sicherheit und Wohlbefinden [\/vc_column_text][\/vc_column][vc_column width=&#8220;1\/3&#8243;][vc_single_image image=&#8220;11137&#8243; alignment=&#8220;right&#8220;][\/vc_column][\/vc_row][vc_row][vc_column][vc_row_inner][vc_column_inner width=&#8220;1\/12&#8243;][vc_single_image image=&#8220;11108&#8243; alignment=&#8220;center&#8220;][\/vc_column_inner][vc_column_inner width=&#8220;11\/12&#8243;][vc_column_text]Genie\u00dfen Sie ein gesundes Raumklima Wir verbringen viel Zeit am Tag in Innenr\u00e4umen. Daher ist ein gesundes Raumklima besonders wichtig. Wir garantieren eine frische und angenehme Raumluft ohne unangenehme Erscheinungen wie Kopfschmerzen oder Ger\u00fcche durch Emissionen. Unsere B\u00f6den entsprechen allen strengen Sicherheitsnormen. [&hellip;]\" \/>\n<meta property=\"og:url\" content=\"https:\/\/solcora.com\/de\/solcora-designboeden-2\/sicherheit-und-wohlbefinden\/\" \/>\n<meta property=\"og:site_name\" content=\"Solcora\" \/>\n<meta property=\"article:modified_time\" content=\"2022-03-13T14:18:21+00:00\" \/>\n<meta name=\"twitter:card\" content=\"summary_large_image\" \/>\n<meta name=\"twitter:label1\" content=\"Gesch\u00e4tzte Lesezeit\" \/>\n\t<meta name=\"twitter:data1\" content=\"2\u00a0Minuten\" \/>\n<script type=\"application\/ld+json\" class=\"yoast-schema-graph\">{\"@context\":\"https:\\\/\\\/schema.org\",\"@graph\":[{\"@type\":\"WebPage\",\"@id\":\"https:\\\/\\\/solcora.com\\\/de\\\/solcora-designboeden-2\\\/sicherheit-und-wohlbefinden\\\/\",\"url\":\"https:\\\/\\\/solcora.com\\\/de\\\/solcora-designboeden-2\\\/sicherheit-und-wohlbefinden\\\/\",\"name\":\"Sicherheit und Wohlbefinden - Solcora\",\"isPartOf\":{\"@id\":\"https:\\\/\\\/solcora.com\\\/de\\\/#website\"},\"datePublished\":\"2020-02-25T09:00:10+00:00\",\"dateModified\":\"2022-03-13T14:18:21+00:00\",\"breadcrumb\":{\"@id\":\"https:\\\/\\\/solcora.com\\\/de\\\/solcora-designboeden-2\\\/sicherheit-und-wohlbefinden\\\/#breadcrumb\"},\"inLanguage\":\"de\",\"potentialAction\":[{\"@type\":\"ReadAction\",\"target\":[\"https:\\\/\\\/solcora.com\\\/de\\\/solcora-designboeden-2\\\/sicherheit-und-wohlbefinden\\\/\"]}]},{\"@type\":\"BreadcrumbList\",\"@id\":\"https:\\\/\\\/solcora.com\\\/de\\\/solcora-designboeden-2\\\/sicherheit-und-wohlbefinden\\\/#breadcrumb\",\"itemListElement\":[{\"@type\":\"ListItem\",\"position\":1,\"name\":\"Home\",\"item\":\"https:\\\/\\\/solcora.com\\\/de\\\/\"},{\"@type\":\"ListItem\",\"position\":2,\"name\":\"Solcora Designb\u00f6den\",\"item\":\"https:\\\/\\\/solcora.com\\\/de\\\/solcora-designboeden-2\\\/\"},{\"@type\":\"ListItem\",\"position\":3,\"name\":\"Sicherheit und Wohlbefinden\"}]},{\"@type\":\"WebSite\",\"@id\":\"https:\\\/\\\/solcora.com\\\/de\\\/#website\",\"url\":\"https:\\\/\\\/solcora.com\\\/de\\\/\",\"name\":\"Solcora\",\"description\":\"Rigid core design floors\",\"publisher\":{\"@id\":\"https:\\\/\\\/solcora.com\\\/de\\\/#organization\"},\"potentialAction\":[{\"@type\":\"SearchAction\",\"target\":{\"@type\":\"EntryPoint\",\"urlTemplate\":\"https:\\\/\\\/solcora.com\\\/de\\\/?s={search_term_string}\"},\"query-input\":{\"@type\":\"PropertyValueSpecification\",\"valueRequired\":true,\"valueName\":\"search_term_string\"}}],\"inLanguage\":\"de\"},{\"@type\":\"Organization\",\"@id\":\"https:\\\/\\\/solcora.com\\\/de\\\/#organization\",\"name\":\"Solcora\",\"url\":\"https:\\\/\\\/solcora.com\\\/de\\\/\",\"logo\":{\"@type\":\"ImageObject\",\"inLanguage\":\"de\",\"@id\":\"https:\\\/\\\/solcora.com\\\/de\\\/#\\\/schema\\\/logo\\\/image\\\/\",\"url\":\"https:\\\/\\\/solcora.com\\\/wp-content\\\/uploads\\\/2020\\\/04\\\/Solcora-by-mFLOR-NEW-2020.png\",\"contentUrl\":\"https:\\\/\\\/solcora.com\\\/wp-content\\\/uploads\\\/2020\\\/04\\\/Solcora-by-mFLOR-NEW-2020.png\",\"width\":746,\"height\":434,\"caption\":\"Solcora\"},\"image\":{\"@id\":\"https:\\\/\\\/solcora.com\\\/de\\\/#\\\/schema\\\/logo\\\/image\\\/\"}}]}<\/script>\n<!-- \/ Yoast SEO plugin. -->","yoast_head_json":{"title":"Sicherheit und Wohlbefinden - Solcora","robots":{"index":"index","follow":"follow","max-snippet":"max-snippet:-1","max-image-preview":"max-image-preview:large","max-video-preview":"max-video-preview:-1"},"canonical":"https:\/\/solcora.com\/de\/solcora-designboeden-2\/sicherheit-und-wohlbefinden\/","og_locale":"de_DE","og_type":"article","og_title":"Sicherheit und Wohlbefinden - Solcora","og_description":"[vc_section][vc_row content_placement=&#8220;middle&#8220;][vc_column width=&#8220;2\/3&#8243;][vc_column_text] Sicherheit und Wohlbefinden [\/vc_column_text][\/vc_column][vc_column width=&#8220;1\/3&#8243;][vc_single_image image=&#8220;11137&#8243; alignment=&#8220;right&#8220;][\/vc_column][\/vc_row][vc_row][vc_column][vc_row_inner][vc_column_inner width=&#8220;1\/12&#8243;][vc_single_image image=&#8220;11108&#8243; alignment=&#8220;center&#8220;][\/vc_column_inner][vc_column_inner width=&#8220;11\/12&#8243;][vc_column_text]Genie\u00dfen Sie ein gesundes Raumklima Wir verbringen viel Zeit am Tag in Innenr\u00e4umen. Daher ist ein gesundes Raumklima besonders wichtig. Wir garantieren eine frische und angenehme Raumluft ohne unangenehme Erscheinungen wie Kopfschmerzen oder Ger\u00fcche durch Emissionen. Unsere B\u00f6den entsprechen allen strengen Sicherheitsnormen. [&hellip;]","og_url":"https:\/\/solcora.com\/de\/solcora-designboeden-2\/sicherheit-und-wohlbefinden\/","og_site_name":"Solcora","article_modified_time":"2022-03-13T14:18:21+00:00","twitter_card":"summary_large_image","twitter_misc":{"Gesch\u00e4tzte Lesezeit":"2\u00a0Minuten"},"schema":{"@context":"https:\/\/schema.org","@graph":[{"@type":"WebPage","@id":"https:\/\/solcora.com\/de\/solcora-designboeden-2\/sicherheit-und-wohlbefinden\/","url":"https:\/\/solcora.com\/de\/solcora-designboeden-2\/sicherheit-und-wohlbefinden\/","name":"Sicherheit und Wohlbefinden - Solcora","isPartOf":{"@id":"https:\/\/solcora.com\/de\/#website"},"datePublished":"2020-02-25T09:00:10+00:00","dateModified":"2022-03-13T14:18:21+00:00","breadcrumb":{"@id":"https:\/\/solcora.com\/de\/solcora-designboeden-2\/sicherheit-und-wohlbefinden\/#breadcrumb"},"inLanguage":"de","potentialAction":[{"@type":"ReadAction","target":["https:\/\/solcora.com\/de\/solcora-designboeden-2\/sicherheit-und-wohlbefinden\/"]}]},{"@type":"BreadcrumbList","@id":"https:\/\/solcora.com\/de\/solcora-designboeden-2\/sicherheit-und-wohlbefinden\/#breadcrumb","itemListElement":[{"@type":"ListItem","position":1,"name":"Home","item":"https:\/\/solcora.com\/de\/"},{"@type":"ListItem","position":2,"name":"Solcora Designb\u00f6den","item":"https:\/\/solcora.com\/de\/solcora-designboeden-2\/"},{"@type":"ListItem","position":3,"name":"Sicherheit und Wohlbefinden"}]},{"@type":"WebSite","@id":"https:\/\/solcora.com\/de\/#website","url":"https:\/\/solcora.com\/de\/","name":"Solcora","description":"Rigid core design floors","publisher":{"@id":"https:\/\/solcora.com\/de\/#organization"},"potentialAction":[{"@type":"SearchAction","target":{"@type":"EntryPoint","urlTemplate":"https:\/\/solcora.com\/de\/?s={search_term_string}"},"query-input":{"@type":"PropertyValueSpecification","valueRequired":true,"valueName":"search_term_string"}}],"inLanguage":"de"},{"@type":"Organization","@id":"https:\/\/solcora.com\/de\/#organization","name":"Solcora","url":"https:\/\/solcora.com\/de\/","logo":{"@type":"ImageObject","inLanguage":"de","@id":"https:\/\/solcora.com\/de\/#\/schema\/logo\/image\/","url":"https:\/\/solcora.com\/wp-content\/uploads\/2020\/04\/Solcora-by-mFLOR-NEW-2020.png","contentUrl":"https:\/\/solcora.com\/wp-content\/uploads\/2020\/04\/Solcora-by-mFLOR-NEW-2020.png","width":746,"height":434,"caption":"Solcora"},"image":{"@id":"https:\/\/solcora.com\/de\/#\/schema\/logo\/image\/"}}]}},"_links":{"self":[{"href":"https:\/\/solcora.com\/de\/wp-json\/wp\/v2\/pages\/11523","targetHints":{"allow":["GET"]}}],"collection":[{"href":"https:\/\/solcora.com\/de\/wp-json\/wp\/v2\/pages"}],"about":[{"href":"https:\/\/solcora.com\/de\/wp-json\/wp\/v2\/types\/page"}],"author":[{"embeddable":true,"href":"https:\/\/solcora.com\/de\/wp-json\/wp\/v2\/users\/1"}],"replies":[{"embeddable":true,"href":"https:\/\/solcora.com\/de\/wp-json\/wp\/v2\/comments?post=11523"}],"version-history":[{"count":0,"href":"https:\/\/solcora.com\/de\/wp-json\/wp\/v2\/pages\/11523\/revisions"}],"up":[{"embeddable":true,"href":"https:\/\/solcora.com\/de\/wp-json\/wp\/v2\/pages\/10368"}],"wp:attachment":[{"href":"https:\/\/solcora.com\/de\/wp-json\/wp\/v2\/media?parent=11523"}],"curies":[{"name":"wp","href":"https:\/\/api.w.org\/{rel}","templated":true}]}}