{"id":11524,"date":"2020-02-25T10:00:28","date_gmt":"2020-02-25T09:00:28","guid":{"rendered":"https:\/\/solcora.com\/?page_id=11524"},"modified":"2025-11-03T16:08:10","modified_gmt":"2025-11-03T15:08:10","slug":"was-sind-solcora-designboeden","status":"publish","type":"page","link":"https:\/\/solcora.com\/de\/solcora-designboeden-2\/was-sind-solcora-designboeden\/","title":{"rendered":"Was sind Solcora-Designb\u00f6den"},"content":{"rendered":"<div class=\"wpb-content-wrapper\"><p>[vc_section][vc_row][vc_column][vc_column_text]<\/p>\n<h1>Was sind Solcora-Designb\u00f6den<\/h1>\n<p>Rigid Core LVT-B\u00f6den von Solcora bestehen aus mehreren Schichten. Solcora trifft f\u00fcr jede Schicht eine bewusste Auswahl, um ein qualitativ hochwertiges Produkt anzubieten. Jedes Detail wurde sorgf\u00e4ltig bedacht und verbessert die Qualit\u00e4t und das Aussehen des Bodens.[\/vc_column_text][\/vc_column][\/vc_row][vc_row][vc_column width=&#8220;1\/2&#8243;][vc_column_text css=&#8220;&#8220;]<strong>Rigid core<br \/>\n<\/strong>Solcora LVT-Klickb\u00f6den sind Design-LVT-B\u00f6den (wie mflor), jedoch mit einem starren Kern (Rigid Core), einer leistungsstarken Klickverbindung und integriertem Unterboden.<\/p>\n<p>Solcora Klickb\u00f6den k\u00f6nnen schnell und einfach auf vorhandenen Oberfl\u00e4chen verlegt werden. Ohne (permanente) Vorbereitungen des Unterbodens! Die B\u00f6den sind leicht zu verlegen und zu entfernen (was bei einem Umzug in ein anderes Haus sehr praktisch sein kann).[\/vc_column_text][\/vc_column][vc_column width=&#8220;1\/2&#8243;][vc_column_text css=&#8220;&#8220;]<strong>Solcora Silence 70-05<br \/>\n<\/strong>Solcora Silence ist eine Komplettl\u00f6sung, die Ruhe schafft. F\u00fcr zus\u00e4tzlichen Komfort haben die 7,0 mm st\u00e4rken Solcora Silence-Kollektionen einen 2,0 mm st\u00e4rken, integrierten Unterboden aus IXPE Schaumstoff. Da die Unterlage in den Boden selbst integriert ist, verf\u00fcgt Solcora Silence \u00fcber die einzigartige Eigenschaft, eine Schalld\u00e4mmung von bis zu \u0394L<sub>W<\/sub> 21 dB zu erreichen. Das ist ideal f\u00fcr Wohnr\u00e4ume. Solcora Silence ist au\u00dfergew\u00f6hnlich stark, angenehm weich und leise.[\/vc_column_text][\/vc_column][\/vc_row][vc_row][vc_column width=&#8220;1\/2&#8243;][vc_column_text css=&#8220;&#8220;]<strong>Solcora+ 52-05<\/strong><strong> &amp; Solcora+ 55-05<\/strong><br \/>\nSolcora+ ist der neue Standard f\u00fcr LVT-Klickb\u00f6den. Nat\u00fcrliche Sch\u00f6nheit trifft auf un\u00fcbertroffene Benutzerfreundlichkeit. Dank fortschrittlicher Technologien, einer einzigartigen und superstarken Klickverbindung und einem integrierten Unterboden zur Schalld\u00e4mmung war das Verlegen Ihres Traumbodens noch nie so leicht. Solcora+ klickt mit einem einzigen Schlag.<\/p>\n<p>Diese LVT-B\u00f6den haben eine St\u00e4rke von 5,2 mm ode 5,5 mm (einschlie\u00dflich einer 1,0 mm dicken integrierten Unterboden) und haben eine 0,55 mm st\u00e4rke Nutzschicht. Sie heben Ihren Raum richtig auf ein Plus-niveau![\/vc_column_text][\/vc_column][\/vc_row][vc_row][vc_column][vc_btn title=&#8220;Produktaufbau&#8220; shape=&#8220;round&#8220; el_class=&#8220;button button&#8211;primary&#8220; link=&#8220;url:https%3A%2F%2Fsolcora.com%2Fde%2Fsolcora-designboeden%2Fproduktaufbau%2F|title:Produktaufbau&#8220;][\/vc_column][\/vc_row][\/vc_section]<\/p>\n<\/div>","protected":false},"excerpt":{"rendered":"<p>[vc_section][vc_row][vc_column][vc_column_text] Was sind Solcora-Designb\u00f6den Rigid Core LVT-B\u00f6den von Solcora bestehen aus mehreren Schichten. Solcora trifft f\u00fcr jede Schicht eine bewusste Auswahl, um ein qualitativ hochwertiges Produkt anzubieten. Jedes Detail wurde sorgf\u00e4ltig bedacht und verbessert die Qualit\u00e4t und das Aussehen des Bodens.[\/vc_column_text][\/vc_column][\/vc_row][vc_row][vc_column width=&#8220;1\/2&#8243;][vc_column_text css=&#8220;&#8220;]Rigid core Solcora LVT-Klickb\u00f6den sind Design-LVT-B\u00f6den (wie mflor), jedoch mit einem starren Kern [&hellip;]<\/p>\n","protected":false},"author":1,"featured_media":0,"parent":10368,"menu_order":0,"comment_status":"closed","ping_status":"closed","template":"","meta":{"_acf_changed":false,"footnotes":""},"class_list":["post-11524","page","type-page","status-publish","hentry"],"acf":[],"yoast_head":"<!-- This site is optimized with the Yoast SEO plugin v27.5 - https:\/\/yoast.com\/product\/yoast-seo-wordpress\/ -->\n<title>Was sind Solcora-Designb\u00f6den - Solcora<\/title>\n<meta name=\"robots\" content=\"index, follow, max-snippet:-1, max-image-preview:large, max-video-preview:-1\" \/>\n<link rel=\"canonical\" href=\"https:\/\/solcora.com\/de\/solcora-designboeden-2\/was-sind-solcora-designboeden\/\" \/>\n<meta property=\"og:locale\" content=\"de_DE\" \/>\n<meta property=\"og:type\" content=\"article\" \/>\n<meta property=\"og:title\" content=\"Was sind Solcora-Designb\u00f6den - Solcora\" \/>\n<meta property=\"og:description\" content=\"[vc_section][vc_row][vc_column][vc_column_text] Was sind Solcora-Designb\u00f6den Rigid Core LVT-B\u00f6den von Solcora bestehen aus mehreren Schichten. Solcora trifft f\u00fcr jede Schicht eine bewusste Auswahl, um ein qualitativ hochwertiges Produkt anzubieten. Jedes Detail wurde sorgf\u00e4ltig bedacht und verbessert die Qualit\u00e4t und das Aussehen des Bodens.[\/vc_column_text][\/vc_column][\/vc_row][vc_row][vc_column width=&#8220;1\/2&#8243;][vc_column_text css=&#8220;&#8220;]Rigid core Solcora LVT-Klickb\u00f6den sind Design-LVT-B\u00f6den (wie mflor), jedoch mit einem starren Kern [&hellip;]\" \/>\n<meta property=\"og:url\" content=\"https:\/\/solcora.com\/de\/solcora-designboeden-2\/was-sind-solcora-designboeden\/\" \/>\n<meta property=\"og:site_name\" content=\"Solcora\" \/>\n<meta property=\"article:modified_time\" content=\"2025-11-03T15:08:10+00:00\" \/>\n<meta name=\"twitter:card\" content=\"summary_large_image\" \/>\n<meta name=\"twitter:label1\" content=\"Gesch\u00e4tzte Lesezeit\" \/>\n\t<meta name=\"twitter:data1\" content=\"2\u00a0Minuten\" \/>\n<script type=\"application\/ld+json\" class=\"yoast-schema-graph\">{\"@context\":\"https:\\\/\\\/schema.org\",\"@graph\":[{\"@type\":\"WebPage\",\"@id\":\"https:\\\/\\\/solcora.com\\\/de\\\/solcora-designboeden-2\\\/was-sind-solcora-designboeden\\\/\",\"url\":\"https:\\\/\\\/solcora.com\\\/de\\\/solcora-designboeden-2\\\/was-sind-solcora-designboeden\\\/\",\"name\":\"Was sind Solcora-Designb\u00f6den - Solcora\",\"isPartOf\":{\"@id\":\"https:\\\/\\\/solcora.com\\\/de\\\/#website\"},\"datePublished\":\"2020-02-25T09:00:28+00:00\",\"dateModified\":\"2025-11-03T15:08:10+00:00\",\"breadcrumb\":{\"@id\":\"https:\\\/\\\/solcora.com\\\/de\\\/solcora-designboeden-2\\\/was-sind-solcora-designboeden\\\/#breadcrumb\"},\"inLanguage\":\"de\",\"potentialAction\":[{\"@type\":\"ReadAction\",\"target\":[\"https:\\\/\\\/solcora.com\\\/de\\\/solcora-designboeden-2\\\/was-sind-solcora-designboeden\\\/\"]}]},{\"@type\":\"BreadcrumbList\",\"@id\":\"https:\\\/\\\/solcora.com\\\/de\\\/solcora-designboeden-2\\\/was-sind-solcora-designboeden\\\/#breadcrumb\",\"itemListElement\":[{\"@type\":\"ListItem\",\"position\":1,\"name\":\"Home\",\"item\":\"https:\\\/\\\/solcora.com\\\/de\\\/\"},{\"@type\":\"ListItem\",\"position\":2,\"name\":\"Solcora Designb\u00f6den\",\"item\":\"https:\\\/\\\/solcora.com\\\/de\\\/solcora-designboeden-2\\\/\"},{\"@type\":\"ListItem\",\"position\":3,\"name\":\"Was sind Solcora-Designb\u00f6den\"}]},{\"@type\":\"WebSite\",\"@id\":\"https:\\\/\\\/solcora.com\\\/de\\\/#website\",\"url\":\"https:\\\/\\\/solcora.com\\\/de\\\/\",\"name\":\"Solcora\",\"description\":\"Rigid core design floors\",\"publisher\":{\"@id\":\"https:\\\/\\\/solcora.com\\\/de\\\/#organization\"},\"potentialAction\":[{\"@type\":\"SearchAction\",\"target\":{\"@type\":\"EntryPoint\",\"urlTemplate\":\"https:\\\/\\\/solcora.com\\\/de\\\/?s={search_term_string}\"},\"query-input\":{\"@type\":\"PropertyValueSpecification\",\"valueRequired\":true,\"valueName\":\"search_term_string\"}}],\"inLanguage\":\"de\"},{\"@type\":\"Organization\",\"@id\":\"https:\\\/\\\/solcora.com\\\/de\\\/#organization\",\"name\":\"Solcora\",\"url\":\"https:\\\/\\\/solcora.com\\\/de\\\/\",\"logo\":{\"@type\":\"ImageObject\",\"inLanguage\":\"de\",\"@id\":\"https:\\\/\\\/solcora.com\\\/de\\\/#\\\/schema\\\/logo\\\/image\\\/\",\"url\":\"https:\\\/\\\/solcora.com\\\/wp-content\\\/uploads\\\/2020\\\/04\\\/Solcora-by-mFLOR-NEW-2020.png\",\"contentUrl\":\"https:\\\/\\\/solcora.com\\\/wp-content\\\/uploads\\\/2020\\\/04\\\/Solcora-by-mFLOR-NEW-2020.png\",\"width\":746,\"height\":434,\"caption\":\"Solcora\"},\"image\":{\"@id\":\"https:\\\/\\\/solcora.com\\\/de\\\/#\\\/schema\\\/logo\\\/image\\\/\"}}]}<\/script>\n<!-- \/ Yoast SEO plugin. -->","yoast_head_json":{"title":"Was sind Solcora-Designb\u00f6den - Solcora","robots":{"index":"index","follow":"follow","max-snippet":"max-snippet:-1","max-image-preview":"max-image-preview:large","max-video-preview":"max-video-preview:-1"},"canonical":"https:\/\/solcora.com\/de\/solcora-designboeden-2\/was-sind-solcora-designboeden\/","og_locale":"de_DE","og_type":"article","og_title":"Was sind Solcora-Designb\u00f6den - Solcora","og_description":"[vc_section][vc_row][vc_column][vc_column_text] Was sind Solcora-Designb\u00f6den Rigid Core LVT-B\u00f6den von Solcora bestehen aus mehreren Schichten. Solcora trifft f\u00fcr jede Schicht eine bewusste Auswahl, um ein qualitativ hochwertiges Produkt anzubieten. Jedes Detail wurde sorgf\u00e4ltig bedacht und verbessert die Qualit\u00e4t und das Aussehen des Bodens.[\/vc_column_text][\/vc_column][\/vc_row][vc_row][vc_column width=&#8220;1\/2&#8243;][vc_column_text css=&#8220;&#8220;]Rigid core Solcora LVT-Klickb\u00f6den sind Design-LVT-B\u00f6den (wie mflor), jedoch mit einem starren Kern [&hellip;]","og_url":"https:\/\/solcora.com\/de\/solcora-designboeden-2\/was-sind-solcora-designboeden\/","og_site_name":"Solcora","article_modified_time":"2025-11-03T15:08:10+00:00","twitter_card":"summary_large_image","twitter_misc":{"Gesch\u00e4tzte Lesezeit":"2\u00a0Minuten"},"schema":{"@context":"https:\/\/schema.org","@graph":[{"@type":"WebPage","@id":"https:\/\/solcora.com\/de\/solcora-designboeden-2\/was-sind-solcora-designboeden\/","url":"https:\/\/solcora.com\/de\/solcora-designboeden-2\/was-sind-solcora-designboeden\/","name":"Was sind Solcora-Designb\u00f6den - Solcora","isPartOf":{"@id":"https:\/\/solcora.com\/de\/#website"},"datePublished":"2020-02-25T09:00:28+00:00","dateModified":"2025-11-03T15:08:10+00:00","breadcrumb":{"@id":"https:\/\/solcora.com\/de\/solcora-designboeden-2\/was-sind-solcora-designboeden\/#breadcrumb"},"inLanguage":"de","potentialAction":[{"@type":"ReadAction","target":["https:\/\/solcora.com\/de\/solcora-designboeden-2\/was-sind-solcora-designboeden\/"]}]},{"@type":"BreadcrumbList","@id":"https:\/\/solcora.com\/de\/solcora-designboeden-2\/was-sind-solcora-designboeden\/#breadcrumb","itemListElement":[{"@type":"ListItem","position":1,"name":"Home","item":"https:\/\/solcora.com\/de\/"},{"@type":"ListItem","position":2,"name":"Solcora Designb\u00f6den","item":"https:\/\/solcora.com\/de\/solcora-designboeden-2\/"},{"@type":"ListItem","position":3,"name":"Was sind Solcora-Designb\u00f6den"}]},{"@type":"WebSite","@id":"https:\/\/solcora.com\/de\/#website","url":"https:\/\/solcora.com\/de\/","name":"Solcora","description":"Rigid core design floors","publisher":{"@id":"https:\/\/solcora.com\/de\/#organization"},"potentialAction":[{"@type":"SearchAction","target":{"@type":"EntryPoint","urlTemplate":"https:\/\/solcora.com\/de\/?s={search_term_string}"},"query-input":{"@type":"PropertyValueSpecification","valueRequired":true,"valueName":"search_term_string"}}],"inLanguage":"de"},{"@type":"Organization","@id":"https:\/\/solcora.com\/de\/#organization","name":"Solcora","url":"https:\/\/solcora.com\/de\/","logo":{"@type":"ImageObject","inLanguage":"de","@id":"https:\/\/solcora.com\/de\/#\/schema\/logo\/image\/","url":"https:\/\/solcora.com\/wp-content\/uploads\/2020\/04\/Solcora-by-mFLOR-NEW-2020.png","contentUrl":"https:\/\/solcora.com\/wp-content\/uploads\/2020\/04\/Solcora-by-mFLOR-NEW-2020.png","width":746,"height":434,"caption":"Solcora"},"image":{"@id":"https:\/\/solcora.com\/de\/#\/schema\/logo\/image\/"}}]}},"_links":{"self":[{"href":"https:\/\/solcora.com\/de\/wp-json\/wp\/v2\/pages\/11524","targetHints":{"allow":["GET"]}}],"collection":[{"href":"https:\/\/solcora.com\/de\/wp-json\/wp\/v2\/pages"}],"about":[{"href":"https:\/\/solcora.com\/de\/wp-json\/wp\/v2\/types\/page"}],"author":[{"embeddable":true,"href":"https:\/\/solcora.com\/de\/wp-json\/wp\/v2\/users\/1"}],"replies":[{"embeddable":true,"href":"https:\/\/solcora.com\/de\/wp-json\/wp\/v2\/comments?post=11524"}],"version-history":[{"count":3,"href":"https:\/\/solcora.com\/de\/wp-json\/wp\/v2\/pages\/11524\/revisions"}],"predecessor-version":[{"id":14955,"href":"https:\/\/solcora.com\/de\/wp-json\/wp\/v2\/pages\/11524\/revisions\/14955"}],"up":[{"embeddable":true,"href":"https:\/\/solcora.com\/de\/wp-json\/wp\/v2\/pages\/10368"}],"wp:attachment":[{"href":"https:\/\/solcora.com\/de\/wp-json\/wp\/v2\/media?parent=11524"}],"curies":[{"name":"wp","href":"https:\/\/api.w.org\/{rel}","templated":true}]}}