{"id":11555,"date":"2020-02-26T09:00:44","date_gmt":"2020-02-26T08:00:44","guid":{"rendered":"https:\/\/solcora.com\/?page_id=11555"},"modified":"2022-03-22T10:07:12","modified_gmt":"2022-03-22T09:07:12","slug":"pflege","status":"publish","type":"page","link":"https:\/\/solcora.com\/de\/information-und-beratung\/pflege\/","title":{"rendered":"Pflege"},"content":{"rendered":"<div class=\"wpb-content-wrapper\"><p>[vc_section][vc_row][vc_column][vc_column_text]<\/p>\n<h1>Pflege<\/h1>\n<p>[\/vc_column_text][vc_column_text]Alle Solcora B\u00f6den sind f\u00fcr eine lange Lebensdauer und eine einfache Reinigung, sowie Pflege konzipiert. Damit Sie m\u00f6glichst lange Freude an Ihrem Boden haben, raten wir Ihnen, unsere Pflegehinweise zu beachten.<\/p>\n<p>F\u00fcr die regelm\u00e4\u00dfige Reinigung und Pflege gen\u00fcgt es, mit einer weichen D\u00fcse zu saugen und mit den empfohlenen Reinigungsmitteln zu wischen. Verwenden Sie eine L\u00f6sung aus lauwarmem Wasser und mFLOR Cleaner Mat oder Dr. Schutz PU Cleaner. Diese Produkte sind sicher und pH-neutral und nehmen den Schmutz besonders gut auf. Ein sicheres Reinigungsmittel in der richtigen Dosierung ist die Grundlage f\u00fcr einen sch\u00f6nen Boden.<\/p>\n<p>Aggressive Reinigungsmittel sind nicht zu empfehlen. Hinterlassen Sie nach der Reinigung keine Wasserpf\u00fctzen auf dem Boden.<\/p>\n<p><strong>Kratzfest<\/strong><br \/>\nAlle Solcora B\u00f6den haben eine sehr starke Verschlei\u00dfschicht, die sie \u00fcberaus kratzfest, aber nicht kratzfrei macht. Scharfe Gegenst\u00e4nde k\u00f6nnen Kratzer verursachen, also ist Vorbeugung besser als Nachsorge!<\/p>\n<ul>\n<li>Die Verwendung einer hochwertigen Fu\u00df- oder Eingangsmatte verhindert weitgehend das Eindringen von Schmutz und Feuchtigkeit, so dass die mFLOR-B\u00f6den seltener gereinigt werden m\u00fcssen und ihre Lebensdauer verl\u00e4ngert wird.<\/li>\n<li>Vermeiden Sie einen l\u00e4ngeren Kontakt zwischen Vinyl und Gummi, da dies zu dauerhaften, dunkelbraunen Verf\u00e4rbungen f\u00fchren kann (z. B. ein Gummiring unter einem M\u00fclleimer, Gummischutzmatten, Tischsets usw.). Gummikappen unter M\u00f6beln k\u00f6nnen aufgrund von Reibung Schlieren verursachen. Wir raten Ihnen daher, alle M\u00f6bel und Utensilien auf Gummikappen zu \u00fcberpr\u00fcfen und einen Schutz anzubringen (siehe <a href=\"http:\/\/www.scratchnomore.com\" target=\"_blank\" rel=\"noopener\">www.scratchnomore.com<\/a>).<\/li>\n<li>Lassen Sie keine schweren Gegenst\u00e4nde \u00fcber den Boden gleiten und versehen Sie Stuhlbeine und andere M\u00f6bel mit einem geeigneten Schutz.<\/li>\n<li>Ersetzen Sie alle Rollen unter B\u00fcrost\u00fchlen durch weiche Rollen, die f\u00fcr glatte Vinylb\u00f6den geeignet sind.<\/li>\n<li>Vermeiden Sie Verf\u00e4rbungen durch Sonnenlicht: Alle Bodenbel\u00e4ge verf\u00e4rben sich, wenn sie dem Sonnenlicht ausgesetzt sind, egal ob sie aus Holz, PVC oder Teppich bestehen. Dies wird durch die ultravioletten Strahlen des Sonnenlichts verursacht. Um eine Verf\u00e4rbung Ihres Bodens zu verhindern, ist es wichtig, wirksame Jalousien zu verwenden.<\/li>\n<\/ul>\n<p>[\/vc_column_text][\/vc_column][\/vc_row][vc_row][vc_column][vc_column_text]Laden Sie die detaillierte Pflege f\u00fcr Solcora Klickb\u00f6den herunter:[\/vc_column_text][vc_btn title=&#8220;Pflege&#8220; shape=&#8220;round&#8220; align=&#8220;left&#8220; i_align=&#8220;right&#8220; i_icon_fontawesome=&#8220;&#8220; css_animation=&#8220;none&#8220; add_icon=&#8220;true&#8220; link=&#8220;url:https%3A%2F%2Fsolcora.com%2Fwp-content%2Fuploads%2F2022%2F03%2F220318-Solcora-Pflege-DE.pdf|title:Pflege|target:_blank&#8220; el_class=&#8220;button button&#8211;primary&#8220;][\/vc_column][\/vc_row][\/vc_section]<\/p>\n<\/div>","protected":false},"excerpt":{"rendered":"<p>[vc_section][vc_row][vc_column][vc_column_text] Pflege [\/vc_column_text][vc_column_text]Alle Solcora B\u00f6den sind f\u00fcr eine lange Lebensdauer und eine einfache Reinigung, sowie Pflege konzipiert. Damit Sie m\u00f6glichst lange Freude an Ihrem Boden haben, raten wir Ihnen, unsere Pflegehinweise zu beachten. F\u00fcr die regelm\u00e4\u00dfige Reinigung und Pflege gen\u00fcgt es, mit einer weichen D\u00fcse zu saugen und mit den empfohlenen Reinigungsmitteln zu wischen. Verwenden [&hellip;]<\/p>\n","protected":false},"author":1,"featured_media":0,"parent":11551,"menu_order":0,"comment_status":"closed","ping_status":"closed","template":"","meta":{"_acf_changed":false,"footnotes":""},"class_list":["post-11555","page","type-page","status-publish","hentry"],"acf":[],"yoast_head":"<!-- This site is optimized with the Yoast SEO plugin v27.4 - https:\/\/yoast.com\/product\/yoast-seo-wordpress\/ -->\n<title>Pflege - Solcora<\/title>\n<meta name=\"robots\" content=\"index, follow, max-snippet:-1, max-image-preview:large, max-video-preview:-1\" \/>\n<link rel=\"canonical\" href=\"https:\/\/solcora.com\/de\/information-und-beratung\/pflege\/\" \/>\n<meta property=\"og:locale\" content=\"de_DE\" \/>\n<meta property=\"og:type\" content=\"article\" \/>\n<meta property=\"og:title\" content=\"Pflege - Solcora\" \/>\n<meta property=\"og:description\" content=\"[vc_section][vc_row][vc_column][vc_column_text] Pflege [\/vc_column_text][vc_column_text]Alle Solcora B\u00f6den sind f\u00fcr eine lange Lebensdauer und eine einfache Reinigung, sowie Pflege konzipiert. Damit Sie m\u00f6glichst lange Freude an Ihrem Boden haben, raten wir Ihnen, unsere Pflegehinweise zu beachten. F\u00fcr die regelm\u00e4\u00dfige Reinigung und Pflege gen\u00fcgt es, mit einer weichen D\u00fcse zu saugen und mit den empfohlenen Reinigungsmitteln zu wischen. Verwenden [&hellip;]\" \/>\n<meta property=\"og:url\" content=\"https:\/\/solcora.com\/de\/information-und-beratung\/pflege\/\" \/>\n<meta property=\"og:site_name\" content=\"Solcora\" \/>\n<meta property=\"article:modified_time\" content=\"2022-03-22T09:07:12+00:00\" \/>\n<meta name=\"twitter:card\" content=\"summary_large_image\" \/>\n<meta name=\"twitter:label1\" content=\"Gesch\u00e4tzte Lesezeit\" \/>\n\t<meta name=\"twitter:data1\" content=\"2\u00a0Minuten\" \/>\n<script type=\"application\/ld+json\" class=\"yoast-schema-graph\">{\"@context\":\"https:\\\/\\\/schema.org\",\"@graph\":[{\"@type\":\"WebPage\",\"@id\":\"https:\\\/\\\/solcora.com\\\/de\\\/information-und-beratung\\\/pflege\\\/\",\"url\":\"https:\\\/\\\/solcora.com\\\/de\\\/information-und-beratung\\\/pflege\\\/\",\"name\":\"Pflege - Solcora\",\"isPartOf\":{\"@id\":\"https:\\\/\\\/solcora.com\\\/de\\\/#website\"},\"datePublished\":\"2020-02-26T08:00:44+00:00\",\"dateModified\":\"2022-03-22T09:07:12+00:00\",\"breadcrumb\":{\"@id\":\"https:\\\/\\\/solcora.com\\\/de\\\/information-und-beratung\\\/pflege\\\/#breadcrumb\"},\"inLanguage\":\"de\",\"potentialAction\":[{\"@type\":\"ReadAction\",\"target\":[\"https:\\\/\\\/solcora.com\\\/de\\\/information-und-beratung\\\/pflege\\\/\"]}]},{\"@type\":\"BreadcrumbList\",\"@id\":\"https:\\\/\\\/solcora.com\\\/de\\\/information-und-beratung\\\/pflege\\\/#breadcrumb\",\"itemListElement\":[{\"@type\":\"ListItem\",\"position\":1,\"name\":\"Home\",\"item\":\"https:\\\/\\\/solcora.com\\\/de\\\/\"},{\"@type\":\"ListItem\",\"position\":2,\"name\":\"Information und Beratung\",\"item\":\"https:\\\/\\\/solcora.com\\\/de\\\/information-und-beratung\\\/\"},{\"@type\":\"ListItem\",\"position\":3,\"name\":\"Pflege\"}]},{\"@type\":\"WebSite\",\"@id\":\"https:\\\/\\\/solcora.com\\\/de\\\/#website\",\"url\":\"https:\\\/\\\/solcora.com\\\/de\\\/\",\"name\":\"Solcora\",\"description\":\"Rigid core design floors\",\"publisher\":{\"@id\":\"https:\\\/\\\/solcora.com\\\/de\\\/#organization\"},\"potentialAction\":[{\"@type\":\"SearchAction\",\"target\":{\"@type\":\"EntryPoint\",\"urlTemplate\":\"https:\\\/\\\/solcora.com\\\/de\\\/?s={search_term_string}\"},\"query-input\":{\"@type\":\"PropertyValueSpecification\",\"valueRequired\":true,\"valueName\":\"search_term_string\"}}],\"inLanguage\":\"de\"},{\"@type\":\"Organization\",\"@id\":\"https:\\\/\\\/solcora.com\\\/de\\\/#organization\",\"name\":\"Solcora\",\"url\":\"https:\\\/\\\/solcora.com\\\/de\\\/\",\"logo\":{\"@type\":\"ImageObject\",\"inLanguage\":\"de\",\"@id\":\"https:\\\/\\\/solcora.com\\\/de\\\/#\\\/schema\\\/logo\\\/image\\\/\",\"url\":\"https:\\\/\\\/solcora.com\\\/wp-content\\\/uploads\\\/2020\\\/04\\\/Solcora-by-mFLOR-NEW-2020.png\",\"contentUrl\":\"https:\\\/\\\/solcora.com\\\/wp-content\\\/uploads\\\/2020\\\/04\\\/Solcora-by-mFLOR-NEW-2020.png\",\"width\":746,\"height\":434,\"caption\":\"Solcora\"},\"image\":{\"@id\":\"https:\\\/\\\/solcora.com\\\/de\\\/#\\\/schema\\\/logo\\\/image\\\/\"}}]}<\/script>\n<!-- \/ Yoast SEO plugin. -->","yoast_head_json":{"title":"Pflege - Solcora","robots":{"index":"index","follow":"follow","max-snippet":"max-snippet:-1","max-image-preview":"max-image-preview:large","max-video-preview":"max-video-preview:-1"},"canonical":"https:\/\/solcora.com\/de\/information-und-beratung\/pflege\/","og_locale":"de_DE","og_type":"article","og_title":"Pflege - Solcora","og_description":"[vc_section][vc_row][vc_column][vc_column_text] Pflege [\/vc_column_text][vc_column_text]Alle Solcora B\u00f6den sind f\u00fcr eine lange Lebensdauer und eine einfache Reinigung, sowie Pflege konzipiert. Damit Sie m\u00f6glichst lange Freude an Ihrem Boden haben, raten wir Ihnen, unsere Pflegehinweise zu beachten. F\u00fcr die regelm\u00e4\u00dfige Reinigung und Pflege gen\u00fcgt es, mit einer weichen D\u00fcse zu saugen und mit den empfohlenen Reinigungsmitteln zu wischen. Verwenden [&hellip;]","og_url":"https:\/\/solcora.com\/de\/information-und-beratung\/pflege\/","og_site_name":"Solcora","article_modified_time":"2022-03-22T09:07:12+00:00","twitter_card":"summary_large_image","twitter_misc":{"Gesch\u00e4tzte Lesezeit":"2\u00a0Minuten"},"schema":{"@context":"https:\/\/schema.org","@graph":[{"@type":"WebPage","@id":"https:\/\/solcora.com\/de\/information-und-beratung\/pflege\/","url":"https:\/\/solcora.com\/de\/information-und-beratung\/pflege\/","name":"Pflege - Solcora","isPartOf":{"@id":"https:\/\/solcora.com\/de\/#website"},"datePublished":"2020-02-26T08:00:44+00:00","dateModified":"2022-03-22T09:07:12+00:00","breadcrumb":{"@id":"https:\/\/solcora.com\/de\/information-und-beratung\/pflege\/#breadcrumb"},"inLanguage":"de","potentialAction":[{"@type":"ReadAction","target":["https:\/\/solcora.com\/de\/information-und-beratung\/pflege\/"]}]},{"@type":"BreadcrumbList","@id":"https:\/\/solcora.com\/de\/information-und-beratung\/pflege\/#breadcrumb","itemListElement":[{"@type":"ListItem","position":1,"name":"Home","item":"https:\/\/solcora.com\/de\/"},{"@type":"ListItem","position":2,"name":"Information und Beratung","item":"https:\/\/solcora.com\/de\/information-und-beratung\/"},{"@type":"ListItem","position":3,"name":"Pflege"}]},{"@type":"WebSite","@id":"https:\/\/solcora.com\/de\/#website","url":"https:\/\/solcora.com\/de\/","name":"Solcora","description":"Rigid core design floors","publisher":{"@id":"https:\/\/solcora.com\/de\/#organization"},"potentialAction":[{"@type":"SearchAction","target":{"@type":"EntryPoint","urlTemplate":"https:\/\/solcora.com\/de\/?s={search_term_string}"},"query-input":{"@type":"PropertyValueSpecification","valueRequired":true,"valueName":"search_term_string"}}],"inLanguage":"de"},{"@type":"Organization","@id":"https:\/\/solcora.com\/de\/#organization","name":"Solcora","url":"https:\/\/solcora.com\/de\/","logo":{"@type":"ImageObject","inLanguage":"de","@id":"https:\/\/solcora.com\/de\/#\/schema\/logo\/image\/","url":"https:\/\/solcora.com\/wp-content\/uploads\/2020\/04\/Solcora-by-mFLOR-NEW-2020.png","contentUrl":"https:\/\/solcora.com\/wp-content\/uploads\/2020\/04\/Solcora-by-mFLOR-NEW-2020.png","width":746,"height":434,"caption":"Solcora"},"image":{"@id":"https:\/\/solcora.com\/de\/#\/schema\/logo\/image\/"}}]}},"_links":{"self":[{"href":"https:\/\/solcora.com\/de\/wp-json\/wp\/v2\/pages\/11555","targetHints":{"allow":["GET"]}}],"collection":[{"href":"https:\/\/solcora.com\/de\/wp-json\/wp\/v2\/pages"}],"about":[{"href":"https:\/\/solcora.com\/de\/wp-json\/wp\/v2\/types\/page"}],"author":[{"embeddable":true,"href":"https:\/\/solcora.com\/de\/wp-json\/wp\/v2\/users\/1"}],"replies":[{"embeddable":true,"href":"https:\/\/solcora.com\/de\/wp-json\/wp\/v2\/comments?post=11555"}],"version-history":[{"count":0,"href":"https:\/\/solcora.com\/de\/wp-json\/wp\/v2\/pages\/11555\/revisions"}],"up":[{"embeddable":true,"href":"https:\/\/solcora.com\/de\/wp-json\/wp\/v2\/pages\/11551"}],"wp:attachment":[{"href":"https:\/\/solcora.com\/de\/wp-json\/wp\/v2\/media?parent=11555"}],"curies":[{"name":"wp","href":"https:\/\/api.w.org\/{rel}","templated":true}]}}