{"id":11556,"date":"2020-02-13T04:37:52","date_gmt":"2020-02-13T03:37:52","guid":{"rendered":"https:\/\/solcora.com\/?page_id=11556"},"modified":"2026-02-17T10:34:47","modified_gmt":"2026-02-17T09:34:47","slug":"garantie","status":"publish","type":"page","link":"https:\/\/solcora.com\/de\/information-und-beratung\/garantie\/","title":{"rendered":"Garantie"},"content":{"rendered":"<div class=\"wpb-content-wrapper\"><p>[vc_section][vc_row][vc_column][vc_row_inner content_placement=&#8220;middle&#8220;][vc_column_inner width=&#8220;1\/2&#8243; offset=&#8220;vc_col-xs-6&#8243;][vc_column_text]<\/p>\n<h1>Garantie<\/h1>\n<p>[\/vc_column_text][\/vc_column_inner][vc_column_inner width=&#8220;1\/2&#8243; offset=&#8220;vc_col-xs-6&#8243;][vc_single_image image=&#8220;11096&#8243; alignment=&#8220;center&#8220; el_class=&#8220;warranty-icon&#8220;][\/vc_column_inner][\/vc_row_inner][\/vc_column][\/vc_row][vc_row][vc_column][vc_column_text]Solcora gew\u00e4hrt auf seine Produkte f\u00fcr den Hausgebrauch eine Garantie von bis zu 25 Jahren, sofern die Produkte gem\u00e4\u00df den Richtlinien verwendet werden. Der Boden muss fachgerecht und gem\u00e4\u00df der aktuellen Verlegeanleitung verlegt werden. Die Richtlinien f\u00fcr die ordnungsgem\u00e4\u00dfe Pflege und den Schutz des Bodens m\u00fcssen befolgt werden.<\/p>\n<p>Laden Sie die Garantiebedingungen f\u00fcr Solcora Klickb\u00f6den herunter:[\/vc_column_text][\/vc_column][\/vc_row][vc_row][vc_column][vc_btn title=&#8220;Garantie&#8220; shape=&#8220;round&#8220; i_align=&#8220;right&#8220; i_icon_fontawesome=&#8220;&#8220; css=&#8220;&#8220; add_icon=&#8220;true&#8220; el_class=&#8220;button button&#8211;primary&#8220; link=&#8220;url:https%3A%2F%2Fsolcora.com%2Fwp-content%2Fuploads%2F2026%2F02%2FGarantie-Solcora-Click-1.3-2026-DE.pdf|title:Garantie|target:_blank&#8220;][\/vc_column][\/vc_row][\/vc_section]<\/p>\n<\/div>","protected":false},"excerpt":{"rendered":"<p>[vc_section][vc_row][vc_column][vc_row_inner content_placement=&#8220;middle&#8220;][vc_column_inner width=&#8220;1\/2&#8243; offset=&#8220;vc_col-xs-6&#8243;][vc_column_text] Garantie [\/vc_column_text][\/vc_column_inner][vc_column_inner width=&#8220;1\/2&#8243; offset=&#8220;vc_col-xs-6&#8243;][vc_single_image image=&#8220;11096&#8243; alignment=&#8220;center&#8220; el_class=&#8220;warranty-icon&#8220;][\/vc_column_inner][\/vc_row_inner][\/vc_column][\/vc_row][vc_row][vc_column][vc_column_text]Solcora gew\u00e4hrt auf seine Produkte f\u00fcr den Hausgebrauch eine Garantie von bis zu 25 Jahren, sofern die Produkte gem\u00e4\u00df den Richtlinien verwendet werden. Der Boden muss fachgerecht und gem\u00e4\u00df der aktuellen Verlegeanleitung verlegt werden. Die Richtlinien f\u00fcr die ordnungsgem\u00e4\u00dfe Pflege und den Schutz des Bodens [&hellip;]<\/p>\n","protected":false},"author":1,"featured_media":0,"parent":11551,"menu_order":0,"comment_status":"closed","ping_status":"closed","template":"","meta":{"_acf_changed":false,"footnotes":""},"class_list":["post-11556","page","type-page","status-publish","hentry"],"acf":[],"yoast_head":"<!-- This site is optimized with the Yoast SEO plugin v27.4 - https:\/\/yoast.com\/product\/yoast-seo-wordpress\/ -->\n<title>Garantie - Solcora<\/title>\n<meta name=\"robots\" content=\"index, follow, max-snippet:-1, max-image-preview:large, max-video-preview:-1\" \/>\n<link rel=\"canonical\" href=\"https:\/\/solcora.com\/de\/information-und-beratung\/garantie\/\" \/>\n<meta property=\"og:locale\" content=\"de_DE\" \/>\n<meta property=\"og:type\" content=\"article\" \/>\n<meta property=\"og:title\" content=\"Garantie - Solcora\" \/>\n<meta property=\"og:description\" content=\"[vc_section][vc_row][vc_column][vc_row_inner content_placement=&#8220;middle&#8220;][vc_column_inner width=&#8220;1\/2&#8243; offset=&#8220;vc_col-xs-6&#8243;][vc_column_text] Garantie [\/vc_column_text][\/vc_column_inner][vc_column_inner width=&#8220;1\/2&#8243; offset=&#8220;vc_col-xs-6&#8243;][vc_single_image image=&#8220;11096&#8243; alignment=&#8220;center&#8220; el_class=&#8220;warranty-icon&#8220;][\/vc_column_inner][\/vc_row_inner][\/vc_column][\/vc_row][vc_row][vc_column][vc_column_text]Solcora gew\u00e4hrt auf seine Produkte f\u00fcr den Hausgebrauch eine Garantie von bis zu 25 Jahren, sofern die Produkte gem\u00e4\u00df den Richtlinien verwendet werden. Der Boden muss fachgerecht und gem\u00e4\u00df der aktuellen Verlegeanleitung verlegt werden. Die Richtlinien f\u00fcr die ordnungsgem\u00e4\u00dfe Pflege und den Schutz des Bodens [&hellip;]\" \/>\n<meta property=\"og:url\" content=\"https:\/\/solcora.com\/de\/information-und-beratung\/garantie\/\" \/>\n<meta property=\"og:site_name\" content=\"Solcora\" \/>\n<meta property=\"article:modified_time\" content=\"2026-02-17T09:34:47+00:00\" \/>\n<meta name=\"twitter:card\" content=\"summary_large_image\" \/>\n<meta name=\"twitter:label1\" content=\"Gesch\u00e4tzte Lesezeit\" \/>\n\t<meta name=\"twitter:data1\" content=\"1\u00a0Minute\" \/>\n<script type=\"application\/ld+json\" class=\"yoast-schema-graph\">{\"@context\":\"https:\\\/\\\/schema.org\",\"@graph\":[{\"@type\":\"WebPage\",\"@id\":\"https:\\\/\\\/solcora.com\\\/de\\\/information-und-beratung\\\/garantie\\\/\",\"url\":\"https:\\\/\\\/solcora.com\\\/de\\\/information-und-beratung\\\/garantie\\\/\",\"name\":\"Garantie - Solcora\",\"isPartOf\":{\"@id\":\"https:\\\/\\\/solcora.com\\\/de\\\/#website\"},\"datePublished\":\"2020-02-13T03:37:52+00:00\",\"dateModified\":\"2026-02-17T09:34:47+00:00\",\"breadcrumb\":{\"@id\":\"https:\\\/\\\/solcora.com\\\/de\\\/information-und-beratung\\\/garantie\\\/#breadcrumb\"},\"inLanguage\":\"de\",\"potentialAction\":[{\"@type\":\"ReadAction\",\"target\":[\"https:\\\/\\\/solcora.com\\\/de\\\/information-und-beratung\\\/garantie\\\/\"]}]},{\"@type\":\"BreadcrumbList\",\"@id\":\"https:\\\/\\\/solcora.com\\\/de\\\/information-und-beratung\\\/garantie\\\/#breadcrumb\",\"itemListElement\":[{\"@type\":\"ListItem\",\"position\":1,\"name\":\"Home\",\"item\":\"https:\\\/\\\/solcora.com\\\/de\\\/\"},{\"@type\":\"ListItem\",\"position\":2,\"name\":\"Information und Beratung\",\"item\":\"https:\\\/\\\/solcora.com\\\/de\\\/information-und-beratung\\\/\"},{\"@type\":\"ListItem\",\"position\":3,\"name\":\"Garantie\"}]},{\"@type\":\"WebSite\",\"@id\":\"https:\\\/\\\/solcora.com\\\/de\\\/#website\",\"url\":\"https:\\\/\\\/solcora.com\\\/de\\\/\",\"name\":\"Solcora\",\"description\":\"Rigid core design floors\",\"publisher\":{\"@id\":\"https:\\\/\\\/solcora.com\\\/de\\\/#organization\"},\"potentialAction\":[{\"@type\":\"SearchAction\",\"target\":{\"@type\":\"EntryPoint\",\"urlTemplate\":\"https:\\\/\\\/solcora.com\\\/de\\\/?s={search_term_string}\"},\"query-input\":{\"@type\":\"PropertyValueSpecification\",\"valueRequired\":true,\"valueName\":\"search_term_string\"}}],\"inLanguage\":\"de\"},{\"@type\":\"Organization\",\"@id\":\"https:\\\/\\\/solcora.com\\\/de\\\/#organization\",\"name\":\"Solcora\",\"url\":\"https:\\\/\\\/solcora.com\\\/de\\\/\",\"logo\":{\"@type\":\"ImageObject\",\"inLanguage\":\"de\",\"@id\":\"https:\\\/\\\/solcora.com\\\/de\\\/#\\\/schema\\\/logo\\\/image\\\/\",\"url\":\"https:\\\/\\\/solcora.com\\\/wp-content\\\/uploads\\\/2020\\\/04\\\/Solcora-by-mFLOR-NEW-2020.png\",\"contentUrl\":\"https:\\\/\\\/solcora.com\\\/wp-content\\\/uploads\\\/2020\\\/04\\\/Solcora-by-mFLOR-NEW-2020.png\",\"width\":746,\"height\":434,\"caption\":\"Solcora\"},\"image\":{\"@id\":\"https:\\\/\\\/solcora.com\\\/de\\\/#\\\/schema\\\/logo\\\/image\\\/\"}}]}<\/script>\n<!-- \/ Yoast SEO plugin. -->","yoast_head_json":{"title":"Garantie - Solcora","robots":{"index":"index","follow":"follow","max-snippet":"max-snippet:-1","max-image-preview":"max-image-preview:large","max-video-preview":"max-video-preview:-1"},"canonical":"https:\/\/solcora.com\/de\/information-und-beratung\/garantie\/","og_locale":"de_DE","og_type":"article","og_title":"Garantie - Solcora","og_description":"[vc_section][vc_row][vc_column][vc_row_inner content_placement=&#8220;middle&#8220;][vc_column_inner width=&#8220;1\/2&#8243; offset=&#8220;vc_col-xs-6&#8243;][vc_column_text] Garantie [\/vc_column_text][\/vc_column_inner][vc_column_inner width=&#8220;1\/2&#8243; offset=&#8220;vc_col-xs-6&#8243;][vc_single_image image=&#8220;11096&#8243; alignment=&#8220;center&#8220; el_class=&#8220;warranty-icon&#8220;][\/vc_column_inner][\/vc_row_inner][\/vc_column][\/vc_row][vc_row][vc_column][vc_column_text]Solcora gew\u00e4hrt auf seine Produkte f\u00fcr den Hausgebrauch eine Garantie von bis zu 25 Jahren, sofern die Produkte gem\u00e4\u00df den Richtlinien verwendet werden. Der Boden muss fachgerecht und gem\u00e4\u00df der aktuellen Verlegeanleitung verlegt werden. Die Richtlinien f\u00fcr die ordnungsgem\u00e4\u00dfe Pflege und den Schutz des Bodens [&hellip;]","og_url":"https:\/\/solcora.com\/de\/information-und-beratung\/garantie\/","og_site_name":"Solcora","article_modified_time":"2026-02-17T09:34:47+00:00","twitter_card":"summary_large_image","twitter_misc":{"Gesch\u00e4tzte Lesezeit":"1\u00a0Minute"},"schema":{"@context":"https:\/\/schema.org","@graph":[{"@type":"WebPage","@id":"https:\/\/solcora.com\/de\/information-und-beratung\/garantie\/","url":"https:\/\/solcora.com\/de\/information-und-beratung\/garantie\/","name":"Garantie - Solcora","isPartOf":{"@id":"https:\/\/solcora.com\/de\/#website"},"datePublished":"2020-02-13T03:37:52+00:00","dateModified":"2026-02-17T09:34:47+00:00","breadcrumb":{"@id":"https:\/\/solcora.com\/de\/information-und-beratung\/garantie\/#breadcrumb"},"inLanguage":"de","potentialAction":[{"@type":"ReadAction","target":["https:\/\/solcora.com\/de\/information-und-beratung\/garantie\/"]}]},{"@type":"BreadcrumbList","@id":"https:\/\/solcora.com\/de\/information-und-beratung\/garantie\/#breadcrumb","itemListElement":[{"@type":"ListItem","position":1,"name":"Home","item":"https:\/\/solcora.com\/de\/"},{"@type":"ListItem","position":2,"name":"Information und Beratung","item":"https:\/\/solcora.com\/de\/information-und-beratung\/"},{"@type":"ListItem","position":3,"name":"Garantie"}]},{"@type":"WebSite","@id":"https:\/\/solcora.com\/de\/#website","url":"https:\/\/solcora.com\/de\/","name":"Solcora","description":"Rigid core design floors","publisher":{"@id":"https:\/\/solcora.com\/de\/#organization"},"potentialAction":[{"@type":"SearchAction","target":{"@type":"EntryPoint","urlTemplate":"https:\/\/solcora.com\/de\/?s={search_term_string}"},"query-input":{"@type":"PropertyValueSpecification","valueRequired":true,"valueName":"search_term_string"}}],"inLanguage":"de"},{"@type":"Organization","@id":"https:\/\/solcora.com\/de\/#organization","name":"Solcora","url":"https:\/\/solcora.com\/de\/","logo":{"@type":"ImageObject","inLanguage":"de","@id":"https:\/\/solcora.com\/de\/#\/schema\/logo\/image\/","url":"https:\/\/solcora.com\/wp-content\/uploads\/2020\/04\/Solcora-by-mFLOR-NEW-2020.png","contentUrl":"https:\/\/solcora.com\/wp-content\/uploads\/2020\/04\/Solcora-by-mFLOR-NEW-2020.png","width":746,"height":434,"caption":"Solcora"},"image":{"@id":"https:\/\/solcora.com\/de\/#\/schema\/logo\/image\/"}}]}},"_links":{"self":[{"href":"https:\/\/solcora.com\/de\/wp-json\/wp\/v2\/pages\/11556","targetHints":{"allow":["GET"]}}],"collection":[{"href":"https:\/\/solcora.com\/de\/wp-json\/wp\/v2\/pages"}],"about":[{"href":"https:\/\/solcora.com\/de\/wp-json\/wp\/v2\/types\/page"}],"author":[{"embeddable":true,"href":"https:\/\/solcora.com\/de\/wp-json\/wp\/v2\/users\/1"}],"replies":[{"embeddable":true,"href":"https:\/\/solcora.com\/de\/wp-json\/wp\/v2\/comments?post=11556"}],"version-history":[{"count":1,"href":"https:\/\/solcora.com\/de\/wp-json\/wp\/v2\/pages\/11556\/revisions"}],"predecessor-version":[{"id":15208,"href":"https:\/\/solcora.com\/de\/wp-json\/wp\/v2\/pages\/11556\/revisions\/15208"}],"up":[{"embeddable":true,"href":"https:\/\/solcora.com\/de\/wp-json\/wp\/v2\/pages\/11551"}],"wp:attachment":[{"href":"https:\/\/solcora.com\/de\/wp-json\/wp\/v2\/media?parent=11556"}],"curies":[{"name":"wp","href":"https:\/\/api.w.org\/{rel}","templated":true}]}}