{"id":11565,"date":"2017-05-23T17:14:37","date_gmt":"2017-05-23T15:14:37","guid":{"rendered":"https:\/\/solcora.com\/?page_id=11565"},"modified":"2025-11-03T15:03:19","modified_gmt":"2025-11-03T14:03:19","slug":"solcora-rigid-core-pvc-floors","status":"publish","type":"page","link":"https:\/\/solcora.com\/de\/","title":{"rendered":"Solcora rigid core PVC floors"},"content":{"rendered":"<div class=\"wpb-content-wrapper\"><p>[vc_section][vc_row gap=&#8220;35&#8243; equal_height=&#8220;yes&#8220; el_class=&#8220;homepage-row&#8220;][vc_column width=&#8220;7\/12&#8243;][vc_column_text css=&#8220;&#8220;]<\/p>\n<h1>Solcora-LVT Klickb\u00f6den: Klicken &amp; Los!<\/h1>\n<p>Solcora-B\u00f6den sind Rigid Core LVT-B\u00f6den mit einer soliden Klickverbindung und integriertem Unterboden f\u00fcr h\u00f6chsten Komfort und eine schnelle und einfache Verlegung.<\/p>\n<p>Solcora ist eine Komplettl\u00f6sung, die Ruhe schafft. F\u00fcr zus\u00e4tzlichen Komfort haben alle Solcora-Kollektionen einen integrierten Unterboden. So erreichen Solcora+ B\u00f6den einen Schalld\u00e4mmungswert von \u0394L<sub>W<\/sub> 20 dB und Solcora Silence B\u00f6den einen Schalld\u00e4mmungswert von \u0394L<sub>W<\/sub> 21 dB. Das ist ideal f\u00fcr Wohnr\u00e4ume.<\/p>\n<p>Da die Solcora-B\u00f6den \u00fcber eine starke Click-Verbindung verf\u00fcgen, ist die schwimmende Verlegung ein Kinderspiel. Die B\u00f6den k\u00f6nnen schnell und einfach auf vorhandenen Oberfl\u00e4chen verlegt werden. Ohne (permanente) Vorbereitungen des Unterbodens! Auf diese Weise kombiniert Solcora alle komfortablen Vorteile von LVT-B\u00f6den (wie mflor) mit einer schnellen und einfachen Verlegung. Die ideale Fu\u00dfbodenl\u00f6sung f\u00fcr jede Wohn- und Arbeitsumgebung, <strong>klicken &amp; los!<\/strong>[\/vc_column_text][vc_row_inner][vc_column_inner width=&#8220;1\/3&#8243; offset=&#8220;vc_col-xs-4&#8243;][vc_single_image image=&#8220;11485&#8243; alignment=&#8220;center&#8220;][\/vc_column_inner][vc_column_inner width=&#8220;1\/3&#8243; offset=&#8220;vc_col-xs-4&#8243;][vc_single_image image=&#8220;11207&#8243; alignment=&#8220;center&#8220;][\/vc_column_inner][vc_column_inner width=&#8220;1\/3&#8243; offset=&#8220;vc_col-xs-4&#8243;][vc_single_image image=&#8220;11209&#8243; alignment=&#8220;center&#8220;][\/vc_column_inner][\/vc_row_inner][vc_row_inner][vc_column_inner width=&#8220;1\/2&#8243; offset=&#8220;vc_col-xs-12&#8243;][vc_btn title=&#8220;Kollektion anschauen&#8220; shape=&#8220;round&#8220; size=&#8220;lg&#8220; align=&#8220;center&#8220; button_block=&#8220;true&#8220; el_class=&#8220;button button&#8211;primary&#8220; link=&#8220;url:https%3A%2F%2Fsolcora.com%2Fde%2Fkollektion%2F|title:Kollektion%20anschauen&#8220;][\/vc_column_inner][vc_column_inner width=&#8220;1\/2&#8243;][vc_btn title=&#8220;Mehr Informationen&#8220; shape=&#8220;round&#8220; size=&#8220;lg&#8220; align=&#8220;center&#8220; button_block=&#8220;true&#8220; el_class=&#8220;button button&#8211;secondary&#8220; link=&#8220;url:https%3A%2F%2Fsolcora.com%2Fde%2Fsolcora-designboeden%2F|title:Mehr%20Informationen&#8220;][\/vc_column_inner][\/vc_row_inner][\/vc_column][vc_column width=&#8220;5\/12&#8243;][vc_cta h2=&#8220;Solcora Parva Fischgr\u00e4tmuster&#8220; shape=&#8220;square&#8220; color=&#8220;white&#8220; add_button=&#8220;bottom&#8220; btn_title=&#8220;Der Parva-Kollektion&#8220; btn_shape=&#8220;round&#8220; btn_align=&#8220;left&#8220; btn_i_align=&#8220;right&#8220; btn_i_icon_fontawesome=&#8220;fas fa-angle-right&#8220; css=&#8220;.vc_custom_1762178433927{padding-top: 55px !important;padding-bottom: 55px !important;}&#8220; btn_button_block=&#8220;true&#8220; btn_add_icon=&#8220;true&#8220; el_id=&#8220;homepage-block&#8220; el_class=&#8220;homepage-block-inner homepage-block-inner&#8211;1&#8243; btn_el_class=&#8220;button button&#8211;ghost-white&#8220; btn_link=&#8220;url:https%3A%2F%2Fsolcora.com%2Fde%2Fprodukt-kategorie%2Fparva-river-oak-de%2F%3Ffilter_product-type%3Dsolcora-plus-de|title:Der%20Parva-Kollektion&#8220;]Die Solcora Silence Klickb\u00f6den sind ebenfalls als in Fischgr\u00e4tmuster erh\u00e4ltlich. Die Solcora Parva River Oak Kollektion kombiniert das Beste aus beiden Welten &#8211; Klassisches Parkettmuster mit den praktischen Vorz\u00fcgen des LVT Klickbodens. Verleihen Sie Ihrem Zimmer ein luxuri\u00f6ses, modernes Aussehen mit einer klassischen Note.[\/vc_cta][vc_cta h2=&#8220;Solcora Authentic&#8220; shape=&#8220;square&#8220; color=&#8220;white&#8220; add_button=&#8220;bottom&#8220; btn_title=&#8220;Der Authentic-Kollektion&#8220; btn_shape=&#8220;round&#8220; btn_align=&#8220;left&#8220; btn_i_align=&#8220;right&#8220; btn_i_icon_fontawesome=&#8220;fas fa-angle-right&#8220; css=&#8220;.vc_custom_1762178494803{padding-top: 55px !important;padding-bottom: 55px !important;}&#8220; btn_button_block=&#8220;true&#8220; btn_add_icon=&#8220;true&#8220; el_id=&#8220;homepage-block&#8220; el_class=&#8220;homepage-block-inner homepage-block-inner&#8211;2&#8243; btn_el_class=&#8220;button button&#8211;ghost-white&#8220; btn_link=&#8220;url:https%3A%2F%2Fsolcora.com%2Fde%2Fprodukt-kategorie%2Fauthentic-lake-de%2F|title:Der%20Authentic-Kollektion&#8220;]Unsere Solcora Silence Authentic Serie ist wirklich der authentischste Designboden. Alle Authentic-Sortimente haben \u201eNatural Touch\u201c. Das bedeutet, dass die Oberfl\u00e4chenbeschaffenheit des Bodens genau mit dem Muster \u00fcbereinstimmt. Sie k\u00f6nnen beides, die Knoten sehen und f\u00fchlen. Dar\u00fcber hinaus hat die Authentic Serie zwei verschiedene Muster: F\u00fcr die nat\u00fcrlichsten Farbvariationen und Musterverl\u00e4ufe.[\/vc_cta][\/vc_column][\/vc_row][\/vc_section][vc_section full_width=&#8220;stretch_row&#8220; css=&#8220;.vc_custom_1762178571235{background-image: url(https:\/\/solcora.com\/wp-content\/uploads\/2025\/11\/Morvan-Karine-56824-single-plank-sRGB-rotated.jpg?id=14887) !important;background-position: center !important;background-repeat: no-repeat !important;background-size: cover !important;}&#8220; el_id=&#8220;call-to-action&#8220;][vc_row content_placement=&#8220;middle&#8220;][vc_column width=&#8220;1\/2&#8243;][vc_column_text]<\/p>\n<h2>Solcora, klicken &amp; los!<\/h2>\n<p>Solcora macht das Leben einfach. Die B\u00f6den lassen sich einfach ein- und wieder ausbauen, praktisch bei Austausch oder Umzug.[\/vc_column_text][vc_btn title=&#8220;Mehr Informationen&#8220; shape=&#8220;round&#8220; color=&#8220;white&#8220; align=&#8220;left&#8220; link=&#8220;url:https%3A%2F%2Fsolcora.com%2Fde%2Fsolcora-designboeden%2F|title:Mehr%20Informationen&#8220; el_class=&#8220;button button&#8211;primary&#8220;][\/vc_column][vc_column width=&#8220;1\/2&#8243;][vc_column_text css=&#8220;&#8220;]<\/p>\n<h5 style=\"text-align: right;\">Morvan, 56841 Karine<\/h5>\n<p>[\/vc_column_text][\/vc_column][\/vc_row][\/vc_section]<\/p>\n<\/div>","protected":false},"excerpt":{"rendered":"<p>[vc_section][vc_row gap=&#8220;35&#8243; equal_height=&#8220;yes&#8220; el_class=&#8220;homepage-row&#8220;][vc_column width=&#8220;7\/12&#8243;][vc_column_text css=&#8220;&#8220;] Solcora-LVT Klickb\u00f6den: Klicken &amp; Los! Solcora-B\u00f6den sind Rigid Core LVT-B\u00f6den mit einer soliden Klickverbindung und integriertem Unterboden f\u00fcr h\u00f6chsten Komfort und eine schnelle und einfache Verlegung. Solcora ist eine Komplettl\u00f6sung, die Ruhe schafft. F\u00fcr zus\u00e4tzlichen Komfort haben alle Solcora-Kollektionen einen integrierten Unterboden. So erreichen Solcora+ B\u00f6den einen Schalld\u00e4mmungswert von [&hellip;]<\/p>\n","protected":false},"author":1,"featured_media":0,"parent":0,"menu_order":0,"comment_status":"closed","ping_status":"closed","template":"","meta":{"_acf_changed":false,"footnotes":""},"class_list":["post-11565","page","type-page","status-publish","hentry"],"acf":[],"yoast_head":"<!-- This site is optimized with the Yoast SEO plugin v27.5 - https:\/\/yoast.com\/product\/yoast-seo-wordpress\/ -->\n<title>Solcora rigid core PVC floors - Solcora<\/title>\n<meta name=\"robots\" content=\"index, follow, max-snippet:-1, max-image-preview:large, max-video-preview:-1\" \/>\n<link rel=\"canonical\" href=\"https:\/\/solcora.com\/de\/\" \/>\n<meta property=\"og:locale\" content=\"de_DE\" \/>\n<meta property=\"og:type\" content=\"article\" \/>\n<meta property=\"og:title\" content=\"Solcora rigid core PVC floors - Solcora\" \/>\n<meta property=\"og:description\" content=\"[vc_section][vc_row gap=&#8220;35&#8243; equal_height=&#8220;yes&#8220; el_class=&#8220;homepage-row&#8220;][vc_column width=&#8220;7\/12&#8243;][vc_column_text css=&#8220;&#8220;] Solcora-LVT Klickb\u00f6den: Klicken &amp; Los! Solcora-B\u00f6den sind Rigid Core LVT-B\u00f6den mit einer soliden Klickverbindung und integriertem Unterboden f\u00fcr h\u00f6chsten Komfort und eine schnelle und einfache Verlegung. Solcora ist eine Komplettl\u00f6sung, die Ruhe schafft. F\u00fcr zus\u00e4tzlichen Komfort haben alle Solcora-Kollektionen einen integrierten Unterboden. So erreichen Solcora+ B\u00f6den einen Schalld\u00e4mmungswert von [&hellip;]\" \/>\n<meta property=\"og:url\" content=\"https:\/\/solcora.com\/de\/\" \/>\n<meta property=\"og:site_name\" content=\"Solcora\" \/>\n<meta property=\"article:modified_time\" content=\"2025-11-03T14:03:19+00:00\" \/>\n<meta name=\"twitter:card\" content=\"summary_large_image\" \/>\n<meta name=\"twitter:label1\" content=\"Gesch\u00e4tzte Lesezeit\" \/>\n\t<meta name=\"twitter:data1\" content=\"3\u00a0Minuten\" \/>\n<script type=\"application\/ld+json\" class=\"yoast-schema-graph\">{\"@context\":\"https:\\\/\\\/schema.org\",\"@graph\":[{\"@type\":\"WebPage\",\"@id\":\"https:\\\/\\\/solcora.com\\\/de\\\/\",\"url\":\"https:\\\/\\\/solcora.com\\\/de\\\/\",\"name\":\"Solcora rigid core PVC floors - Solcora\",\"isPartOf\":{\"@id\":\"https:\\\/\\\/solcora.com\\\/de\\\/#website\"},\"datePublished\":\"2017-05-23T15:14:37+00:00\",\"dateModified\":\"2025-11-03T14:03:19+00:00\",\"breadcrumb\":{\"@id\":\"https:\\\/\\\/solcora.com\\\/de\\\/#breadcrumb\"},\"inLanguage\":\"de\",\"potentialAction\":[{\"@type\":\"ReadAction\",\"target\":[\"https:\\\/\\\/solcora.com\\\/de\\\/\"]}]},{\"@type\":\"BreadcrumbList\",\"@id\":\"https:\\\/\\\/solcora.com\\\/de\\\/#breadcrumb\",\"itemListElement\":[{\"@type\":\"ListItem\",\"position\":1,\"name\":\"Home\",\"item\":\"https:\\\/\\\/solcora.com\\\/de\\\/\"},{\"@type\":\"ListItem\",\"position\":2,\"name\":\"Solcora rigid core PVC floors\"}]},{\"@type\":\"WebSite\",\"@id\":\"https:\\\/\\\/solcora.com\\\/de\\\/#website\",\"url\":\"https:\\\/\\\/solcora.com\\\/de\\\/\",\"name\":\"Solcora\",\"description\":\"Rigid core design floors\",\"publisher\":{\"@id\":\"https:\\\/\\\/solcora.com\\\/de\\\/#organization\"},\"potentialAction\":[{\"@type\":\"SearchAction\",\"target\":{\"@type\":\"EntryPoint\",\"urlTemplate\":\"https:\\\/\\\/solcora.com\\\/de\\\/?s={search_term_string}\"},\"query-input\":{\"@type\":\"PropertyValueSpecification\",\"valueRequired\":true,\"valueName\":\"search_term_string\"}}],\"inLanguage\":\"de\"},{\"@type\":\"Organization\",\"@id\":\"https:\\\/\\\/solcora.com\\\/de\\\/#organization\",\"name\":\"Solcora\",\"url\":\"https:\\\/\\\/solcora.com\\\/de\\\/\",\"logo\":{\"@type\":\"ImageObject\",\"inLanguage\":\"de\",\"@id\":\"https:\\\/\\\/solcora.com\\\/de\\\/#\\\/schema\\\/logo\\\/image\\\/\",\"url\":\"https:\\\/\\\/solcora.com\\\/wp-content\\\/uploads\\\/2020\\\/04\\\/Solcora-by-mFLOR-NEW-2020.png\",\"contentUrl\":\"https:\\\/\\\/solcora.com\\\/wp-content\\\/uploads\\\/2020\\\/04\\\/Solcora-by-mFLOR-NEW-2020.png\",\"width\":746,\"height\":434,\"caption\":\"Solcora\"},\"image\":{\"@id\":\"https:\\\/\\\/solcora.com\\\/de\\\/#\\\/schema\\\/logo\\\/image\\\/\"}}]}<\/script>\n<!-- \/ Yoast SEO plugin. -->","yoast_head_json":{"title":"Solcora rigid core PVC floors - Solcora","robots":{"index":"index","follow":"follow","max-snippet":"max-snippet:-1","max-image-preview":"max-image-preview:large","max-video-preview":"max-video-preview:-1"},"canonical":"https:\/\/solcora.com\/de\/","og_locale":"de_DE","og_type":"article","og_title":"Solcora rigid core PVC floors - Solcora","og_description":"[vc_section][vc_row gap=&#8220;35&#8243; equal_height=&#8220;yes&#8220; el_class=&#8220;homepage-row&#8220;][vc_column width=&#8220;7\/12&#8243;][vc_column_text css=&#8220;&#8220;] Solcora-LVT Klickb\u00f6den: Klicken &amp; Los! Solcora-B\u00f6den sind Rigid Core LVT-B\u00f6den mit einer soliden Klickverbindung und integriertem Unterboden f\u00fcr h\u00f6chsten Komfort und eine schnelle und einfache Verlegung. Solcora ist eine Komplettl\u00f6sung, die Ruhe schafft. F\u00fcr zus\u00e4tzlichen Komfort haben alle Solcora-Kollektionen einen integrierten Unterboden. So erreichen Solcora+ B\u00f6den einen Schalld\u00e4mmungswert von [&hellip;]","og_url":"https:\/\/solcora.com\/de\/","og_site_name":"Solcora","article_modified_time":"2025-11-03T14:03:19+00:00","twitter_card":"summary_large_image","twitter_misc":{"Gesch\u00e4tzte Lesezeit":"3\u00a0Minuten"},"schema":{"@context":"https:\/\/schema.org","@graph":[{"@type":"WebPage","@id":"https:\/\/solcora.com\/de\/","url":"https:\/\/solcora.com\/de\/","name":"Solcora rigid core PVC floors - Solcora","isPartOf":{"@id":"https:\/\/solcora.com\/de\/#website"},"datePublished":"2017-05-23T15:14:37+00:00","dateModified":"2025-11-03T14:03:19+00:00","breadcrumb":{"@id":"https:\/\/solcora.com\/de\/#breadcrumb"},"inLanguage":"de","potentialAction":[{"@type":"ReadAction","target":["https:\/\/solcora.com\/de\/"]}]},{"@type":"BreadcrumbList","@id":"https:\/\/solcora.com\/de\/#breadcrumb","itemListElement":[{"@type":"ListItem","position":1,"name":"Home","item":"https:\/\/solcora.com\/de\/"},{"@type":"ListItem","position":2,"name":"Solcora rigid core PVC floors"}]},{"@type":"WebSite","@id":"https:\/\/solcora.com\/de\/#website","url":"https:\/\/solcora.com\/de\/","name":"Solcora","description":"Rigid core design floors","publisher":{"@id":"https:\/\/solcora.com\/de\/#organization"},"potentialAction":[{"@type":"SearchAction","target":{"@type":"EntryPoint","urlTemplate":"https:\/\/solcora.com\/de\/?s={search_term_string}"},"query-input":{"@type":"PropertyValueSpecification","valueRequired":true,"valueName":"search_term_string"}}],"inLanguage":"de"},{"@type":"Organization","@id":"https:\/\/solcora.com\/de\/#organization","name":"Solcora","url":"https:\/\/solcora.com\/de\/","logo":{"@type":"ImageObject","inLanguage":"de","@id":"https:\/\/solcora.com\/de\/#\/schema\/logo\/image\/","url":"https:\/\/solcora.com\/wp-content\/uploads\/2020\/04\/Solcora-by-mFLOR-NEW-2020.png","contentUrl":"https:\/\/solcora.com\/wp-content\/uploads\/2020\/04\/Solcora-by-mFLOR-NEW-2020.png","width":746,"height":434,"caption":"Solcora"},"image":{"@id":"https:\/\/solcora.com\/de\/#\/schema\/logo\/image\/"}}]}},"_links":{"self":[{"href":"https:\/\/solcora.com\/de\/wp-json\/wp\/v2\/pages\/11565","targetHints":{"allow":["GET"]}}],"collection":[{"href":"https:\/\/solcora.com\/de\/wp-json\/wp\/v2\/pages"}],"about":[{"href":"https:\/\/solcora.com\/de\/wp-json\/wp\/v2\/types\/page"}],"author":[{"embeddable":true,"href":"https:\/\/solcora.com\/de\/wp-json\/wp\/v2\/users\/1"}],"replies":[{"embeddable":true,"href":"https:\/\/solcora.com\/de\/wp-json\/wp\/v2\/comments?post=11565"}],"version-history":[{"count":2,"href":"https:\/\/solcora.com\/de\/wp-json\/wp\/v2\/pages\/11565\/revisions"}],"predecessor-version":[{"id":14920,"href":"https:\/\/solcora.com\/de\/wp-json\/wp\/v2\/pages\/11565\/revisions\/14920"}],"wp:attachment":[{"href":"https:\/\/solcora.com\/de\/wp-json\/wp\/v2\/media?parent=11565"}],"curies":[{"name":"wp","href":"https:\/\/api.w.org\/{rel}","templated":true}]}}