{"id":13249,"date":"2024-01-05T15:33:21","date_gmt":"2024-01-05T14:33:21","guid":{"rendered":"https:\/\/solcora.com\/?page_id=13249"},"modified":"2025-11-03T15:13:12","modified_gmt":"2025-11-03T14:13:12","slug":"solcora-plus","status":"publish","type":"page","link":"https:\/\/solcora.com\/de\/kollektion\/solcora-plus\/","title":{"rendered":"Solcora+"},"content":{"rendered":"<div class=\"wpb-content-wrapper\"><p>[vc_section][vc_row][vc_column width=&#8220;9\/12&#8243;][vc_column_text]<\/p>\n<h1>Solcora+<\/h1>\n<p>[\/vc_column_text][vc_column_text css=&#8220;&#8220;]<\/p>\n<h3>Klickt mit einem Schlag<\/h3>\n<p>Solcora+ ist der neue Standard f\u00fcr LVT-Klickb\u00f6den. Nat\u00fcrliche Sch\u00f6nheit trifft auf un\u00fcbertroffene Benutzerfreundlichkeit. Dank fortschrittlicher Technologien, einer einzigartigen und superstarken Klickverbindung und einem integrierten Unterboden zur Schalld\u00e4mmung war das Verlegen Ihres Traumbodens noch nie so leicht. Solcora+ klickt mit einem einzigen Schlag.<\/p>\n<p>von 35 Holzoptik-Farben und 13 wundersch\u00f6nen Fliesen, hebt Solcora+ Ihren Raum richtig auf ein Plus-niveau!<\/p>\n<h3>Hochwertige Qualit\u00e4t<\/h3>\n<p>Mit Solcora+ genie\u00dfen Sie nicht nur die warme Optik des nat\u00fcrlichen Eichen- oder Kiefernholzdesigns, sondern auch einen sch\u00f6nen LVT-Klickboden in hoher mFLOR-Qualit\u00e4t zu einem sehr g\u00fcnstigen Preis.<\/p>\n<p>Lernen Sie den Boden kennen, der Ihren Raum mit einem einfachen Klick in ein Meisterwerk aus Stil und Haltbarkeit verwandelt. Solcora+, wo einfache Verlegung und sch\u00f6nes Design zusammenkommen.<\/p>\n<ul>\n<li>20 dB Schalld\u00e4mmung<\/li>\n<li>Schnell und leicht zu verlegen<\/li>\n<li>Superstarke Klick-Verbindung<\/li>\n<li>Integrierter Unterboden<\/li>\n<li>Mflor-Qualit\u00e4t zu einem g\u00fcnstigen Preis<\/li>\n<\/ul>\n<h3>Das Plus, das Ihr Zuhause verdient!<\/h3>\n<p>[\/vc_column_text][vc_row_inner][vc_column_inner width=&#8220;1\/3&#8243;][vc_btn title=&#8220;Der Plus-Kollektion&#8220; shape=&#8220;round&#8220; css=&#8220;&#8220; link=&#8220;url:https%3A%2F%2Fsolcora.com%2Fde%2Fkollektion%2F%3Ffilter_product-type%3Dsolcora-plus-de|title:Der%20Plus-Kollektion&#8220; el_class=&#8220;button button&#8211;secondary&#8220;][\/vc_column_inner][vc_column_inner width=&#8220;1\/3&#8243;][\/vc_column_inner][vc_column_inner width=&#8220;1\/3&#8243;][\/vc_column_inner][\/vc_row_inner][\/vc_column][\/vc_row][\/vc_section]<\/p>\n<\/div>","protected":false},"excerpt":{"rendered":"<p>[vc_section][vc_row][vc_column width=&#8220;9\/12&#8243;][vc_column_text] Solcora+ [\/vc_column_text][vc_column_text css=&#8220;&#8220;] Klickt mit einem Schlag Solcora+ ist der neue Standard f\u00fcr LVT-Klickb\u00f6den. Nat\u00fcrliche Sch\u00f6nheit trifft auf un\u00fcbertroffene Benutzerfreundlichkeit. Dank fortschrittlicher Technologien, einer einzigartigen und superstarken Klickverbindung und einem integrierten Unterboden zur Schalld\u00e4mmung war das Verlegen Ihres Traumbodens noch nie so leicht. Solcora+ klickt mit einem einzigen Schlag. von 35 Holzoptik-Farben und [&hellip;]<\/p>\n","protected":false},"author":10,"featured_media":0,"parent":10987,"menu_order":0,"comment_status":"closed","ping_status":"closed","template":"","meta":{"_acf_changed":false,"footnotes":""},"class_list":["post-13249","page","type-page","status-publish","hentry"],"acf":[],"yoast_head":"<!-- This site is optimized with the Yoast SEO plugin v27.3 - https:\/\/yoast.com\/product\/yoast-seo-wordpress\/ -->\n<title>Solcora+ - Solcora<\/title>\n<meta name=\"description\" content=\"Solcora+ der neue Standard f\u00fcr LVT-Klickb\u00f6den. Nat\u00fcrliche Sch\u00f6nheit trifft auf un\u00fcbertroffene Benutzerfreundlichkeit. Klickt mit einem einzigen Schlag.\" \/>\n<meta name=\"robots\" content=\"index, follow, max-snippet:-1, max-image-preview:large, max-video-preview:-1\" \/>\n<link rel=\"canonical\" href=\"https:\/\/solcora.com\/de\/kollektion\/solcora-plus\/\" \/>\n<meta property=\"og:locale\" content=\"de_DE\" \/>\n<meta property=\"og:type\" content=\"article\" \/>\n<meta property=\"og:title\" content=\"Solcora+ - Solcora\" \/>\n<meta property=\"og:description\" content=\"Solcora+ der neue Standard f\u00fcr LVT-Klickb\u00f6den. Nat\u00fcrliche Sch\u00f6nheit trifft auf un\u00fcbertroffene Benutzerfreundlichkeit. Klickt mit einem einzigen Schlag.\" \/>\n<meta property=\"og:url\" content=\"https:\/\/solcora.com\/de\/kollektion\/solcora-plus\/\" \/>\n<meta property=\"og:site_name\" content=\"Solcora\" \/>\n<meta property=\"article:modified_time\" content=\"2025-11-03T14:13:12+00:00\" \/>\n<meta name=\"twitter:card\" content=\"summary_large_image\" \/>\n<meta name=\"twitter:label1\" content=\"Gesch\u00e4tzte Lesezeit\" \/>\n\t<meta name=\"twitter:data1\" content=\"1\u00a0Minute\" \/>\n<script type=\"application\/ld+json\" class=\"yoast-schema-graph\">{\"@context\":\"https:\\\/\\\/schema.org\",\"@graph\":[{\"@type\":\"WebPage\",\"@id\":\"https:\\\/\\\/solcora.com\\\/de\\\/kollektion\\\/solcora-plus\\\/\",\"url\":\"https:\\\/\\\/solcora.com\\\/de\\\/kollektion\\\/solcora-plus\\\/\",\"name\":\"Solcora+ - Solcora\",\"isPartOf\":{\"@id\":\"https:\\\/\\\/solcora.com\\\/de\\\/#website\"},\"datePublished\":\"2024-01-05T14:33:21+00:00\",\"dateModified\":\"2025-11-03T14:13:12+00:00\",\"description\":\"Solcora+ der neue Standard f\u00fcr LVT-Klickb\u00f6den. Nat\u00fcrliche Sch\u00f6nheit trifft auf un\u00fcbertroffene Benutzerfreundlichkeit. Klickt mit einem einzigen Schlag.\",\"breadcrumb\":{\"@id\":\"https:\\\/\\\/solcora.com\\\/de\\\/kollektion\\\/solcora-plus\\\/#breadcrumb\"},\"inLanguage\":\"de\",\"potentialAction\":[{\"@type\":\"ReadAction\",\"target\":[\"https:\\\/\\\/solcora.com\\\/de\\\/kollektion\\\/solcora-plus\\\/\"]}]},{\"@type\":\"BreadcrumbList\",\"@id\":\"https:\\\/\\\/solcora.com\\\/de\\\/kollektion\\\/solcora-plus\\\/#breadcrumb\",\"itemListElement\":[{\"@type\":\"ListItem\",\"position\":1,\"name\":\"Home\",\"item\":\"https:\\\/\\\/solcora.com\\\/de\\\/\"},{\"@type\":\"ListItem\",\"position\":2,\"name\":\"Kollektion\",\"item\":\"https:\\\/\\\/solcora.com\\\/de\\\/kollektion\\\/\"},{\"@type\":\"ListItem\",\"position\":3,\"name\":\"Solcora+\"}]},{\"@type\":\"WebSite\",\"@id\":\"https:\\\/\\\/solcora.com\\\/de\\\/#website\",\"url\":\"https:\\\/\\\/solcora.com\\\/de\\\/\",\"name\":\"Solcora\",\"description\":\"Rigid core design floors\",\"publisher\":{\"@id\":\"https:\\\/\\\/solcora.com\\\/de\\\/#organization\"},\"potentialAction\":[{\"@type\":\"SearchAction\",\"target\":{\"@type\":\"EntryPoint\",\"urlTemplate\":\"https:\\\/\\\/solcora.com\\\/de\\\/?s={search_term_string}\"},\"query-input\":{\"@type\":\"PropertyValueSpecification\",\"valueRequired\":true,\"valueName\":\"search_term_string\"}}],\"inLanguage\":\"de\"},{\"@type\":\"Organization\",\"@id\":\"https:\\\/\\\/solcora.com\\\/de\\\/#organization\",\"name\":\"Solcora\",\"url\":\"https:\\\/\\\/solcora.com\\\/de\\\/\",\"logo\":{\"@type\":\"ImageObject\",\"inLanguage\":\"de\",\"@id\":\"https:\\\/\\\/solcora.com\\\/de\\\/#\\\/schema\\\/logo\\\/image\\\/\",\"url\":\"https:\\\/\\\/solcora.com\\\/wp-content\\\/uploads\\\/2020\\\/04\\\/Solcora-by-mFLOR-NEW-2020.png\",\"contentUrl\":\"https:\\\/\\\/solcora.com\\\/wp-content\\\/uploads\\\/2020\\\/04\\\/Solcora-by-mFLOR-NEW-2020.png\",\"width\":746,\"height\":434,\"caption\":\"Solcora\"},\"image\":{\"@id\":\"https:\\\/\\\/solcora.com\\\/de\\\/#\\\/schema\\\/logo\\\/image\\\/\"}}]}<\/script>\n<!-- \/ Yoast SEO plugin. -->","yoast_head_json":{"title":"Solcora+ - Solcora","description":"Solcora+ der neue Standard f\u00fcr LVT-Klickb\u00f6den. Nat\u00fcrliche Sch\u00f6nheit trifft auf un\u00fcbertroffene Benutzerfreundlichkeit. Klickt mit einem einzigen Schlag.","robots":{"index":"index","follow":"follow","max-snippet":"max-snippet:-1","max-image-preview":"max-image-preview:large","max-video-preview":"max-video-preview:-1"},"canonical":"https:\/\/solcora.com\/de\/kollektion\/solcora-plus\/","og_locale":"de_DE","og_type":"article","og_title":"Solcora+ - Solcora","og_description":"Solcora+ der neue Standard f\u00fcr LVT-Klickb\u00f6den. Nat\u00fcrliche Sch\u00f6nheit trifft auf un\u00fcbertroffene Benutzerfreundlichkeit. Klickt mit einem einzigen Schlag.","og_url":"https:\/\/solcora.com\/de\/kollektion\/solcora-plus\/","og_site_name":"Solcora","article_modified_time":"2025-11-03T14:13:12+00:00","twitter_card":"summary_large_image","twitter_misc":{"Gesch\u00e4tzte Lesezeit":"1\u00a0Minute"},"schema":{"@context":"https:\/\/schema.org","@graph":[{"@type":"WebPage","@id":"https:\/\/solcora.com\/de\/kollektion\/solcora-plus\/","url":"https:\/\/solcora.com\/de\/kollektion\/solcora-plus\/","name":"Solcora+ - Solcora","isPartOf":{"@id":"https:\/\/solcora.com\/de\/#website"},"datePublished":"2024-01-05T14:33:21+00:00","dateModified":"2025-11-03T14:13:12+00:00","description":"Solcora+ der neue Standard f\u00fcr LVT-Klickb\u00f6den. Nat\u00fcrliche Sch\u00f6nheit trifft auf un\u00fcbertroffene Benutzerfreundlichkeit. Klickt mit einem einzigen Schlag.","breadcrumb":{"@id":"https:\/\/solcora.com\/de\/kollektion\/solcora-plus\/#breadcrumb"},"inLanguage":"de","potentialAction":[{"@type":"ReadAction","target":["https:\/\/solcora.com\/de\/kollektion\/solcora-plus\/"]}]},{"@type":"BreadcrumbList","@id":"https:\/\/solcora.com\/de\/kollektion\/solcora-plus\/#breadcrumb","itemListElement":[{"@type":"ListItem","position":1,"name":"Home","item":"https:\/\/solcora.com\/de\/"},{"@type":"ListItem","position":2,"name":"Kollektion","item":"https:\/\/solcora.com\/de\/kollektion\/"},{"@type":"ListItem","position":3,"name":"Solcora+"}]},{"@type":"WebSite","@id":"https:\/\/solcora.com\/de\/#website","url":"https:\/\/solcora.com\/de\/","name":"Solcora","description":"Rigid core design floors","publisher":{"@id":"https:\/\/solcora.com\/de\/#organization"},"potentialAction":[{"@type":"SearchAction","target":{"@type":"EntryPoint","urlTemplate":"https:\/\/solcora.com\/de\/?s={search_term_string}"},"query-input":{"@type":"PropertyValueSpecification","valueRequired":true,"valueName":"search_term_string"}}],"inLanguage":"de"},{"@type":"Organization","@id":"https:\/\/solcora.com\/de\/#organization","name":"Solcora","url":"https:\/\/solcora.com\/de\/","logo":{"@type":"ImageObject","inLanguage":"de","@id":"https:\/\/solcora.com\/de\/#\/schema\/logo\/image\/","url":"https:\/\/solcora.com\/wp-content\/uploads\/2020\/04\/Solcora-by-mFLOR-NEW-2020.png","contentUrl":"https:\/\/solcora.com\/wp-content\/uploads\/2020\/04\/Solcora-by-mFLOR-NEW-2020.png","width":746,"height":434,"caption":"Solcora"},"image":{"@id":"https:\/\/solcora.com\/de\/#\/schema\/logo\/image\/"}}]}},"_links":{"self":[{"href":"https:\/\/solcora.com\/de\/wp-json\/wp\/v2\/pages\/13249","targetHints":{"allow":["GET"]}}],"collection":[{"href":"https:\/\/solcora.com\/de\/wp-json\/wp\/v2\/pages"}],"about":[{"href":"https:\/\/solcora.com\/de\/wp-json\/wp\/v2\/types\/page"}],"author":[{"embeddable":true,"href":"https:\/\/solcora.com\/de\/wp-json\/wp\/v2\/users\/10"}],"replies":[{"embeddable":true,"href":"https:\/\/solcora.com\/de\/wp-json\/wp\/v2\/comments?post=13249"}],"version-history":[{"count":4,"href":"https:\/\/solcora.com\/de\/wp-json\/wp\/v2\/pages\/13249\/revisions"}],"predecessor-version":[{"id":14921,"href":"https:\/\/solcora.com\/de\/wp-json\/wp\/v2\/pages\/13249\/revisions\/14921"}],"up":[{"embeddable":true,"href":"https:\/\/solcora.com\/de\/wp-json\/wp\/v2\/pages\/10987"}],"wp:attachment":[{"href":"https:\/\/solcora.com\/de\/wp-json\/wp\/v2\/media?parent=13249"}],"curies":[{"name":"wp","href":"https:\/\/api.w.org\/{rel}","templated":true}]}}