{"id":11632,"date":"2021-12-09T16:14:36","date_gmt":"2021-12-09T15:14:36","guid":{"rendered":"https:\/\/solcora.com\/collection\/unkategorisiert\/derwent\/"},"modified":"2022-03-13T16:01:08","modified_gmt":"2022-03-13T15:01:08","slug":"derwent","status":"publish","type":"product","link":"https:\/\/solcora.com\/de\/kollektion\/authentic-lake-de\/derwent\/","title":{"rendered":"Derwent"},"content":{"rendered":"<p><strong>NEUE VERSION<\/strong><br \/>\n<em>Die Solcora Authentic Lake Kollektion wurde aktualisiert. Sie enth\u00e4lt jetzt eine 2,0 mm schalld\u00e4mpfende IXPE-Schaumstoffunterlage. Die Farbe Derwent ist jetzt unter der neuen Produktnummer 56222 erh\u00e4ltlich.<\/em><\/p>\n<p><strong>Produktbeschreibung<\/strong><\/p>\n<p>Die Farbe Derwent aus der Authentic Lake Kollektion ist eine fantastische Wahl. Sie hat eine L\u00e4nge von 149,2 cm und eine Breite von 23 cm und wird in 6er Paketen geliefert. Mit einem Paket k\u00f6nnen Sie also 2,06 m2 abdecken. Die St\u00e4rke der Farbe Derwent betr\u00e4gt 7,0 mm, einschlie\u00dflich einer 2 mm dicken IXPE-Schaumunterlage. Die Nutzschicht betr\u00e4gt 0,55 mm und die Dielen sind mit einer Fase versehen.<\/p>\n<p>Unsere Authentic Serie verwirklicht die authentischsten Designb\u00f6den. Alle Solcora Authentic B\u00f6den weisen den sogenannten Natural Touch auf, bei dem die Oberfl\u00e4chenstruktur des Bodens genau dem Muster entspricht. Sie k\u00f6nnen die \u00c4ste des Baumes sowohl sehen, als auch f\u00fchlen!<\/p>\n<p>Au\u00dferdem ist die Authentic Serie in zwei verschiedenen Mustern erh\u00e4ltlich. F\u00fcr die nat\u00fcrlichsten Farbvariationen und Musterverl\u00e4ufe.<\/p>\n<p>Du siehst es, du f\u00fchlst es.<\/p>\n<p><strong>Zus\u00e4tzliche Information<\/strong><\/p>\n<p>Farbnummer: 56222<br \/>\nFarbname: Derwent<br \/>\nAbmessungen: 149,2 x 23 cm x 7,0 mm<br \/>\nNutzschicht: 0,55 mm<br \/>\nPackungsinhalt: 6<br \/>\nm2 pro Packung: 2,06 m2<br \/>\nBodenart: 70-05 Solcora Silence<\/p>\n","protected":false},"excerpt":{"rendered":"<p>NEUE VERSION Die Solcora Authentic Lake Kollektion wurde aktualisiert. Sie enth\u00e4lt jetzt eine 2,0 mm schalld\u00e4mpfende IXPE-Schaumstoffunterlage. Die Farbe Derwent ist jetzt unter der neuen Produktnummer 56222 erh\u00e4ltlich. Produktbeschreibung Die Farbe Derwent aus der Authentic Lake Kollektion ist eine fantastische Wahl. Sie hat eine L\u00e4nge von 149,2 cm und eine Breite von 23 cm und [&hellip;]<\/p>\n","protected":false},"featured_media":10820,"template":"","meta":{"_acf_changed":false},"product_brand":[],"product_cat":[271],"product_tag":[],"class_list":{"0":"post-11632","1":"product","2":"type-product","3":"status-publish","4":"has-post-thumbnail","6":"product_cat-authentic-lake-de","7":"pa_commercial-warranty-10-jahre","8":"pa_design-holz","9":"pa_household-warranty-25-jahre","10":"pa_product-group-70-05-de","11":"pa_usage-intensive-private","13":"first","14":"instock","15":"shipping-taxable","16":"product-type-simple"},"acf":[],"yoast_head":"<!-- This site is optimized with the Yoast SEO plugin v27.3 - https:\/\/yoast.com\/product\/yoast-seo-wordpress\/ -->\n<title>Derwent - Solcora<\/title>\n<meta name=\"robots\" content=\"index, follow, max-snippet:-1, max-image-preview:large, max-video-preview:-1\" \/>\n<link rel=\"canonical\" href=\"https:\/\/solcora.com\/de\/kollektion\/authentic-lake-de\/derwent\/\" \/>\n<meta property=\"og:locale\" content=\"de_DE\" \/>\n<meta property=\"og:type\" content=\"article\" \/>\n<meta property=\"og:title\" content=\"Derwent - Solcora\" \/>\n<meta property=\"og:description\" content=\"NEUE VERSION Die Solcora Authentic Lake Kollektion wurde aktualisiert. Sie enth\u00e4lt jetzt eine 2,0 mm schalld\u00e4mpfende IXPE-Schaumstoffunterlage. Die Farbe Derwent ist jetzt unter der neuen Produktnummer 56222 erh\u00e4ltlich. Produktbeschreibung Die Farbe Derwent aus der Authentic Lake Kollektion ist eine fantastische Wahl. Sie hat eine L\u00e4nge von 149,2 cm und eine Breite von 23 cm und [&hellip;]\" \/>\n<meta property=\"og:url\" content=\"https:\/\/solcora.com\/de\/kollektion\/authentic-lake-de\/derwent\/\" \/>\n<meta property=\"og:site_name\" content=\"Solcora\" \/>\n<meta property=\"article:modified_time\" content=\"2022-03-13T15:01:08+00:00\" \/>\n<meta property=\"og:image\" content=\"https:\/\/solcora.com\/wp-content\/uploads\/2020\/02\/AuthenticLake-Renderings-FRONTAL-57622-Derwent1000_sRGB.jpg\" \/>\n\t<meta property=\"og:image:width\" content=\"1000\" \/>\n\t<meta property=\"og:image:height\" content=\"1000\" \/>\n\t<meta property=\"og:image:type\" content=\"image\/jpeg\" \/>\n<meta name=\"twitter:card\" content=\"summary_large_image\" \/>\n<meta name=\"twitter:label1\" content=\"Gesch\u00e4tzte Lesezeit\" \/>\n\t<meta name=\"twitter:data1\" content=\"1\u00a0Minute\" \/>\n<script type=\"application\/ld+json\" class=\"yoast-schema-graph\">{\"@context\":\"https:\\\/\\\/schema.org\",\"@graph\":[{\"@type\":\"WebPage\",\"@id\":\"https:\\\/\\\/solcora.com\\\/de\\\/kollektion\\\/authentic-lake-de\\\/derwent\\\/\",\"url\":\"https:\\\/\\\/solcora.com\\\/de\\\/kollektion\\\/authentic-lake-de\\\/derwent\\\/\",\"name\":\"Derwent - Solcora\",\"isPartOf\":{\"@id\":\"https:\\\/\\\/solcora.com\\\/de\\\/#website\"},\"primaryImageOfPage\":{\"@id\":\"https:\\\/\\\/solcora.com\\\/de\\\/kollektion\\\/authentic-lake-de\\\/derwent\\\/#primaryimage\"},\"image\":{\"@id\":\"https:\\\/\\\/solcora.com\\\/de\\\/kollektion\\\/authentic-lake-de\\\/derwent\\\/#primaryimage\"},\"thumbnailUrl\":\"https:\\\/\\\/solcora.com\\\/wp-content\\\/uploads\\\/2020\\\/02\\\/AuthenticLake-Renderings-FRONTAL-57622-Derwent1000_sRGB.jpg\",\"datePublished\":\"2021-12-09T15:14:36+00:00\",\"dateModified\":\"2022-03-13T15:01:08+00:00\",\"breadcrumb\":{\"@id\":\"https:\\\/\\\/solcora.com\\\/de\\\/kollektion\\\/authentic-lake-de\\\/derwent\\\/#breadcrumb\"},\"inLanguage\":\"de\",\"potentialAction\":[{\"@type\":\"ReadAction\",\"target\":[\"https:\\\/\\\/solcora.com\\\/de\\\/kollektion\\\/authentic-lake-de\\\/derwent\\\/\"]}]},{\"@type\":\"ImageObject\",\"inLanguage\":\"de\",\"@id\":\"https:\\\/\\\/solcora.com\\\/de\\\/kollektion\\\/authentic-lake-de\\\/derwent\\\/#primaryimage\",\"url\":\"https:\\\/\\\/solcora.com\\\/wp-content\\\/uploads\\\/2020\\\/02\\\/AuthenticLake-Renderings-FRONTAL-57622-Derwent1000_sRGB.jpg\",\"contentUrl\":\"https:\\\/\\\/solcora.com\\\/wp-content\\\/uploads\\\/2020\\\/02\\\/AuthenticLake-Renderings-FRONTAL-57622-Derwent1000_sRGB.jpg\",\"width\":1000,\"height\":1000},{\"@type\":\"BreadcrumbList\",\"@id\":\"https:\\\/\\\/solcora.com\\\/de\\\/kollektion\\\/authentic-lake-de\\\/derwent\\\/#breadcrumb\",\"itemListElement\":[{\"@type\":\"ListItem\",\"position\":1,\"name\":\"Home\",\"item\":\"https:\\\/\\\/solcora.com\\\/de\\\/\"},{\"@type\":\"ListItem\",\"position\":2,\"name\":\"Kollektion\",\"item\":\"https:\\\/\\\/solcora.com\\\/de\\\/kollektion\\\/\"},{\"@type\":\"ListItem\",\"position\":3,\"name\":\"Derwent\"}]},{\"@type\":\"WebSite\",\"@id\":\"https:\\\/\\\/solcora.com\\\/de\\\/#website\",\"url\":\"https:\\\/\\\/solcora.com\\\/de\\\/\",\"name\":\"Solcora\",\"description\":\"Rigid core design floors\",\"publisher\":{\"@id\":\"https:\\\/\\\/solcora.com\\\/de\\\/#organization\"},\"potentialAction\":[{\"@type\":\"SearchAction\",\"target\":{\"@type\":\"EntryPoint\",\"urlTemplate\":\"https:\\\/\\\/solcora.com\\\/de\\\/?s={search_term_string}\"},\"query-input\":{\"@type\":\"PropertyValueSpecification\",\"valueRequired\":true,\"valueName\":\"search_term_string\"}}],\"inLanguage\":\"de\"},{\"@type\":\"Organization\",\"@id\":\"https:\\\/\\\/solcora.com\\\/de\\\/#organization\",\"name\":\"Solcora\",\"url\":\"https:\\\/\\\/solcora.com\\\/de\\\/\",\"logo\":{\"@type\":\"ImageObject\",\"inLanguage\":\"de\",\"@id\":\"https:\\\/\\\/solcora.com\\\/de\\\/#\\\/schema\\\/logo\\\/image\\\/\",\"url\":\"https:\\\/\\\/solcora.com\\\/wp-content\\\/uploads\\\/2020\\\/04\\\/Solcora-by-mFLOR-NEW-2020.png\",\"contentUrl\":\"https:\\\/\\\/solcora.com\\\/wp-content\\\/uploads\\\/2020\\\/04\\\/Solcora-by-mFLOR-NEW-2020.png\",\"width\":746,\"height\":434,\"caption\":\"Solcora\"},\"image\":{\"@id\":\"https:\\\/\\\/solcora.com\\\/de\\\/#\\\/schema\\\/logo\\\/image\\\/\"}}]}<\/script>\n<!-- \/ Yoast SEO plugin. -->","yoast_head_json":{"title":"Derwent - Solcora","robots":{"index":"index","follow":"follow","max-snippet":"max-snippet:-1","max-image-preview":"max-image-preview:large","max-video-preview":"max-video-preview:-1"},"canonical":"https:\/\/solcora.com\/de\/kollektion\/authentic-lake-de\/derwent\/","og_locale":"de_DE","og_type":"article","og_title":"Derwent - Solcora","og_description":"NEUE VERSION Die Solcora Authentic Lake Kollektion wurde aktualisiert. Sie enth\u00e4lt jetzt eine 2,0 mm schalld\u00e4mpfende IXPE-Schaumstoffunterlage. Die Farbe Derwent ist jetzt unter der neuen Produktnummer 56222 erh\u00e4ltlich. Produktbeschreibung Die Farbe Derwent aus der Authentic Lake Kollektion ist eine fantastische Wahl. Sie hat eine L\u00e4nge von 149,2 cm und eine Breite von 23 cm und [&hellip;]","og_url":"https:\/\/solcora.com\/de\/kollektion\/authentic-lake-de\/derwent\/","og_site_name":"Solcora","article_modified_time":"2022-03-13T15:01:08+00:00","og_image":[{"width":1000,"height":1000,"url":"https:\/\/solcora.com\/wp-content\/uploads\/2020\/02\/AuthenticLake-Renderings-FRONTAL-57622-Derwent1000_sRGB.jpg","type":"image\/jpeg"}],"twitter_card":"summary_large_image","twitter_misc":{"Gesch\u00e4tzte Lesezeit":"1\u00a0Minute"},"schema":{"@context":"https:\/\/schema.org","@graph":[{"@type":"WebPage","@id":"https:\/\/solcora.com\/de\/kollektion\/authentic-lake-de\/derwent\/","url":"https:\/\/solcora.com\/de\/kollektion\/authentic-lake-de\/derwent\/","name":"Derwent - Solcora","isPartOf":{"@id":"https:\/\/solcora.com\/de\/#website"},"primaryImageOfPage":{"@id":"https:\/\/solcora.com\/de\/kollektion\/authentic-lake-de\/derwent\/#primaryimage"},"image":{"@id":"https:\/\/solcora.com\/de\/kollektion\/authentic-lake-de\/derwent\/#primaryimage"},"thumbnailUrl":"https:\/\/solcora.com\/wp-content\/uploads\/2020\/02\/AuthenticLake-Renderings-FRONTAL-57622-Derwent1000_sRGB.jpg","datePublished":"2021-12-09T15:14:36+00:00","dateModified":"2022-03-13T15:01:08+00:00","breadcrumb":{"@id":"https:\/\/solcora.com\/de\/kollektion\/authentic-lake-de\/derwent\/#breadcrumb"},"inLanguage":"de","potentialAction":[{"@type":"ReadAction","target":["https:\/\/solcora.com\/de\/kollektion\/authentic-lake-de\/derwent\/"]}]},{"@type":"ImageObject","inLanguage":"de","@id":"https:\/\/solcora.com\/de\/kollektion\/authentic-lake-de\/derwent\/#primaryimage","url":"https:\/\/solcora.com\/wp-content\/uploads\/2020\/02\/AuthenticLake-Renderings-FRONTAL-57622-Derwent1000_sRGB.jpg","contentUrl":"https:\/\/solcora.com\/wp-content\/uploads\/2020\/02\/AuthenticLake-Renderings-FRONTAL-57622-Derwent1000_sRGB.jpg","width":1000,"height":1000},{"@type":"BreadcrumbList","@id":"https:\/\/solcora.com\/de\/kollektion\/authentic-lake-de\/derwent\/#breadcrumb","itemListElement":[{"@type":"ListItem","position":1,"name":"Home","item":"https:\/\/solcora.com\/de\/"},{"@type":"ListItem","position":2,"name":"Kollektion","item":"https:\/\/solcora.com\/de\/kollektion\/"},{"@type":"ListItem","position":3,"name":"Derwent"}]},{"@type":"WebSite","@id":"https:\/\/solcora.com\/de\/#website","url":"https:\/\/solcora.com\/de\/","name":"Solcora","description":"Rigid core design floors","publisher":{"@id":"https:\/\/solcora.com\/de\/#organization"},"potentialAction":[{"@type":"SearchAction","target":{"@type":"EntryPoint","urlTemplate":"https:\/\/solcora.com\/de\/?s={search_term_string}"},"query-input":{"@type":"PropertyValueSpecification","valueRequired":true,"valueName":"search_term_string"}}],"inLanguage":"de"},{"@type":"Organization","@id":"https:\/\/solcora.com\/de\/#organization","name":"Solcora","url":"https:\/\/solcora.com\/de\/","logo":{"@type":"ImageObject","inLanguage":"de","@id":"https:\/\/solcora.com\/de\/#\/schema\/logo\/image\/","url":"https:\/\/solcora.com\/wp-content\/uploads\/2020\/04\/Solcora-by-mFLOR-NEW-2020.png","contentUrl":"https:\/\/solcora.com\/wp-content\/uploads\/2020\/04\/Solcora-by-mFLOR-NEW-2020.png","width":746,"height":434,"caption":"Solcora"},"image":{"@id":"https:\/\/solcora.com\/de\/#\/schema\/logo\/image\/"}}]}},"_links":{"self":[{"href":"https:\/\/solcora.com\/de\/wp-json\/wp\/v2\/product\/11632","targetHints":{"allow":["GET"]}}],"collection":[{"href":"https:\/\/solcora.com\/de\/wp-json\/wp\/v2\/product"}],"about":[{"href":"https:\/\/solcora.com\/de\/wp-json\/wp\/v2\/types\/product"}],"wp:featuredmedia":[{"embeddable":true,"href":"https:\/\/solcora.com\/de\/wp-json\/wp\/v2\/media\/10820"}],"wp:attachment":[{"href":"https:\/\/solcora.com\/de\/wp-json\/wp\/v2\/media?parent=11632"}],"wp:term":[{"taxonomy":"product_brand","embeddable":true,"href":"https:\/\/solcora.com\/de\/wp-json\/wp\/v2\/product_brand?post=11632"},{"taxonomy":"product_cat","embeddable":true,"href":"https:\/\/solcora.com\/de\/wp-json\/wp\/v2\/product_cat?post=11632"},{"taxonomy":"product_tag","embeddable":true,"href":"https:\/\/solcora.com\/de\/wp-json\/wp\/v2\/product_tag?post=11632"}],"curies":[{"name":"wp","href":"https:\/\/api.w.org\/{rel}","templated":true}]}}