{"id":11666,"date":"2019-03-15T11:14:32","date_gmt":"2019-03-15T10:14:32","guid":{"rendered":"https:\/\/solcora.com\/collection\/unkategorisiert\/duck-egg-blue\/"},"modified":"2022-03-13T16:25:29","modified_gmt":"2022-03-13T15:25:29","slug":"duck-egg-blue","status":"publish","type":"product","link":"https:\/\/solcora.com\/de\/kollektion\/nuance-de\/duck-egg-blue\/","title":{"rendered":"Duck Egg Blue"},"content":{"rendered":"<p><strong>NEUE VERSION<\/strong><br \/>\n<em>Die Solcora Nuance Kollektion wurde aktualisiert. Sie enth\u00e4lt jetzt eine 2,0 mm schalld\u00e4mpfende IXPE-Schaumstoffunterlage. Die Farbe Duck Egg Blue ist jetzt unter der neuen Produktnummer 56146 erh\u00e4ltlich.<\/em><\/p>\n<p><strong>Produktbeschreibung<\/strong><\/p>\n<p>Die Farbe Duck Egg Blue aus dem Nuance Kollektion ist ein unangefochtener Verkaufsschlager. Die Duck Egg Blue hat eine L\u00e4nge von 91,44 cm und eine Breite von 45,72 cm und wird in 6er Paketen geliefert. Mit einem Paket k\u00f6nnen Sie 2,51 m2 abdecken. Die St\u00e4rke der Duck Egg Blue betr\u00e4gt 7,0 mm, einschlie\u00dflich der 2,0 mm dicken schalld\u00e4mmenden IXPE-Schaumstoffunterlage. Die Nutzschicht betr\u00e4gt 0,55 mm und die Fliesen haben eine Fase.<\/p>\n<p><strong>Zus\u00e4tzliche Information<\/strong><\/p>\n<p>Farbnummer: 56146<br \/>\nFarbname: Duck Egg Blue<br \/>\nAbmessungen: 91,44 x 45,72 cm x 7,0 mm<br \/>\nNutzschicht: 0,55 mm<br \/>\nPackungsinhalt: 6<br \/>\nm2 pro Packung: 2,51 m2<br \/>\nBodenart: 70-05 Solcora Silence<\/p>\n","protected":false},"excerpt":{"rendered":"<p>NEUE VERSION Die Solcora Nuance Kollektion wurde aktualisiert. Sie enth\u00e4lt jetzt eine 2,0 mm schalld\u00e4mpfende IXPE-Schaumstoffunterlage. Die Farbe Duck Egg Blue ist jetzt unter der neuen Produktnummer 56146 erh\u00e4ltlich. Produktbeschreibung Die Farbe Duck Egg Blue aus dem Nuance Kollektion ist ein unangefochtener Verkaufsschlager. Die Duck Egg Blue hat eine L\u00e4nge von 91,44 cm und eine [&hellip;]<\/p>\n","protected":false},"featured_media":11199,"template":"","meta":{"_acf_changed":false},"product_brand":[],"product_cat":[272],"product_tag":[],"class_list":{"0":"post-11666","1":"product","2":"type-product","3":"status-publish","4":"has-post-thumbnail","6":"product_cat-nuance-de","7":"pa_commercial-warranty-10-jahre","8":"pa_design-stein","9":"pa_household-warranty-25-jahre","10":"pa_product-group-70-05-de","11":"pa_usage-intensive-private","13":"first","14":"instock","15":"shipping-taxable","16":"product-type-simple"},"acf":[],"yoast_head":"<!-- This site is optimized with the Yoast SEO plugin v27.4 - https:\/\/yoast.com\/product\/yoast-seo-wordpress\/ -->\n<title>Duck Egg Blue - Solcora<\/title>\n<meta name=\"robots\" content=\"index, follow, max-snippet:-1, max-image-preview:large, max-video-preview:-1\" \/>\n<link rel=\"canonical\" href=\"https:\/\/solcora.com\/de\/kollektion\/nuance-de\/duck-egg-blue\/\" \/>\n<meta property=\"og:locale\" content=\"de_DE\" \/>\n<meta property=\"og:type\" content=\"article\" \/>\n<meta property=\"og:title\" content=\"Duck Egg Blue - Solcora\" \/>\n<meta property=\"og:description\" content=\"NEUE VERSION Die Solcora Nuance Kollektion wurde aktualisiert. Sie enth\u00e4lt jetzt eine 2,0 mm schalld\u00e4mpfende IXPE-Schaumstoffunterlage. Die Farbe Duck Egg Blue ist jetzt unter der neuen Produktnummer 56146 erh\u00e4ltlich. Produktbeschreibung Die Farbe Duck Egg Blue aus dem Nuance Kollektion ist ein unangefochtener Verkaufsschlager. Die Duck Egg Blue hat eine L\u00e4nge von 91,44 cm und eine [&hellip;]\" \/>\n<meta property=\"og:url\" content=\"https:\/\/solcora.com\/de\/kollektion\/nuance-de\/duck-egg-blue\/\" \/>\n<meta property=\"og:site_name\" content=\"Solcora\" \/>\n<meta property=\"article:modified_time\" content=\"2022-03-13T15:25:29+00:00\" \/>\n<meta property=\"og:image\" content=\"https:\/\/solcora.com\/wp-content\/uploads\/2020\/03\/55746-nuance-duck-egg-blue-frontal1000_sRGB.jpg\" \/>\n\t<meta property=\"og:image:width\" content=\"1000\" \/>\n\t<meta property=\"og:image:height\" content=\"1000\" \/>\n\t<meta property=\"og:image:type\" content=\"image\/jpeg\" \/>\n<meta name=\"twitter:card\" content=\"summary_large_image\" \/>\n<meta name=\"twitter:label1\" content=\"Gesch\u00e4tzte Lesezeit\" \/>\n\t<meta name=\"twitter:data1\" content=\"1\u00a0Minute\" \/>\n<script type=\"application\/ld+json\" class=\"yoast-schema-graph\">{\"@context\":\"https:\\\/\\\/schema.org\",\"@graph\":[{\"@type\":\"WebPage\",\"@id\":\"https:\\\/\\\/solcora.com\\\/de\\\/kollektion\\\/nuance-de\\\/duck-egg-blue\\\/\",\"url\":\"https:\\\/\\\/solcora.com\\\/de\\\/kollektion\\\/nuance-de\\\/duck-egg-blue\\\/\",\"name\":\"Duck Egg Blue - Solcora\",\"isPartOf\":{\"@id\":\"https:\\\/\\\/solcora.com\\\/de\\\/#website\"},\"primaryImageOfPage\":{\"@id\":\"https:\\\/\\\/solcora.com\\\/de\\\/kollektion\\\/nuance-de\\\/duck-egg-blue\\\/#primaryimage\"},\"image\":{\"@id\":\"https:\\\/\\\/solcora.com\\\/de\\\/kollektion\\\/nuance-de\\\/duck-egg-blue\\\/#primaryimage\"},\"thumbnailUrl\":\"https:\\\/\\\/solcora.com\\\/wp-content\\\/uploads\\\/2020\\\/03\\\/55746-nuance-duck-egg-blue-frontal1000_sRGB.jpg\",\"datePublished\":\"2019-03-15T10:14:32+00:00\",\"dateModified\":\"2022-03-13T15:25:29+00:00\",\"breadcrumb\":{\"@id\":\"https:\\\/\\\/solcora.com\\\/de\\\/kollektion\\\/nuance-de\\\/duck-egg-blue\\\/#breadcrumb\"},\"inLanguage\":\"de\",\"potentialAction\":[{\"@type\":\"ReadAction\",\"target\":[\"https:\\\/\\\/solcora.com\\\/de\\\/kollektion\\\/nuance-de\\\/duck-egg-blue\\\/\"]}]},{\"@type\":\"ImageObject\",\"inLanguage\":\"de\",\"@id\":\"https:\\\/\\\/solcora.com\\\/de\\\/kollektion\\\/nuance-de\\\/duck-egg-blue\\\/#primaryimage\",\"url\":\"https:\\\/\\\/solcora.com\\\/wp-content\\\/uploads\\\/2020\\\/03\\\/55746-nuance-duck-egg-blue-frontal1000_sRGB.jpg\",\"contentUrl\":\"https:\\\/\\\/solcora.com\\\/wp-content\\\/uploads\\\/2020\\\/03\\\/55746-nuance-duck-egg-blue-frontal1000_sRGB.jpg\",\"width\":1000,\"height\":1000},{\"@type\":\"BreadcrumbList\",\"@id\":\"https:\\\/\\\/solcora.com\\\/de\\\/kollektion\\\/nuance-de\\\/duck-egg-blue\\\/#breadcrumb\",\"itemListElement\":[{\"@type\":\"ListItem\",\"position\":1,\"name\":\"Home\",\"item\":\"https:\\\/\\\/solcora.com\\\/de\\\/\"},{\"@type\":\"ListItem\",\"position\":2,\"name\":\"Kollektion\",\"item\":\"https:\\\/\\\/solcora.com\\\/de\\\/kollektion\\\/\"},{\"@type\":\"ListItem\",\"position\":3,\"name\":\"Duck Egg Blue\"}]},{\"@type\":\"WebSite\",\"@id\":\"https:\\\/\\\/solcora.com\\\/de\\\/#website\",\"url\":\"https:\\\/\\\/solcora.com\\\/de\\\/\",\"name\":\"Solcora\",\"description\":\"Rigid core design floors\",\"publisher\":{\"@id\":\"https:\\\/\\\/solcora.com\\\/de\\\/#organization\"},\"potentialAction\":[{\"@type\":\"SearchAction\",\"target\":{\"@type\":\"EntryPoint\",\"urlTemplate\":\"https:\\\/\\\/solcora.com\\\/de\\\/?s={search_term_string}\"},\"query-input\":{\"@type\":\"PropertyValueSpecification\",\"valueRequired\":true,\"valueName\":\"search_term_string\"}}],\"inLanguage\":\"de\"},{\"@type\":\"Organization\",\"@id\":\"https:\\\/\\\/solcora.com\\\/de\\\/#organization\",\"name\":\"Solcora\",\"url\":\"https:\\\/\\\/solcora.com\\\/de\\\/\",\"logo\":{\"@type\":\"ImageObject\",\"inLanguage\":\"de\",\"@id\":\"https:\\\/\\\/solcora.com\\\/de\\\/#\\\/schema\\\/logo\\\/image\\\/\",\"url\":\"https:\\\/\\\/solcora.com\\\/wp-content\\\/uploads\\\/2020\\\/04\\\/Solcora-by-mFLOR-NEW-2020.png\",\"contentUrl\":\"https:\\\/\\\/solcora.com\\\/wp-content\\\/uploads\\\/2020\\\/04\\\/Solcora-by-mFLOR-NEW-2020.png\",\"width\":746,\"height\":434,\"caption\":\"Solcora\"},\"image\":{\"@id\":\"https:\\\/\\\/solcora.com\\\/de\\\/#\\\/schema\\\/logo\\\/image\\\/\"}}]}<\/script>\n<!-- \/ Yoast SEO plugin. -->","yoast_head_json":{"title":"Duck Egg Blue - Solcora","robots":{"index":"index","follow":"follow","max-snippet":"max-snippet:-1","max-image-preview":"max-image-preview:large","max-video-preview":"max-video-preview:-1"},"canonical":"https:\/\/solcora.com\/de\/kollektion\/nuance-de\/duck-egg-blue\/","og_locale":"de_DE","og_type":"article","og_title":"Duck Egg Blue - Solcora","og_description":"NEUE VERSION Die Solcora Nuance Kollektion wurde aktualisiert. Sie enth\u00e4lt jetzt eine 2,0 mm schalld\u00e4mpfende IXPE-Schaumstoffunterlage. Die Farbe Duck Egg Blue ist jetzt unter der neuen Produktnummer 56146 erh\u00e4ltlich. Produktbeschreibung Die Farbe Duck Egg Blue aus dem Nuance Kollektion ist ein unangefochtener Verkaufsschlager. Die Duck Egg Blue hat eine L\u00e4nge von 91,44 cm und eine [&hellip;]","og_url":"https:\/\/solcora.com\/de\/kollektion\/nuance-de\/duck-egg-blue\/","og_site_name":"Solcora","article_modified_time":"2022-03-13T15:25:29+00:00","og_image":[{"width":1000,"height":1000,"url":"https:\/\/solcora.com\/wp-content\/uploads\/2020\/03\/55746-nuance-duck-egg-blue-frontal1000_sRGB.jpg","type":"image\/jpeg"}],"twitter_card":"summary_large_image","twitter_misc":{"Gesch\u00e4tzte Lesezeit":"1\u00a0Minute"},"schema":{"@context":"https:\/\/schema.org","@graph":[{"@type":"WebPage","@id":"https:\/\/solcora.com\/de\/kollektion\/nuance-de\/duck-egg-blue\/","url":"https:\/\/solcora.com\/de\/kollektion\/nuance-de\/duck-egg-blue\/","name":"Duck Egg Blue - Solcora","isPartOf":{"@id":"https:\/\/solcora.com\/de\/#website"},"primaryImageOfPage":{"@id":"https:\/\/solcora.com\/de\/kollektion\/nuance-de\/duck-egg-blue\/#primaryimage"},"image":{"@id":"https:\/\/solcora.com\/de\/kollektion\/nuance-de\/duck-egg-blue\/#primaryimage"},"thumbnailUrl":"https:\/\/solcora.com\/wp-content\/uploads\/2020\/03\/55746-nuance-duck-egg-blue-frontal1000_sRGB.jpg","datePublished":"2019-03-15T10:14:32+00:00","dateModified":"2022-03-13T15:25:29+00:00","breadcrumb":{"@id":"https:\/\/solcora.com\/de\/kollektion\/nuance-de\/duck-egg-blue\/#breadcrumb"},"inLanguage":"de","potentialAction":[{"@type":"ReadAction","target":["https:\/\/solcora.com\/de\/kollektion\/nuance-de\/duck-egg-blue\/"]}]},{"@type":"ImageObject","inLanguage":"de","@id":"https:\/\/solcora.com\/de\/kollektion\/nuance-de\/duck-egg-blue\/#primaryimage","url":"https:\/\/solcora.com\/wp-content\/uploads\/2020\/03\/55746-nuance-duck-egg-blue-frontal1000_sRGB.jpg","contentUrl":"https:\/\/solcora.com\/wp-content\/uploads\/2020\/03\/55746-nuance-duck-egg-blue-frontal1000_sRGB.jpg","width":1000,"height":1000},{"@type":"BreadcrumbList","@id":"https:\/\/solcora.com\/de\/kollektion\/nuance-de\/duck-egg-blue\/#breadcrumb","itemListElement":[{"@type":"ListItem","position":1,"name":"Home","item":"https:\/\/solcora.com\/de\/"},{"@type":"ListItem","position":2,"name":"Kollektion","item":"https:\/\/solcora.com\/de\/kollektion\/"},{"@type":"ListItem","position":3,"name":"Duck Egg Blue"}]},{"@type":"WebSite","@id":"https:\/\/solcora.com\/de\/#website","url":"https:\/\/solcora.com\/de\/","name":"Solcora","description":"Rigid core design floors","publisher":{"@id":"https:\/\/solcora.com\/de\/#organization"},"potentialAction":[{"@type":"SearchAction","target":{"@type":"EntryPoint","urlTemplate":"https:\/\/solcora.com\/de\/?s={search_term_string}"},"query-input":{"@type":"PropertyValueSpecification","valueRequired":true,"valueName":"search_term_string"}}],"inLanguage":"de"},{"@type":"Organization","@id":"https:\/\/solcora.com\/de\/#organization","name":"Solcora","url":"https:\/\/solcora.com\/de\/","logo":{"@type":"ImageObject","inLanguage":"de","@id":"https:\/\/solcora.com\/de\/#\/schema\/logo\/image\/","url":"https:\/\/solcora.com\/wp-content\/uploads\/2020\/04\/Solcora-by-mFLOR-NEW-2020.png","contentUrl":"https:\/\/solcora.com\/wp-content\/uploads\/2020\/04\/Solcora-by-mFLOR-NEW-2020.png","width":746,"height":434,"caption":"Solcora"},"image":{"@id":"https:\/\/solcora.com\/de\/#\/schema\/logo\/image\/"}}]}},"_links":{"self":[{"href":"https:\/\/solcora.com\/de\/wp-json\/wp\/v2\/product\/11666","targetHints":{"allow":["GET"]}}],"collection":[{"href":"https:\/\/solcora.com\/de\/wp-json\/wp\/v2\/product"}],"about":[{"href":"https:\/\/solcora.com\/de\/wp-json\/wp\/v2\/types\/product"}],"wp:featuredmedia":[{"embeddable":true,"href":"https:\/\/solcora.com\/de\/wp-json\/wp\/v2\/media\/11199"}],"wp:attachment":[{"href":"https:\/\/solcora.com\/de\/wp-json\/wp\/v2\/media?parent=11666"}],"wp:term":[{"taxonomy":"product_brand","embeddable":true,"href":"https:\/\/solcora.com\/de\/wp-json\/wp\/v2\/product_brand?post=11666"},{"taxonomy":"product_cat","embeddable":true,"href":"https:\/\/solcora.com\/de\/wp-json\/wp\/v2\/product_cat?post=11666"},{"taxonomy":"product_tag","embeddable":true,"href":"https:\/\/solcora.com\/de\/wp-json\/wp\/v2\/product_tag?post=11666"}],"curies":[{"name":"wp","href":"https:\/\/api.w.org\/{rel}","templated":true}]}}