{"id":11672,"date":"2020-02-27T09:46:55","date_gmt":"2020-02-27T08:46:55","guid":{"rendered":"https:\/\/solcora.com\/collection\/unkategorisiert\/liguria\/"},"modified":"2022-03-13T16:34:58","modified_gmt":"2022-03-13T15:34:58","slug":"liguria","status":"publish","type":"product","link":"https:\/\/solcora.com\/de\/kollektion\/oak-de\/liguria\/","title":{"rendered":"Liguria"},"content":{"rendered":"<p><strong>Produktbeschreibung<\/strong><br \/>\nEines der beliebtesten Solcora Produkte ist Liguria aus der Oak Kollektion. Sie hat eine L\u00e4nge von 121,92 cm und eine Breite von 23 cm und wird in 8er Paketen geliefert. Mit einem Paket k\u00f6nnen Sie also 2,24 m2 abdecken. Die St\u00e4rke der Farbe Liguria betr\u00e4gt 7,0 mm, einschlie\u00dflich einer 2 mm dicken IXPE-Schaumunterlage. Die Nutzschicht betr\u00e4gt 0,55 mm und die Dielen sind mit einer Fase versehen.<\/p>\n<p><strong>Zus\u00e4tzliche Information<\/strong><br \/>\nFarbnummer: 55916<br \/>\nFarbname: Liguria<br \/>\nAbmessungen: 121,92 x 23 cm x 7,0 mm<br \/>\nNutzschicht: 0,55 mm<br \/>\nPackungsinhalt: 8<br \/>\nm2 pro Packung: 2,24 m2<br \/>\nBodenart: 70-05 Solcora Silence<\/p>\n","protected":false},"excerpt":{"rendered":"<p>Produktbeschreibung Eines der beliebtesten Solcora Produkte ist Liguria aus der Oak Kollektion. Sie hat eine L\u00e4nge von 121,92 cm und eine Breite von 23 cm und wird in 8er Paketen geliefert. Mit einem Paket k\u00f6nnen Sie also 2,24 m2 abdecken. Die St\u00e4rke der Farbe Liguria betr\u00e4gt 7,0 mm, einschlie\u00dflich einer 2 mm dicken IXPE-Schaumunterlage. Die [&hellip;]<\/p>\n","protected":false},"featured_media":10926,"template":"","meta":{"_acf_changed":false},"product_brand":[],"product_cat":[273],"product_tag":[],"class_list":{"0":"post-11672","1":"product","2":"type-product","3":"status-publish","4":"has-post-thumbnail","6":"product_cat-oak-de","7":"pa_commercial-warranty-10-jahre","8":"pa_design-holz","9":"pa_household-warranty-25-jahre","10":"pa_product-group-70-05-de","11":"pa_usage-intensive-private","13":"first","14":"instock","15":"shipping-taxable","16":"product-type-simple"},"acf":[],"yoast_head":"<!-- This site is optimized with the Yoast SEO plugin v27.3 - https:\/\/yoast.com\/product\/yoast-seo-wordpress\/ -->\n<title>Liguria - Solcora<\/title>\n<meta name=\"robots\" content=\"index, follow, max-snippet:-1, max-image-preview:large, max-video-preview:-1\" \/>\n<link rel=\"canonical\" href=\"https:\/\/solcora.com\/de\/kollektion\/oak-de\/liguria\/\" \/>\n<meta property=\"og:locale\" content=\"de_DE\" \/>\n<meta property=\"og:type\" content=\"article\" \/>\n<meta property=\"og:title\" content=\"Liguria - Solcora\" \/>\n<meta property=\"og:description\" content=\"Produktbeschreibung Eines der beliebtesten Solcora Produkte ist Liguria aus der Oak Kollektion. Sie hat eine L\u00e4nge von 121,92 cm und eine Breite von 23 cm und wird in 8er Paketen geliefert. Mit einem Paket k\u00f6nnen Sie also 2,24 m2 abdecken. Die St\u00e4rke der Farbe Liguria betr\u00e4gt 7,0 mm, einschlie\u00dflich einer 2 mm dicken IXPE-Schaumunterlage. Die [&hellip;]\" \/>\n<meta property=\"og:url\" content=\"https:\/\/solcora.com\/de\/kollektion\/oak-de\/liguria\/\" \/>\n<meta property=\"og:site_name\" content=\"Solcora\" \/>\n<meta property=\"article:modified_time\" content=\"2022-03-13T15:34:58+00:00\" \/>\n<meta property=\"og:image\" content=\"https:\/\/solcora.com\/wp-content\/uploads\/2020\/02\/55916-Silence-Oak-Liguria-FRONTAL1000_sRGB.jpg\" \/>\n\t<meta property=\"og:image:width\" content=\"1000\" \/>\n\t<meta property=\"og:image:height\" content=\"1000\" \/>\n\t<meta property=\"og:image:type\" content=\"image\/jpeg\" \/>\n<meta name=\"twitter:card\" content=\"summary_large_image\" \/>\n<script type=\"application\/ld+json\" class=\"yoast-schema-graph\">{\"@context\":\"https:\\\/\\\/schema.org\",\"@graph\":[{\"@type\":\"WebPage\",\"@id\":\"https:\\\/\\\/solcora.com\\\/de\\\/kollektion\\\/oak-de\\\/liguria\\\/\",\"url\":\"https:\\\/\\\/solcora.com\\\/de\\\/kollektion\\\/oak-de\\\/liguria\\\/\",\"name\":\"Liguria - Solcora\",\"isPartOf\":{\"@id\":\"https:\\\/\\\/solcora.com\\\/de\\\/#website\"},\"primaryImageOfPage\":{\"@id\":\"https:\\\/\\\/solcora.com\\\/de\\\/kollektion\\\/oak-de\\\/liguria\\\/#primaryimage\"},\"image\":{\"@id\":\"https:\\\/\\\/solcora.com\\\/de\\\/kollektion\\\/oak-de\\\/liguria\\\/#primaryimage\"},\"thumbnailUrl\":\"https:\\\/\\\/solcora.com\\\/wp-content\\\/uploads\\\/2020\\\/02\\\/55916-Silence-Oak-Liguria-FRONTAL1000_sRGB.jpg\",\"datePublished\":\"2020-02-27T08:46:55+00:00\",\"dateModified\":\"2022-03-13T15:34:58+00:00\",\"breadcrumb\":{\"@id\":\"https:\\\/\\\/solcora.com\\\/de\\\/kollektion\\\/oak-de\\\/liguria\\\/#breadcrumb\"},\"inLanguage\":\"de\",\"potentialAction\":[{\"@type\":\"ReadAction\",\"target\":[\"https:\\\/\\\/solcora.com\\\/de\\\/kollektion\\\/oak-de\\\/liguria\\\/\"]}]},{\"@type\":\"ImageObject\",\"inLanguage\":\"de\",\"@id\":\"https:\\\/\\\/solcora.com\\\/de\\\/kollektion\\\/oak-de\\\/liguria\\\/#primaryimage\",\"url\":\"https:\\\/\\\/solcora.com\\\/wp-content\\\/uploads\\\/2020\\\/02\\\/55916-Silence-Oak-Liguria-FRONTAL1000_sRGB.jpg\",\"contentUrl\":\"https:\\\/\\\/solcora.com\\\/wp-content\\\/uploads\\\/2020\\\/02\\\/55916-Silence-Oak-Liguria-FRONTAL1000_sRGB.jpg\",\"width\":1000,\"height\":1000},{\"@type\":\"BreadcrumbList\",\"@id\":\"https:\\\/\\\/solcora.com\\\/de\\\/kollektion\\\/oak-de\\\/liguria\\\/#breadcrumb\",\"itemListElement\":[{\"@type\":\"ListItem\",\"position\":1,\"name\":\"Home\",\"item\":\"https:\\\/\\\/solcora.com\\\/de\\\/\"},{\"@type\":\"ListItem\",\"position\":2,\"name\":\"Kollektion\",\"item\":\"https:\\\/\\\/solcora.com\\\/de\\\/kollektion\\\/\"},{\"@type\":\"ListItem\",\"position\":3,\"name\":\"Liguria\"}]},{\"@type\":\"WebSite\",\"@id\":\"https:\\\/\\\/solcora.com\\\/de\\\/#website\",\"url\":\"https:\\\/\\\/solcora.com\\\/de\\\/\",\"name\":\"Solcora\",\"description\":\"Rigid core design floors\",\"publisher\":{\"@id\":\"https:\\\/\\\/solcora.com\\\/de\\\/#organization\"},\"potentialAction\":[{\"@type\":\"SearchAction\",\"target\":{\"@type\":\"EntryPoint\",\"urlTemplate\":\"https:\\\/\\\/solcora.com\\\/de\\\/?s={search_term_string}\"},\"query-input\":{\"@type\":\"PropertyValueSpecification\",\"valueRequired\":true,\"valueName\":\"search_term_string\"}}],\"inLanguage\":\"de\"},{\"@type\":\"Organization\",\"@id\":\"https:\\\/\\\/solcora.com\\\/de\\\/#organization\",\"name\":\"Solcora\",\"url\":\"https:\\\/\\\/solcora.com\\\/de\\\/\",\"logo\":{\"@type\":\"ImageObject\",\"inLanguage\":\"de\",\"@id\":\"https:\\\/\\\/solcora.com\\\/de\\\/#\\\/schema\\\/logo\\\/image\\\/\",\"url\":\"https:\\\/\\\/solcora.com\\\/wp-content\\\/uploads\\\/2020\\\/04\\\/Solcora-by-mFLOR-NEW-2020.png\",\"contentUrl\":\"https:\\\/\\\/solcora.com\\\/wp-content\\\/uploads\\\/2020\\\/04\\\/Solcora-by-mFLOR-NEW-2020.png\",\"width\":746,\"height\":434,\"caption\":\"Solcora\"},\"image\":{\"@id\":\"https:\\\/\\\/solcora.com\\\/de\\\/#\\\/schema\\\/logo\\\/image\\\/\"}}]}<\/script>\n<!-- \/ Yoast SEO plugin. -->","yoast_head_json":{"title":"Liguria - Solcora","robots":{"index":"index","follow":"follow","max-snippet":"max-snippet:-1","max-image-preview":"max-image-preview:large","max-video-preview":"max-video-preview:-1"},"canonical":"https:\/\/solcora.com\/de\/kollektion\/oak-de\/liguria\/","og_locale":"de_DE","og_type":"article","og_title":"Liguria - Solcora","og_description":"Produktbeschreibung Eines der beliebtesten Solcora Produkte ist Liguria aus der Oak Kollektion. Sie hat eine L\u00e4nge von 121,92 cm und eine Breite von 23 cm und wird in 8er Paketen geliefert. Mit einem Paket k\u00f6nnen Sie also 2,24 m2 abdecken. Die St\u00e4rke der Farbe Liguria betr\u00e4gt 7,0 mm, einschlie\u00dflich einer 2 mm dicken IXPE-Schaumunterlage. Die [&hellip;]","og_url":"https:\/\/solcora.com\/de\/kollektion\/oak-de\/liguria\/","og_site_name":"Solcora","article_modified_time":"2022-03-13T15:34:58+00:00","og_image":[{"width":1000,"height":1000,"url":"https:\/\/solcora.com\/wp-content\/uploads\/2020\/02\/55916-Silence-Oak-Liguria-FRONTAL1000_sRGB.jpg","type":"image\/jpeg"}],"twitter_card":"summary_large_image","schema":{"@context":"https:\/\/schema.org","@graph":[{"@type":"WebPage","@id":"https:\/\/solcora.com\/de\/kollektion\/oak-de\/liguria\/","url":"https:\/\/solcora.com\/de\/kollektion\/oak-de\/liguria\/","name":"Liguria - Solcora","isPartOf":{"@id":"https:\/\/solcora.com\/de\/#website"},"primaryImageOfPage":{"@id":"https:\/\/solcora.com\/de\/kollektion\/oak-de\/liguria\/#primaryimage"},"image":{"@id":"https:\/\/solcora.com\/de\/kollektion\/oak-de\/liguria\/#primaryimage"},"thumbnailUrl":"https:\/\/solcora.com\/wp-content\/uploads\/2020\/02\/55916-Silence-Oak-Liguria-FRONTAL1000_sRGB.jpg","datePublished":"2020-02-27T08:46:55+00:00","dateModified":"2022-03-13T15:34:58+00:00","breadcrumb":{"@id":"https:\/\/solcora.com\/de\/kollektion\/oak-de\/liguria\/#breadcrumb"},"inLanguage":"de","potentialAction":[{"@type":"ReadAction","target":["https:\/\/solcora.com\/de\/kollektion\/oak-de\/liguria\/"]}]},{"@type":"ImageObject","inLanguage":"de","@id":"https:\/\/solcora.com\/de\/kollektion\/oak-de\/liguria\/#primaryimage","url":"https:\/\/solcora.com\/wp-content\/uploads\/2020\/02\/55916-Silence-Oak-Liguria-FRONTAL1000_sRGB.jpg","contentUrl":"https:\/\/solcora.com\/wp-content\/uploads\/2020\/02\/55916-Silence-Oak-Liguria-FRONTAL1000_sRGB.jpg","width":1000,"height":1000},{"@type":"BreadcrumbList","@id":"https:\/\/solcora.com\/de\/kollektion\/oak-de\/liguria\/#breadcrumb","itemListElement":[{"@type":"ListItem","position":1,"name":"Home","item":"https:\/\/solcora.com\/de\/"},{"@type":"ListItem","position":2,"name":"Kollektion","item":"https:\/\/solcora.com\/de\/kollektion\/"},{"@type":"ListItem","position":3,"name":"Liguria"}]},{"@type":"WebSite","@id":"https:\/\/solcora.com\/de\/#website","url":"https:\/\/solcora.com\/de\/","name":"Solcora","description":"Rigid core design floors","publisher":{"@id":"https:\/\/solcora.com\/de\/#organization"},"potentialAction":[{"@type":"SearchAction","target":{"@type":"EntryPoint","urlTemplate":"https:\/\/solcora.com\/de\/?s={search_term_string}"},"query-input":{"@type":"PropertyValueSpecification","valueRequired":true,"valueName":"search_term_string"}}],"inLanguage":"de"},{"@type":"Organization","@id":"https:\/\/solcora.com\/de\/#organization","name":"Solcora","url":"https:\/\/solcora.com\/de\/","logo":{"@type":"ImageObject","inLanguage":"de","@id":"https:\/\/solcora.com\/de\/#\/schema\/logo\/image\/","url":"https:\/\/solcora.com\/wp-content\/uploads\/2020\/04\/Solcora-by-mFLOR-NEW-2020.png","contentUrl":"https:\/\/solcora.com\/wp-content\/uploads\/2020\/04\/Solcora-by-mFLOR-NEW-2020.png","width":746,"height":434,"caption":"Solcora"},"image":{"@id":"https:\/\/solcora.com\/de\/#\/schema\/logo\/image\/"}}]}},"_links":{"self":[{"href":"https:\/\/solcora.com\/de\/wp-json\/wp\/v2\/product\/11672","targetHints":{"allow":["GET"]}}],"collection":[{"href":"https:\/\/solcora.com\/de\/wp-json\/wp\/v2\/product"}],"about":[{"href":"https:\/\/solcora.com\/de\/wp-json\/wp\/v2\/types\/product"}],"wp:featuredmedia":[{"embeddable":true,"href":"https:\/\/solcora.com\/de\/wp-json\/wp\/v2\/media\/10926"}],"wp:attachment":[{"href":"https:\/\/solcora.com\/de\/wp-json\/wp\/v2\/media?parent=11672"}],"wp:term":[{"taxonomy":"product_brand","embeddable":true,"href":"https:\/\/solcora.com\/de\/wp-json\/wp\/v2\/product_brand?post=11672"},{"taxonomy":"product_cat","embeddable":true,"href":"https:\/\/solcora.com\/de\/wp-json\/wp\/v2\/product_cat?post=11672"},{"taxonomy":"product_tag","embeddable":true,"href":"https:\/\/solcora.com\/de\/wp-json\/wp\/v2\/product_tag?post=11672"}],"curies":[{"name":"wp","href":"https:\/\/api.w.org\/{rel}","templated":true}]}}