{"id":11680,"date":"2021-07-23T15:09:59","date_gmt":"2021-07-23T13:09:59","guid":{"rendered":"https:\/\/solcora.com\/collection\/unkategorisiert\/rhone\/"},"modified":"2025-01-16T09:56:03","modified_gmt":"2025-01-16T08:56:03","slug":"rhone","status":"publish","type":"product","link":"https:\/\/solcora.com\/de\/kollektion\/parva-river-oak-de\/rhone\/","title":{"rendered":"Rhone"},"content":{"rendered":"<p><strong>Produktbeschreibung<\/strong><br \/>\nDas Fischgr\u00e4tmuster der Parva River Oak , Farbton Rhone, bietet einen modernen, luxuri\u00f6sen Look mit der Leichtigkeit und dem Komfort eines Solcora Silence LVT-Klickbodens. Das dezente Eichendesign verwandelt jeden Raum in einen Ort, an dem Sie sich entspannen k\u00f6nnen.<\/p>\n<p>Die Dielen der Parva River Oak haben eine L\u00e4nge von 60,96 cm und eine Breite von 11,43 cm und werden in Paketen mit 30 Dielen (15 Dielen A und 15 Dielen B) geliefert, so dass Sie mit einer Packung 2,09 m2 abdecken k\u00f6nnen. Die St\u00e4rke betr\u00e4gt 7,0 mm, einschlie\u00dflich einer 2 mm dicken schalld\u00e4mmenden IXPE-Schaumunterlage und einer 0,55 mm dicken Nutzschicht. Die Dielen sind mit einer Fase versehen und sind in sechs modernen Farben erh\u00e4ltlich.<\/p>\n<p>Die Parva River Oak ist auch als River Oak mit normalgro\u00dfen Dielen erh\u00e4ltlich.<\/p>\n<p><strong>Zus\u00e4tzliche Information<\/strong><br \/>\nFarbnummer: 56059<br \/>\nFarbname: Rhone<br \/>\nAbmessungen: 60,96 x 11,43 cm x 7,0 mm<br \/>\nNutzschicht: 0,55 mm<br \/>\nPackungsinhalt: 30<br \/>\nm2 pro Packung: 2,09 m2<br \/>\nBodenart: 70-05 Solcora Silence<\/p>\n","protected":false},"excerpt":{"rendered":"<p>Produktbeschreibung Das Fischgr\u00e4tmuster der Parva River Oak , Farbton Rhone, bietet einen modernen, luxuri\u00f6sen Look mit der Leichtigkeit und dem Komfort eines Solcora Silence LVT-Klickbodens. Das dezente Eichendesign verwandelt jeden Raum in einen Ort, an dem Sie sich entspannen k\u00f6nnen. Die Dielen der Parva River Oak haben eine L\u00e4nge von 60,96 cm und eine Breite [&hellip;]<\/p>\n","protected":false},"featured_media":11419,"template":"","meta":{"_acf_changed":false},"product_brand":[],"product_cat":[274],"product_tag":[],"class_list":{"0":"post-11680","1":"product","2":"type-product","3":"status-publish","4":"has-post-thumbnail","6":"product_cat-parva-river-oak-de","7":"pa_commercial-warranty-10-jahre","8":"pa_design-holz-parva","9":"pa_household-warranty-25-jahre","10":"pa_product-group-70-05-de","11":"pa_usage-intensive-private","13":"first","14":"instock","15":"shipping-taxable","16":"product-type-simple"},"acf":[],"yoast_head":"<!-- This site is optimized with the Yoast SEO plugin v27.3 - https:\/\/yoast.com\/product\/yoast-seo-wordpress\/ -->\n<title>Rhone - Solcora<\/title>\n<meta name=\"robots\" content=\"index, follow, max-snippet:-1, max-image-preview:large, max-video-preview:-1\" \/>\n<link rel=\"canonical\" href=\"https:\/\/solcora.com\/de\/kollektion\/parva-river-oak-de\/rhone\/\" \/>\n<meta property=\"og:locale\" content=\"de_DE\" \/>\n<meta property=\"og:type\" content=\"article\" \/>\n<meta property=\"og:title\" content=\"Rhone - Solcora\" \/>\n<meta property=\"og:description\" content=\"Produktbeschreibung Das Fischgr\u00e4tmuster der Parva River Oak , Farbton Rhone, bietet einen modernen, luxuri\u00f6sen Look mit der Leichtigkeit und dem Komfort eines Solcora Silence LVT-Klickbodens. Das dezente Eichendesign verwandelt jeden Raum in einen Ort, an dem Sie sich entspannen k\u00f6nnen. Die Dielen der Parva River Oak haben eine L\u00e4nge von 60,96 cm und eine Breite [&hellip;]\" \/>\n<meta property=\"og:url\" content=\"https:\/\/solcora.com\/de\/kollektion\/parva-river-oak-de\/rhone\/\" \/>\n<meta property=\"og:site_name\" content=\"Solcora\" \/>\n<meta property=\"article:modified_time\" content=\"2025-01-16T08:56:03+00:00\" \/>\n<meta property=\"og:image\" content=\"https:\/\/solcora.com\/wp-content\/uploads\/2021\/07\/Solcora-Parva-River-Oak-56059-Rhone-Frontal.jpg\" \/>\n\t<meta property=\"og:image:width\" content=\"2560\" \/>\n\t<meta property=\"og:image:height\" content=\"1920\" \/>\n\t<meta property=\"og:image:type\" content=\"image\/jpeg\" \/>\n<meta name=\"twitter:card\" content=\"summary_large_image\" \/>\n<meta name=\"twitter:label1\" content=\"Gesch\u00e4tzte Lesezeit\" \/>\n\t<meta name=\"twitter:data1\" content=\"1\u00a0Minute\" \/>\n<script type=\"application\/ld+json\" class=\"yoast-schema-graph\">{\"@context\":\"https:\\\/\\\/schema.org\",\"@graph\":[{\"@type\":\"WebPage\",\"@id\":\"https:\\\/\\\/solcora.com\\\/de\\\/kollektion\\\/parva-river-oak-de\\\/rhone\\\/\",\"url\":\"https:\\\/\\\/solcora.com\\\/de\\\/kollektion\\\/parva-river-oak-de\\\/rhone\\\/\",\"name\":\"Rhone - Solcora\",\"isPartOf\":{\"@id\":\"https:\\\/\\\/solcora.com\\\/de\\\/#website\"},\"primaryImageOfPage\":{\"@id\":\"https:\\\/\\\/solcora.com\\\/de\\\/kollektion\\\/parva-river-oak-de\\\/rhone\\\/#primaryimage\"},\"image\":{\"@id\":\"https:\\\/\\\/solcora.com\\\/de\\\/kollektion\\\/parva-river-oak-de\\\/rhone\\\/#primaryimage\"},\"thumbnailUrl\":\"https:\\\/\\\/solcora.com\\\/wp-content\\\/uploads\\\/2021\\\/07\\\/Solcora-Parva-River-Oak-56059-Rhone-Frontal.jpg\",\"datePublished\":\"2021-07-23T13:09:59+00:00\",\"dateModified\":\"2025-01-16T08:56:03+00:00\",\"breadcrumb\":{\"@id\":\"https:\\\/\\\/solcora.com\\\/de\\\/kollektion\\\/parva-river-oak-de\\\/rhone\\\/#breadcrumb\"},\"inLanguage\":\"de\",\"potentialAction\":[{\"@type\":\"ReadAction\",\"target\":[\"https:\\\/\\\/solcora.com\\\/de\\\/kollektion\\\/parva-river-oak-de\\\/rhone\\\/\"]}]},{\"@type\":\"ImageObject\",\"inLanguage\":\"de\",\"@id\":\"https:\\\/\\\/solcora.com\\\/de\\\/kollektion\\\/parva-river-oak-de\\\/rhone\\\/#primaryimage\",\"url\":\"https:\\\/\\\/solcora.com\\\/wp-content\\\/uploads\\\/2021\\\/07\\\/Solcora-Parva-River-Oak-56059-Rhone-Frontal.jpg\",\"contentUrl\":\"https:\\\/\\\/solcora.com\\\/wp-content\\\/uploads\\\/2021\\\/07\\\/Solcora-Parva-River-Oak-56059-Rhone-Frontal.jpg\",\"width\":2560,\"height\":1920},{\"@type\":\"BreadcrumbList\",\"@id\":\"https:\\\/\\\/solcora.com\\\/de\\\/kollektion\\\/parva-river-oak-de\\\/rhone\\\/#breadcrumb\",\"itemListElement\":[{\"@type\":\"ListItem\",\"position\":1,\"name\":\"Home\",\"item\":\"https:\\\/\\\/solcora.com\\\/de\\\/\"},{\"@type\":\"ListItem\",\"position\":2,\"name\":\"Kollektion\",\"item\":\"https:\\\/\\\/solcora.com\\\/de\\\/kollektion\\\/\"},{\"@type\":\"ListItem\",\"position\":3,\"name\":\"Rhone\"}]},{\"@type\":\"WebSite\",\"@id\":\"https:\\\/\\\/solcora.com\\\/de\\\/#website\",\"url\":\"https:\\\/\\\/solcora.com\\\/de\\\/\",\"name\":\"Solcora\",\"description\":\"Rigid core design floors\",\"publisher\":{\"@id\":\"https:\\\/\\\/solcora.com\\\/de\\\/#organization\"},\"potentialAction\":[{\"@type\":\"SearchAction\",\"target\":{\"@type\":\"EntryPoint\",\"urlTemplate\":\"https:\\\/\\\/solcora.com\\\/de\\\/?s={search_term_string}\"},\"query-input\":{\"@type\":\"PropertyValueSpecification\",\"valueRequired\":true,\"valueName\":\"search_term_string\"}}],\"inLanguage\":\"de\"},{\"@type\":\"Organization\",\"@id\":\"https:\\\/\\\/solcora.com\\\/de\\\/#organization\",\"name\":\"Solcora\",\"url\":\"https:\\\/\\\/solcora.com\\\/de\\\/\",\"logo\":{\"@type\":\"ImageObject\",\"inLanguage\":\"de\",\"@id\":\"https:\\\/\\\/solcora.com\\\/de\\\/#\\\/schema\\\/logo\\\/image\\\/\",\"url\":\"https:\\\/\\\/solcora.com\\\/wp-content\\\/uploads\\\/2020\\\/04\\\/Solcora-by-mFLOR-NEW-2020.png\",\"contentUrl\":\"https:\\\/\\\/solcora.com\\\/wp-content\\\/uploads\\\/2020\\\/04\\\/Solcora-by-mFLOR-NEW-2020.png\",\"width\":746,\"height\":434,\"caption\":\"Solcora\"},\"image\":{\"@id\":\"https:\\\/\\\/solcora.com\\\/de\\\/#\\\/schema\\\/logo\\\/image\\\/\"}}]}<\/script>\n<!-- \/ Yoast SEO plugin. -->","yoast_head_json":{"title":"Rhone - Solcora","robots":{"index":"index","follow":"follow","max-snippet":"max-snippet:-1","max-image-preview":"max-image-preview:large","max-video-preview":"max-video-preview:-1"},"canonical":"https:\/\/solcora.com\/de\/kollektion\/parva-river-oak-de\/rhone\/","og_locale":"de_DE","og_type":"article","og_title":"Rhone - Solcora","og_description":"Produktbeschreibung Das Fischgr\u00e4tmuster der Parva River Oak , Farbton Rhone, bietet einen modernen, luxuri\u00f6sen Look mit der Leichtigkeit und dem Komfort eines Solcora Silence LVT-Klickbodens. Das dezente Eichendesign verwandelt jeden Raum in einen Ort, an dem Sie sich entspannen k\u00f6nnen. Die Dielen der Parva River Oak haben eine L\u00e4nge von 60,96 cm und eine Breite [&hellip;]","og_url":"https:\/\/solcora.com\/de\/kollektion\/parva-river-oak-de\/rhone\/","og_site_name":"Solcora","article_modified_time":"2025-01-16T08:56:03+00:00","og_image":[{"width":2560,"height":1920,"url":"https:\/\/solcora.com\/wp-content\/uploads\/2021\/07\/Solcora-Parva-River-Oak-56059-Rhone-Frontal.jpg","type":"image\/jpeg"}],"twitter_card":"summary_large_image","twitter_misc":{"Gesch\u00e4tzte Lesezeit":"1\u00a0Minute"},"schema":{"@context":"https:\/\/schema.org","@graph":[{"@type":"WebPage","@id":"https:\/\/solcora.com\/de\/kollektion\/parva-river-oak-de\/rhone\/","url":"https:\/\/solcora.com\/de\/kollektion\/parva-river-oak-de\/rhone\/","name":"Rhone - Solcora","isPartOf":{"@id":"https:\/\/solcora.com\/de\/#website"},"primaryImageOfPage":{"@id":"https:\/\/solcora.com\/de\/kollektion\/parva-river-oak-de\/rhone\/#primaryimage"},"image":{"@id":"https:\/\/solcora.com\/de\/kollektion\/parva-river-oak-de\/rhone\/#primaryimage"},"thumbnailUrl":"https:\/\/solcora.com\/wp-content\/uploads\/2021\/07\/Solcora-Parva-River-Oak-56059-Rhone-Frontal.jpg","datePublished":"2021-07-23T13:09:59+00:00","dateModified":"2025-01-16T08:56:03+00:00","breadcrumb":{"@id":"https:\/\/solcora.com\/de\/kollektion\/parva-river-oak-de\/rhone\/#breadcrumb"},"inLanguage":"de","potentialAction":[{"@type":"ReadAction","target":["https:\/\/solcora.com\/de\/kollektion\/parva-river-oak-de\/rhone\/"]}]},{"@type":"ImageObject","inLanguage":"de","@id":"https:\/\/solcora.com\/de\/kollektion\/parva-river-oak-de\/rhone\/#primaryimage","url":"https:\/\/solcora.com\/wp-content\/uploads\/2021\/07\/Solcora-Parva-River-Oak-56059-Rhone-Frontal.jpg","contentUrl":"https:\/\/solcora.com\/wp-content\/uploads\/2021\/07\/Solcora-Parva-River-Oak-56059-Rhone-Frontal.jpg","width":2560,"height":1920},{"@type":"BreadcrumbList","@id":"https:\/\/solcora.com\/de\/kollektion\/parva-river-oak-de\/rhone\/#breadcrumb","itemListElement":[{"@type":"ListItem","position":1,"name":"Home","item":"https:\/\/solcora.com\/de\/"},{"@type":"ListItem","position":2,"name":"Kollektion","item":"https:\/\/solcora.com\/de\/kollektion\/"},{"@type":"ListItem","position":3,"name":"Rhone"}]},{"@type":"WebSite","@id":"https:\/\/solcora.com\/de\/#website","url":"https:\/\/solcora.com\/de\/","name":"Solcora","description":"Rigid core design floors","publisher":{"@id":"https:\/\/solcora.com\/de\/#organization"},"potentialAction":[{"@type":"SearchAction","target":{"@type":"EntryPoint","urlTemplate":"https:\/\/solcora.com\/de\/?s={search_term_string}"},"query-input":{"@type":"PropertyValueSpecification","valueRequired":true,"valueName":"search_term_string"}}],"inLanguage":"de"},{"@type":"Organization","@id":"https:\/\/solcora.com\/de\/#organization","name":"Solcora","url":"https:\/\/solcora.com\/de\/","logo":{"@type":"ImageObject","inLanguage":"de","@id":"https:\/\/solcora.com\/de\/#\/schema\/logo\/image\/","url":"https:\/\/solcora.com\/wp-content\/uploads\/2020\/04\/Solcora-by-mFLOR-NEW-2020.png","contentUrl":"https:\/\/solcora.com\/wp-content\/uploads\/2020\/04\/Solcora-by-mFLOR-NEW-2020.png","width":746,"height":434,"caption":"Solcora"},"image":{"@id":"https:\/\/solcora.com\/de\/#\/schema\/logo\/image\/"}}]}},"_links":{"self":[{"href":"https:\/\/solcora.com\/de\/wp-json\/wp\/v2\/product\/11680","targetHints":{"allow":["GET"]}}],"collection":[{"href":"https:\/\/solcora.com\/de\/wp-json\/wp\/v2\/product"}],"about":[{"href":"https:\/\/solcora.com\/de\/wp-json\/wp\/v2\/types\/product"}],"wp:featuredmedia":[{"embeddable":true,"href":"https:\/\/solcora.com\/de\/wp-json\/wp\/v2\/media\/11419"}],"wp:attachment":[{"href":"https:\/\/solcora.com\/de\/wp-json\/wp\/v2\/media?parent=11680"}],"wp:term":[{"taxonomy":"product_brand","embeddable":true,"href":"https:\/\/solcora.com\/de\/wp-json\/wp\/v2\/product_brand?post=11680"},{"taxonomy":"product_cat","embeddable":true,"href":"https:\/\/solcora.com\/de\/wp-json\/wp\/v2\/product_cat?post=11680"},{"taxonomy":"product_tag","embeddable":true,"href":"https:\/\/solcora.com\/de\/wp-json\/wp\/v2\/product_tag?post=11680"}],"curies":[{"name":"wp","href":"https:\/\/api.w.org\/{rel}","templated":true}]}}