{"id":13132,"date":"2024-01-04T11:59:23","date_gmt":"2024-01-04T10:59:23","guid":{"rendered":"https:\/\/solcora.com\/?post_type=product&#038;p=13132"},"modified":"2024-01-04T12:30:42","modified_gmt":"2024-01-04T11:30:42","slug":"rhone-3","status":"publish","type":"product","link":"https:\/\/solcora.com\/de\/kollektion\/river-oak-de\/rhone-3\/","title":{"rendered":"Rhone"},"content":{"rendered":"<p><strong>Produktbeschreibung<\/strong><\/p>\n<p>Das subtile, luxuri\u00f6se Eichendesign der River Oak-Kollektion zeichnet sich durch eine subtile Holzmaserung und dezente Farbnuancen aus. Die modernen Farben strahlen Ruhe und W\u00e4rme aus und verwandeln jeden Raum in einen Ort, an dem man sich wohlf\u00fchlt.<\/p>\n<p>Mit einer Auswahl von 6 Farben im ruhigen Eichenmotiv hebt Solcora+ River Oak Ihren Raum richtig auf ein Plus-niveau.<\/p>\n<p>Solcora+ ist der neue Standard bei LVT-Klickb\u00f6den. Nat\u00fcrliche Sch\u00f6nheit trifft auf un\u00fcbertroffene Benutzerfreundlichkeit &#8211; die Verlegung Ihres Traumbodens war noch nie so leicht. Solcora+ klickt mit einem Schlag!<\/p>\n<p><strong>Zus\u00e4tzliche Information<\/strong><\/p>\n<p>Farbnummer: 56239<br \/>\nFarbname: Rhone<br \/>\nAbmessungen: 122 x 22,8 cm x 5,2 mm<br \/>\nNutzschicht: 0,55 mm<br \/>\nPackungsinhalt: 8<br \/>\nm2 pro Packung: 2,23 m2<br \/>\nBodenart: 52-05 Solcora+<\/p>\n","protected":false},"excerpt":{"rendered":"<p>Produktbeschreibung Das subtile, luxuri\u00f6se Eichendesign der River Oak-Kollektion zeichnet sich durch eine subtile Holzmaserung und dezente Farbnuancen aus. Die modernen Farben strahlen Ruhe und W\u00e4rme aus und verwandeln jeden Raum in einen Ort, an dem man sich wohlf\u00fchlt. Mit einer Auswahl von 6 Farben im ruhigen Eichenmotiv hebt Solcora+ River Oak Ihren Raum richtig auf [&hellip;]<\/p>\n","protected":false},"featured_media":11444,"template":"","meta":{"_acf_changed":false},"product_brand":[],"product_cat":[275],"product_tag":[],"class_list":{"0":"post-13132","1":"product","2":"type-product","3":"status-publish","4":"has-post-thumbnail","6":"product_cat-river-oak-de","7":"pa_commercial-warranty-10-jahre","8":"pa_design-holz","9":"pa_household-warranty-20-jahre","10":"pa_product-group-52-05-de","11":"pa_usage-intensive-gewerbliche-normale-industrielle","13":"first","14":"instock","15":"shipping-taxable","16":"product-type-simple"},"acf":[],"yoast_head":"<!-- This site is optimized with the Yoast SEO plugin v27.4 - https:\/\/yoast.com\/product\/yoast-seo-wordpress\/ -->\n<title>Rhone - Solcora<\/title>\n<meta name=\"robots\" content=\"index, follow, max-snippet:-1, max-image-preview:large, max-video-preview:-1\" \/>\n<link rel=\"canonical\" href=\"https:\/\/solcora.com\/de\/kollektion\/river-oak-de\/rhone-3\/\" \/>\n<meta property=\"og:locale\" content=\"de_DE\" \/>\n<meta property=\"og:type\" content=\"article\" \/>\n<meta property=\"og:title\" content=\"Rhone - Solcora\" \/>\n<meta property=\"og:description\" content=\"Produktbeschreibung Das subtile, luxuri\u00f6se Eichendesign der River Oak-Kollektion zeichnet sich durch eine subtile Holzmaserung und dezente Farbnuancen aus. Die modernen Farben strahlen Ruhe und W\u00e4rme aus und verwandeln jeden Raum in einen Ort, an dem man sich wohlf\u00fchlt. Mit einer Auswahl von 6 Farben im ruhigen Eichenmotiv hebt Solcora+ River Oak Ihren Raum richtig auf [&hellip;]\" \/>\n<meta property=\"og:url\" content=\"https:\/\/solcora.com\/de\/kollektion\/river-oak-de\/rhone-3\/\" \/>\n<meta property=\"og:site_name\" content=\"Solcora\" \/>\n<meta property=\"article:modified_time\" content=\"2024-01-04T11:30:42+00:00\" \/>\n<meta property=\"og:image\" content=\"https:\/\/solcora.com\/wp-content\/uploads\/2021\/07\/Solcora-River-Oak-56019-Rhone-Frontal.jpg\" \/>\n\t<meta property=\"og:image:width\" content=\"2560\" \/>\n\t<meta property=\"og:image:height\" content=\"1920\" \/>\n\t<meta property=\"og:image:type\" content=\"image\/jpeg\" \/>\n<meta name=\"twitter:card\" content=\"summary_large_image\" \/>\n<meta name=\"twitter:label1\" content=\"Gesch\u00e4tzte Lesezeit\" \/>\n\t<meta name=\"twitter:data1\" content=\"1\u00a0Minute\" \/>\n<script type=\"application\/ld+json\" class=\"yoast-schema-graph\">{\"@context\":\"https:\\\/\\\/schema.org\",\"@graph\":[{\"@type\":\"WebPage\",\"@id\":\"https:\\\/\\\/solcora.com\\\/de\\\/kollektion\\\/river-oak-de\\\/rhone-3\\\/\",\"url\":\"https:\\\/\\\/solcora.com\\\/de\\\/kollektion\\\/river-oak-de\\\/rhone-3\\\/\",\"name\":\"Rhone - Solcora\",\"isPartOf\":{\"@id\":\"https:\\\/\\\/solcora.com\\\/de\\\/#website\"},\"primaryImageOfPage\":{\"@id\":\"https:\\\/\\\/solcora.com\\\/de\\\/kollektion\\\/river-oak-de\\\/rhone-3\\\/#primaryimage\"},\"image\":{\"@id\":\"https:\\\/\\\/solcora.com\\\/de\\\/kollektion\\\/river-oak-de\\\/rhone-3\\\/#primaryimage\"},\"thumbnailUrl\":\"https:\\\/\\\/solcora.com\\\/wp-content\\\/uploads\\\/2021\\\/07\\\/Solcora-River-Oak-56019-Rhone-Frontal.jpg\",\"datePublished\":\"2024-01-04T10:59:23+00:00\",\"dateModified\":\"2024-01-04T11:30:42+00:00\",\"breadcrumb\":{\"@id\":\"https:\\\/\\\/solcora.com\\\/de\\\/kollektion\\\/river-oak-de\\\/rhone-3\\\/#breadcrumb\"},\"inLanguage\":\"de\",\"potentialAction\":[{\"@type\":\"ReadAction\",\"target\":[\"https:\\\/\\\/solcora.com\\\/de\\\/kollektion\\\/river-oak-de\\\/rhone-3\\\/\"]}]},{\"@type\":\"ImageObject\",\"inLanguage\":\"de\",\"@id\":\"https:\\\/\\\/solcora.com\\\/de\\\/kollektion\\\/river-oak-de\\\/rhone-3\\\/#primaryimage\",\"url\":\"https:\\\/\\\/solcora.com\\\/wp-content\\\/uploads\\\/2021\\\/07\\\/Solcora-River-Oak-56019-Rhone-Frontal.jpg\",\"contentUrl\":\"https:\\\/\\\/solcora.com\\\/wp-content\\\/uploads\\\/2021\\\/07\\\/Solcora-River-Oak-56019-Rhone-Frontal.jpg\",\"width\":2560,\"height\":1920},{\"@type\":\"BreadcrumbList\",\"@id\":\"https:\\\/\\\/solcora.com\\\/de\\\/kollektion\\\/river-oak-de\\\/rhone-3\\\/#breadcrumb\",\"itemListElement\":[{\"@type\":\"ListItem\",\"position\":1,\"name\":\"Home\",\"item\":\"https:\\\/\\\/solcora.com\\\/de\\\/\"},{\"@type\":\"ListItem\",\"position\":2,\"name\":\"Kollektion\",\"item\":\"https:\\\/\\\/solcora.com\\\/de\\\/kollektion\\\/\"},{\"@type\":\"ListItem\",\"position\":3,\"name\":\"Rhone\"}]},{\"@type\":\"WebSite\",\"@id\":\"https:\\\/\\\/solcora.com\\\/de\\\/#website\",\"url\":\"https:\\\/\\\/solcora.com\\\/de\\\/\",\"name\":\"Solcora\",\"description\":\"Rigid core design floors\",\"publisher\":{\"@id\":\"https:\\\/\\\/solcora.com\\\/de\\\/#organization\"},\"potentialAction\":[{\"@type\":\"SearchAction\",\"target\":{\"@type\":\"EntryPoint\",\"urlTemplate\":\"https:\\\/\\\/solcora.com\\\/de\\\/?s={search_term_string}\"},\"query-input\":{\"@type\":\"PropertyValueSpecification\",\"valueRequired\":true,\"valueName\":\"search_term_string\"}}],\"inLanguage\":\"de\"},{\"@type\":\"Organization\",\"@id\":\"https:\\\/\\\/solcora.com\\\/de\\\/#organization\",\"name\":\"Solcora\",\"url\":\"https:\\\/\\\/solcora.com\\\/de\\\/\",\"logo\":{\"@type\":\"ImageObject\",\"inLanguage\":\"de\",\"@id\":\"https:\\\/\\\/solcora.com\\\/de\\\/#\\\/schema\\\/logo\\\/image\\\/\",\"url\":\"https:\\\/\\\/solcora.com\\\/wp-content\\\/uploads\\\/2020\\\/04\\\/Solcora-by-mFLOR-NEW-2020.png\",\"contentUrl\":\"https:\\\/\\\/solcora.com\\\/wp-content\\\/uploads\\\/2020\\\/04\\\/Solcora-by-mFLOR-NEW-2020.png\",\"width\":746,\"height\":434,\"caption\":\"Solcora\"},\"image\":{\"@id\":\"https:\\\/\\\/solcora.com\\\/de\\\/#\\\/schema\\\/logo\\\/image\\\/\"}}]}<\/script>\n<!-- \/ Yoast SEO plugin. -->","yoast_head_json":{"title":"Rhone - Solcora","robots":{"index":"index","follow":"follow","max-snippet":"max-snippet:-1","max-image-preview":"max-image-preview:large","max-video-preview":"max-video-preview:-1"},"canonical":"https:\/\/solcora.com\/de\/kollektion\/river-oak-de\/rhone-3\/","og_locale":"de_DE","og_type":"article","og_title":"Rhone - Solcora","og_description":"Produktbeschreibung Das subtile, luxuri\u00f6se Eichendesign der River Oak-Kollektion zeichnet sich durch eine subtile Holzmaserung und dezente Farbnuancen aus. Die modernen Farben strahlen Ruhe und W\u00e4rme aus und verwandeln jeden Raum in einen Ort, an dem man sich wohlf\u00fchlt. Mit einer Auswahl von 6 Farben im ruhigen Eichenmotiv hebt Solcora+ River Oak Ihren Raum richtig auf [&hellip;]","og_url":"https:\/\/solcora.com\/de\/kollektion\/river-oak-de\/rhone-3\/","og_site_name":"Solcora","article_modified_time":"2024-01-04T11:30:42+00:00","og_image":[{"width":2560,"height":1920,"url":"https:\/\/solcora.com\/wp-content\/uploads\/2021\/07\/Solcora-River-Oak-56019-Rhone-Frontal.jpg","type":"image\/jpeg"}],"twitter_card":"summary_large_image","twitter_misc":{"Gesch\u00e4tzte Lesezeit":"1\u00a0Minute"},"schema":{"@context":"https:\/\/schema.org","@graph":[{"@type":"WebPage","@id":"https:\/\/solcora.com\/de\/kollektion\/river-oak-de\/rhone-3\/","url":"https:\/\/solcora.com\/de\/kollektion\/river-oak-de\/rhone-3\/","name":"Rhone - Solcora","isPartOf":{"@id":"https:\/\/solcora.com\/de\/#website"},"primaryImageOfPage":{"@id":"https:\/\/solcora.com\/de\/kollektion\/river-oak-de\/rhone-3\/#primaryimage"},"image":{"@id":"https:\/\/solcora.com\/de\/kollektion\/river-oak-de\/rhone-3\/#primaryimage"},"thumbnailUrl":"https:\/\/solcora.com\/wp-content\/uploads\/2021\/07\/Solcora-River-Oak-56019-Rhone-Frontal.jpg","datePublished":"2024-01-04T10:59:23+00:00","dateModified":"2024-01-04T11:30:42+00:00","breadcrumb":{"@id":"https:\/\/solcora.com\/de\/kollektion\/river-oak-de\/rhone-3\/#breadcrumb"},"inLanguage":"de","potentialAction":[{"@type":"ReadAction","target":["https:\/\/solcora.com\/de\/kollektion\/river-oak-de\/rhone-3\/"]}]},{"@type":"ImageObject","inLanguage":"de","@id":"https:\/\/solcora.com\/de\/kollektion\/river-oak-de\/rhone-3\/#primaryimage","url":"https:\/\/solcora.com\/wp-content\/uploads\/2021\/07\/Solcora-River-Oak-56019-Rhone-Frontal.jpg","contentUrl":"https:\/\/solcora.com\/wp-content\/uploads\/2021\/07\/Solcora-River-Oak-56019-Rhone-Frontal.jpg","width":2560,"height":1920},{"@type":"BreadcrumbList","@id":"https:\/\/solcora.com\/de\/kollektion\/river-oak-de\/rhone-3\/#breadcrumb","itemListElement":[{"@type":"ListItem","position":1,"name":"Home","item":"https:\/\/solcora.com\/de\/"},{"@type":"ListItem","position":2,"name":"Kollektion","item":"https:\/\/solcora.com\/de\/kollektion\/"},{"@type":"ListItem","position":3,"name":"Rhone"}]},{"@type":"WebSite","@id":"https:\/\/solcora.com\/de\/#website","url":"https:\/\/solcora.com\/de\/","name":"Solcora","description":"Rigid core design floors","publisher":{"@id":"https:\/\/solcora.com\/de\/#organization"},"potentialAction":[{"@type":"SearchAction","target":{"@type":"EntryPoint","urlTemplate":"https:\/\/solcora.com\/de\/?s={search_term_string}"},"query-input":{"@type":"PropertyValueSpecification","valueRequired":true,"valueName":"search_term_string"}}],"inLanguage":"de"},{"@type":"Organization","@id":"https:\/\/solcora.com\/de\/#organization","name":"Solcora","url":"https:\/\/solcora.com\/de\/","logo":{"@type":"ImageObject","inLanguage":"de","@id":"https:\/\/solcora.com\/de\/#\/schema\/logo\/image\/","url":"https:\/\/solcora.com\/wp-content\/uploads\/2020\/04\/Solcora-by-mFLOR-NEW-2020.png","contentUrl":"https:\/\/solcora.com\/wp-content\/uploads\/2020\/04\/Solcora-by-mFLOR-NEW-2020.png","width":746,"height":434,"caption":"Solcora"},"image":{"@id":"https:\/\/solcora.com\/de\/#\/schema\/logo\/image\/"}}]}},"_links":{"self":[{"href":"https:\/\/solcora.com\/de\/wp-json\/wp\/v2\/product\/13132","targetHints":{"allow":["GET"]}}],"collection":[{"href":"https:\/\/solcora.com\/de\/wp-json\/wp\/v2\/product"}],"about":[{"href":"https:\/\/solcora.com\/de\/wp-json\/wp\/v2\/types\/product"}],"wp:featuredmedia":[{"embeddable":true,"href":"https:\/\/solcora.com\/de\/wp-json\/wp\/v2\/media\/11444"}],"wp:attachment":[{"href":"https:\/\/solcora.com\/de\/wp-json\/wp\/v2\/media?parent=13132"}],"wp:term":[{"taxonomy":"product_brand","embeddable":true,"href":"https:\/\/solcora.com\/de\/wp-json\/wp\/v2\/product_brand?post=13132"},{"taxonomy":"product_cat","embeddable":true,"href":"https:\/\/solcora.com\/de\/wp-json\/wp\/v2\/product_cat?post=13132"},{"taxonomy":"product_tag","embeddable":true,"href":"https:\/\/solcora.com\/de\/wp-json\/wp\/v2\/product_tag?post=13132"}],"curies":[{"name":"wp","href":"https:\/\/api.w.org\/{rel}","templated":true}]}}