{"id":13225,"date":"2024-01-04T13:53:01","date_gmt":"2024-01-04T12:53:01","guid":{"rendered":"https:\/\/solcora.com\/?post_type=product&#038;p=13225"},"modified":"2024-01-05T15:24:10","modified_gmt":"2024-01-05T14:24:10","slug":"pure-sycamore","status":"publish","type":"product","link":"https:\/\/solcora.com\/de\/kollektion\/broad-leaf-de\/pure-sycamore\/","title":{"rendered":"Pure Sycamore"},"content":{"rendered":"<p><strong>Produktbeschreibung<\/strong><\/p>\n<p>Mit der Broad Leaf-Kollektion w\u00e4hlen Sie das einzigartige Design des Ahornbaums. Die Dielen dieser Kollektion haben einen sch\u00f6nen, nat\u00fcrlichen Farbton und ausgepr\u00e4gte Holzmaserungen und \u00c4ste. Die sch\u00f6nen Farbnuancen spiegeln sich in deutlichen Farbunterschieden zwischen den Dielen wider und verleihen dem Boden ein wirklich nat\u00fcrliches Aussehen.<\/p>\n<p>Mit einer Auswahl von 4 warmen Ahornt\u00f6nen hebt Solcora+ Broad Leaf Ihren Raum richtig auf ein Plus-niveau!<\/p>\n<p>Solcora+ ist der neue Standard bei LVT-Klickb\u00f6den. Nat\u00fcrliche Sch\u00f6nheit trifft auf un\u00fcbertroffene Benutzerfreundlichkeit &#8211; die Verlegung Ihres Traumbodens war noch nie so leicht. Solcora+ klickt mit einem Schlag!<\/p>\n<p><strong>Zus\u00e4tzliche Information<\/strong><\/p>\n<p>Farbnummer: 56272<br \/>\nFarbname: Pure Sycamore<br \/>\nAbmessungen: 122 x 18 cm x 5,2 mm<br \/>\nNutzschicht: 0,55 mm<br \/>\nPackungsinhalt: 10<br \/>\nm2 pro Packung: 2,20 m2<br \/>\nBodenart: 52-05 Solcora+<\/p>\n","protected":false},"excerpt":{"rendered":"<p>Produktbeschreibung Mit der Broad Leaf-Kollektion w\u00e4hlen Sie das einzigartige Design des Ahornbaums. Die Dielen dieser Kollektion haben einen sch\u00f6nen, nat\u00fcrlichen Farbton und ausgepr\u00e4gte Holzmaserungen und \u00c4ste. Die sch\u00f6nen Farbnuancen spiegeln sich in deutlichen Farbunterschieden zwischen den Dielen wider und verleihen dem Boden ein wirklich nat\u00fcrliches Aussehen. Mit einer Auswahl von 4 warmen Ahornt\u00f6nen hebt Solcora+ [&hellip;]<\/p>\n","protected":false},"featured_media":13233,"template":"","meta":{"_acf_changed":false},"product_brand":[],"product_cat":[315],"product_tag":[],"class_list":{"0":"post-13225","1":"product","2":"type-product","3":"status-publish","4":"has-post-thumbnail","6":"product_cat-broad-leaf-de","7":"pa_commercial-warranty-10-jahre","8":"pa_design-holz","9":"pa_household-warranty-20-jahre","10":"pa_product-group-52-05-de","11":"pa_usage-intensive-gewerbliche-normale-industrielle","13":"first","14":"instock","15":"shipping-taxable","16":"product-type-simple"},"acf":[],"yoast_head":"<!-- This site is optimized with the Yoast SEO plugin v27.4 - https:\/\/yoast.com\/product\/yoast-seo-wordpress\/ -->\n<title>Pure Sycamore - Solcora<\/title>\n<meta name=\"robots\" content=\"index, follow, max-snippet:-1, max-image-preview:large, max-video-preview:-1\" \/>\n<link rel=\"canonical\" href=\"https:\/\/solcora.com\/de\/kollektion\/broad-leaf-de\/pure-sycamore\/\" \/>\n<meta property=\"og:locale\" content=\"de_DE\" \/>\n<meta property=\"og:type\" content=\"article\" \/>\n<meta property=\"og:title\" content=\"Pure Sycamore - Solcora\" \/>\n<meta property=\"og:description\" content=\"Produktbeschreibung Mit der Broad Leaf-Kollektion w\u00e4hlen Sie das einzigartige Design des Ahornbaums. Die Dielen dieser Kollektion haben einen sch\u00f6nen, nat\u00fcrlichen Farbton und ausgepr\u00e4gte Holzmaserungen und \u00c4ste. Die sch\u00f6nen Farbnuancen spiegeln sich in deutlichen Farbunterschieden zwischen den Dielen wider und verleihen dem Boden ein wirklich nat\u00fcrliches Aussehen. Mit einer Auswahl von 4 warmen Ahornt\u00f6nen hebt Solcora+ [&hellip;]\" \/>\n<meta property=\"og:url\" content=\"https:\/\/solcora.com\/de\/kollektion\/broad-leaf-de\/pure-sycamore\/\" \/>\n<meta property=\"og:site_name\" content=\"Solcora\" \/>\n<meta property=\"article:modified_time\" content=\"2024-01-05T14:24:10+00:00\" \/>\n<meta property=\"og:image\" content=\"https:\/\/solcora.com\/wp-content\/uploads\/2024\/01\/Broad-Leaf-Pure-Sycamore-56272-frontal.jpg\" \/>\n\t<meta property=\"og:image:width\" content=\"1000\" \/>\n\t<meta property=\"og:image:height\" content=\"1000\" \/>\n\t<meta property=\"og:image:type\" content=\"image\/jpeg\" \/>\n<meta name=\"twitter:card\" content=\"summary_large_image\" \/>\n<meta name=\"twitter:label1\" content=\"Gesch\u00e4tzte Lesezeit\" \/>\n\t<meta name=\"twitter:data1\" content=\"1\u00a0Minute\" \/>\n<script type=\"application\/ld+json\" class=\"yoast-schema-graph\">{\"@context\":\"https:\\\/\\\/schema.org\",\"@graph\":[{\"@type\":\"WebPage\",\"@id\":\"https:\\\/\\\/solcora.com\\\/de\\\/kollektion\\\/broad-leaf-de\\\/pure-sycamore\\\/\",\"url\":\"https:\\\/\\\/solcora.com\\\/de\\\/kollektion\\\/broad-leaf-de\\\/pure-sycamore\\\/\",\"name\":\"Pure Sycamore - Solcora\",\"isPartOf\":{\"@id\":\"https:\\\/\\\/solcora.com\\\/de\\\/#website\"},\"primaryImageOfPage\":{\"@id\":\"https:\\\/\\\/solcora.com\\\/de\\\/kollektion\\\/broad-leaf-de\\\/pure-sycamore\\\/#primaryimage\"},\"image\":{\"@id\":\"https:\\\/\\\/solcora.com\\\/de\\\/kollektion\\\/broad-leaf-de\\\/pure-sycamore\\\/#primaryimage\"},\"thumbnailUrl\":\"https:\\\/\\\/solcora.com\\\/wp-content\\\/uploads\\\/2024\\\/01\\\/Broad-Leaf-Pure-Sycamore-56272-frontal.jpg\",\"datePublished\":\"2024-01-04T12:53:01+00:00\",\"dateModified\":\"2024-01-05T14:24:10+00:00\",\"breadcrumb\":{\"@id\":\"https:\\\/\\\/solcora.com\\\/de\\\/kollektion\\\/broad-leaf-de\\\/pure-sycamore\\\/#breadcrumb\"},\"inLanguage\":\"de\",\"potentialAction\":[{\"@type\":\"ReadAction\",\"target\":[\"https:\\\/\\\/solcora.com\\\/de\\\/kollektion\\\/broad-leaf-de\\\/pure-sycamore\\\/\"]}]},{\"@type\":\"ImageObject\",\"inLanguage\":\"de\",\"@id\":\"https:\\\/\\\/solcora.com\\\/de\\\/kollektion\\\/broad-leaf-de\\\/pure-sycamore\\\/#primaryimage\",\"url\":\"https:\\\/\\\/solcora.com\\\/wp-content\\\/uploads\\\/2024\\\/01\\\/Broad-Leaf-Pure-Sycamore-56272-frontal.jpg\",\"contentUrl\":\"https:\\\/\\\/solcora.com\\\/wp-content\\\/uploads\\\/2024\\\/01\\\/Broad-Leaf-Pure-Sycamore-56272-frontal.jpg\",\"width\":1000,\"height\":1000},{\"@type\":\"BreadcrumbList\",\"@id\":\"https:\\\/\\\/solcora.com\\\/de\\\/kollektion\\\/broad-leaf-de\\\/pure-sycamore\\\/#breadcrumb\",\"itemListElement\":[{\"@type\":\"ListItem\",\"position\":1,\"name\":\"Home\",\"item\":\"https:\\\/\\\/solcora.com\\\/de\\\/\"},{\"@type\":\"ListItem\",\"position\":2,\"name\":\"Kollektion\",\"item\":\"https:\\\/\\\/solcora.com\\\/de\\\/kollektion\\\/\"},{\"@type\":\"ListItem\",\"position\":3,\"name\":\"Pure Sycamore\"}]},{\"@type\":\"WebSite\",\"@id\":\"https:\\\/\\\/solcora.com\\\/de\\\/#website\",\"url\":\"https:\\\/\\\/solcora.com\\\/de\\\/\",\"name\":\"Solcora\",\"description\":\"Rigid core design floors\",\"publisher\":{\"@id\":\"https:\\\/\\\/solcora.com\\\/de\\\/#organization\"},\"potentialAction\":[{\"@type\":\"SearchAction\",\"target\":{\"@type\":\"EntryPoint\",\"urlTemplate\":\"https:\\\/\\\/solcora.com\\\/de\\\/?s={search_term_string}\"},\"query-input\":{\"@type\":\"PropertyValueSpecification\",\"valueRequired\":true,\"valueName\":\"search_term_string\"}}],\"inLanguage\":\"de\"},{\"@type\":\"Organization\",\"@id\":\"https:\\\/\\\/solcora.com\\\/de\\\/#organization\",\"name\":\"Solcora\",\"url\":\"https:\\\/\\\/solcora.com\\\/de\\\/\",\"logo\":{\"@type\":\"ImageObject\",\"inLanguage\":\"de\",\"@id\":\"https:\\\/\\\/solcora.com\\\/de\\\/#\\\/schema\\\/logo\\\/image\\\/\",\"url\":\"https:\\\/\\\/solcora.com\\\/wp-content\\\/uploads\\\/2020\\\/04\\\/Solcora-by-mFLOR-NEW-2020.png\",\"contentUrl\":\"https:\\\/\\\/solcora.com\\\/wp-content\\\/uploads\\\/2020\\\/04\\\/Solcora-by-mFLOR-NEW-2020.png\",\"width\":746,\"height\":434,\"caption\":\"Solcora\"},\"image\":{\"@id\":\"https:\\\/\\\/solcora.com\\\/de\\\/#\\\/schema\\\/logo\\\/image\\\/\"}}]}<\/script>\n<!-- \/ Yoast SEO plugin. -->","yoast_head_json":{"title":"Pure Sycamore - Solcora","robots":{"index":"index","follow":"follow","max-snippet":"max-snippet:-1","max-image-preview":"max-image-preview:large","max-video-preview":"max-video-preview:-1"},"canonical":"https:\/\/solcora.com\/de\/kollektion\/broad-leaf-de\/pure-sycamore\/","og_locale":"de_DE","og_type":"article","og_title":"Pure Sycamore - Solcora","og_description":"Produktbeschreibung Mit der Broad Leaf-Kollektion w\u00e4hlen Sie das einzigartige Design des Ahornbaums. Die Dielen dieser Kollektion haben einen sch\u00f6nen, nat\u00fcrlichen Farbton und ausgepr\u00e4gte Holzmaserungen und \u00c4ste. Die sch\u00f6nen Farbnuancen spiegeln sich in deutlichen Farbunterschieden zwischen den Dielen wider und verleihen dem Boden ein wirklich nat\u00fcrliches Aussehen. Mit einer Auswahl von 4 warmen Ahornt\u00f6nen hebt Solcora+ [&hellip;]","og_url":"https:\/\/solcora.com\/de\/kollektion\/broad-leaf-de\/pure-sycamore\/","og_site_name":"Solcora","article_modified_time":"2024-01-05T14:24:10+00:00","og_image":[{"width":1000,"height":1000,"url":"https:\/\/solcora.com\/wp-content\/uploads\/2024\/01\/Broad-Leaf-Pure-Sycamore-56272-frontal.jpg","type":"image\/jpeg"}],"twitter_card":"summary_large_image","twitter_misc":{"Gesch\u00e4tzte Lesezeit":"1\u00a0Minute"},"schema":{"@context":"https:\/\/schema.org","@graph":[{"@type":"WebPage","@id":"https:\/\/solcora.com\/de\/kollektion\/broad-leaf-de\/pure-sycamore\/","url":"https:\/\/solcora.com\/de\/kollektion\/broad-leaf-de\/pure-sycamore\/","name":"Pure Sycamore - Solcora","isPartOf":{"@id":"https:\/\/solcora.com\/de\/#website"},"primaryImageOfPage":{"@id":"https:\/\/solcora.com\/de\/kollektion\/broad-leaf-de\/pure-sycamore\/#primaryimage"},"image":{"@id":"https:\/\/solcora.com\/de\/kollektion\/broad-leaf-de\/pure-sycamore\/#primaryimage"},"thumbnailUrl":"https:\/\/solcora.com\/wp-content\/uploads\/2024\/01\/Broad-Leaf-Pure-Sycamore-56272-frontal.jpg","datePublished":"2024-01-04T12:53:01+00:00","dateModified":"2024-01-05T14:24:10+00:00","breadcrumb":{"@id":"https:\/\/solcora.com\/de\/kollektion\/broad-leaf-de\/pure-sycamore\/#breadcrumb"},"inLanguage":"de","potentialAction":[{"@type":"ReadAction","target":["https:\/\/solcora.com\/de\/kollektion\/broad-leaf-de\/pure-sycamore\/"]}]},{"@type":"ImageObject","inLanguage":"de","@id":"https:\/\/solcora.com\/de\/kollektion\/broad-leaf-de\/pure-sycamore\/#primaryimage","url":"https:\/\/solcora.com\/wp-content\/uploads\/2024\/01\/Broad-Leaf-Pure-Sycamore-56272-frontal.jpg","contentUrl":"https:\/\/solcora.com\/wp-content\/uploads\/2024\/01\/Broad-Leaf-Pure-Sycamore-56272-frontal.jpg","width":1000,"height":1000},{"@type":"BreadcrumbList","@id":"https:\/\/solcora.com\/de\/kollektion\/broad-leaf-de\/pure-sycamore\/#breadcrumb","itemListElement":[{"@type":"ListItem","position":1,"name":"Home","item":"https:\/\/solcora.com\/de\/"},{"@type":"ListItem","position":2,"name":"Kollektion","item":"https:\/\/solcora.com\/de\/kollektion\/"},{"@type":"ListItem","position":3,"name":"Pure Sycamore"}]},{"@type":"WebSite","@id":"https:\/\/solcora.com\/de\/#website","url":"https:\/\/solcora.com\/de\/","name":"Solcora","description":"Rigid core design floors","publisher":{"@id":"https:\/\/solcora.com\/de\/#organization"},"potentialAction":[{"@type":"SearchAction","target":{"@type":"EntryPoint","urlTemplate":"https:\/\/solcora.com\/de\/?s={search_term_string}"},"query-input":{"@type":"PropertyValueSpecification","valueRequired":true,"valueName":"search_term_string"}}],"inLanguage":"de"},{"@type":"Organization","@id":"https:\/\/solcora.com\/de\/#organization","name":"Solcora","url":"https:\/\/solcora.com\/de\/","logo":{"@type":"ImageObject","inLanguage":"de","@id":"https:\/\/solcora.com\/de\/#\/schema\/logo\/image\/","url":"https:\/\/solcora.com\/wp-content\/uploads\/2020\/04\/Solcora-by-mFLOR-NEW-2020.png","contentUrl":"https:\/\/solcora.com\/wp-content\/uploads\/2020\/04\/Solcora-by-mFLOR-NEW-2020.png","width":746,"height":434,"caption":"Solcora"},"image":{"@id":"https:\/\/solcora.com\/de\/#\/schema\/logo\/image\/"}}]}},"_links":{"self":[{"href":"https:\/\/solcora.com\/de\/wp-json\/wp\/v2\/product\/13225","targetHints":{"allow":["GET"]}}],"collection":[{"href":"https:\/\/solcora.com\/de\/wp-json\/wp\/v2\/product"}],"about":[{"href":"https:\/\/solcora.com\/de\/wp-json\/wp\/v2\/types\/product"}],"wp:featuredmedia":[{"embeddable":true,"href":"https:\/\/solcora.com\/de\/wp-json\/wp\/v2\/media\/13233"}],"wp:attachment":[{"href":"https:\/\/solcora.com\/de\/wp-json\/wp\/v2\/media?parent=13225"}],"wp:term":[{"taxonomy":"product_brand","embeddable":true,"href":"https:\/\/solcora.com\/de\/wp-json\/wp\/v2\/product_brand?post=13225"},{"taxonomy":"product_cat","embeddable":true,"href":"https:\/\/solcora.com\/de\/wp-json\/wp\/v2\/product_cat?post=13225"},{"taxonomy":"product_tag","embeddable":true,"href":"https:\/\/solcora.com\/de\/wp-json\/wp\/v2\/product_tag?post=13225"}],"curies":[{"name":"wp","href":"https:\/\/api.w.org\/{rel}","templated":true}]}}