{"id":14062,"date":"2025-01-14T16:11:01","date_gmt":"2025-01-14T15:11:01","guid":{"rendered":"https:\/\/solcora.com\/?post_type=product&#038;p=14062"},"modified":"2025-01-14T16:48:11","modified_gmt":"2025-01-14T15:48:11","slug":"maura","status":"publish","type":"product","link":"https:\/\/solcora.com\/de\/kollektion\/abruzzo-de\/maura\/","title":{"rendered":"Maura"},"content":{"rendered":"<p><strong>Produktbeschreibung<\/strong><\/p>\n<p>Gebirgsz\u00fcge, Kalkstein, Fl\u00fcsse und B\u00e4che machen die unber\u00fchrte und raue Natur des Nationalparks Abruzzen aus, des \u00e4ltesten Nationalparks im Herzen Italiens. Mit der Kollektion Abruzzo haben wir versucht, die Kraft und die Tradition der bergigen Abruzzen in einer Fliesenkollektion einzufangen, die aus 4 Fliesen mit sch\u00f6nem Steindesign. Die Abruzzo Fliesen messen 91,4 x 45,7 cm und sind auch als mflor Gluedown und mflor Loose lay erh\u00e4ltlich.<\/p>\n<p>Solcora+ ist der neue Standard f\u00fcr LVT-Klickb\u00f6den. Nat\u00fcrliche Sch\u00f6nheit trifft auf un\u00fcbertroffene Benutzerfreundlichkeit &#8211; die Verlegung Ihres Traumbodens war noch nie so leicht. Solcora+ klickt mit einem Schlag!<\/p>\n<p><strong>Zus\u00e4tzliche Information<\/strong><\/p>\n<p>Farbnummer: 56434<br \/>\nFarbname: Maura<br \/>\nAbmessungen: 91,4 x 45,7 cm x 5,5 mm<br \/>\nNutzschicht: 0,55 mm<br \/>\nPackungsinhalt: 6<br \/>\nm2 pro Packung: 2,5 m2<br \/>\nBodenart: 55-05 Solcora+<\/p>\n","protected":false},"excerpt":{"rendered":"<p>Produktbeschreibung Gebirgsz\u00fcge, Kalkstein, Fl\u00fcsse und B\u00e4che machen die unber\u00fchrte und raue Natur des Nationalparks Abruzzen aus, des \u00e4ltesten Nationalparks im Herzen Italiens. Mit der Kollektion Abruzzo haben wir versucht, die Kraft und die Tradition der bergigen Abruzzen in einer Fliesenkollektion einzufangen, die aus 4 Fliesen mit sch\u00f6nem Steindesign. Die Abruzzo Fliesen messen 91,4 x 45,7 [&hellip;]<\/p>\n","protected":false},"featured_media":14027,"template":"","meta":{"_acf_changed":false},"product_brand":[],"product_cat":[338],"product_tag":[],"class_list":{"0":"post-14062","1":"product","2":"type-product","3":"status-publish","4":"has-post-thumbnail","6":"product_cat-abruzzo-de","7":"pa_commercial-warranty-10-jahre","8":"pa_design-stein","9":"pa_household-warranty-20-jahre","10":"pa_product-group-55-05-de","11":"pa_usage-intensive-gewerbliche-normale-industrielle","13":"first","14":"instock","15":"shipping-taxable","16":"product-type-simple"},"acf":[],"yoast_head":"<!-- This site is optimized with the Yoast SEO plugin v27.3 - https:\/\/yoast.com\/product\/yoast-seo-wordpress\/ -->\n<title>Maura - Solcora<\/title>\n<meta name=\"robots\" content=\"index, follow, max-snippet:-1, max-image-preview:large, max-video-preview:-1\" \/>\n<link rel=\"canonical\" href=\"https:\/\/solcora.com\/de\/kollektion\/abruzzo-de\/maura\/\" \/>\n<meta property=\"og:locale\" content=\"de_DE\" \/>\n<meta property=\"og:type\" content=\"article\" \/>\n<meta property=\"og:title\" content=\"Maura - Solcora\" \/>\n<meta property=\"og:description\" content=\"Produktbeschreibung Gebirgsz\u00fcge, Kalkstein, Fl\u00fcsse und B\u00e4che machen die unber\u00fchrte und raue Natur des Nationalparks Abruzzen aus, des \u00e4ltesten Nationalparks im Herzen Italiens. Mit der Kollektion Abruzzo haben wir versucht, die Kraft und die Tradition der bergigen Abruzzen in einer Fliesenkollektion einzufangen, die aus 4 Fliesen mit sch\u00f6nem Steindesign. Die Abruzzo Fliesen messen 91,4 x 45,7 [&hellip;]\" \/>\n<meta property=\"og:url\" content=\"https:\/\/solcora.com\/de\/kollektion\/abruzzo-de\/maura\/\" \/>\n<meta property=\"og:site_name\" content=\"Solcora\" \/>\n<meta property=\"article:modified_time\" content=\"2025-01-14T15:48:11+00:00\" \/>\n<meta property=\"og:image\" content=\"https:\/\/solcora.com\/wp-content\/uploads\/2025\/01\/Abruzzo-Maura-56434-frontal.jpg\" \/>\n\t<meta property=\"og:image:width\" content=\"1000\" \/>\n\t<meta property=\"og:image:height\" content=\"1000\" \/>\n\t<meta property=\"og:image:type\" content=\"image\/jpeg\" \/>\n<meta name=\"twitter:card\" content=\"summary_large_image\" \/>\n<meta name=\"twitter:label1\" content=\"Gesch\u00e4tzte Lesezeit\" \/>\n\t<meta name=\"twitter:data1\" content=\"1\u00a0Minute\" \/>\n<script type=\"application\/ld+json\" class=\"yoast-schema-graph\">{\"@context\":\"https:\\\/\\\/schema.org\",\"@graph\":[{\"@type\":\"WebPage\",\"@id\":\"https:\\\/\\\/solcora.com\\\/de\\\/kollektion\\\/abruzzo-de\\\/maura\\\/\",\"url\":\"https:\\\/\\\/solcora.com\\\/de\\\/kollektion\\\/abruzzo-de\\\/maura\\\/\",\"name\":\"Maura - Solcora\",\"isPartOf\":{\"@id\":\"https:\\\/\\\/solcora.com\\\/de\\\/#website\"},\"primaryImageOfPage\":{\"@id\":\"https:\\\/\\\/solcora.com\\\/de\\\/kollektion\\\/abruzzo-de\\\/maura\\\/#primaryimage\"},\"image\":{\"@id\":\"https:\\\/\\\/solcora.com\\\/de\\\/kollektion\\\/abruzzo-de\\\/maura\\\/#primaryimage\"},\"thumbnailUrl\":\"https:\\\/\\\/solcora.com\\\/wp-content\\\/uploads\\\/2025\\\/01\\\/Abruzzo-Maura-56434-frontal.jpg\",\"datePublished\":\"2025-01-14T15:11:01+00:00\",\"dateModified\":\"2025-01-14T15:48:11+00:00\",\"breadcrumb\":{\"@id\":\"https:\\\/\\\/solcora.com\\\/de\\\/kollektion\\\/abruzzo-de\\\/maura\\\/#breadcrumb\"},\"inLanguage\":\"de\",\"potentialAction\":[{\"@type\":\"ReadAction\",\"target\":[\"https:\\\/\\\/solcora.com\\\/de\\\/kollektion\\\/abruzzo-de\\\/maura\\\/\"]}]},{\"@type\":\"ImageObject\",\"inLanguage\":\"de\",\"@id\":\"https:\\\/\\\/solcora.com\\\/de\\\/kollektion\\\/abruzzo-de\\\/maura\\\/#primaryimage\",\"url\":\"https:\\\/\\\/solcora.com\\\/wp-content\\\/uploads\\\/2025\\\/01\\\/Abruzzo-Maura-56434-frontal.jpg\",\"contentUrl\":\"https:\\\/\\\/solcora.com\\\/wp-content\\\/uploads\\\/2025\\\/01\\\/Abruzzo-Maura-56434-frontal.jpg\",\"width\":1000,\"height\":1000},{\"@type\":\"BreadcrumbList\",\"@id\":\"https:\\\/\\\/solcora.com\\\/de\\\/kollektion\\\/abruzzo-de\\\/maura\\\/#breadcrumb\",\"itemListElement\":[{\"@type\":\"ListItem\",\"position\":1,\"name\":\"Home\",\"item\":\"https:\\\/\\\/solcora.com\\\/de\\\/\"},{\"@type\":\"ListItem\",\"position\":2,\"name\":\"Kollektion\",\"item\":\"https:\\\/\\\/solcora.com\\\/de\\\/kollektion\\\/\"},{\"@type\":\"ListItem\",\"position\":3,\"name\":\"Maura\"}]},{\"@type\":\"WebSite\",\"@id\":\"https:\\\/\\\/solcora.com\\\/de\\\/#website\",\"url\":\"https:\\\/\\\/solcora.com\\\/de\\\/\",\"name\":\"Solcora\",\"description\":\"Rigid core design floors\",\"publisher\":{\"@id\":\"https:\\\/\\\/solcora.com\\\/de\\\/#organization\"},\"potentialAction\":[{\"@type\":\"SearchAction\",\"target\":{\"@type\":\"EntryPoint\",\"urlTemplate\":\"https:\\\/\\\/solcora.com\\\/de\\\/?s={search_term_string}\"},\"query-input\":{\"@type\":\"PropertyValueSpecification\",\"valueRequired\":true,\"valueName\":\"search_term_string\"}}],\"inLanguage\":\"de\"},{\"@type\":\"Organization\",\"@id\":\"https:\\\/\\\/solcora.com\\\/de\\\/#organization\",\"name\":\"Solcora\",\"url\":\"https:\\\/\\\/solcora.com\\\/de\\\/\",\"logo\":{\"@type\":\"ImageObject\",\"inLanguage\":\"de\",\"@id\":\"https:\\\/\\\/solcora.com\\\/de\\\/#\\\/schema\\\/logo\\\/image\\\/\",\"url\":\"https:\\\/\\\/solcora.com\\\/wp-content\\\/uploads\\\/2020\\\/04\\\/Solcora-by-mFLOR-NEW-2020.png\",\"contentUrl\":\"https:\\\/\\\/solcora.com\\\/wp-content\\\/uploads\\\/2020\\\/04\\\/Solcora-by-mFLOR-NEW-2020.png\",\"width\":746,\"height\":434,\"caption\":\"Solcora\"},\"image\":{\"@id\":\"https:\\\/\\\/solcora.com\\\/de\\\/#\\\/schema\\\/logo\\\/image\\\/\"}}]}<\/script>\n<!-- \/ Yoast SEO plugin. -->","yoast_head_json":{"title":"Maura - Solcora","robots":{"index":"index","follow":"follow","max-snippet":"max-snippet:-1","max-image-preview":"max-image-preview:large","max-video-preview":"max-video-preview:-1"},"canonical":"https:\/\/solcora.com\/de\/kollektion\/abruzzo-de\/maura\/","og_locale":"de_DE","og_type":"article","og_title":"Maura - Solcora","og_description":"Produktbeschreibung Gebirgsz\u00fcge, Kalkstein, Fl\u00fcsse und B\u00e4che machen die unber\u00fchrte und raue Natur des Nationalparks Abruzzen aus, des \u00e4ltesten Nationalparks im Herzen Italiens. Mit der Kollektion Abruzzo haben wir versucht, die Kraft und die Tradition der bergigen Abruzzen in einer Fliesenkollektion einzufangen, die aus 4 Fliesen mit sch\u00f6nem Steindesign. Die Abruzzo Fliesen messen 91,4 x 45,7 [&hellip;]","og_url":"https:\/\/solcora.com\/de\/kollektion\/abruzzo-de\/maura\/","og_site_name":"Solcora","article_modified_time":"2025-01-14T15:48:11+00:00","og_image":[{"width":1000,"height":1000,"url":"https:\/\/solcora.com\/wp-content\/uploads\/2025\/01\/Abruzzo-Maura-56434-frontal.jpg","type":"image\/jpeg"}],"twitter_card":"summary_large_image","twitter_misc":{"Gesch\u00e4tzte Lesezeit":"1\u00a0Minute"},"schema":{"@context":"https:\/\/schema.org","@graph":[{"@type":"WebPage","@id":"https:\/\/solcora.com\/de\/kollektion\/abruzzo-de\/maura\/","url":"https:\/\/solcora.com\/de\/kollektion\/abruzzo-de\/maura\/","name":"Maura - Solcora","isPartOf":{"@id":"https:\/\/solcora.com\/de\/#website"},"primaryImageOfPage":{"@id":"https:\/\/solcora.com\/de\/kollektion\/abruzzo-de\/maura\/#primaryimage"},"image":{"@id":"https:\/\/solcora.com\/de\/kollektion\/abruzzo-de\/maura\/#primaryimage"},"thumbnailUrl":"https:\/\/solcora.com\/wp-content\/uploads\/2025\/01\/Abruzzo-Maura-56434-frontal.jpg","datePublished":"2025-01-14T15:11:01+00:00","dateModified":"2025-01-14T15:48:11+00:00","breadcrumb":{"@id":"https:\/\/solcora.com\/de\/kollektion\/abruzzo-de\/maura\/#breadcrumb"},"inLanguage":"de","potentialAction":[{"@type":"ReadAction","target":["https:\/\/solcora.com\/de\/kollektion\/abruzzo-de\/maura\/"]}]},{"@type":"ImageObject","inLanguage":"de","@id":"https:\/\/solcora.com\/de\/kollektion\/abruzzo-de\/maura\/#primaryimage","url":"https:\/\/solcora.com\/wp-content\/uploads\/2025\/01\/Abruzzo-Maura-56434-frontal.jpg","contentUrl":"https:\/\/solcora.com\/wp-content\/uploads\/2025\/01\/Abruzzo-Maura-56434-frontal.jpg","width":1000,"height":1000},{"@type":"BreadcrumbList","@id":"https:\/\/solcora.com\/de\/kollektion\/abruzzo-de\/maura\/#breadcrumb","itemListElement":[{"@type":"ListItem","position":1,"name":"Home","item":"https:\/\/solcora.com\/de\/"},{"@type":"ListItem","position":2,"name":"Kollektion","item":"https:\/\/solcora.com\/de\/kollektion\/"},{"@type":"ListItem","position":3,"name":"Maura"}]},{"@type":"WebSite","@id":"https:\/\/solcora.com\/de\/#website","url":"https:\/\/solcora.com\/de\/","name":"Solcora","description":"Rigid core design floors","publisher":{"@id":"https:\/\/solcora.com\/de\/#organization"},"potentialAction":[{"@type":"SearchAction","target":{"@type":"EntryPoint","urlTemplate":"https:\/\/solcora.com\/de\/?s={search_term_string}"},"query-input":{"@type":"PropertyValueSpecification","valueRequired":true,"valueName":"search_term_string"}}],"inLanguage":"de"},{"@type":"Organization","@id":"https:\/\/solcora.com\/de\/#organization","name":"Solcora","url":"https:\/\/solcora.com\/de\/","logo":{"@type":"ImageObject","inLanguage":"de","@id":"https:\/\/solcora.com\/de\/#\/schema\/logo\/image\/","url":"https:\/\/solcora.com\/wp-content\/uploads\/2020\/04\/Solcora-by-mFLOR-NEW-2020.png","contentUrl":"https:\/\/solcora.com\/wp-content\/uploads\/2020\/04\/Solcora-by-mFLOR-NEW-2020.png","width":746,"height":434,"caption":"Solcora"},"image":{"@id":"https:\/\/solcora.com\/de\/#\/schema\/logo\/image\/"}}]}},"_links":{"self":[{"href":"https:\/\/solcora.com\/de\/wp-json\/wp\/v2\/product\/14062","targetHints":{"allow":["GET"]}}],"collection":[{"href":"https:\/\/solcora.com\/de\/wp-json\/wp\/v2\/product"}],"about":[{"href":"https:\/\/solcora.com\/de\/wp-json\/wp\/v2\/types\/product"}],"wp:featuredmedia":[{"embeddable":true,"href":"https:\/\/solcora.com\/de\/wp-json\/wp\/v2\/media\/14027"}],"wp:attachment":[{"href":"https:\/\/solcora.com\/de\/wp-json\/wp\/v2\/media?parent=14062"}],"wp:term":[{"taxonomy":"product_brand","embeddable":true,"href":"https:\/\/solcora.com\/de\/wp-json\/wp\/v2\/product_brand?post=14062"},{"taxonomy":"product_cat","embeddable":true,"href":"https:\/\/solcora.com\/de\/wp-json\/wp\/v2\/product_cat?post=14062"},{"taxonomy":"product_tag","embeddable":true,"href":"https:\/\/solcora.com\/de\/wp-json\/wp\/v2\/product_tag?post=14062"}],"curies":[{"name":"wp","href":"https:\/\/api.w.org\/{rel}","templated":true}]}}