{"id":14833,"date":"2025-10-20T13:56:41","date_gmt":"2025-10-20T11:56:41","guid":{"rendered":"https:\/\/solcora.com\/?post_type=product&#038;p=14833"},"modified":"2025-11-14T09:44:42","modified_gmt":"2025-11-14T08:44:42","slug":"didier","status":"publish","type":"product","link":"https:\/\/solcora.com\/de\/kollektion\/morvan-de\/didier\/","title":{"rendered":"Didier"},"content":{"rendered":"<p><strong>Produktbeschreibung<\/strong><\/p>\n<p>Morvan betont den Charakter von Eichenholz mit markanter Maserung und warmen Farbt\u00f6nen, die an die stolzen Morvan-W\u00e4lder in Burgund erinnern und dauerhafte W\u00e4rme in den Raum bringen. Als Klick-Kollektion mit Dielen im Format 122 x 18 cm vereint Morvan die nat\u00fcrliche St\u00e4rke und W\u00e4rme der Eiche mit moderner Funktionalit\u00e4t und zeitloser Authentizit\u00e4t.<\/p>\n<p>Solcora+ ist der neue Standard f\u00fcr LVT-Klickb\u00f6den. Nat\u00fcrliche Sch\u00f6nheit trifft auf un\u00fcbertroffene Benutzerfreundlichkeit \u2013 die Verlegung Ihres Traumbodens war noch nie so leicht. Solcora+ klickt mit einem Schlag!<\/p>\n<p><strong>Zus\u00e4tzliche Information <\/strong><\/p>\n<p>Farbnummer: 56795<br \/>\nFarbname: Didier<br \/>\nAbmessungen: 122 x 18 cm x 5,5 mm<br \/>\nNutzschicht: 0,55 mm<br \/>\nPackungsinhalt: 10 Dielen<br \/>\nm2 pro Packung: 2,2 m2<br \/>\nBodenart: 52-05 Solcora+<\/p>\n","protected":false},"excerpt":{"rendered":"<p>Produktbeschreibung Morvan betont den Charakter von Eichenholz mit markanter Maserung und warmen Farbt\u00f6nen, die an die stolzen Morvan-W\u00e4lder in Burgund erinnern und dauerhafte W\u00e4rme in den Raum bringen. Als Klick-Kollektion mit Dielen im Format 122 x 18 cm vereint Morvan die nat\u00fcrliche St\u00e4rke und W\u00e4rme der Eiche mit moderner Funktionalit\u00e4t und zeitloser Authentizit\u00e4t. Solcora+ ist [&hellip;]<\/p>\n","protected":false},"featured_media":15023,"template":"","meta":{"_acf_changed":false},"product_brand":[],"product_cat":[346],"product_tag":[],"class_list":{"0":"post-14833","1":"product","2":"type-product","3":"status-publish","4":"has-post-thumbnail","6":"product_cat-morvan-de","7":"pa_design-holz","8":"pa_product-group-52-05-de","10":"first","11":"instock","12":"shipping-taxable","13":"product-type-simple"},"acf":[],"yoast_head":"<!-- This site is optimized with the Yoast SEO plugin v27.3 - https:\/\/yoast.com\/product\/yoast-seo-wordpress\/ -->\n<title>Didier - Solcora<\/title>\n<meta name=\"robots\" content=\"index, follow, max-snippet:-1, max-image-preview:large, max-video-preview:-1\" \/>\n<link rel=\"canonical\" href=\"https:\/\/solcora.com\/de\/kollektion\/morvan-de\/didier\/\" \/>\n<meta property=\"og:locale\" content=\"de_DE\" \/>\n<meta property=\"og:type\" content=\"article\" \/>\n<meta property=\"og:title\" content=\"Didier - Solcora\" \/>\n<meta property=\"og:description\" content=\"Produktbeschreibung Morvan betont den Charakter von Eichenholz mit markanter Maserung und warmen Farbt\u00f6nen, die an die stolzen Morvan-W\u00e4lder in Burgund erinnern und dauerhafte W\u00e4rme in den Raum bringen. Als Klick-Kollektion mit Dielen im Format 122 x 18 cm vereint Morvan die nat\u00fcrliche St\u00e4rke und W\u00e4rme der Eiche mit moderner Funktionalit\u00e4t und zeitloser Authentizit\u00e4t. Solcora+ ist [&hellip;]\" \/>\n<meta property=\"og:url\" content=\"https:\/\/solcora.com\/de\/kollektion\/morvan-de\/didier\/\" \/>\n<meta property=\"og:site_name\" content=\"Solcora\" \/>\n<meta property=\"article:modified_time\" content=\"2025-11-14T08:44:42+00:00\" \/>\n<meta property=\"og:image\" content=\"https:\/\/solcora.com\/wp-content\/uploads\/2025\/10\/Morvan-Didier-56795-single.jpg\" \/>\n\t<meta property=\"og:image:width\" content=\"700\" \/>\n\t<meta property=\"og:image:height\" content=\"700\" \/>\n\t<meta property=\"og:image:type\" content=\"image\/jpeg\" \/>\n<meta name=\"twitter:card\" content=\"summary_large_image\" \/>\n<meta name=\"twitter:label1\" content=\"Gesch\u00e4tzte Lesezeit\" \/>\n\t<meta name=\"twitter:data1\" content=\"1\u00a0Minute\" \/>\n<script type=\"application\/ld+json\" class=\"yoast-schema-graph\">{\"@context\":\"https:\\\/\\\/schema.org\",\"@graph\":[{\"@type\":\"WebPage\",\"@id\":\"https:\\\/\\\/solcora.com\\\/de\\\/kollektion\\\/morvan-de\\\/didier\\\/\",\"url\":\"https:\\\/\\\/solcora.com\\\/de\\\/kollektion\\\/morvan-de\\\/didier\\\/\",\"name\":\"Didier - Solcora\",\"isPartOf\":{\"@id\":\"https:\\\/\\\/solcora.com\\\/de\\\/#website\"},\"primaryImageOfPage\":{\"@id\":\"https:\\\/\\\/solcora.com\\\/de\\\/kollektion\\\/morvan-de\\\/didier\\\/#primaryimage\"},\"image\":{\"@id\":\"https:\\\/\\\/solcora.com\\\/de\\\/kollektion\\\/morvan-de\\\/didier\\\/#primaryimage\"},\"thumbnailUrl\":\"https:\\\/\\\/solcora.com\\\/wp-content\\\/uploads\\\/2026\\\/01\\\/Morvan-Didier-56795-frontal.jpg\",\"datePublished\":\"2025-10-20T11:56:41+00:00\",\"dateModified\":\"2025-11-14T08:44:42+00:00\",\"breadcrumb\":{\"@id\":\"https:\\\/\\\/solcora.com\\\/de\\\/kollektion\\\/morvan-de\\\/didier\\\/#breadcrumb\"},\"inLanguage\":\"de\",\"potentialAction\":[{\"@type\":\"ReadAction\",\"target\":[\"https:\\\/\\\/solcora.com\\\/de\\\/kollektion\\\/morvan-de\\\/didier\\\/\"]}]},{\"@type\":\"ImageObject\",\"inLanguage\":\"de\",\"@id\":\"https:\\\/\\\/solcora.com\\\/de\\\/kollektion\\\/morvan-de\\\/didier\\\/#primaryimage\",\"url\":\"https:\\\/\\\/solcora.com\\\/wp-content\\\/uploads\\\/2026\\\/01\\\/Morvan-Didier-56795-frontal.jpg\",\"contentUrl\":\"https:\\\/\\\/solcora.com\\\/wp-content\\\/uploads\\\/2026\\\/01\\\/Morvan-Didier-56795-frontal.jpg\",\"width\":1000,\"height\":750},{\"@type\":\"BreadcrumbList\",\"@id\":\"https:\\\/\\\/solcora.com\\\/de\\\/kollektion\\\/morvan-de\\\/didier\\\/#breadcrumb\",\"itemListElement\":[{\"@type\":\"ListItem\",\"position\":1,\"name\":\"Home\",\"item\":\"https:\\\/\\\/solcora.com\\\/de\\\/\"},{\"@type\":\"ListItem\",\"position\":2,\"name\":\"Kollektion\",\"item\":\"https:\\\/\\\/solcora.com\\\/de\\\/kollektion\\\/\"},{\"@type\":\"ListItem\",\"position\":3,\"name\":\"Didier\"}]},{\"@type\":\"WebSite\",\"@id\":\"https:\\\/\\\/solcora.com\\\/de\\\/#website\",\"url\":\"https:\\\/\\\/solcora.com\\\/de\\\/\",\"name\":\"Solcora\",\"description\":\"Rigid core design floors\",\"publisher\":{\"@id\":\"https:\\\/\\\/solcora.com\\\/de\\\/#organization\"},\"potentialAction\":[{\"@type\":\"SearchAction\",\"target\":{\"@type\":\"EntryPoint\",\"urlTemplate\":\"https:\\\/\\\/solcora.com\\\/de\\\/?s={search_term_string}\"},\"query-input\":{\"@type\":\"PropertyValueSpecification\",\"valueRequired\":true,\"valueName\":\"search_term_string\"}}],\"inLanguage\":\"de\"},{\"@type\":\"Organization\",\"@id\":\"https:\\\/\\\/solcora.com\\\/de\\\/#organization\",\"name\":\"Solcora\",\"url\":\"https:\\\/\\\/solcora.com\\\/de\\\/\",\"logo\":{\"@type\":\"ImageObject\",\"inLanguage\":\"de\",\"@id\":\"https:\\\/\\\/solcora.com\\\/de\\\/#\\\/schema\\\/logo\\\/image\\\/\",\"url\":\"https:\\\/\\\/solcora.com\\\/wp-content\\\/uploads\\\/2020\\\/04\\\/Solcora-by-mFLOR-NEW-2020.png\",\"contentUrl\":\"https:\\\/\\\/solcora.com\\\/wp-content\\\/uploads\\\/2020\\\/04\\\/Solcora-by-mFLOR-NEW-2020.png\",\"width\":746,\"height\":434,\"caption\":\"Solcora\"},\"image\":{\"@id\":\"https:\\\/\\\/solcora.com\\\/de\\\/#\\\/schema\\\/logo\\\/image\\\/\"}}]}<\/script>\n<!-- \/ Yoast SEO plugin. -->","yoast_head_json":{"title":"Didier - Solcora","robots":{"index":"index","follow":"follow","max-snippet":"max-snippet:-1","max-image-preview":"max-image-preview:large","max-video-preview":"max-video-preview:-1"},"canonical":"https:\/\/solcora.com\/de\/kollektion\/morvan-de\/didier\/","og_locale":"de_DE","og_type":"article","og_title":"Didier - Solcora","og_description":"Produktbeschreibung Morvan betont den Charakter von Eichenholz mit markanter Maserung und warmen Farbt\u00f6nen, die an die stolzen Morvan-W\u00e4lder in Burgund erinnern und dauerhafte W\u00e4rme in den Raum bringen. Als Klick-Kollektion mit Dielen im Format 122 x 18 cm vereint Morvan die nat\u00fcrliche St\u00e4rke und W\u00e4rme der Eiche mit moderner Funktionalit\u00e4t und zeitloser Authentizit\u00e4t. Solcora+ ist [&hellip;]","og_url":"https:\/\/solcora.com\/de\/kollektion\/morvan-de\/didier\/","og_site_name":"Solcora","article_modified_time":"2025-11-14T08:44:42+00:00","og_image":[{"width":700,"height":700,"url":"https:\/\/solcora.com\/wp-content\/uploads\/2025\/10\/Morvan-Didier-56795-single.jpg","type":"image\/jpeg"}],"twitter_card":"summary_large_image","twitter_misc":{"Gesch\u00e4tzte Lesezeit":"1\u00a0Minute"},"schema":{"@context":"https:\/\/schema.org","@graph":[{"@type":"WebPage","@id":"https:\/\/solcora.com\/de\/kollektion\/morvan-de\/didier\/","url":"https:\/\/solcora.com\/de\/kollektion\/morvan-de\/didier\/","name":"Didier - Solcora","isPartOf":{"@id":"https:\/\/solcora.com\/de\/#website"},"primaryImageOfPage":{"@id":"https:\/\/solcora.com\/de\/kollektion\/morvan-de\/didier\/#primaryimage"},"image":{"@id":"https:\/\/solcora.com\/de\/kollektion\/morvan-de\/didier\/#primaryimage"},"thumbnailUrl":"https:\/\/solcora.com\/wp-content\/uploads\/2026\/01\/Morvan-Didier-56795-frontal.jpg","datePublished":"2025-10-20T11:56:41+00:00","dateModified":"2025-11-14T08:44:42+00:00","breadcrumb":{"@id":"https:\/\/solcora.com\/de\/kollektion\/morvan-de\/didier\/#breadcrumb"},"inLanguage":"de","potentialAction":[{"@type":"ReadAction","target":["https:\/\/solcora.com\/de\/kollektion\/morvan-de\/didier\/"]}]},{"@type":"ImageObject","inLanguage":"de","@id":"https:\/\/solcora.com\/de\/kollektion\/morvan-de\/didier\/#primaryimage","url":"https:\/\/solcora.com\/wp-content\/uploads\/2026\/01\/Morvan-Didier-56795-frontal.jpg","contentUrl":"https:\/\/solcora.com\/wp-content\/uploads\/2026\/01\/Morvan-Didier-56795-frontal.jpg","width":1000,"height":750},{"@type":"BreadcrumbList","@id":"https:\/\/solcora.com\/de\/kollektion\/morvan-de\/didier\/#breadcrumb","itemListElement":[{"@type":"ListItem","position":1,"name":"Home","item":"https:\/\/solcora.com\/de\/"},{"@type":"ListItem","position":2,"name":"Kollektion","item":"https:\/\/solcora.com\/de\/kollektion\/"},{"@type":"ListItem","position":3,"name":"Didier"}]},{"@type":"WebSite","@id":"https:\/\/solcora.com\/de\/#website","url":"https:\/\/solcora.com\/de\/","name":"Solcora","description":"Rigid core design floors","publisher":{"@id":"https:\/\/solcora.com\/de\/#organization"},"potentialAction":[{"@type":"SearchAction","target":{"@type":"EntryPoint","urlTemplate":"https:\/\/solcora.com\/de\/?s={search_term_string}"},"query-input":{"@type":"PropertyValueSpecification","valueRequired":true,"valueName":"search_term_string"}}],"inLanguage":"de"},{"@type":"Organization","@id":"https:\/\/solcora.com\/de\/#organization","name":"Solcora","url":"https:\/\/solcora.com\/de\/","logo":{"@type":"ImageObject","inLanguage":"de","@id":"https:\/\/solcora.com\/de\/#\/schema\/logo\/image\/","url":"https:\/\/solcora.com\/wp-content\/uploads\/2020\/04\/Solcora-by-mFLOR-NEW-2020.png","contentUrl":"https:\/\/solcora.com\/wp-content\/uploads\/2020\/04\/Solcora-by-mFLOR-NEW-2020.png","width":746,"height":434,"caption":"Solcora"},"image":{"@id":"https:\/\/solcora.com\/de\/#\/schema\/logo\/image\/"}}]}},"_links":{"self":[{"href":"https:\/\/solcora.com\/de\/wp-json\/wp\/v2\/product\/14833","targetHints":{"allow":["GET"]}}],"collection":[{"href":"https:\/\/solcora.com\/de\/wp-json\/wp\/v2\/product"}],"about":[{"href":"https:\/\/solcora.com\/de\/wp-json\/wp\/v2\/types\/product"}],"wp:featuredmedia":[{"embeddable":true,"href":"https:\/\/solcora.com\/de\/wp-json\/wp\/v2\/media\/15023"}],"wp:attachment":[{"href":"https:\/\/solcora.com\/de\/wp-json\/wp\/v2\/media?parent=14833"}],"wp:term":[{"taxonomy":"product_brand","embeddable":true,"href":"https:\/\/solcora.com\/de\/wp-json\/wp\/v2\/product_brand?post=14833"},{"taxonomy":"product_cat","embeddable":true,"href":"https:\/\/solcora.com\/de\/wp-json\/wp\/v2\/product_cat?post=14833"},{"taxonomy":"product_tag","embeddable":true,"href":"https:\/\/solcora.com\/de\/wp-json\/wp\/v2\/product_tag?post=14833"}],"curies":[{"name":"wp","href":"https:\/\/api.w.org\/{rel}","templated":true}]}}