{"id":13906,"date":"2024-01-05T15:33:21","date_gmt":"2024-01-05T14:33:21","guid":{"rendered":"https:\/\/solcora.com\/collectie\/solcora-plus\/"},"modified":"2025-11-03T15:45:56","modified_gmt":"2025-11-03T14:45:56","slug":"solcora-plus","status":"publish","type":"page","link":"https:\/\/solcora.com\/nl\/collectie\/solcora-plus\/","title":{"rendered":"Solcora+"},"content":{"rendered":"<div class=\"wpb-content-wrapper\"><p>[vc_section][vc_row][vc_column width=&#8221;9\/12&#8243;][vc_column_text]<\/p>\n<h1>Solcora+<\/h1>\n<p>[\/vc_column_text][vc_column_text css=&#8221;&#8221;]<\/p>\n<h3>Klikt in \u00e9\u00e9n slag<\/h3>\n<p>Solcora+ is de nieuwe standaard in PVC klikvloeren. Natuurlijke schoonheid gecombineerd met onge\u00ebvenaard gebruiksgemak, dankzij geavanceerde technologie\u00ebn, een uniek en supersterk klikmechanisme en een ge\u00efntegreerde ondervloer voor geluidsreductie is het plaatsen van je droomvloer nog nooit zo eenvoudig geweest. Solcora+ klikt met \u00e9\u00e9n enkele beweging.<\/p>\n<p>Met keuze uit 35 houtlookkleuren en 13 tegels, tilt Solcora+ je ruimte echt naar een plusniveau!<\/p>\n<h3>Hoogwaardige kwaliteit<\/h3>\n<p>Met Solcora+ geniet je niet alleen van de warme uitstraling, maar ook van prachtige PVC klikvloeren van hoge mflor-kwaliteit tegen een zeer eerlijke prijs.<\/p>\n<p>Maak kennis met de vloer die je kamer eenvoudig omtovert tot een meesterwerk van stijl en duurzaamheid. Solcora+, waar eenvoudige installatie en prachtig design samenkomen.<\/p>\n<ul>\n<li>20 dB geluidsreductie<\/li>\n<li>Snel en eenvoudig te installeren<\/li>\n<li>Krachtige klikverbinding<\/li>\n<li>Ge\u00efntegreerde ondervloer<\/li>\n<li>Mflor kwaliteit voor een gunstige prijs<\/li>\n<\/ul>\n<h3>De plus die je huis verdient!<\/h3>\n<p>[\/vc_column_text][vc_row_inner][vc_column_inner width=&#8221;1\/3&#8243;][vc_btn title=&#8221;Bekijk de Plus collectie&#8221; shape=&#8221;round&#8221; css=&#8221;&#8221; link=&#8221;url:http%3A%2F%2Fsolcora.com%2Fnl%2Fcollectie%2F%3Ffilter_product-type%3Dsolcora-plus-nl|title:Bekijk%20de%20Plus%20collectie&#8221; el_class=&#8221;button button&#8211;secondary&#8221;][\/vc_column_inner][vc_column_inner width=&#8221;1\/3&#8243;][\/vc_column_inner][vc_column_inner width=&#8221;1\/3&#8243;][\/vc_column_inner][\/vc_row_inner][\/vc_column][\/vc_row][\/vc_section]<\/p>\n<\/div>","protected":false},"excerpt":{"rendered":"<p>[vc_section][vc_row][vc_column width=&#8221;9\/12&#8243;][vc_column_text] Solcora+ [\/vc_column_text][vc_column_text css=&#8221;&#8221;] Klikt in \u00e9\u00e9n slag Solcora+ is de nieuwe standaard in PVC klikvloeren. Natuurlijke schoonheid gecombineerd met onge\u00ebvenaard gebruiksgemak, dankzij geavanceerde technologie\u00ebn, een uniek en supersterk klikmechanisme en een ge\u00efntegreerde ondervloer voor geluidsreductie is het plaatsen van je droomvloer nog nooit zo eenvoudig geweest. Solcora+ klikt met \u00e9\u00e9n enkele beweging. Met [&hellip;]<\/p>\n","protected":false},"author":10,"featured_media":0,"parent":6442,"menu_order":0,"comment_status":"closed","ping_status":"closed","template":"","meta":{"_acf_changed":false,"footnotes":""},"class_list":["post-13906","page","type-page","status-publish","hentry"],"acf":[],"yoast_head":"<!-- This site is optimized with the Yoast SEO plugin v27.3 - https:\/\/yoast.com\/product\/yoast-seo-wordpress\/ -->\n<title>Solcora+ - Solcora<\/title>\n<meta name=\"description\" content=\"Solcora+ de nieuwe standaard in PVC klikvloeren. Natuurlijke schoonheid gecombineerd met onge\u00ebvenaard gebruiksgemak. Klikt met \u00e9\u00e9n enkele beweging.\" \/>\n<meta name=\"robots\" content=\"index, follow, max-snippet:-1, max-image-preview:large, max-video-preview:-1\" \/>\n<link rel=\"canonical\" href=\"https:\/\/solcora.com\/nl\/collectie\/solcora-plus\/\" \/>\n<meta property=\"og:locale\" content=\"nl_NL\" \/>\n<meta property=\"og:type\" content=\"article\" \/>\n<meta property=\"og:title\" content=\"Solcora+ - Solcora\" \/>\n<meta property=\"og:description\" content=\"Solcora+ de nieuwe standaard in PVC klikvloeren. Natuurlijke schoonheid gecombineerd met onge\u00ebvenaard gebruiksgemak. Klikt met \u00e9\u00e9n enkele beweging.\" \/>\n<meta property=\"og:url\" content=\"https:\/\/solcora.com\/nl\/collectie\/solcora-plus\/\" \/>\n<meta property=\"og:site_name\" content=\"Solcora\" \/>\n<meta property=\"article:modified_time\" content=\"2025-11-03T14:45:56+00:00\" \/>\n<meta name=\"twitter:card\" content=\"summary_large_image\" \/>\n<meta name=\"twitter:label1\" content=\"Geschatte leestijd\" \/>\n\t<meta name=\"twitter:data1\" content=\"1 minuut\" \/>\n<script type=\"application\/ld+json\" class=\"yoast-schema-graph\">{\"@context\":\"https:\\\/\\\/schema.org\",\"@graph\":[{\"@type\":\"WebPage\",\"@id\":\"https:\\\/\\\/solcora.com\\\/nl\\\/collectie\\\/solcora-plus\\\/\",\"url\":\"https:\\\/\\\/solcora.com\\\/nl\\\/collectie\\\/solcora-plus\\\/\",\"name\":\"Solcora+ - Solcora\",\"isPartOf\":{\"@id\":\"https:\\\/\\\/solcora.com\\\/nl\\\/#website\"},\"datePublished\":\"2024-01-05T14:33:21+00:00\",\"dateModified\":\"2025-11-03T14:45:56+00:00\",\"description\":\"Solcora+ de nieuwe standaard in PVC klikvloeren. Natuurlijke schoonheid gecombineerd met onge\u00ebvenaard gebruiksgemak. Klikt met \u00e9\u00e9n enkele beweging.\",\"breadcrumb\":{\"@id\":\"https:\\\/\\\/solcora.com\\\/nl\\\/collectie\\\/solcora-plus\\\/#breadcrumb\"},\"inLanguage\":\"nl-NL\",\"potentialAction\":[{\"@type\":\"ReadAction\",\"target\":[\"https:\\\/\\\/solcora.com\\\/nl\\\/collectie\\\/solcora-plus\\\/\"]}]},{\"@type\":\"BreadcrumbList\",\"@id\":\"https:\\\/\\\/solcora.com\\\/nl\\\/collectie\\\/solcora-plus\\\/#breadcrumb\",\"itemListElement\":[{\"@type\":\"ListItem\",\"position\":1,\"name\":\"Home\",\"item\":\"https:\\\/\\\/solcora.com\\\/nl\\\/\"},{\"@type\":\"ListItem\",\"position\":2,\"name\":\"Collectie\",\"item\":\"https:\\\/\\\/solcora.com\\\/nl\\\/collectie\\\/\"},{\"@type\":\"ListItem\",\"position\":3,\"name\":\"Solcora+\"}]},{\"@type\":\"WebSite\",\"@id\":\"https:\\\/\\\/solcora.com\\\/nl\\\/#website\",\"url\":\"https:\\\/\\\/solcora.com\\\/nl\\\/\",\"name\":\"Solcora\",\"description\":\"Rigid core design floors\",\"publisher\":{\"@id\":\"https:\\\/\\\/solcora.com\\\/nl\\\/#organization\"},\"potentialAction\":[{\"@type\":\"SearchAction\",\"target\":{\"@type\":\"EntryPoint\",\"urlTemplate\":\"https:\\\/\\\/solcora.com\\\/nl\\\/?s={search_term_string}\"},\"query-input\":{\"@type\":\"PropertyValueSpecification\",\"valueRequired\":true,\"valueName\":\"search_term_string\"}}],\"inLanguage\":\"nl-NL\"},{\"@type\":\"Organization\",\"@id\":\"https:\\\/\\\/solcora.com\\\/nl\\\/#organization\",\"name\":\"Solcora\",\"url\":\"https:\\\/\\\/solcora.com\\\/nl\\\/\",\"logo\":{\"@type\":\"ImageObject\",\"inLanguage\":\"nl-NL\",\"@id\":\"https:\\\/\\\/solcora.com\\\/nl\\\/#\\\/schema\\\/logo\\\/image\\\/\",\"url\":\"https:\\\/\\\/solcora.com\\\/wp-content\\\/uploads\\\/2020\\\/04\\\/Solcora-by-mFLOR-NEW-2020.png\",\"contentUrl\":\"https:\\\/\\\/solcora.com\\\/wp-content\\\/uploads\\\/2020\\\/04\\\/Solcora-by-mFLOR-NEW-2020.png\",\"width\":746,\"height\":434,\"caption\":\"Solcora\"},\"image\":{\"@id\":\"https:\\\/\\\/solcora.com\\\/nl\\\/#\\\/schema\\\/logo\\\/image\\\/\"}}]}<\/script>\n<!-- \/ Yoast SEO plugin. -->","yoast_head_json":{"title":"Solcora+ - Solcora","description":"Solcora+ de nieuwe standaard in PVC klikvloeren. Natuurlijke schoonheid gecombineerd met onge\u00ebvenaard gebruiksgemak. Klikt met \u00e9\u00e9n enkele beweging.","robots":{"index":"index","follow":"follow","max-snippet":"max-snippet:-1","max-image-preview":"max-image-preview:large","max-video-preview":"max-video-preview:-1"},"canonical":"https:\/\/solcora.com\/nl\/collectie\/solcora-plus\/","og_locale":"nl_NL","og_type":"article","og_title":"Solcora+ - Solcora","og_description":"Solcora+ de nieuwe standaard in PVC klikvloeren. Natuurlijke schoonheid gecombineerd met onge\u00ebvenaard gebruiksgemak. Klikt met \u00e9\u00e9n enkele beweging.","og_url":"https:\/\/solcora.com\/nl\/collectie\/solcora-plus\/","og_site_name":"Solcora","article_modified_time":"2025-11-03T14:45:56+00:00","twitter_card":"summary_large_image","twitter_misc":{"Geschatte leestijd":"1 minuut"},"schema":{"@context":"https:\/\/schema.org","@graph":[{"@type":"WebPage","@id":"https:\/\/solcora.com\/nl\/collectie\/solcora-plus\/","url":"https:\/\/solcora.com\/nl\/collectie\/solcora-plus\/","name":"Solcora+ - Solcora","isPartOf":{"@id":"https:\/\/solcora.com\/nl\/#website"},"datePublished":"2024-01-05T14:33:21+00:00","dateModified":"2025-11-03T14:45:56+00:00","description":"Solcora+ de nieuwe standaard in PVC klikvloeren. Natuurlijke schoonheid gecombineerd met onge\u00ebvenaard gebruiksgemak. Klikt met \u00e9\u00e9n enkele beweging.","breadcrumb":{"@id":"https:\/\/solcora.com\/nl\/collectie\/solcora-plus\/#breadcrumb"},"inLanguage":"nl-NL","potentialAction":[{"@type":"ReadAction","target":["https:\/\/solcora.com\/nl\/collectie\/solcora-plus\/"]}]},{"@type":"BreadcrumbList","@id":"https:\/\/solcora.com\/nl\/collectie\/solcora-plus\/#breadcrumb","itemListElement":[{"@type":"ListItem","position":1,"name":"Home","item":"https:\/\/solcora.com\/nl\/"},{"@type":"ListItem","position":2,"name":"Collectie","item":"https:\/\/solcora.com\/nl\/collectie\/"},{"@type":"ListItem","position":3,"name":"Solcora+"}]},{"@type":"WebSite","@id":"https:\/\/solcora.com\/nl\/#website","url":"https:\/\/solcora.com\/nl\/","name":"Solcora","description":"Rigid core design floors","publisher":{"@id":"https:\/\/solcora.com\/nl\/#organization"},"potentialAction":[{"@type":"SearchAction","target":{"@type":"EntryPoint","urlTemplate":"https:\/\/solcora.com\/nl\/?s={search_term_string}"},"query-input":{"@type":"PropertyValueSpecification","valueRequired":true,"valueName":"search_term_string"}}],"inLanguage":"nl-NL"},{"@type":"Organization","@id":"https:\/\/solcora.com\/nl\/#organization","name":"Solcora","url":"https:\/\/solcora.com\/nl\/","logo":{"@type":"ImageObject","inLanguage":"nl-NL","@id":"https:\/\/solcora.com\/nl\/#\/schema\/logo\/image\/","url":"https:\/\/solcora.com\/wp-content\/uploads\/2020\/04\/Solcora-by-mFLOR-NEW-2020.png","contentUrl":"https:\/\/solcora.com\/wp-content\/uploads\/2020\/04\/Solcora-by-mFLOR-NEW-2020.png","width":746,"height":434,"caption":"Solcora"},"image":{"@id":"https:\/\/solcora.com\/nl\/#\/schema\/logo\/image\/"}}]}},"_links":{"self":[{"href":"https:\/\/solcora.com\/nl\/wp-json\/wp\/v2\/pages\/13906","targetHints":{"allow":["GET"]}}],"collection":[{"href":"https:\/\/solcora.com\/nl\/wp-json\/wp\/v2\/pages"}],"about":[{"href":"https:\/\/solcora.com\/nl\/wp-json\/wp\/v2\/types\/page"}],"author":[{"embeddable":true,"href":"https:\/\/solcora.com\/nl\/wp-json\/wp\/v2\/users\/10"}],"replies":[{"embeddable":true,"href":"https:\/\/solcora.com\/nl\/wp-json\/wp\/v2\/comments?post=13906"}],"version-history":[{"count":4,"href":"https:\/\/solcora.com\/nl\/wp-json\/wp\/v2\/pages\/13906\/revisions"}],"predecessor-version":[{"id":14940,"href":"https:\/\/solcora.com\/nl\/wp-json\/wp\/v2\/pages\/13906\/revisions\/14940"}],"up":[{"embeddable":true,"href":"https:\/\/solcora.com\/nl\/wp-json\/wp\/v2\/pages\/6442"}],"wp:attachment":[{"href":"https:\/\/solcora.com\/nl\/wp-json\/wp\/v2\/media?parent=13906"}],"curies":[{"name":"wp","href":"https:\/\/api.w.org\/{rel}","templated":true}]}}