{"id":6459,"date":"2020-02-25T10:00:28","date_gmt":"2020-02-25T09:00:28","guid":{"rendered":"https:\/\/solcora.com\/?page_id=6459"},"modified":"2025-11-03T16:06:21","modified_gmt":"2025-11-03T15:06:21","slug":"wat-zijn-solcora-designvloeren","status":"publish","type":"page","link":"https:\/\/solcora.com\/nl\/over-solcora-2\/wat-zijn-solcora-designvloeren\/","title":{"rendered":"Wat zijn Solcora designvloeren"},"content":{"rendered":"<div class=\"wpb-content-wrapper\"><p>[vc_section][vc_row][vc_column][vc_column_text]<\/p>\n<h1>Wat zijn Solcora designvloeren<\/h1>\n<p>Rigid core PVC vloeren van Solcora zijn opgebouwd uit verschillende lagen, waarbij Solcora bij iedere laag bewuste keuzes maakt om zo een kwalitatief hoogwaardig product aan te bieden. Ieder detail is weloverwogen en heeft invloed op de kwaliteit en uitstraling van de vloer.[\/vc_column_text][\/vc_column][\/vc_row][vc_row][vc_column width=&#8221;1\/2&#8243;][vc_column_text css=&#8221;&#8221;]<strong>Rigid core<br \/>\n<\/strong>Rigid core designvloeren zijn PVC vloeren (zoals mflor), maar dan met een stijve kern (rigid core) en voorzien van een sterke klikverbinding en ge\u00efntegreerde ondervloer.<\/p>\n<p>Solcora PVC klikvloeren worden zwevend ge\u00efnstalleerd, zonder (blijvende) aanpassingen aan de ondergrond! Zo kan de vloer gemakkelijk over een oneffen vloer gelegd worden, snel en eenvoudig. Ook is de vloer weer eenvoudig te verwijderen bij bijvoorbeeld een verhuizing.[\/vc_column_text][\/vc_column][vc_column width=&#8221;1\/2&#8243;][vc_column_text css=&#8221;&#8221;]<strong>Solcora Silence 70-05<br \/>\n<\/strong>Solcora is Silence en is alles in 1. Voor extra comfort, is de gehele Solcora collectie voorzien van een ge\u00efntegreerde (IXPE) ondervloer. Doordat de ondervloer in de vloer zelf is verwerkt beschikt Solcora Silence over de unieke eigenschap dat een geluidsreductie van \u0394L<sub>LIN<\/sub> 10 dB behaald wordt, zoals vereist in de Nederlandse VvE norm in appartementen. Solcora Silence is uitzonderlijk sterk, comfortabel zacht \u00e9n stil.[\/vc_column_text][\/vc_column][\/vc_row][vc_row][vc_column width=&#8221;1\/2&#8243;][vc_column_text css=&#8221;&#8221;]<strong>Solcora+ 52-05 &amp; Solcora+ 55-05<\/strong><br \/>\nSolcora+ is de nieuwe standaard in PVC-klikvloeren. Natuurlijke schoonheid gaat hand in hand met onge\u00ebvenaard gebruiksgemak, dankzij geavanceerde technologie\u00ebn, een uniek en supersterk klikmechanisme en een ge\u00efntegreerde ondervloer voor geluidsreductie. Het leggen van uw droomvloer was nog nooit zo eenvoudig. Solcora+ klikt met \u00e9\u00e9n enkele slag.<\/p>\n<p>Deze PVC-vloeren zijn 5,2 mm of 5,5 mm dik (inclusief een 1,0 mm dikke ge\u00efntegreerde ondervloer) en hebben een 0,55 mm dikke slijtlaag. Ze tillen uw ruimte echt naar een &#8220;plus&#8221;-niveau![\/vc_column_text][\/vc_column][vc_column width=&#8221;1\/2&#8243;][\/vc_column][\/vc_row][vc_row][vc_column][vc_btn title=&#8221;Productopbouw&#8221; shape=&#8221;round&#8221; el_class=&#8221;button button&#8211;primary&#8221; link=&#8221;url:http%3A%2F%2Fsolcora.com%2Fnl%2Fover-solcora%2Fproductopbouw%2F|title:Productopbouw||&#8221;][\/vc_column][\/vc_row][\/vc_section]<\/p>\n<\/div>","protected":false},"excerpt":{"rendered":"<p>[vc_section][vc_row][vc_column][vc_column_text] Wat zijn Solcora designvloeren Rigid core PVC vloeren van Solcora zijn opgebouwd uit verschillende lagen, waarbij Solcora bij iedere laag bewuste keuzes maakt om zo een kwalitatief hoogwaardig product aan te bieden. Ieder detail is weloverwogen en heeft invloed op de kwaliteit en uitstraling van de vloer.[\/vc_column_text][\/vc_column][\/vc_row][vc_row][vc_column width=&#8221;1\/2&#8243;][vc_column_text css=&#8221;&#8221;]Rigid core Rigid core designvloeren zijn [&hellip;]<\/p>\n","protected":false},"author":3,"featured_media":0,"parent":6457,"menu_order":0,"comment_status":"closed","ping_status":"closed","template":"","meta":{"_acf_changed":false,"footnotes":""},"class_list":["post-6459","page","type-page","status-publish","hentry"],"acf":[],"yoast_head":"<!-- This site is optimized with the Yoast SEO plugin v27.4 - https:\/\/yoast.com\/product\/yoast-seo-wordpress\/ -->\n<title>Wat zijn Solcora designvloeren - Solcora<\/title>\n<meta name=\"robots\" content=\"index, follow, max-snippet:-1, max-image-preview:large, max-video-preview:-1\" \/>\n<link rel=\"canonical\" href=\"https:\/\/solcora.com\/nl\/over-solcora-2\/wat-zijn-solcora-designvloeren\/\" \/>\n<meta property=\"og:locale\" content=\"nl_NL\" \/>\n<meta property=\"og:type\" content=\"article\" \/>\n<meta property=\"og:title\" content=\"Wat zijn Solcora designvloeren - Solcora\" \/>\n<meta property=\"og:description\" content=\"[vc_section][vc_row][vc_column][vc_column_text] Wat zijn Solcora designvloeren Rigid core PVC vloeren van Solcora zijn opgebouwd uit verschillende lagen, waarbij Solcora bij iedere laag bewuste keuzes maakt om zo een kwalitatief hoogwaardig product aan te bieden. Ieder detail is weloverwogen en heeft invloed op de kwaliteit en uitstraling van de vloer.[\/vc_column_text][\/vc_column][\/vc_row][vc_row][vc_column width=&#8221;1\/2&#8243;][vc_column_text css=&#8221;&#8221;]Rigid core Rigid core designvloeren zijn [&hellip;]\" \/>\n<meta property=\"og:url\" content=\"https:\/\/solcora.com\/nl\/over-solcora-2\/wat-zijn-solcora-designvloeren\/\" \/>\n<meta property=\"og:site_name\" content=\"Solcora\" \/>\n<meta property=\"article:modified_time\" content=\"2025-11-03T15:06:21+00:00\" \/>\n<meta name=\"twitter:card\" content=\"summary_large_image\" \/>\n<meta name=\"twitter:label1\" content=\"Geschatte leestijd\" \/>\n\t<meta name=\"twitter:data1\" content=\"2 minuten\" \/>\n<script type=\"application\/ld+json\" class=\"yoast-schema-graph\">{\"@context\":\"https:\\\/\\\/schema.org\",\"@graph\":[{\"@type\":\"WebPage\",\"@id\":\"https:\\\/\\\/solcora.com\\\/nl\\\/over-solcora-2\\\/wat-zijn-solcora-designvloeren\\\/\",\"url\":\"https:\\\/\\\/solcora.com\\\/nl\\\/over-solcora-2\\\/wat-zijn-solcora-designvloeren\\\/\",\"name\":\"Wat zijn Solcora designvloeren - Solcora\",\"isPartOf\":{\"@id\":\"https:\\\/\\\/solcora.com\\\/nl\\\/#website\"},\"datePublished\":\"2020-02-25T09:00:28+00:00\",\"dateModified\":\"2025-11-03T15:06:21+00:00\",\"breadcrumb\":{\"@id\":\"https:\\\/\\\/solcora.com\\\/nl\\\/over-solcora-2\\\/wat-zijn-solcora-designvloeren\\\/#breadcrumb\"},\"inLanguage\":\"nl-NL\",\"potentialAction\":[{\"@type\":\"ReadAction\",\"target\":[\"https:\\\/\\\/solcora.com\\\/nl\\\/over-solcora-2\\\/wat-zijn-solcora-designvloeren\\\/\"]}]},{\"@type\":\"BreadcrumbList\",\"@id\":\"https:\\\/\\\/solcora.com\\\/nl\\\/over-solcora-2\\\/wat-zijn-solcora-designvloeren\\\/#breadcrumb\",\"itemListElement\":[{\"@type\":\"ListItem\",\"position\":1,\"name\":\"Home\",\"item\":\"https:\\\/\\\/solcora.com\\\/nl\\\/\"},{\"@type\":\"ListItem\",\"position\":2,\"name\":\"Over Solcora\",\"item\":\"https:\\\/\\\/solcora.com\\\/nl\\\/over-solcora-2\\\/\"},{\"@type\":\"ListItem\",\"position\":3,\"name\":\"Wat zijn Solcora designvloeren\"}]},{\"@type\":\"WebSite\",\"@id\":\"https:\\\/\\\/solcora.com\\\/nl\\\/#website\",\"url\":\"https:\\\/\\\/solcora.com\\\/nl\\\/\",\"name\":\"Solcora\",\"description\":\"Rigid core design floors\",\"publisher\":{\"@id\":\"https:\\\/\\\/solcora.com\\\/nl\\\/#organization\"},\"potentialAction\":[{\"@type\":\"SearchAction\",\"target\":{\"@type\":\"EntryPoint\",\"urlTemplate\":\"https:\\\/\\\/solcora.com\\\/nl\\\/?s={search_term_string}\"},\"query-input\":{\"@type\":\"PropertyValueSpecification\",\"valueRequired\":true,\"valueName\":\"search_term_string\"}}],\"inLanguage\":\"nl-NL\"},{\"@type\":\"Organization\",\"@id\":\"https:\\\/\\\/solcora.com\\\/nl\\\/#organization\",\"name\":\"Solcora\",\"url\":\"https:\\\/\\\/solcora.com\\\/nl\\\/\",\"logo\":{\"@type\":\"ImageObject\",\"inLanguage\":\"nl-NL\",\"@id\":\"https:\\\/\\\/solcora.com\\\/nl\\\/#\\\/schema\\\/logo\\\/image\\\/\",\"url\":\"https:\\\/\\\/solcora.com\\\/wp-content\\\/uploads\\\/2020\\\/04\\\/Solcora-by-mFLOR-NEW-2020.png\",\"contentUrl\":\"https:\\\/\\\/solcora.com\\\/wp-content\\\/uploads\\\/2020\\\/04\\\/Solcora-by-mFLOR-NEW-2020.png\",\"width\":746,\"height\":434,\"caption\":\"Solcora\"},\"image\":{\"@id\":\"https:\\\/\\\/solcora.com\\\/nl\\\/#\\\/schema\\\/logo\\\/image\\\/\"}}]}<\/script>\n<!-- \/ Yoast SEO plugin. -->","yoast_head_json":{"title":"Wat zijn Solcora designvloeren - Solcora","robots":{"index":"index","follow":"follow","max-snippet":"max-snippet:-1","max-image-preview":"max-image-preview:large","max-video-preview":"max-video-preview:-1"},"canonical":"https:\/\/solcora.com\/nl\/over-solcora-2\/wat-zijn-solcora-designvloeren\/","og_locale":"nl_NL","og_type":"article","og_title":"Wat zijn Solcora designvloeren - Solcora","og_description":"[vc_section][vc_row][vc_column][vc_column_text] Wat zijn Solcora designvloeren Rigid core PVC vloeren van Solcora zijn opgebouwd uit verschillende lagen, waarbij Solcora bij iedere laag bewuste keuzes maakt om zo een kwalitatief hoogwaardig product aan te bieden. Ieder detail is weloverwogen en heeft invloed op de kwaliteit en uitstraling van de vloer.[\/vc_column_text][\/vc_column][\/vc_row][vc_row][vc_column width=&#8221;1\/2&#8243;][vc_column_text css=&#8221;&#8221;]Rigid core Rigid core designvloeren zijn [&hellip;]","og_url":"https:\/\/solcora.com\/nl\/over-solcora-2\/wat-zijn-solcora-designvloeren\/","og_site_name":"Solcora","article_modified_time":"2025-11-03T15:06:21+00:00","twitter_card":"summary_large_image","twitter_misc":{"Geschatte leestijd":"2 minuten"},"schema":{"@context":"https:\/\/schema.org","@graph":[{"@type":"WebPage","@id":"https:\/\/solcora.com\/nl\/over-solcora-2\/wat-zijn-solcora-designvloeren\/","url":"https:\/\/solcora.com\/nl\/over-solcora-2\/wat-zijn-solcora-designvloeren\/","name":"Wat zijn Solcora designvloeren - Solcora","isPartOf":{"@id":"https:\/\/solcora.com\/nl\/#website"},"datePublished":"2020-02-25T09:00:28+00:00","dateModified":"2025-11-03T15:06:21+00:00","breadcrumb":{"@id":"https:\/\/solcora.com\/nl\/over-solcora-2\/wat-zijn-solcora-designvloeren\/#breadcrumb"},"inLanguage":"nl-NL","potentialAction":[{"@type":"ReadAction","target":["https:\/\/solcora.com\/nl\/over-solcora-2\/wat-zijn-solcora-designvloeren\/"]}]},{"@type":"BreadcrumbList","@id":"https:\/\/solcora.com\/nl\/over-solcora-2\/wat-zijn-solcora-designvloeren\/#breadcrumb","itemListElement":[{"@type":"ListItem","position":1,"name":"Home","item":"https:\/\/solcora.com\/nl\/"},{"@type":"ListItem","position":2,"name":"Over Solcora","item":"https:\/\/solcora.com\/nl\/over-solcora-2\/"},{"@type":"ListItem","position":3,"name":"Wat zijn Solcora designvloeren"}]},{"@type":"WebSite","@id":"https:\/\/solcora.com\/nl\/#website","url":"https:\/\/solcora.com\/nl\/","name":"Solcora","description":"Rigid core design floors","publisher":{"@id":"https:\/\/solcora.com\/nl\/#organization"},"potentialAction":[{"@type":"SearchAction","target":{"@type":"EntryPoint","urlTemplate":"https:\/\/solcora.com\/nl\/?s={search_term_string}"},"query-input":{"@type":"PropertyValueSpecification","valueRequired":true,"valueName":"search_term_string"}}],"inLanguage":"nl-NL"},{"@type":"Organization","@id":"https:\/\/solcora.com\/nl\/#organization","name":"Solcora","url":"https:\/\/solcora.com\/nl\/","logo":{"@type":"ImageObject","inLanguage":"nl-NL","@id":"https:\/\/solcora.com\/nl\/#\/schema\/logo\/image\/","url":"https:\/\/solcora.com\/wp-content\/uploads\/2020\/04\/Solcora-by-mFLOR-NEW-2020.png","contentUrl":"https:\/\/solcora.com\/wp-content\/uploads\/2020\/04\/Solcora-by-mFLOR-NEW-2020.png","width":746,"height":434,"caption":"Solcora"},"image":{"@id":"https:\/\/solcora.com\/nl\/#\/schema\/logo\/image\/"}}]}},"_links":{"self":[{"href":"https:\/\/solcora.com\/nl\/wp-json\/wp\/v2\/pages\/6459","targetHints":{"allow":["GET"]}}],"collection":[{"href":"https:\/\/solcora.com\/nl\/wp-json\/wp\/v2\/pages"}],"about":[{"href":"https:\/\/solcora.com\/nl\/wp-json\/wp\/v2\/types\/page"}],"author":[{"embeddable":true,"href":"https:\/\/solcora.com\/nl\/wp-json\/wp\/v2\/users\/3"}],"replies":[{"embeddable":true,"href":"https:\/\/solcora.com\/nl\/wp-json\/wp\/v2\/comments?post=6459"}],"version-history":[{"count":2,"href":"https:\/\/solcora.com\/nl\/wp-json\/wp\/v2\/pages\/6459\/revisions"}],"predecessor-version":[{"id":14954,"href":"https:\/\/solcora.com\/nl\/wp-json\/wp\/v2\/pages\/6459\/revisions\/14954"}],"up":[{"embeddable":true,"href":"https:\/\/solcora.com\/nl\/wp-json\/wp\/v2\/pages\/6457"}],"wp:attachment":[{"href":"https:\/\/solcora.com\/nl\/wp-json\/wp\/v2\/media?parent=6459"}],"curies":[{"name":"wp","href":"https:\/\/api.w.org\/{rel}","templated":true}]}}