{"id":13888,"date":"2024-10-14T13:10:28","date_gmt":"2024-10-14T11:10:28","guid":{"rendered":"https:\/\/solcora.com\/collection\/niet-gecategoriseerd\/damian\/"},"modified":"2025-01-14T10:52:43","modified_gmt":"2025-01-14T09:52:43","slug":"damian","status":"publish","type":"product","link":"https:\/\/solcora.com\/nl\/collectie\/colton-nl\/damian\/","title":{"rendered":"Damian"},"content":{"rendered":"<p><strong>Productomschrijving<\/strong><\/p>\n<p>De kleurenpracht die het Colton Point State Park in Amerika elke herfst een schilderachtige aanblik geeft, vormt de inspiratie voor de Solcora+ Colton collectie. De warme tinten van de herfst en de klassieke uitstraling van de machtige eikenboom vind je allemaal terug in de 1,5 m grote XL-stroken. Ze nemen je mee naar het hart van het eikenbos en geven je kamer, hal of kantoor een rustige, natuurlijke sfeer.<\/p>\n<p>De Solcora+ Colton is een 5,2 mm dikke PVC klikvloer (inclusief een zachte onderlaag van 1 mm IXPE foam) met grote stroken van 149,2 x 22,8 cm. Daarnaast is de Colton leverbaar als mflor gluedown versie met stroken van 121,92 x 22,86 cm, een dikte van 2,0 mm en een 0,3 mm slijtlaag.<\/p>\n<p>Solcora+ is de nieuwe standaard in PVC klikvloeren. Natuurlijke schoonheid ontmoet onge\u00ebvenaard gebruiksgemak, het leggen van je droomvloer was nog nooit zo eenvoudig. Solcora+ klikt in \u00e9\u00e9n slag!<\/p>\n<p><strong>Extra informatie<\/strong><\/p>\n<p>Kleurnummer: Damian<br \/>\nKleurnaam: 56331<br \/>\nAfmetingen: 149,2 x 22,8 cm x 5,2 mm<br \/>\nDikte slijtlaag: 0,55 mm<br \/>\nStroken per pak: 6<br \/>\nm2 per pak: 2,04 m2<br \/>\nVloertype: 52-05 Solcora+<\/p>\n","protected":false},"excerpt":{"rendered":"<p>Productomschrijving De kleurenpracht die het Colton Point State Park in Amerika elke herfst een schilderachtige aanblik geeft, vormt de inspiratie voor de Solcora+ Colton collectie. De warme tinten van de herfst en de klassieke uitstraling van de machtige eikenboom vind je allemaal terug in de 1,5 m grote XL-stroken. Ze nemen je mee naar het [&hellip;]<\/p>\n","protected":false},"featured_media":13718,"template":"","meta":{"_acf_changed":false},"product_brand":[],"product_cat":[333],"product_tag":[],"class_list":{"0":"post-13888","1":"product","2":"type-product","3":"status-publish","4":"has-post-thumbnail","6":"product_cat-colton-nl","7":"pa_commercial-warranty-10-jaar","8":"pa_design-hout","9":"pa_household-warranty-20-jaar","10":"pa_product-group-52-05-nl","11":"pa_usage-intensief-projectgebruik-normaal-industrieel","13":"first","14":"instock","15":"shipping-taxable","16":"product-type-simple"},"acf":[],"yoast_head":"<!-- This site is optimized with the Yoast SEO plugin v27.3 - https:\/\/yoast.com\/product\/yoast-seo-wordpress\/ -->\n<title>Damian - Solcora<\/title>\n<meta name=\"robots\" content=\"index, follow, max-snippet:-1, max-image-preview:large, max-video-preview:-1\" \/>\n<link rel=\"canonical\" href=\"https:\/\/solcora.com\/nl\/collectie\/colton-nl\/damian\/\" \/>\n<meta property=\"og:locale\" content=\"nl_NL\" \/>\n<meta property=\"og:type\" content=\"article\" \/>\n<meta property=\"og:title\" content=\"Damian - Solcora\" \/>\n<meta property=\"og:description\" content=\"Productomschrijving De kleurenpracht die het Colton Point State Park in Amerika elke herfst een schilderachtige aanblik geeft, vormt de inspiratie voor de Solcora+ Colton collectie. De warme tinten van de herfst en de klassieke uitstraling van de machtige eikenboom vind je allemaal terug in de 1,5 m grote XL-stroken. Ze nemen je mee naar het [&hellip;]\" \/>\n<meta property=\"og:url\" content=\"https:\/\/solcora.com\/nl\/collectie\/colton-nl\/damian\/\" \/>\n<meta property=\"og:site_name\" content=\"Solcora\" \/>\n<meta property=\"article:modified_time\" content=\"2025-01-14T09:52:43+00:00\" \/>\n<meta property=\"og:image\" content=\"https:\/\/solcora.com\/wp-content\/uploads\/2024\/10\/Colton-56331-Damian-frontal.jpg\" \/>\n\t<meta property=\"og:image:width\" content=\"1024\" \/>\n\t<meta property=\"og:image:height\" content=\"1024\" \/>\n\t<meta property=\"og:image:type\" content=\"image\/jpeg\" \/>\n<meta name=\"twitter:card\" content=\"summary_large_image\" \/>\n<meta name=\"twitter:label1\" content=\"Geschatte leestijd\" \/>\n\t<meta name=\"twitter:data1\" content=\"2 minuten\" \/>\n<script type=\"application\/ld+json\" class=\"yoast-schema-graph\">{\"@context\":\"https:\\\/\\\/schema.org\",\"@graph\":[{\"@type\":\"WebPage\",\"@id\":\"https:\\\/\\\/solcora.com\\\/nl\\\/collectie\\\/colton-nl\\\/damian\\\/\",\"url\":\"https:\\\/\\\/solcora.com\\\/nl\\\/collectie\\\/colton-nl\\\/damian\\\/\",\"name\":\"Damian - Solcora\",\"isPartOf\":{\"@id\":\"https:\\\/\\\/solcora.com\\\/nl\\\/#website\"},\"primaryImageOfPage\":{\"@id\":\"https:\\\/\\\/solcora.com\\\/nl\\\/collectie\\\/colton-nl\\\/damian\\\/#primaryimage\"},\"image\":{\"@id\":\"https:\\\/\\\/solcora.com\\\/nl\\\/collectie\\\/colton-nl\\\/damian\\\/#primaryimage\"},\"thumbnailUrl\":\"https:\\\/\\\/solcora.com\\\/wp-content\\\/uploads\\\/2024\\\/10\\\/Colton-56331-Damian-frontal.jpg\",\"datePublished\":\"2024-10-14T11:10:28+00:00\",\"dateModified\":\"2025-01-14T09:52:43+00:00\",\"breadcrumb\":{\"@id\":\"https:\\\/\\\/solcora.com\\\/nl\\\/collectie\\\/colton-nl\\\/damian\\\/#breadcrumb\"},\"inLanguage\":\"nl-NL\",\"potentialAction\":[{\"@type\":\"ReadAction\",\"target\":[\"https:\\\/\\\/solcora.com\\\/nl\\\/collectie\\\/colton-nl\\\/damian\\\/\"]}]},{\"@type\":\"ImageObject\",\"inLanguage\":\"nl-NL\",\"@id\":\"https:\\\/\\\/solcora.com\\\/nl\\\/collectie\\\/colton-nl\\\/damian\\\/#primaryimage\",\"url\":\"https:\\\/\\\/solcora.com\\\/wp-content\\\/uploads\\\/2024\\\/10\\\/Colton-56331-Damian-frontal.jpg\",\"contentUrl\":\"https:\\\/\\\/solcora.com\\\/wp-content\\\/uploads\\\/2024\\\/10\\\/Colton-56331-Damian-frontal.jpg\",\"width\":1024,\"height\":1024},{\"@type\":\"BreadcrumbList\",\"@id\":\"https:\\\/\\\/solcora.com\\\/nl\\\/collectie\\\/colton-nl\\\/damian\\\/#breadcrumb\",\"itemListElement\":[{\"@type\":\"ListItem\",\"position\":1,\"name\":\"Home\",\"item\":\"https:\\\/\\\/solcora.com\\\/nl\\\/\"},{\"@type\":\"ListItem\",\"position\":2,\"name\":\"Collectie\",\"item\":\"https:\\\/\\\/solcora.com\\\/nl\\\/collectie\\\/\"},{\"@type\":\"ListItem\",\"position\":3,\"name\":\"Damian\"}]},{\"@type\":\"WebSite\",\"@id\":\"https:\\\/\\\/solcora.com\\\/nl\\\/#website\",\"url\":\"https:\\\/\\\/solcora.com\\\/nl\\\/\",\"name\":\"Solcora\",\"description\":\"Rigid core design floors\",\"publisher\":{\"@id\":\"https:\\\/\\\/solcora.com\\\/nl\\\/#organization\"},\"potentialAction\":[{\"@type\":\"SearchAction\",\"target\":{\"@type\":\"EntryPoint\",\"urlTemplate\":\"https:\\\/\\\/solcora.com\\\/nl\\\/?s={search_term_string}\"},\"query-input\":{\"@type\":\"PropertyValueSpecification\",\"valueRequired\":true,\"valueName\":\"search_term_string\"}}],\"inLanguage\":\"nl-NL\"},{\"@type\":\"Organization\",\"@id\":\"https:\\\/\\\/solcora.com\\\/nl\\\/#organization\",\"name\":\"Solcora\",\"url\":\"https:\\\/\\\/solcora.com\\\/nl\\\/\",\"logo\":{\"@type\":\"ImageObject\",\"inLanguage\":\"nl-NL\",\"@id\":\"https:\\\/\\\/solcora.com\\\/nl\\\/#\\\/schema\\\/logo\\\/image\\\/\",\"url\":\"https:\\\/\\\/solcora.com\\\/wp-content\\\/uploads\\\/2020\\\/04\\\/Solcora-by-mFLOR-NEW-2020.png\",\"contentUrl\":\"https:\\\/\\\/solcora.com\\\/wp-content\\\/uploads\\\/2020\\\/04\\\/Solcora-by-mFLOR-NEW-2020.png\",\"width\":746,\"height\":434,\"caption\":\"Solcora\"},\"image\":{\"@id\":\"https:\\\/\\\/solcora.com\\\/nl\\\/#\\\/schema\\\/logo\\\/image\\\/\"}}]}<\/script>\n<!-- \/ Yoast SEO plugin. -->","yoast_head_json":{"title":"Damian - Solcora","robots":{"index":"index","follow":"follow","max-snippet":"max-snippet:-1","max-image-preview":"max-image-preview:large","max-video-preview":"max-video-preview:-1"},"canonical":"https:\/\/solcora.com\/nl\/collectie\/colton-nl\/damian\/","og_locale":"nl_NL","og_type":"article","og_title":"Damian - Solcora","og_description":"Productomschrijving De kleurenpracht die het Colton Point State Park in Amerika elke herfst een schilderachtige aanblik geeft, vormt de inspiratie voor de Solcora+ Colton collectie. De warme tinten van de herfst en de klassieke uitstraling van de machtige eikenboom vind je allemaal terug in de 1,5 m grote XL-stroken. Ze nemen je mee naar het [&hellip;]","og_url":"https:\/\/solcora.com\/nl\/collectie\/colton-nl\/damian\/","og_site_name":"Solcora","article_modified_time":"2025-01-14T09:52:43+00:00","og_image":[{"width":1024,"height":1024,"url":"https:\/\/solcora.com\/wp-content\/uploads\/2024\/10\/Colton-56331-Damian-frontal.jpg","type":"image\/jpeg"}],"twitter_card":"summary_large_image","twitter_misc":{"Geschatte leestijd":"2 minuten"},"schema":{"@context":"https:\/\/schema.org","@graph":[{"@type":"WebPage","@id":"https:\/\/solcora.com\/nl\/collectie\/colton-nl\/damian\/","url":"https:\/\/solcora.com\/nl\/collectie\/colton-nl\/damian\/","name":"Damian - Solcora","isPartOf":{"@id":"https:\/\/solcora.com\/nl\/#website"},"primaryImageOfPage":{"@id":"https:\/\/solcora.com\/nl\/collectie\/colton-nl\/damian\/#primaryimage"},"image":{"@id":"https:\/\/solcora.com\/nl\/collectie\/colton-nl\/damian\/#primaryimage"},"thumbnailUrl":"https:\/\/solcora.com\/wp-content\/uploads\/2024\/10\/Colton-56331-Damian-frontal.jpg","datePublished":"2024-10-14T11:10:28+00:00","dateModified":"2025-01-14T09:52:43+00:00","breadcrumb":{"@id":"https:\/\/solcora.com\/nl\/collectie\/colton-nl\/damian\/#breadcrumb"},"inLanguage":"nl-NL","potentialAction":[{"@type":"ReadAction","target":["https:\/\/solcora.com\/nl\/collectie\/colton-nl\/damian\/"]}]},{"@type":"ImageObject","inLanguage":"nl-NL","@id":"https:\/\/solcora.com\/nl\/collectie\/colton-nl\/damian\/#primaryimage","url":"https:\/\/solcora.com\/wp-content\/uploads\/2024\/10\/Colton-56331-Damian-frontal.jpg","contentUrl":"https:\/\/solcora.com\/wp-content\/uploads\/2024\/10\/Colton-56331-Damian-frontal.jpg","width":1024,"height":1024},{"@type":"BreadcrumbList","@id":"https:\/\/solcora.com\/nl\/collectie\/colton-nl\/damian\/#breadcrumb","itemListElement":[{"@type":"ListItem","position":1,"name":"Home","item":"https:\/\/solcora.com\/nl\/"},{"@type":"ListItem","position":2,"name":"Collectie","item":"https:\/\/solcora.com\/nl\/collectie\/"},{"@type":"ListItem","position":3,"name":"Damian"}]},{"@type":"WebSite","@id":"https:\/\/solcora.com\/nl\/#website","url":"https:\/\/solcora.com\/nl\/","name":"Solcora","description":"Rigid core design floors","publisher":{"@id":"https:\/\/solcora.com\/nl\/#organization"},"potentialAction":[{"@type":"SearchAction","target":{"@type":"EntryPoint","urlTemplate":"https:\/\/solcora.com\/nl\/?s={search_term_string}"},"query-input":{"@type":"PropertyValueSpecification","valueRequired":true,"valueName":"search_term_string"}}],"inLanguage":"nl-NL"},{"@type":"Organization","@id":"https:\/\/solcora.com\/nl\/#organization","name":"Solcora","url":"https:\/\/solcora.com\/nl\/","logo":{"@type":"ImageObject","inLanguage":"nl-NL","@id":"https:\/\/solcora.com\/nl\/#\/schema\/logo\/image\/","url":"https:\/\/solcora.com\/wp-content\/uploads\/2020\/04\/Solcora-by-mFLOR-NEW-2020.png","contentUrl":"https:\/\/solcora.com\/wp-content\/uploads\/2020\/04\/Solcora-by-mFLOR-NEW-2020.png","width":746,"height":434,"caption":"Solcora"},"image":{"@id":"https:\/\/solcora.com\/nl\/#\/schema\/logo\/image\/"}}]}},"_links":{"self":[{"href":"https:\/\/solcora.com\/nl\/wp-json\/wp\/v2\/product\/13888","targetHints":{"allow":["GET"]}}],"collection":[{"href":"https:\/\/solcora.com\/nl\/wp-json\/wp\/v2\/product"}],"about":[{"href":"https:\/\/solcora.com\/nl\/wp-json\/wp\/v2\/types\/product"}],"wp:featuredmedia":[{"embeddable":true,"href":"https:\/\/solcora.com\/nl\/wp-json\/wp\/v2\/media\/13718"}],"wp:attachment":[{"href":"https:\/\/solcora.com\/nl\/wp-json\/wp\/v2\/media?parent=13888"}],"wp:term":[{"taxonomy":"product_brand","embeddable":true,"href":"https:\/\/solcora.com\/nl\/wp-json\/wp\/v2\/product_brand?post=13888"},{"taxonomy":"product_cat","embeddable":true,"href":"https:\/\/solcora.com\/nl\/wp-json\/wp\/v2\/product_cat?post=13888"},{"taxonomy":"product_tag","embeddable":true,"href":"https:\/\/solcora.com\/nl\/wp-json\/wp\/v2\/product_tag?post=13888"}],"curies":[{"name":"wp","href":"https:\/\/api.w.org\/{rel}","templated":true}]}}