{"id":13915,"date":"2024-01-04T12:23:42","date_gmt":"2024-01-04T11:23:42","guid":{"rendered":"https:\/\/solcora.com\/collection\/niet-gecategoriseerd\/tarn-3\/"},"modified":"2025-01-14T12:03:24","modified_gmt":"2025-01-14T11:03:24","slug":"tarn-3","status":"publish","type":"product","link":"https:\/\/solcora.com\/nl\/collectie\/river-oak-nl\/tarn-3\/","title":{"rendered":"Tarn"},"content":{"rendered":"<p><strong>Productomschrijving<\/strong><\/p>\n<p>Het subtiele, luxe eikendessin van de River Oak-collectie heeft een subtiele houtnerf en bescheiden kleurnuances. De eigentijdse kleuren stralen rust en warmte uit en transformeren iedere ruimte tot een plek waar je je fijn voelt.<\/p>\n<p>Met een keuze uit 6 kleuren met een rustig eikenmotief tilt de Solcora+ River Oak jouw kamer letterlijk naar een <em>plus-<\/em>niveau.<\/p>\n<p>Solcora+ is de nieuwe standaard in PVC klikvloeren. Natuurlijke schoonheid ontmoet onge\u00ebvenaard gebruiksgemak, het leggen van je droomvloer was nog nooit zo eenvoudig. Solcora+ klikt in \u00e9\u00e9n slag!<\/p>\n<p><strong>Extra informatie<\/strong><\/p>\n<p>Kleurnummer: 56249<br \/>\nKleurnaam: Tarn<br \/>\nAfmetingen: 122 x 22,8 cm x 5,2 mm<br \/>\nDikte slijtlaag: 0,55 mm<br \/>\nStroken per pak: 8<br \/>\nm2 per pak: 2,23 m2<br \/>\nVloertype: 52-05 Solcora+<\/p>\n","protected":false},"excerpt":{"rendered":"<p>Productomschrijving Het subtiele, luxe eikendessin van de River Oak-collectie heeft een subtiele houtnerf en bescheiden kleurnuances. De eigentijdse kleuren stralen rust en warmte uit en transformeren iedere ruimte tot een plek waar je je fijn voelt. Met een keuze uit 6 kleuren met een rustig eikenmotief tilt de Solcora+ River Oak jouw kamer letterlijk naar [&hellip;]<\/p>\n","protected":false},"featured_media":8899,"template":"","meta":{"_acf_changed":false},"product_brand":[],"product_cat":[241],"product_tag":[],"class_list":{"0":"post-13915","1":"product","2":"type-product","3":"status-publish","4":"has-post-thumbnail","6":"product_cat-river-oak-nl","7":"pa_commercial-warranty-10-jaar","8":"pa_design-hout","9":"pa_household-warranty-20-jaar","10":"pa_product-group-52-05-nl","11":"pa_usage-intensief-projectgebruik-normaal-industrieel","13":"first","14":"instock","15":"shipping-taxable","16":"product-type-simple"},"acf":[],"yoast_head":"<!-- This site is optimized with the Yoast SEO plugin v27.3 - https:\/\/yoast.com\/product\/yoast-seo-wordpress\/ -->\n<title>Tarn - Solcora<\/title>\n<meta name=\"robots\" content=\"index, follow, max-snippet:-1, max-image-preview:large, max-video-preview:-1\" \/>\n<link rel=\"canonical\" href=\"https:\/\/solcora.com\/nl\/collectie\/river-oak-nl\/tarn-3\/\" \/>\n<meta property=\"og:locale\" content=\"nl_NL\" \/>\n<meta property=\"og:type\" content=\"article\" \/>\n<meta property=\"og:title\" content=\"Tarn - Solcora\" \/>\n<meta property=\"og:description\" content=\"Productomschrijving Het subtiele, luxe eikendessin van de River Oak-collectie heeft een subtiele houtnerf en bescheiden kleurnuances. De eigentijdse kleuren stralen rust en warmte uit en transformeren iedere ruimte tot een plek waar je je fijn voelt. Met een keuze uit 6 kleuren met een rustig eikenmotief tilt de Solcora+ River Oak jouw kamer letterlijk naar [&hellip;]\" \/>\n<meta property=\"og:url\" content=\"https:\/\/solcora.com\/nl\/collectie\/river-oak-nl\/tarn-3\/\" \/>\n<meta property=\"og:site_name\" content=\"Solcora\" \/>\n<meta property=\"article:modified_time\" content=\"2025-01-14T11:03:24+00:00\" \/>\n<meta property=\"og:image\" content=\"https:\/\/solcora.com\/wp-content\/uploads\/2021\/07\/Solcora-River-Oak-56029-Tarn-Frontal.jpg\" \/>\n\t<meta property=\"og:image:width\" content=\"2560\" \/>\n\t<meta property=\"og:image:height\" content=\"1920\" \/>\n\t<meta property=\"og:image:type\" content=\"image\/jpeg\" \/>\n<meta name=\"twitter:card\" content=\"summary_large_image\" \/>\n<meta name=\"twitter:label1\" content=\"Geschatte leestijd\" \/>\n\t<meta name=\"twitter:data1\" content=\"1 minuut\" \/>\n<script type=\"application\/ld+json\" class=\"yoast-schema-graph\">{\"@context\":\"https:\\\/\\\/schema.org\",\"@graph\":[{\"@type\":\"WebPage\",\"@id\":\"https:\\\/\\\/solcora.com\\\/nl\\\/collectie\\\/river-oak-nl\\\/tarn-3\\\/\",\"url\":\"https:\\\/\\\/solcora.com\\\/nl\\\/collectie\\\/river-oak-nl\\\/tarn-3\\\/\",\"name\":\"Tarn - Solcora\",\"isPartOf\":{\"@id\":\"https:\\\/\\\/solcora.com\\\/nl\\\/#website\"},\"primaryImageOfPage\":{\"@id\":\"https:\\\/\\\/solcora.com\\\/nl\\\/collectie\\\/river-oak-nl\\\/tarn-3\\\/#primaryimage\"},\"image\":{\"@id\":\"https:\\\/\\\/solcora.com\\\/nl\\\/collectie\\\/river-oak-nl\\\/tarn-3\\\/#primaryimage\"},\"thumbnailUrl\":\"https:\\\/\\\/solcora.com\\\/wp-content\\\/uploads\\\/2021\\\/07\\\/Solcora-River-Oak-56029-Tarn-Frontal.jpg\",\"datePublished\":\"2024-01-04T11:23:42+00:00\",\"dateModified\":\"2025-01-14T11:03:24+00:00\",\"breadcrumb\":{\"@id\":\"https:\\\/\\\/solcora.com\\\/nl\\\/collectie\\\/river-oak-nl\\\/tarn-3\\\/#breadcrumb\"},\"inLanguage\":\"nl-NL\",\"potentialAction\":[{\"@type\":\"ReadAction\",\"target\":[\"https:\\\/\\\/solcora.com\\\/nl\\\/collectie\\\/river-oak-nl\\\/tarn-3\\\/\"]}]},{\"@type\":\"ImageObject\",\"inLanguage\":\"nl-NL\",\"@id\":\"https:\\\/\\\/solcora.com\\\/nl\\\/collectie\\\/river-oak-nl\\\/tarn-3\\\/#primaryimage\",\"url\":\"https:\\\/\\\/solcora.com\\\/wp-content\\\/uploads\\\/2021\\\/07\\\/Solcora-River-Oak-56029-Tarn-Frontal.jpg\",\"contentUrl\":\"https:\\\/\\\/solcora.com\\\/wp-content\\\/uploads\\\/2021\\\/07\\\/Solcora-River-Oak-56029-Tarn-Frontal.jpg\",\"width\":2560,\"height\":1920},{\"@type\":\"BreadcrumbList\",\"@id\":\"https:\\\/\\\/solcora.com\\\/nl\\\/collectie\\\/river-oak-nl\\\/tarn-3\\\/#breadcrumb\",\"itemListElement\":[{\"@type\":\"ListItem\",\"position\":1,\"name\":\"Home\",\"item\":\"https:\\\/\\\/solcora.com\\\/nl\\\/\"},{\"@type\":\"ListItem\",\"position\":2,\"name\":\"Collectie\",\"item\":\"https:\\\/\\\/solcora.com\\\/nl\\\/collectie\\\/\"},{\"@type\":\"ListItem\",\"position\":3,\"name\":\"Tarn\"}]},{\"@type\":\"WebSite\",\"@id\":\"https:\\\/\\\/solcora.com\\\/nl\\\/#website\",\"url\":\"https:\\\/\\\/solcora.com\\\/nl\\\/\",\"name\":\"Solcora\",\"description\":\"Rigid core design floors\",\"publisher\":{\"@id\":\"https:\\\/\\\/solcora.com\\\/nl\\\/#organization\"},\"potentialAction\":[{\"@type\":\"SearchAction\",\"target\":{\"@type\":\"EntryPoint\",\"urlTemplate\":\"https:\\\/\\\/solcora.com\\\/nl\\\/?s={search_term_string}\"},\"query-input\":{\"@type\":\"PropertyValueSpecification\",\"valueRequired\":true,\"valueName\":\"search_term_string\"}}],\"inLanguage\":\"nl-NL\"},{\"@type\":\"Organization\",\"@id\":\"https:\\\/\\\/solcora.com\\\/nl\\\/#organization\",\"name\":\"Solcora\",\"url\":\"https:\\\/\\\/solcora.com\\\/nl\\\/\",\"logo\":{\"@type\":\"ImageObject\",\"inLanguage\":\"nl-NL\",\"@id\":\"https:\\\/\\\/solcora.com\\\/nl\\\/#\\\/schema\\\/logo\\\/image\\\/\",\"url\":\"https:\\\/\\\/solcora.com\\\/wp-content\\\/uploads\\\/2020\\\/04\\\/Solcora-by-mFLOR-NEW-2020.png\",\"contentUrl\":\"https:\\\/\\\/solcora.com\\\/wp-content\\\/uploads\\\/2020\\\/04\\\/Solcora-by-mFLOR-NEW-2020.png\",\"width\":746,\"height\":434,\"caption\":\"Solcora\"},\"image\":{\"@id\":\"https:\\\/\\\/solcora.com\\\/nl\\\/#\\\/schema\\\/logo\\\/image\\\/\"}}]}<\/script>\n<!-- \/ Yoast SEO plugin. -->","yoast_head_json":{"title":"Tarn - Solcora","robots":{"index":"index","follow":"follow","max-snippet":"max-snippet:-1","max-image-preview":"max-image-preview:large","max-video-preview":"max-video-preview:-1"},"canonical":"https:\/\/solcora.com\/nl\/collectie\/river-oak-nl\/tarn-3\/","og_locale":"nl_NL","og_type":"article","og_title":"Tarn - Solcora","og_description":"Productomschrijving Het subtiele, luxe eikendessin van de River Oak-collectie heeft een subtiele houtnerf en bescheiden kleurnuances. De eigentijdse kleuren stralen rust en warmte uit en transformeren iedere ruimte tot een plek waar je je fijn voelt. Met een keuze uit 6 kleuren met een rustig eikenmotief tilt de Solcora+ River Oak jouw kamer letterlijk naar [&hellip;]","og_url":"https:\/\/solcora.com\/nl\/collectie\/river-oak-nl\/tarn-3\/","og_site_name":"Solcora","article_modified_time":"2025-01-14T11:03:24+00:00","og_image":[{"width":2560,"height":1920,"url":"https:\/\/solcora.com\/wp-content\/uploads\/2021\/07\/Solcora-River-Oak-56029-Tarn-Frontal.jpg","type":"image\/jpeg"}],"twitter_card":"summary_large_image","twitter_misc":{"Geschatte leestijd":"1 minuut"},"schema":{"@context":"https:\/\/schema.org","@graph":[{"@type":"WebPage","@id":"https:\/\/solcora.com\/nl\/collectie\/river-oak-nl\/tarn-3\/","url":"https:\/\/solcora.com\/nl\/collectie\/river-oak-nl\/tarn-3\/","name":"Tarn - Solcora","isPartOf":{"@id":"https:\/\/solcora.com\/nl\/#website"},"primaryImageOfPage":{"@id":"https:\/\/solcora.com\/nl\/collectie\/river-oak-nl\/tarn-3\/#primaryimage"},"image":{"@id":"https:\/\/solcora.com\/nl\/collectie\/river-oak-nl\/tarn-3\/#primaryimage"},"thumbnailUrl":"https:\/\/solcora.com\/wp-content\/uploads\/2021\/07\/Solcora-River-Oak-56029-Tarn-Frontal.jpg","datePublished":"2024-01-04T11:23:42+00:00","dateModified":"2025-01-14T11:03:24+00:00","breadcrumb":{"@id":"https:\/\/solcora.com\/nl\/collectie\/river-oak-nl\/tarn-3\/#breadcrumb"},"inLanguage":"nl-NL","potentialAction":[{"@type":"ReadAction","target":["https:\/\/solcora.com\/nl\/collectie\/river-oak-nl\/tarn-3\/"]}]},{"@type":"ImageObject","inLanguage":"nl-NL","@id":"https:\/\/solcora.com\/nl\/collectie\/river-oak-nl\/tarn-3\/#primaryimage","url":"https:\/\/solcora.com\/wp-content\/uploads\/2021\/07\/Solcora-River-Oak-56029-Tarn-Frontal.jpg","contentUrl":"https:\/\/solcora.com\/wp-content\/uploads\/2021\/07\/Solcora-River-Oak-56029-Tarn-Frontal.jpg","width":2560,"height":1920},{"@type":"BreadcrumbList","@id":"https:\/\/solcora.com\/nl\/collectie\/river-oak-nl\/tarn-3\/#breadcrumb","itemListElement":[{"@type":"ListItem","position":1,"name":"Home","item":"https:\/\/solcora.com\/nl\/"},{"@type":"ListItem","position":2,"name":"Collectie","item":"https:\/\/solcora.com\/nl\/collectie\/"},{"@type":"ListItem","position":3,"name":"Tarn"}]},{"@type":"WebSite","@id":"https:\/\/solcora.com\/nl\/#website","url":"https:\/\/solcora.com\/nl\/","name":"Solcora","description":"Rigid core design floors","publisher":{"@id":"https:\/\/solcora.com\/nl\/#organization"},"potentialAction":[{"@type":"SearchAction","target":{"@type":"EntryPoint","urlTemplate":"https:\/\/solcora.com\/nl\/?s={search_term_string}"},"query-input":{"@type":"PropertyValueSpecification","valueRequired":true,"valueName":"search_term_string"}}],"inLanguage":"nl-NL"},{"@type":"Organization","@id":"https:\/\/solcora.com\/nl\/#organization","name":"Solcora","url":"https:\/\/solcora.com\/nl\/","logo":{"@type":"ImageObject","inLanguage":"nl-NL","@id":"https:\/\/solcora.com\/nl\/#\/schema\/logo\/image\/","url":"https:\/\/solcora.com\/wp-content\/uploads\/2020\/04\/Solcora-by-mFLOR-NEW-2020.png","contentUrl":"https:\/\/solcora.com\/wp-content\/uploads\/2020\/04\/Solcora-by-mFLOR-NEW-2020.png","width":746,"height":434,"caption":"Solcora"},"image":{"@id":"https:\/\/solcora.com\/nl\/#\/schema\/logo\/image\/"}}]}},"_links":{"self":[{"href":"https:\/\/solcora.com\/nl\/wp-json\/wp\/v2\/product\/13915","targetHints":{"allow":["GET"]}}],"collection":[{"href":"https:\/\/solcora.com\/nl\/wp-json\/wp\/v2\/product"}],"about":[{"href":"https:\/\/solcora.com\/nl\/wp-json\/wp\/v2\/types\/product"}],"wp:featuredmedia":[{"embeddable":true,"href":"https:\/\/solcora.com\/nl\/wp-json\/wp\/v2\/media\/8899"}],"wp:attachment":[{"href":"https:\/\/solcora.com\/nl\/wp-json\/wp\/v2\/media?parent=13915"}],"wp:term":[{"taxonomy":"product_brand","embeddable":true,"href":"https:\/\/solcora.com\/nl\/wp-json\/wp\/v2\/product_brand?post=13915"},{"taxonomy":"product_cat","embeddable":true,"href":"https:\/\/solcora.com\/nl\/wp-json\/wp\/v2\/product_cat?post=13915"},{"taxonomy":"product_tag","embeddable":true,"href":"https:\/\/solcora.com\/nl\/wp-json\/wp\/v2\/product_tag?post=13915"}],"curies":[{"name":"wp","href":"https:\/\/api.w.org\/{rel}","templated":true}]}}