{"id":14058,"date":"2025-01-14T16:06:05","date_gmt":"2025-01-14T15:06:05","guid":{"rendered":"https:\/\/solcora.com\/?post_type=product&#038;p=14058"},"modified":"2025-01-14T16:47:04","modified_gmt":"2025-01-14T15:47:04","slug":"giona","status":"publish","type":"product","link":"https:\/\/solcora.com\/nl\/collectie\/abruzzo-nl\/giona\/","title":{"rendered":"Giona"},"content":{"rendered":"<p><strong>Productomschrijving<\/strong><\/p>\n<p>Bergketens, kalksteen, rivieren en beekjes vormen de ongerepte en ruige natuur van het Nationaal Park Abruzzo, het oudste nationale park in het hart van Itali\u00eb. Met de Abruzzo collectie hebben we geprobeerd de kracht en traditie van het bergachtige Abruzzo te vangen in een tegelcollectie met 4 tegels met een prachtig steendessin. De tegels van de Abruzzo zijn 91,4 x 45,7 cm en zijn ook te krijgen als mflor gluedown en mflor loose lay varianten.<\/p>\n<p>Solcora+ is de nieuwe standaard in PVC klikvloeren. Natuurlijke schoonheid ontmoet onge\u00ebvenaard gebruiksgemak, het leggen van je droomvloer was nog nooit zo eenvoudig. Solcora+ klikt in \u00e9\u00e9n slag.<\/p>\n<p><strong>Extra informatie<\/strong><\/p>\n<p>Kleurnummer: 56433<br \/>\nKleurnaam: Giona<br \/>\nAfmetingen: 91,4 x 45,7 cm x 5,5 mm<br \/>\nDikte slijtlaag: 0,55 mm<br \/>\nStroken per pak: 6<br \/>\nm2 per pak: 2,5 m2<br \/>\nVloertype: 55-05 Solcora+<\/p>\n","protected":false},"excerpt":{"rendered":"<p>Productomschrijving Bergketens, kalksteen, rivieren en beekjes vormen de ongerepte en ruige natuur van het Nationaal Park Abruzzo, het oudste nationale park in het hart van Itali\u00eb. Met de Abruzzo collectie hebben we geprobeerd de kracht en traditie van het bergachtige Abruzzo te vangen in een tegelcollectie met 4 tegels met een prachtig steendessin. De tegels [&hellip;]<\/p>\n","protected":false},"featured_media":13994,"template":"","meta":{"_acf_changed":false},"product_brand":[],"product_cat":[337],"product_tag":[],"class_list":{"0":"post-14058","1":"product","2":"type-product","3":"status-publish","4":"has-post-thumbnail","6":"product_cat-abruzzo-nl","7":"pa_commercial-warranty-10-jaar","8":"pa_design-steen","9":"pa_household-warranty-20-jaar","10":"pa_product-group-55-05-nl","11":"pa_usage-intensief-projectgebruik-normaal-industrieel","13":"first","14":"instock","15":"shipping-taxable","16":"product-type-simple"},"acf":[],"yoast_head":"<!-- This site is optimized with the Yoast SEO plugin v27.3 - https:\/\/yoast.com\/product\/yoast-seo-wordpress\/ -->\n<title>Giona - Solcora<\/title>\n<meta name=\"robots\" content=\"index, follow, max-snippet:-1, max-image-preview:large, max-video-preview:-1\" \/>\n<link rel=\"canonical\" href=\"https:\/\/solcora.com\/nl\/collectie\/abruzzo-nl\/giona\/\" \/>\n<meta property=\"og:locale\" content=\"nl_NL\" \/>\n<meta property=\"og:type\" content=\"article\" \/>\n<meta property=\"og:title\" content=\"Giona - Solcora\" \/>\n<meta property=\"og:description\" content=\"Productomschrijving Bergketens, kalksteen, rivieren en beekjes vormen de ongerepte en ruige natuur van het Nationaal Park Abruzzo, het oudste nationale park in het hart van Itali\u00eb. Met de Abruzzo collectie hebben we geprobeerd de kracht en traditie van het bergachtige Abruzzo te vangen in een tegelcollectie met 4 tegels met een prachtig steendessin. De tegels [&hellip;]\" \/>\n<meta property=\"og:url\" content=\"https:\/\/solcora.com\/nl\/collectie\/abruzzo-nl\/giona\/\" \/>\n<meta property=\"og:site_name\" content=\"Solcora\" \/>\n<meta property=\"article:modified_time\" content=\"2025-01-14T15:47:04+00:00\" \/>\n<meta property=\"og:image\" content=\"https:\/\/solcora.com\/wp-content\/uploads\/2025\/01\/Abruzzo-Giona-56433-frontal.jpg\" \/>\n\t<meta property=\"og:image:width\" content=\"1000\" \/>\n\t<meta property=\"og:image:height\" content=\"1000\" \/>\n\t<meta property=\"og:image:type\" content=\"image\/jpeg\" \/>\n<meta name=\"twitter:card\" content=\"summary_large_image\" \/>\n<meta name=\"twitter:label1\" content=\"Geschatte leestijd\" \/>\n\t<meta name=\"twitter:data1\" content=\"1 minuut\" \/>\n<script type=\"application\/ld+json\" class=\"yoast-schema-graph\">{\"@context\":\"https:\\\/\\\/schema.org\",\"@graph\":[{\"@type\":\"WebPage\",\"@id\":\"https:\\\/\\\/solcora.com\\\/nl\\\/collectie\\\/abruzzo-nl\\\/giona\\\/\",\"url\":\"https:\\\/\\\/solcora.com\\\/nl\\\/collectie\\\/abruzzo-nl\\\/giona\\\/\",\"name\":\"Giona - Solcora\",\"isPartOf\":{\"@id\":\"https:\\\/\\\/solcora.com\\\/nl\\\/#website\"},\"primaryImageOfPage\":{\"@id\":\"https:\\\/\\\/solcora.com\\\/nl\\\/collectie\\\/abruzzo-nl\\\/giona\\\/#primaryimage\"},\"image\":{\"@id\":\"https:\\\/\\\/solcora.com\\\/nl\\\/collectie\\\/abruzzo-nl\\\/giona\\\/#primaryimage\"},\"thumbnailUrl\":\"https:\\\/\\\/solcora.com\\\/wp-content\\\/uploads\\\/2025\\\/01\\\/Abruzzo-Giona-56433-frontal.jpg\",\"datePublished\":\"2025-01-14T15:06:05+00:00\",\"dateModified\":\"2025-01-14T15:47:04+00:00\",\"breadcrumb\":{\"@id\":\"https:\\\/\\\/solcora.com\\\/nl\\\/collectie\\\/abruzzo-nl\\\/giona\\\/#breadcrumb\"},\"inLanguage\":\"nl-NL\",\"potentialAction\":[{\"@type\":\"ReadAction\",\"target\":[\"https:\\\/\\\/solcora.com\\\/nl\\\/collectie\\\/abruzzo-nl\\\/giona\\\/\"]}]},{\"@type\":\"ImageObject\",\"inLanguage\":\"nl-NL\",\"@id\":\"https:\\\/\\\/solcora.com\\\/nl\\\/collectie\\\/abruzzo-nl\\\/giona\\\/#primaryimage\",\"url\":\"https:\\\/\\\/solcora.com\\\/wp-content\\\/uploads\\\/2025\\\/01\\\/Abruzzo-Giona-56433-frontal.jpg\",\"contentUrl\":\"https:\\\/\\\/solcora.com\\\/wp-content\\\/uploads\\\/2025\\\/01\\\/Abruzzo-Giona-56433-frontal.jpg\",\"width\":1000,\"height\":1000},{\"@type\":\"BreadcrumbList\",\"@id\":\"https:\\\/\\\/solcora.com\\\/nl\\\/collectie\\\/abruzzo-nl\\\/giona\\\/#breadcrumb\",\"itemListElement\":[{\"@type\":\"ListItem\",\"position\":1,\"name\":\"Home\",\"item\":\"https:\\\/\\\/solcora.com\\\/nl\\\/\"},{\"@type\":\"ListItem\",\"position\":2,\"name\":\"Collectie\",\"item\":\"https:\\\/\\\/solcora.com\\\/nl\\\/collectie\\\/\"},{\"@type\":\"ListItem\",\"position\":3,\"name\":\"Giona\"}]},{\"@type\":\"WebSite\",\"@id\":\"https:\\\/\\\/solcora.com\\\/nl\\\/#website\",\"url\":\"https:\\\/\\\/solcora.com\\\/nl\\\/\",\"name\":\"Solcora\",\"description\":\"Rigid core design floors\",\"publisher\":{\"@id\":\"https:\\\/\\\/solcora.com\\\/nl\\\/#organization\"},\"potentialAction\":[{\"@type\":\"SearchAction\",\"target\":{\"@type\":\"EntryPoint\",\"urlTemplate\":\"https:\\\/\\\/solcora.com\\\/nl\\\/?s={search_term_string}\"},\"query-input\":{\"@type\":\"PropertyValueSpecification\",\"valueRequired\":true,\"valueName\":\"search_term_string\"}}],\"inLanguage\":\"nl-NL\"},{\"@type\":\"Organization\",\"@id\":\"https:\\\/\\\/solcora.com\\\/nl\\\/#organization\",\"name\":\"Solcora\",\"url\":\"https:\\\/\\\/solcora.com\\\/nl\\\/\",\"logo\":{\"@type\":\"ImageObject\",\"inLanguage\":\"nl-NL\",\"@id\":\"https:\\\/\\\/solcora.com\\\/nl\\\/#\\\/schema\\\/logo\\\/image\\\/\",\"url\":\"https:\\\/\\\/solcora.com\\\/wp-content\\\/uploads\\\/2020\\\/04\\\/Solcora-by-mFLOR-NEW-2020.png\",\"contentUrl\":\"https:\\\/\\\/solcora.com\\\/wp-content\\\/uploads\\\/2020\\\/04\\\/Solcora-by-mFLOR-NEW-2020.png\",\"width\":746,\"height\":434,\"caption\":\"Solcora\"},\"image\":{\"@id\":\"https:\\\/\\\/solcora.com\\\/nl\\\/#\\\/schema\\\/logo\\\/image\\\/\"}}]}<\/script>\n<!-- \/ Yoast SEO plugin. -->","yoast_head_json":{"title":"Giona - Solcora","robots":{"index":"index","follow":"follow","max-snippet":"max-snippet:-1","max-image-preview":"max-image-preview:large","max-video-preview":"max-video-preview:-1"},"canonical":"https:\/\/solcora.com\/nl\/collectie\/abruzzo-nl\/giona\/","og_locale":"nl_NL","og_type":"article","og_title":"Giona - Solcora","og_description":"Productomschrijving Bergketens, kalksteen, rivieren en beekjes vormen de ongerepte en ruige natuur van het Nationaal Park Abruzzo, het oudste nationale park in het hart van Itali\u00eb. Met de Abruzzo collectie hebben we geprobeerd de kracht en traditie van het bergachtige Abruzzo te vangen in een tegelcollectie met 4 tegels met een prachtig steendessin. De tegels [&hellip;]","og_url":"https:\/\/solcora.com\/nl\/collectie\/abruzzo-nl\/giona\/","og_site_name":"Solcora","article_modified_time":"2025-01-14T15:47:04+00:00","og_image":[{"width":1000,"height":1000,"url":"https:\/\/solcora.com\/wp-content\/uploads\/2025\/01\/Abruzzo-Giona-56433-frontal.jpg","type":"image\/jpeg"}],"twitter_card":"summary_large_image","twitter_misc":{"Geschatte leestijd":"1 minuut"},"schema":{"@context":"https:\/\/schema.org","@graph":[{"@type":"WebPage","@id":"https:\/\/solcora.com\/nl\/collectie\/abruzzo-nl\/giona\/","url":"https:\/\/solcora.com\/nl\/collectie\/abruzzo-nl\/giona\/","name":"Giona - Solcora","isPartOf":{"@id":"https:\/\/solcora.com\/nl\/#website"},"primaryImageOfPage":{"@id":"https:\/\/solcora.com\/nl\/collectie\/abruzzo-nl\/giona\/#primaryimage"},"image":{"@id":"https:\/\/solcora.com\/nl\/collectie\/abruzzo-nl\/giona\/#primaryimage"},"thumbnailUrl":"https:\/\/solcora.com\/wp-content\/uploads\/2025\/01\/Abruzzo-Giona-56433-frontal.jpg","datePublished":"2025-01-14T15:06:05+00:00","dateModified":"2025-01-14T15:47:04+00:00","breadcrumb":{"@id":"https:\/\/solcora.com\/nl\/collectie\/abruzzo-nl\/giona\/#breadcrumb"},"inLanguage":"nl-NL","potentialAction":[{"@type":"ReadAction","target":["https:\/\/solcora.com\/nl\/collectie\/abruzzo-nl\/giona\/"]}]},{"@type":"ImageObject","inLanguage":"nl-NL","@id":"https:\/\/solcora.com\/nl\/collectie\/abruzzo-nl\/giona\/#primaryimage","url":"https:\/\/solcora.com\/wp-content\/uploads\/2025\/01\/Abruzzo-Giona-56433-frontal.jpg","contentUrl":"https:\/\/solcora.com\/wp-content\/uploads\/2025\/01\/Abruzzo-Giona-56433-frontal.jpg","width":1000,"height":1000},{"@type":"BreadcrumbList","@id":"https:\/\/solcora.com\/nl\/collectie\/abruzzo-nl\/giona\/#breadcrumb","itemListElement":[{"@type":"ListItem","position":1,"name":"Home","item":"https:\/\/solcora.com\/nl\/"},{"@type":"ListItem","position":2,"name":"Collectie","item":"https:\/\/solcora.com\/nl\/collectie\/"},{"@type":"ListItem","position":3,"name":"Giona"}]},{"@type":"WebSite","@id":"https:\/\/solcora.com\/nl\/#website","url":"https:\/\/solcora.com\/nl\/","name":"Solcora","description":"Rigid core design floors","publisher":{"@id":"https:\/\/solcora.com\/nl\/#organization"},"potentialAction":[{"@type":"SearchAction","target":{"@type":"EntryPoint","urlTemplate":"https:\/\/solcora.com\/nl\/?s={search_term_string}"},"query-input":{"@type":"PropertyValueSpecification","valueRequired":true,"valueName":"search_term_string"}}],"inLanguage":"nl-NL"},{"@type":"Organization","@id":"https:\/\/solcora.com\/nl\/#organization","name":"Solcora","url":"https:\/\/solcora.com\/nl\/","logo":{"@type":"ImageObject","inLanguage":"nl-NL","@id":"https:\/\/solcora.com\/nl\/#\/schema\/logo\/image\/","url":"https:\/\/solcora.com\/wp-content\/uploads\/2020\/04\/Solcora-by-mFLOR-NEW-2020.png","contentUrl":"https:\/\/solcora.com\/wp-content\/uploads\/2020\/04\/Solcora-by-mFLOR-NEW-2020.png","width":746,"height":434,"caption":"Solcora"},"image":{"@id":"https:\/\/solcora.com\/nl\/#\/schema\/logo\/image\/"}}]}},"_links":{"self":[{"href":"https:\/\/solcora.com\/nl\/wp-json\/wp\/v2\/product\/14058","targetHints":{"allow":["GET"]}}],"collection":[{"href":"https:\/\/solcora.com\/nl\/wp-json\/wp\/v2\/product"}],"about":[{"href":"https:\/\/solcora.com\/nl\/wp-json\/wp\/v2\/types\/product"}],"wp:featuredmedia":[{"embeddable":true,"href":"https:\/\/solcora.com\/nl\/wp-json\/wp\/v2\/media\/13994"}],"wp:attachment":[{"href":"https:\/\/solcora.com\/nl\/wp-json\/wp\/v2\/media?parent=14058"}],"wp:term":[{"taxonomy":"product_brand","embeddable":true,"href":"https:\/\/solcora.com\/nl\/wp-json\/wp\/v2\/product_brand?post=14058"},{"taxonomy":"product_cat","embeddable":true,"href":"https:\/\/solcora.com\/nl\/wp-json\/wp\/v2\/product_cat?post=14058"},{"taxonomy":"product_tag","embeddable":true,"href":"https:\/\/solcora.com\/nl\/wp-json\/wp\/v2\/product_tag?post=14058"}],"curies":[{"name":"wp","href":"https:\/\/api.w.org\/{rel}","templated":true}]}}