{"id":14074,"date":"2025-01-16T09:57:00","date_gmt":"2025-01-16T08:57:00","guid":{"rendered":"https:\/\/solcora.com\/?post_type=product&#038;p=14074"},"modified":"2025-01-16T11:46:54","modified_gmt":"2025-01-16T10:46:54","slug":"po-4","status":"publish","type":"product","link":"https:\/\/solcora.com\/nl\/collectie\/parva-river-oak-nl\/po-4\/","title":{"rendered":"Po"},"content":{"rendered":"<p><strong>Productomschrijving<\/strong><\/p>\n<p>Een visgraatvloer is een tijdloze klassieker die je kamer een luxe en moderne uitstraling geeft. Het subtiele, eiken dessin en het visgraatpatroon van de Parva River Oak transformeert iedere ruimte in een plek waar je tot rust kunt komen. Het vormt daarnaast een rustige basis voor al jouw interieuridee\u00ebn. De Parva River Oak is leverbaar in 6 eigentijdse kleuren en is tevens verkrijgbaar als River Oak, met standaard planken. De creatieve mogelijkheden zijn eindeloos!<\/p>\n<p>Solcora+ is de nieuwe standaard in PVC klikvloeren. Natuurlijke schoonheid ontmoet onge\u00ebvenaard gebruiksgemak, het leggen van je droomvloer was nog nooit zo eenvoudig. Solcora+ klikt in \u00e9\u00e9n slag.<\/p>\n<p><strong>Extra informatie<\/strong><\/p>\n<p>Kleurnummer: 56414<br \/>\nKleurnaam: Po<br \/>\nAfmetingen: 61,0 x 12,2 cm x 5,5 mm<br \/>\nDikte slijtlaag: 0,55 mm<br \/>\nStroken per pak: 28<br \/>\nm2 per pak: 2,08 m2<br \/>\nVloertype: 55-05 Solcora+<\/p>\n","protected":false},"excerpt":{"rendered":"<p>Productomschrijving Een visgraatvloer is een tijdloze klassieker die je kamer een luxe en moderne uitstraling geeft. Het subtiele, eiken dessin en het visgraatpatroon van de Parva River Oak transformeert iedere ruimte in een plek waar je tot rust kunt komen. Het vormt daarnaast een rustige basis voor al jouw interieuridee\u00ebn. De Parva River Oak is [&hellip;]<\/p>\n","protected":false},"featured_media":8658,"template":"","meta":{"_acf_changed":false},"product_brand":[],"product_cat":[239],"product_tag":[],"class_list":{"0":"post-14074","1":"product","2":"type-product","3":"status-publish","4":"has-post-thumbnail","6":"product_cat-parva-river-oak-nl","7":"pa_commercial-warranty-10-jaar","8":"pa_design-hout-parva","9":"pa_household-warranty-20-jaar","10":"pa_product-group-55-05-nl","11":"pa_usage-intensief-projectgebruik-normaal-industrieel","13":"first","14":"instock","15":"shipping-taxable","16":"product-type-simple"},"acf":[],"yoast_head":"<!-- This site is optimized with the Yoast SEO plugin v27.3 - https:\/\/yoast.com\/product\/yoast-seo-wordpress\/ -->\n<title>Po - Solcora<\/title>\n<meta name=\"robots\" content=\"index, follow, max-snippet:-1, max-image-preview:large, max-video-preview:-1\" \/>\n<link rel=\"canonical\" href=\"https:\/\/solcora.com\/nl\/collectie\/parva-river-oak-nl\/po-4\/\" \/>\n<meta property=\"og:locale\" content=\"nl_NL\" \/>\n<meta property=\"og:type\" content=\"article\" \/>\n<meta property=\"og:title\" content=\"Po - Solcora\" \/>\n<meta property=\"og:description\" content=\"Productomschrijving Een visgraatvloer is een tijdloze klassieker die je kamer een luxe en moderne uitstraling geeft. Het subtiele, eiken dessin en het visgraatpatroon van de Parva River Oak transformeert iedere ruimte in een plek waar je tot rust kunt komen. Het vormt daarnaast een rustige basis voor al jouw interieuridee\u00ebn. De Parva River Oak is [&hellip;]\" \/>\n<meta property=\"og:url\" content=\"https:\/\/solcora.com\/nl\/collectie\/parva-river-oak-nl\/po-4\/\" \/>\n<meta property=\"og:site_name\" content=\"Solcora\" \/>\n<meta property=\"article:modified_time\" content=\"2025-01-16T10:46:54+00:00\" \/>\n<meta property=\"og:image\" content=\"https:\/\/solcora.com\/wp-content\/uploads\/2021\/07\/Solcora-Parva-River-Oak-56054-Po-Frontal.jpg\" \/>\n\t<meta property=\"og:image:width\" content=\"2560\" \/>\n\t<meta property=\"og:image:height\" content=\"1920\" \/>\n\t<meta property=\"og:image:type\" content=\"image\/jpeg\" \/>\n<meta name=\"twitter:card\" content=\"summary_large_image\" \/>\n<meta name=\"twitter:label1\" content=\"Geschatte leestijd\" \/>\n\t<meta name=\"twitter:data1\" content=\"1 minuut\" \/>\n<script type=\"application\/ld+json\" class=\"yoast-schema-graph\">{\"@context\":\"https:\\\/\\\/schema.org\",\"@graph\":[{\"@type\":\"WebPage\",\"@id\":\"https:\\\/\\\/solcora.com\\\/nl\\\/collectie\\\/parva-river-oak-nl\\\/po-4\\\/\",\"url\":\"https:\\\/\\\/solcora.com\\\/nl\\\/collectie\\\/parva-river-oak-nl\\\/po-4\\\/\",\"name\":\"Po - Solcora\",\"isPartOf\":{\"@id\":\"https:\\\/\\\/solcora.com\\\/nl\\\/#website\"},\"primaryImageOfPage\":{\"@id\":\"https:\\\/\\\/solcora.com\\\/nl\\\/collectie\\\/parva-river-oak-nl\\\/po-4\\\/#primaryimage\"},\"image\":{\"@id\":\"https:\\\/\\\/solcora.com\\\/nl\\\/collectie\\\/parva-river-oak-nl\\\/po-4\\\/#primaryimage\"},\"thumbnailUrl\":\"https:\\\/\\\/solcora.com\\\/wp-content\\\/uploads\\\/2021\\\/07\\\/Solcora-Parva-River-Oak-56054-Po-Frontal.jpg\",\"datePublished\":\"2025-01-16T08:57:00+00:00\",\"dateModified\":\"2025-01-16T10:46:54+00:00\",\"breadcrumb\":{\"@id\":\"https:\\\/\\\/solcora.com\\\/nl\\\/collectie\\\/parva-river-oak-nl\\\/po-4\\\/#breadcrumb\"},\"inLanguage\":\"nl-NL\",\"potentialAction\":[{\"@type\":\"ReadAction\",\"target\":[\"https:\\\/\\\/solcora.com\\\/nl\\\/collectie\\\/parva-river-oak-nl\\\/po-4\\\/\"]}]},{\"@type\":\"ImageObject\",\"inLanguage\":\"nl-NL\",\"@id\":\"https:\\\/\\\/solcora.com\\\/nl\\\/collectie\\\/parva-river-oak-nl\\\/po-4\\\/#primaryimage\",\"url\":\"https:\\\/\\\/solcora.com\\\/wp-content\\\/uploads\\\/2021\\\/07\\\/Solcora-Parva-River-Oak-56054-Po-Frontal.jpg\",\"contentUrl\":\"https:\\\/\\\/solcora.com\\\/wp-content\\\/uploads\\\/2021\\\/07\\\/Solcora-Parva-River-Oak-56054-Po-Frontal.jpg\",\"width\":2560,\"height\":1920},{\"@type\":\"BreadcrumbList\",\"@id\":\"https:\\\/\\\/solcora.com\\\/nl\\\/collectie\\\/parva-river-oak-nl\\\/po-4\\\/#breadcrumb\",\"itemListElement\":[{\"@type\":\"ListItem\",\"position\":1,\"name\":\"Home\",\"item\":\"https:\\\/\\\/solcora.com\\\/nl\\\/\"},{\"@type\":\"ListItem\",\"position\":2,\"name\":\"Collectie\",\"item\":\"https:\\\/\\\/solcora.com\\\/nl\\\/collectie\\\/\"},{\"@type\":\"ListItem\",\"position\":3,\"name\":\"Po\"}]},{\"@type\":\"WebSite\",\"@id\":\"https:\\\/\\\/solcora.com\\\/nl\\\/#website\",\"url\":\"https:\\\/\\\/solcora.com\\\/nl\\\/\",\"name\":\"Solcora\",\"description\":\"Rigid core design floors\",\"publisher\":{\"@id\":\"https:\\\/\\\/solcora.com\\\/nl\\\/#organization\"},\"potentialAction\":[{\"@type\":\"SearchAction\",\"target\":{\"@type\":\"EntryPoint\",\"urlTemplate\":\"https:\\\/\\\/solcora.com\\\/nl\\\/?s={search_term_string}\"},\"query-input\":{\"@type\":\"PropertyValueSpecification\",\"valueRequired\":true,\"valueName\":\"search_term_string\"}}],\"inLanguage\":\"nl-NL\"},{\"@type\":\"Organization\",\"@id\":\"https:\\\/\\\/solcora.com\\\/nl\\\/#organization\",\"name\":\"Solcora\",\"url\":\"https:\\\/\\\/solcora.com\\\/nl\\\/\",\"logo\":{\"@type\":\"ImageObject\",\"inLanguage\":\"nl-NL\",\"@id\":\"https:\\\/\\\/solcora.com\\\/nl\\\/#\\\/schema\\\/logo\\\/image\\\/\",\"url\":\"https:\\\/\\\/solcora.com\\\/wp-content\\\/uploads\\\/2020\\\/04\\\/Solcora-by-mFLOR-NEW-2020.png\",\"contentUrl\":\"https:\\\/\\\/solcora.com\\\/wp-content\\\/uploads\\\/2020\\\/04\\\/Solcora-by-mFLOR-NEW-2020.png\",\"width\":746,\"height\":434,\"caption\":\"Solcora\"},\"image\":{\"@id\":\"https:\\\/\\\/solcora.com\\\/nl\\\/#\\\/schema\\\/logo\\\/image\\\/\"}}]}<\/script>\n<!-- \/ Yoast SEO plugin. -->","yoast_head_json":{"title":"Po - Solcora","robots":{"index":"index","follow":"follow","max-snippet":"max-snippet:-1","max-image-preview":"max-image-preview:large","max-video-preview":"max-video-preview:-1"},"canonical":"https:\/\/solcora.com\/nl\/collectie\/parva-river-oak-nl\/po-4\/","og_locale":"nl_NL","og_type":"article","og_title":"Po - Solcora","og_description":"Productomschrijving Een visgraatvloer is een tijdloze klassieker die je kamer een luxe en moderne uitstraling geeft. Het subtiele, eiken dessin en het visgraatpatroon van de Parva River Oak transformeert iedere ruimte in een plek waar je tot rust kunt komen. Het vormt daarnaast een rustige basis voor al jouw interieuridee\u00ebn. De Parva River Oak is [&hellip;]","og_url":"https:\/\/solcora.com\/nl\/collectie\/parva-river-oak-nl\/po-4\/","og_site_name":"Solcora","article_modified_time":"2025-01-16T10:46:54+00:00","og_image":[{"width":2560,"height":1920,"url":"https:\/\/solcora.com\/wp-content\/uploads\/2021\/07\/Solcora-Parva-River-Oak-56054-Po-Frontal.jpg","type":"image\/jpeg"}],"twitter_card":"summary_large_image","twitter_misc":{"Geschatte leestijd":"1 minuut"},"schema":{"@context":"https:\/\/schema.org","@graph":[{"@type":"WebPage","@id":"https:\/\/solcora.com\/nl\/collectie\/parva-river-oak-nl\/po-4\/","url":"https:\/\/solcora.com\/nl\/collectie\/parva-river-oak-nl\/po-4\/","name":"Po - Solcora","isPartOf":{"@id":"https:\/\/solcora.com\/nl\/#website"},"primaryImageOfPage":{"@id":"https:\/\/solcora.com\/nl\/collectie\/parva-river-oak-nl\/po-4\/#primaryimage"},"image":{"@id":"https:\/\/solcora.com\/nl\/collectie\/parva-river-oak-nl\/po-4\/#primaryimage"},"thumbnailUrl":"https:\/\/solcora.com\/wp-content\/uploads\/2021\/07\/Solcora-Parva-River-Oak-56054-Po-Frontal.jpg","datePublished":"2025-01-16T08:57:00+00:00","dateModified":"2025-01-16T10:46:54+00:00","breadcrumb":{"@id":"https:\/\/solcora.com\/nl\/collectie\/parva-river-oak-nl\/po-4\/#breadcrumb"},"inLanguage":"nl-NL","potentialAction":[{"@type":"ReadAction","target":["https:\/\/solcora.com\/nl\/collectie\/parva-river-oak-nl\/po-4\/"]}]},{"@type":"ImageObject","inLanguage":"nl-NL","@id":"https:\/\/solcora.com\/nl\/collectie\/parva-river-oak-nl\/po-4\/#primaryimage","url":"https:\/\/solcora.com\/wp-content\/uploads\/2021\/07\/Solcora-Parva-River-Oak-56054-Po-Frontal.jpg","contentUrl":"https:\/\/solcora.com\/wp-content\/uploads\/2021\/07\/Solcora-Parva-River-Oak-56054-Po-Frontal.jpg","width":2560,"height":1920},{"@type":"BreadcrumbList","@id":"https:\/\/solcora.com\/nl\/collectie\/parva-river-oak-nl\/po-4\/#breadcrumb","itemListElement":[{"@type":"ListItem","position":1,"name":"Home","item":"https:\/\/solcora.com\/nl\/"},{"@type":"ListItem","position":2,"name":"Collectie","item":"https:\/\/solcora.com\/nl\/collectie\/"},{"@type":"ListItem","position":3,"name":"Po"}]},{"@type":"WebSite","@id":"https:\/\/solcora.com\/nl\/#website","url":"https:\/\/solcora.com\/nl\/","name":"Solcora","description":"Rigid core design floors","publisher":{"@id":"https:\/\/solcora.com\/nl\/#organization"},"potentialAction":[{"@type":"SearchAction","target":{"@type":"EntryPoint","urlTemplate":"https:\/\/solcora.com\/nl\/?s={search_term_string}"},"query-input":{"@type":"PropertyValueSpecification","valueRequired":true,"valueName":"search_term_string"}}],"inLanguage":"nl-NL"},{"@type":"Organization","@id":"https:\/\/solcora.com\/nl\/#organization","name":"Solcora","url":"https:\/\/solcora.com\/nl\/","logo":{"@type":"ImageObject","inLanguage":"nl-NL","@id":"https:\/\/solcora.com\/nl\/#\/schema\/logo\/image\/","url":"https:\/\/solcora.com\/wp-content\/uploads\/2020\/04\/Solcora-by-mFLOR-NEW-2020.png","contentUrl":"https:\/\/solcora.com\/wp-content\/uploads\/2020\/04\/Solcora-by-mFLOR-NEW-2020.png","width":746,"height":434,"caption":"Solcora"},"image":{"@id":"https:\/\/solcora.com\/nl\/#\/schema\/logo\/image\/"}}]}},"_links":{"self":[{"href":"https:\/\/solcora.com\/nl\/wp-json\/wp\/v2\/product\/14074","targetHints":{"allow":["GET"]}}],"collection":[{"href":"https:\/\/solcora.com\/nl\/wp-json\/wp\/v2\/product"}],"about":[{"href":"https:\/\/solcora.com\/nl\/wp-json\/wp\/v2\/types\/product"}],"wp:featuredmedia":[{"embeddable":true,"href":"https:\/\/solcora.com\/nl\/wp-json\/wp\/v2\/media\/8658"}],"wp:attachment":[{"href":"https:\/\/solcora.com\/nl\/wp-json\/wp\/v2\/media?parent=14074"}],"wp:term":[{"taxonomy":"product_brand","embeddable":true,"href":"https:\/\/solcora.com\/nl\/wp-json\/wp\/v2\/product_brand?post=14074"},{"taxonomy":"product_cat","embeddable":true,"href":"https:\/\/solcora.com\/nl\/wp-json\/wp\/v2\/product_cat?post=14074"},{"taxonomy":"product_tag","embeddable":true,"href":"https:\/\/solcora.com\/nl\/wp-json\/wp\/v2\/product_tag?post=14074"}],"curies":[{"name":"wp","href":"https:\/\/api.w.org\/{rel}","templated":true}]}}