{"id":14819,"date":"2025-10-20T13:38:47","date_gmt":"2025-10-20T11:38:47","guid":{"rendered":"https:\/\/solcora.com\/?post_type=product&#038;p=14819"},"modified":"2025-11-14T09:09:02","modified_gmt":"2025-11-14T08:09:02","slug":"justin","status":"publish","type":"product","link":"https:\/\/solcora.com\/nl\/collectie\/dunsdon-nl\/justin\/","title":{"rendered":"Justin"},"content":{"rendered":"<p><strong>Productomschrijving<\/strong><\/p>\n<p>Dunsdon weerspiegelt de lichte elegantie en het karakter van essenhout, met een rechte nerf ge\u00efnspireerd op de bloemenrijke weiden en open landschappen van het Engelse Dunsdon National Nature Reserve. Uitgevoerd als klikcollectie in stroken van 122 x 18 cm brengt Dunsdon de verfijnde uitstraling van essen in balans met rust en tijdloze elegantie voor elk interieur.<\/p>\n<p>Solcora+ is de nieuwe standaard in PVC klikvloeren. Natuurlijke schoonheid ontmoet onge\u00ebvenaard gebruiksgemak, het leggen van je droomvloer was nog nooit zo eenvoudig. Solcora+ klikt in \u00e9\u00e9n slag.<\/p>\n<p><strong>Extra informatie <\/strong><\/p>\n<p>Kleurnummer: 56775<br \/>\nKleurnaam: Justin<br \/>\nAfmetingen: 122 x 18 cm x 5,2 mm<br \/>\nDikte slijtlaag: 0,55 mm<br \/>\nStroken per pak: 10<br \/>\nm2 per pak: 2,2 m2<br \/>\nVloertype: 52-05 Solcora+<\/p>\n","protected":false},"excerpt":{"rendered":"<p>Productomschrijving Dunsdon weerspiegelt de lichte elegantie en het karakter van essenhout, met een rechte nerf ge\u00efnspireerd op de bloemenrijke weiden en open landschappen van het Engelse Dunsdon National Nature Reserve. Uitgevoerd als klikcollectie in stroken van 122 x 18 cm brengt Dunsdon de verfijnde uitstraling van essen in balans met rust en tijdloze elegantie voor [&hellip;]<\/p>\n","protected":false},"featured_media":15107,"template":"","meta":{"_acf_changed":false},"product_brand":[],"product_cat":[349],"product_tag":[],"class_list":{"0":"post-14819","1":"product","2":"type-product","3":"status-publish","4":"has-post-thumbnail","6":"product_cat-dunsdon-nl","7":"pa_design-hout","8":"pa_product-group-52-05-nl","10":"first","11":"instock","12":"shipping-taxable","13":"product-type-simple"},"acf":[],"yoast_head":"<!-- This site is optimized with the Yoast SEO plugin v27.5 - https:\/\/yoast.com\/product\/yoast-seo-wordpress\/ -->\n<title>Justin - Solcora<\/title>\n<meta name=\"robots\" content=\"index, follow, max-snippet:-1, max-image-preview:large, max-video-preview:-1\" \/>\n<link rel=\"canonical\" href=\"https:\/\/solcora.com\/nl\/collectie\/dunsdon-nl\/justin\/\" \/>\n<meta property=\"og:locale\" content=\"nl_NL\" \/>\n<meta property=\"og:type\" content=\"article\" \/>\n<meta property=\"og:title\" content=\"Justin - Solcora\" \/>\n<meta property=\"og:description\" content=\"Productomschrijving Dunsdon weerspiegelt de lichte elegantie en het karakter van essenhout, met een rechte nerf ge\u00efnspireerd op de bloemenrijke weiden en open landschappen van het Engelse Dunsdon National Nature Reserve. Uitgevoerd als klikcollectie in stroken van 122 x 18 cm brengt Dunsdon de verfijnde uitstraling van essen in balans met rust en tijdloze elegantie voor [&hellip;]\" \/>\n<meta property=\"og:url\" content=\"https:\/\/solcora.com\/nl\/collectie\/dunsdon-nl\/justin\/\" \/>\n<meta property=\"og:site_name\" content=\"Solcora\" \/>\n<meta property=\"article:modified_time\" content=\"2025-11-14T08:09:02+00:00\" \/>\n<meta property=\"og:image\" content=\"https:\/\/solcora.com\/wp-content\/uploads\/2025\/10\/Dunsdon-Justin-56775-single.jpg\" \/>\n\t<meta property=\"og:image:width\" content=\"700\" \/>\n\t<meta property=\"og:image:height\" content=\"700\" \/>\n\t<meta property=\"og:image:type\" content=\"image\/jpeg\" \/>\n<meta name=\"twitter:card\" content=\"summary_large_image\" \/>\n<meta name=\"twitter:label1\" content=\"Geschatte leestijd\" \/>\n\t<meta name=\"twitter:data1\" content=\"1 minuut\" \/>\n<script type=\"application\/ld+json\" class=\"yoast-schema-graph\">{\"@context\":\"https:\\\/\\\/schema.org\",\"@graph\":[{\"@type\":\"WebPage\",\"@id\":\"https:\\\/\\\/solcora.com\\\/nl\\\/collectie\\\/dunsdon-nl\\\/justin\\\/\",\"url\":\"https:\\\/\\\/solcora.com\\\/nl\\\/collectie\\\/dunsdon-nl\\\/justin\\\/\",\"name\":\"Justin - Solcora\",\"isPartOf\":{\"@id\":\"https:\\\/\\\/solcora.com\\\/nl\\\/#website\"},\"primaryImageOfPage\":{\"@id\":\"https:\\\/\\\/solcora.com\\\/nl\\\/collectie\\\/dunsdon-nl\\\/justin\\\/#primaryimage\"},\"image\":{\"@id\":\"https:\\\/\\\/solcora.com\\\/nl\\\/collectie\\\/dunsdon-nl\\\/justin\\\/#primaryimage\"},\"thumbnailUrl\":\"https:\\\/\\\/solcora.com\\\/wp-content\\\/uploads\\\/2026\\\/01\\\/Dunsdon-Justin-56775-frontal.jpg\",\"datePublished\":\"2025-10-20T11:38:47+00:00\",\"dateModified\":\"2025-11-14T08:09:02+00:00\",\"breadcrumb\":{\"@id\":\"https:\\\/\\\/solcora.com\\\/nl\\\/collectie\\\/dunsdon-nl\\\/justin\\\/#breadcrumb\"},\"inLanguage\":\"nl-NL\",\"potentialAction\":[{\"@type\":\"ReadAction\",\"target\":[\"https:\\\/\\\/solcora.com\\\/nl\\\/collectie\\\/dunsdon-nl\\\/justin\\\/\"]}]},{\"@type\":\"ImageObject\",\"inLanguage\":\"nl-NL\",\"@id\":\"https:\\\/\\\/solcora.com\\\/nl\\\/collectie\\\/dunsdon-nl\\\/justin\\\/#primaryimage\",\"url\":\"https:\\\/\\\/solcora.com\\\/wp-content\\\/uploads\\\/2026\\\/01\\\/Dunsdon-Justin-56775-frontal.jpg\",\"contentUrl\":\"https:\\\/\\\/solcora.com\\\/wp-content\\\/uploads\\\/2026\\\/01\\\/Dunsdon-Justin-56775-frontal.jpg\",\"width\":1000,\"height\":750},{\"@type\":\"BreadcrumbList\",\"@id\":\"https:\\\/\\\/solcora.com\\\/nl\\\/collectie\\\/dunsdon-nl\\\/justin\\\/#breadcrumb\",\"itemListElement\":[{\"@type\":\"ListItem\",\"position\":1,\"name\":\"Home\",\"item\":\"https:\\\/\\\/solcora.com\\\/nl\\\/\"},{\"@type\":\"ListItem\",\"position\":2,\"name\":\"Collectie\",\"item\":\"https:\\\/\\\/solcora.com\\\/nl\\\/collectie\\\/\"},{\"@type\":\"ListItem\",\"position\":3,\"name\":\"Justin\"}]},{\"@type\":\"WebSite\",\"@id\":\"https:\\\/\\\/solcora.com\\\/nl\\\/#website\",\"url\":\"https:\\\/\\\/solcora.com\\\/nl\\\/\",\"name\":\"Solcora\",\"description\":\"Rigid core design floors\",\"publisher\":{\"@id\":\"https:\\\/\\\/solcora.com\\\/nl\\\/#organization\"},\"potentialAction\":[{\"@type\":\"SearchAction\",\"target\":{\"@type\":\"EntryPoint\",\"urlTemplate\":\"https:\\\/\\\/solcora.com\\\/nl\\\/?s={search_term_string}\"},\"query-input\":{\"@type\":\"PropertyValueSpecification\",\"valueRequired\":true,\"valueName\":\"search_term_string\"}}],\"inLanguage\":\"nl-NL\"},{\"@type\":\"Organization\",\"@id\":\"https:\\\/\\\/solcora.com\\\/nl\\\/#organization\",\"name\":\"Solcora\",\"url\":\"https:\\\/\\\/solcora.com\\\/nl\\\/\",\"logo\":{\"@type\":\"ImageObject\",\"inLanguage\":\"nl-NL\",\"@id\":\"https:\\\/\\\/solcora.com\\\/nl\\\/#\\\/schema\\\/logo\\\/image\\\/\",\"url\":\"https:\\\/\\\/solcora.com\\\/wp-content\\\/uploads\\\/2020\\\/04\\\/Solcora-by-mFLOR-NEW-2020.png\",\"contentUrl\":\"https:\\\/\\\/solcora.com\\\/wp-content\\\/uploads\\\/2020\\\/04\\\/Solcora-by-mFLOR-NEW-2020.png\",\"width\":746,\"height\":434,\"caption\":\"Solcora\"},\"image\":{\"@id\":\"https:\\\/\\\/solcora.com\\\/nl\\\/#\\\/schema\\\/logo\\\/image\\\/\"}}]}<\/script>\n<!-- \/ Yoast SEO plugin. -->","yoast_head_json":{"title":"Justin - Solcora","robots":{"index":"index","follow":"follow","max-snippet":"max-snippet:-1","max-image-preview":"max-image-preview:large","max-video-preview":"max-video-preview:-1"},"canonical":"https:\/\/solcora.com\/nl\/collectie\/dunsdon-nl\/justin\/","og_locale":"nl_NL","og_type":"article","og_title":"Justin - Solcora","og_description":"Productomschrijving Dunsdon weerspiegelt de lichte elegantie en het karakter van essenhout, met een rechte nerf ge\u00efnspireerd op de bloemenrijke weiden en open landschappen van het Engelse Dunsdon National Nature Reserve. Uitgevoerd als klikcollectie in stroken van 122 x 18 cm brengt Dunsdon de verfijnde uitstraling van essen in balans met rust en tijdloze elegantie voor [&hellip;]","og_url":"https:\/\/solcora.com\/nl\/collectie\/dunsdon-nl\/justin\/","og_site_name":"Solcora","article_modified_time":"2025-11-14T08:09:02+00:00","og_image":[{"width":700,"height":700,"url":"https:\/\/solcora.com\/wp-content\/uploads\/2025\/10\/Dunsdon-Justin-56775-single.jpg","type":"image\/jpeg"}],"twitter_card":"summary_large_image","twitter_misc":{"Geschatte leestijd":"1 minuut"},"schema":{"@context":"https:\/\/schema.org","@graph":[{"@type":"WebPage","@id":"https:\/\/solcora.com\/nl\/collectie\/dunsdon-nl\/justin\/","url":"https:\/\/solcora.com\/nl\/collectie\/dunsdon-nl\/justin\/","name":"Justin - Solcora","isPartOf":{"@id":"https:\/\/solcora.com\/nl\/#website"},"primaryImageOfPage":{"@id":"https:\/\/solcora.com\/nl\/collectie\/dunsdon-nl\/justin\/#primaryimage"},"image":{"@id":"https:\/\/solcora.com\/nl\/collectie\/dunsdon-nl\/justin\/#primaryimage"},"thumbnailUrl":"https:\/\/solcora.com\/wp-content\/uploads\/2026\/01\/Dunsdon-Justin-56775-frontal.jpg","datePublished":"2025-10-20T11:38:47+00:00","dateModified":"2025-11-14T08:09:02+00:00","breadcrumb":{"@id":"https:\/\/solcora.com\/nl\/collectie\/dunsdon-nl\/justin\/#breadcrumb"},"inLanguage":"nl-NL","potentialAction":[{"@type":"ReadAction","target":["https:\/\/solcora.com\/nl\/collectie\/dunsdon-nl\/justin\/"]}]},{"@type":"ImageObject","inLanguage":"nl-NL","@id":"https:\/\/solcora.com\/nl\/collectie\/dunsdon-nl\/justin\/#primaryimage","url":"https:\/\/solcora.com\/wp-content\/uploads\/2026\/01\/Dunsdon-Justin-56775-frontal.jpg","contentUrl":"https:\/\/solcora.com\/wp-content\/uploads\/2026\/01\/Dunsdon-Justin-56775-frontal.jpg","width":1000,"height":750},{"@type":"BreadcrumbList","@id":"https:\/\/solcora.com\/nl\/collectie\/dunsdon-nl\/justin\/#breadcrumb","itemListElement":[{"@type":"ListItem","position":1,"name":"Home","item":"https:\/\/solcora.com\/nl\/"},{"@type":"ListItem","position":2,"name":"Collectie","item":"https:\/\/solcora.com\/nl\/collectie\/"},{"@type":"ListItem","position":3,"name":"Justin"}]},{"@type":"WebSite","@id":"https:\/\/solcora.com\/nl\/#website","url":"https:\/\/solcora.com\/nl\/","name":"Solcora","description":"Rigid core design floors","publisher":{"@id":"https:\/\/solcora.com\/nl\/#organization"},"potentialAction":[{"@type":"SearchAction","target":{"@type":"EntryPoint","urlTemplate":"https:\/\/solcora.com\/nl\/?s={search_term_string}"},"query-input":{"@type":"PropertyValueSpecification","valueRequired":true,"valueName":"search_term_string"}}],"inLanguage":"nl-NL"},{"@type":"Organization","@id":"https:\/\/solcora.com\/nl\/#organization","name":"Solcora","url":"https:\/\/solcora.com\/nl\/","logo":{"@type":"ImageObject","inLanguage":"nl-NL","@id":"https:\/\/solcora.com\/nl\/#\/schema\/logo\/image\/","url":"https:\/\/solcora.com\/wp-content\/uploads\/2020\/04\/Solcora-by-mFLOR-NEW-2020.png","contentUrl":"https:\/\/solcora.com\/wp-content\/uploads\/2020\/04\/Solcora-by-mFLOR-NEW-2020.png","width":746,"height":434,"caption":"Solcora"},"image":{"@id":"https:\/\/solcora.com\/nl\/#\/schema\/logo\/image\/"}}]}},"_links":{"self":[{"href":"https:\/\/solcora.com\/nl\/wp-json\/wp\/v2\/product\/14819","targetHints":{"allow":["GET"]}}],"collection":[{"href":"https:\/\/solcora.com\/nl\/wp-json\/wp\/v2\/product"}],"about":[{"href":"https:\/\/solcora.com\/nl\/wp-json\/wp\/v2\/types\/product"}],"wp:featuredmedia":[{"embeddable":true,"href":"https:\/\/solcora.com\/nl\/wp-json\/wp\/v2\/media\/15107"}],"wp:attachment":[{"href":"https:\/\/solcora.com\/nl\/wp-json\/wp\/v2\/media?parent=14819"}],"wp:term":[{"taxonomy":"product_brand","embeddable":true,"href":"https:\/\/solcora.com\/nl\/wp-json\/wp\/v2\/product_brand?post=14819"},{"taxonomy":"product_cat","embeddable":true,"href":"https:\/\/solcora.com\/nl\/wp-json\/wp\/v2\/product_cat?post=14819"},{"taxonomy":"product_tag","embeddable":true,"href":"https:\/\/solcora.com\/nl\/wp-json\/wp\/v2\/product_tag?post=14819"}],"curies":[{"name":"wp","href":"https:\/\/api.w.org\/{rel}","templated":true}]}}